{"id":1189,"date":"2025-05-27T17:18:05","date_gmt":"2025-05-27T15:18:05","guid":{"rendered":"https:\/\/dptrading.nl\/product\/snelspanner-pe-zwart-o-8-mm-2-spiraalhaken-zwart-lengte-4\/"},"modified":"2026-01-21T23:50:04","modified_gmt":"2026-01-21T22:50:04","slug":"snelspanner-pe-zwart-o-8-mm-2-spiraalhaken-zwart-lengte-4","status":"publish","type":"product","link":"https:\/\/dptrading.nl\/en\/product\/snelspanner-pe-zwart-o-8-mm-2-spiraalhaken-zwart-lengte-4\/","title":{"rendered":"Elastic cable PE \u00d8 8 mm with 2 spiral hooks black 60 cm"},"content":{"rendered":"<div class=\"product-title-container is-uppercase\">\n<h1 class=\"product-title product_title entry-title\">Snelspanner met twee spiraalhaken (spinhaken)<\/h1>\n<\/div>\n<div id=\"row-2084104148\" class=\"row row-small\">\n<div id=\"col-381347939\" class=\"col medium-2 small-4 large-2\">\n<div class=\"col-inner\">\n<div id=\"image_122505032\" class=\"img has-hover x md-x lg-x y md-y lg-y\">\n<div class=\"img-inner dark\"><img decoding=\"async\" class=\"attachment-original  entered lazyloaded\" src=\"https:\/\/nico.be\/wp-content\/smush-webp\/2023\/05\/Picto40KG.png.webp\" alt=\"Picto Max Load 40KG\" width=\"120\" height=\"135\" data-lazy-srcset=\"https:\/\/nico.be\/wp-content\/smush-webp\/2023\/05\/Picto40KG.png.webp 590w, https:\/\/nico.be\/wp-content\/smush-webp\/2023\/05\/Picto40KG-266x300.png.webp 266w\" data-lazy-sizes=\"(max-width: 590px) 100vw, 590px\" data-lazy-src=\"https:\/\/nico.be\/wp-content\/smush-webp\/2023\/05\/Picto40KG.png.webp\" data-ll-status=\"loaded\" \/>\u00a0\u00a0<img decoding=\"async\" class=\"attachment-original  entered lazyloaded\" src=\"https:\/\/nico.be\/wp-content\/smush-webp\/2021\/08\/Nico-Icons-41.png.webp\" alt=\"Nico Icons 41\" width=\"120\" height=\"135\" data-lazy-srcset=\"https:\/\/nico.be\/wp-content\/smush-webp\/2021\/08\/Nico-Icons-41.png.webp 597w, https:\/\/nico.be\/wp-content\/smush-webp\/2021\/08\/Nico-Icons-41-266x300.png.webp 266w\" data-lazy-sizes=\"(max-width: 597px) 100vw, 597px\" data-lazy-src=\"https:\/\/nico.be\/wp-content\/smush-webp\/2021\/08\/Nico-Icons-41.png.webp\" data-ll-status=\"loaded\" \/>\u00a0\u00a0<img decoding=\"async\" class=\"attachment-original  entered lazyloaded\" src=\"https:\/\/nico.be\/wp-content\/smush-webp\/2022\/08\/Nico-Icons-18.png.webp\" alt=\"Nico Icons 18\" width=\"120\" height=\"136\" data-lazy-srcset=\"https:\/\/nico.be\/wp-content\/smush-webp\/2022\/08\/Nico-Icons-18.png.webp 590w, https:\/\/nico.be\/wp-content\/smush-webp\/2022\/08\/Nico-Icons-18-265x300.png.webp 265w\" data-lazy-sizes=\"(max-width: 590px) 100vw, 590px\" data-lazy-src=\"https:\/\/nico.be\/wp-content\/smush-webp\/2022\/08\/Nico-Icons-18.png.webp\" data-ll-status=\"loaded\" \/><\/div>\n<\/div>\n<\/div>\n<\/div>\n<\/div>\n<div id=\"row-1620010160\" class=\"row\">\n<div id=\"col-1561725088\" class=\"col small-12 large-12\">\n<div class=\"col-inner\">\n<div id=\"text-872407232\" class=\"text\">\n<p><strong>Features and benefits<\/strong><\/p>\n<ul>\n<li>Elastisch koord met hoge treksterkte ideaal voor zware<br \/>\ntoepassingen<\/li>\n<li>Extra sterke geplastificeerde staalhaken<\/li>\n<li>Goede weerstand tegen slechte<br \/>\nweeromstandigheden<\/li>\n<\/ul>\n<\/div>\n<\/div>\n<\/div>\n<\/div>","protected":false},"excerpt":{"rendered":"<table width=\"360\">\n<tbody>\n<tr>\n<td width=\"180\">Diameter koord \u00d8<\/td>\n<td width=\"180\">8 mm<\/td>\n<\/tr>\n<tr>\n<td>Diameter haken \u00d8<\/td>\n<td>4,6 mm<\/td>\n<\/tr>\n<tr>\n<td>Lengte snelspanner inclusief haken<\/td>\n<td>60 cm<\/td>\n<\/tr>\n<tr>\n<td>Lengte haken<\/td>\n<td>7,5 cm<\/td>\n<\/tr>\n<tr>\n<td>Colour<\/td>\n<td>Black<\/td>\n<\/tr>\n<tr>\n<td>Staalhaken<\/td>\n<td>Zwart geplastificeerd<\/td>\n<\/tr>\n<tr>\n<td>Getest tot<\/td>\n<td>400 N (40kgF)<\/td>\n<\/tr>\n<\/tbody>\n<\/table>","protected":false},"featured_media":3037,"template":"","meta":{"_acf_changed":false},"product_brand":[],"product_cat":[135,24],"product_tag":[],"class_list":{"0":"post-1189","1":"product","2":"type-product","3":"status-publish","4":"has-post-thumbnail","6":"product_cat-snelspanners","7":"product_cat-trapezekoord-snelspanners","9":"first","10":"instock","11":"shipping-taxable","12":"purchasable","13":"product-type-simple"},"acf":[],"yoast_head":"<!-- This site is optimized with the Yoast SEO plugin v26.6 - https:\/\/yoast.com\/wordpress\/plugins\/seo\/ -->\n<title>Snelspanner PE \u00d8 8 mm met 2 spiraalhaken zwart 60 cm - D&amp;P Trading<\/title>\n<meta name=\"robots\" content=\"index, follow, max-snippet:-1, max-image-preview:large, max-video-preview:-1\" \/>\n<link rel=\"canonical\" href=\"https:\/\/dptrading.nl\/en\/product\/snelspanner-pe-zwart-o-8-mm-2-spiraalhaken-zwart-lengte-4\/\" \/>\n<meta property=\"og:locale\" content=\"en_GB\" \/>\n<meta property=\"og:type\" content=\"article\" \/>\n<meta property=\"og:title\" content=\"Snelspanner PE \u00d8 8 mm met 2 spiraalhaken zwart 60 cm - D&amp;P Trading\" \/>\n<meta property=\"og:description\" content=\"Diameter koord \u00d8 8 mm   Diameter haken \u00d8 4,6 mm   Lengte snelspanner inclusief haken 60 cm   Lengte haken 7,5 cm   Kleur Zwart   Staalhaken Zwart geplastificeerd   Getest tot 400 N (40kgF)\" \/>\n<meta property=\"og:url\" content=\"https:\/\/dptrading.nl\/en\/product\/snelspanner-pe-zwart-o-8-mm-2-spiraalhaken-zwart-lengte-4\/\" \/>\n<meta property=\"og:site_name\" content=\"D&amp;P Trading\" \/>\n<meta property=\"article:modified_time\" content=\"2026-01-21T22:50:04+00:00\" \/>\n<meta property=\"og:image\" content=\"https:\/\/dptrading.nl\/wp-content\/uploads\/2025\/05\/56.8040.43.jpg\" \/>\n\t<meta property=\"og:image:width\" content=\"1512\" \/>\n\t<meta property=\"og:image:height\" content=\"1512\" \/>\n\t<meta property=\"og:image:type\" content=\"image\/jpeg\" \/>\n<meta name=\"twitter:card\" content=\"summary_large_image\" \/>\n<meta name=\"twitter:label1\" content=\"Estimated reading time\" \/>\n\t<meta name=\"twitter:data1\" content=\"1 minute\" \/>\n<script type=\"application\/ld+json\" class=\"yoast-schema-graph\">{\"@context\":\"https:\/\/schema.org\",\"@graph\":[{\"@type\":\"WebPage\",\"@id\":\"https:\/\/dptrading.nl\/product\/snelspanner-pe-zwart-o-8-mm-2-spiraalhaken-zwart-lengte-4\/\",\"url\":\"https:\/\/dptrading.nl\/product\/snelspanner-pe-zwart-o-8-mm-2-spiraalhaken-zwart-lengte-4\/\",\"name\":\"Snelspanner PE \u00d8 8 mm met 2 spiraalhaken zwart 60 cm - D&amp;P Trading\",\"isPartOf\":{\"@id\":\"https:\/\/dptrading.nl\/#website\"},\"primaryImageOfPage\":{\"@id\":\"https:\/\/dptrading.nl\/product\/snelspanner-pe-zwart-o-8-mm-2-spiraalhaken-zwart-lengte-4\/#primaryimage\"},\"image\":{\"@id\":\"https:\/\/dptrading.nl\/product\/snelspanner-pe-zwart-o-8-mm-2-spiraalhaken-zwart-lengte-4\/#primaryimage\"},\"thumbnailUrl\":\"https:\/\/dptrading.nl\/wp-content\/uploads\/2025\/05\/56.8040.43.jpg\",\"datePublished\":\"2025-05-27T15:18:05+00:00\",\"dateModified\":\"2026-01-21T22:50:04+00:00\",\"breadcrumb\":{\"@id\":\"https:\/\/dptrading.nl\/product\/snelspanner-pe-zwart-o-8-mm-2-spiraalhaken-zwart-lengte-4\/#breadcrumb\"},\"inLanguage\":\"en-GB\",\"potentialAction\":[{\"@type\":\"ReadAction\",\"target\":[\"https:\/\/dptrading.nl\/product\/snelspanner-pe-zwart-o-8-mm-2-spiraalhaken-zwart-lengte-4\/\"]}]},{\"@type\":\"ImageObject\",\"inLanguage\":\"en-GB\",\"@id\":\"https:\/\/dptrading.nl\/product\/snelspanner-pe-zwart-o-8-mm-2-spiraalhaken-zwart-lengte-4\/#primaryimage\",\"url\":\"https:\/\/dptrading.nl\/wp-content\/uploads\/2025\/05\/56.8040.43.jpg\",\"contentUrl\":\"https:\/\/dptrading.nl\/wp-content\/uploads\/2025\/05\/56.8040.43.jpg\",\"width\":1512,\"height\":1512},{\"@type\":\"BreadcrumbList\",\"@id\":\"https:\/\/dptrading.nl\/product\/snelspanner-pe-zwart-o-8-mm-2-spiraalhaken-zwart-lengte-4\/#breadcrumb\",\"itemListElement\":[{\"@type\":\"ListItem\",\"position\":1,\"name\":\"Home\",\"item\":\"https:\/\/dptrading.nl\/\"},{\"@type\":\"ListItem\",\"position\":2,\"name\":\"Producten\",\"item\":\"https:\/\/dptrading.nl\/winkel\/\"},{\"@type\":\"ListItem\",\"position\":3,\"name\":\"Snelspanner PE \u00d8 8 mm met 2 spiraalhaken zwart 60 cm\"}]},{\"@type\":\"WebSite\",\"@id\":\"https:\/\/dptrading.nl\/#website\",\"url\":\"https:\/\/dptrading.nl\/\",\"name\":\"D&P Trading\",\"description\":\"\",\"publisher\":{\"@id\":\"https:\/\/dptrading.nl\/#organization\"},\"potentialAction\":[{\"@type\":\"SearchAction\",\"target\":{\"@type\":\"EntryPoint\",\"urlTemplate\":\"https:\/\/dptrading.nl\/?s={search_term_string}\"},\"query-input\":{\"@type\":\"PropertyValueSpecification\",\"valueRequired\":true,\"valueName\":\"search_term_string\"}}],\"inLanguage\":\"en-GB\"},{\"@type\":\"Organization\",\"@id\":\"https:\/\/dptrading.nl\/#organization\",\"name\":\"D&P Trading\",\"url\":\"https:\/\/dptrading.nl\/\",\"logo\":{\"@type\":\"ImageObject\",\"inLanguage\":\"en-GB\",\"@id\":\"https:\/\/dptrading.nl\/#\/schema\/logo\/image\/\",\"url\":\"https:\/\/dptrading.nl\/wp-content\/uploads\/2025\/04\/logo-dp.png\",\"contentUrl\":\"https:\/\/dptrading.nl\/wp-content\/uploads\/2025\/04\/logo-dp.png\",\"width\":1248,\"height\":156,\"caption\":\"D&P Trading\"},\"image\":{\"@id\":\"https:\/\/dptrading.nl\/#\/schema\/logo\/image\/\"}}]}<\/script>\n<!-- \/ Yoast SEO plugin. -->","yoast_head_json":{"title":"Snelspanner PE \u00d8 8 mm met 2 spiraalhaken zwart 60 cm - D&amp;P Trading","robots":{"index":"index","follow":"follow","max-snippet":"max-snippet:-1","max-image-preview":"max-image-preview:large","max-video-preview":"max-video-preview:-1"},"canonical":"https:\/\/dptrading.nl\/en\/product\/snelspanner-pe-zwart-o-8-mm-2-spiraalhaken-zwart-lengte-4\/","og_locale":"en_GB","og_type":"article","og_title":"Snelspanner PE \u00d8 8 mm met 2 spiraalhaken zwart 60 cm - D&amp;P Trading","og_description":"Diameter koord \u00d8 8 mm   Diameter haken \u00d8 4,6 mm   Lengte snelspanner inclusief haken 60 cm   Lengte haken 7,5 cm   Kleur Zwart   Staalhaken Zwart geplastificeerd   Getest tot 400 N (40kgF)","og_url":"https:\/\/dptrading.nl\/en\/product\/snelspanner-pe-zwart-o-8-mm-2-spiraalhaken-zwart-lengte-4\/","og_site_name":"D&amp;P Trading","article_modified_time":"2026-01-21T22:50:04+00:00","og_image":[{"width":1512,"height":1512,"url":"https:\/\/dptrading.nl\/wp-content\/uploads\/2025\/05\/56.8040.43.jpg","type":"image\/jpeg"}],"twitter_card":"summary_large_image","twitter_misc":{"Estimated reading time":"1 minute"},"schema":{"@context":"https:\/\/schema.org","@graph":[{"@type":"WebPage","@id":"https:\/\/dptrading.nl\/product\/snelspanner-pe-zwart-o-8-mm-2-spiraalhaken-zwart-lengte-4\/","url":"https:\/\/dptrading.nl\/product\/snelspanner-pe-zwart-o-8-mm-2-spiraalhaken-zwart-lengte-4\/","name":"Snelspanner PE \u00d8 8 mm met 2 spiraalhaken zwart 60 cm - D&amp;P Trading","isPartOf":{"@id":"https:\/\/dptrading.nl\/#website"},"primaryImageOfPage":{"@id":"https:\/\/dptrading.nl\/product\/snelspanner-pe-zwart-o-8-mm-2-spiraalhaken-zwart-lengte-4\/#primaryimage"},"image":{"@id":"https:\/\/dptrading.nl\/product\/snelspanner-pe-zwart-o-8-mm-2-spiraalhaken-zwart-lengte-4\/#primaryimage"},"thumbnailUrl":"https:\/\/dptrading.nl\/wp-content\/uploads\/2025\/05\/56.8040.43.jpg","datePublished":"2025-05-27T15:18:05+00:00","dateModified":"2026-01-21T22:50:04+00:00","breadcrumb":{"@id":"https:\/\/dptrading.nl\/product\/snelspanner-pe-zwart-o-8-mm-2-spiraalhaken-zwart-lengte-4\/#breadcrumb"},"inLanguage":"en-GB","potentialAction":[{"@type":"ReadAction","target":["https:\/\/dptrading.nl\/product\/snelspanner-pe-zwart-o-8-mm-2-spiraalhaken-zwart-lengte-4\/"]}]},{"@type":"ImageObject","inLanguage":"en-GB","@id":"https:\/\/dptrading.nl\/product\/snelspanner-pe-zwart-o-8-mm-2-spiraalhaken-zwart-lengte-4\/#primaryimage","url":"https:\/\/dptrading.nl\/wp-content\/uploads\/2025\/05\/56.8040.43.jpg","contentUrl":"https:\/\/dptrading.nl\/wp-content\/uploads\/2025\/05\/56.8040.43.jpg","width":1512,"height":1512},{"@type":"BreadcrumbList","@id":"https:\/\/dptrading.nl\/product\/snelspanner-pe-zwart-o-8-mm-2-spiraalhaken-zwart-lengte-4\/#breadcrumb","itemListElement":[{"@type":"ListItem","position":1,"name":"Home","item":"https:\/\/dptrading.nl\/"},{"@type":"ListItem","position":2,"name":"Producten","item":"https:\/\/dptrading.nl\/winkel\/"},{"@type":"ListItem","position":3,"name":"Snelspanner PE \u00d8 8 mm met 2 spiraalhaken zwart 60 cm"}]},{"@type":"WebSite","@id":"https:\/\/dptrading.nl\/#website","url":"https:\/\/dptrading.nl\/","name":"D&amp;P Trading","description":"","publisher":{"@id":"https:\/\/dptrading.nl\/#organization"},"potentialAction":[{"@type":"SearchAction","target":{"@type":"EntryPoint","urlTemplate":"https:\/\/dptrading.nl\/?s={search_term_string}"},"query-input":{"@type":"PropertyValueSpecification","valueRequired":true,"valueName":"search_term_string"}}],"inLanguage":"en-GB"},{"@type":"Organization","@id":"https:\/\/dptrading.nl\/#organization","name":"D&amp;P Trading","url":"https:\/\/dptrading.nl\/","logo":{"@type":"ImageObject","inLanguage":"en-GB","@id":"https:\/\/dptrading.nl\/#\/schema\/logo\/image\/","url":"https:\/\/dptrading.nl\/wp-content\/uploads\/2025\/04\/logo-dp.png","contentUrl":"https:\/\/dptrading.nl\/wp-content\/uploads\/2025\/04\/logo-dp.png","width":1248,"height":156,"caption":"D&P Trading"},"image":{"@id":"https:\/\/dptrading.nl\/#\/schema\/logo\/image\/"}}]}},"_links":{"self":[{"href":"https:\/\/dptrading.nl\/en\/wp-json\/wp\/v2\/product\/1189","targetHints":{"allow":["GET"]}}],"collection":[{"href":"https:\/\/dptrading.nl\/en\/wp-json\/wp\/v2\/product"}],"about":[{"href":"https:\/\/dptrading.nl\/en\/wp-json\/wp\/v2\/types\/product"}],"wp:featuredmedia":[{"embeddable":true,"href":"https:\/\/dptrading.nl\/en\/wp-json\/wp\/v2\/media\/3037"}],"wp:attachment":[{"href":"https:\/\/dptrading.nl\/en\/wp-json\/wp\/v2\/media?parent=1189"}],"wp:term":[{"taxonomy":"product_brand","embeddable":true,"href":"https:\/\/dptrading.nl\/en\/wp-json\/wp\/v2\/product_brand?post=1189"},{"taxonomy":"product_cat","embeddable":true,"href":"https:\/\/dptrading.nl\/en\/wp-json\/wp\/v2\/product_cat?post=1189"},{"taxonomy":"product_tag","embeddable":true,"href":"https:\/\/dptrading.nl\/en\/wp-json\/wp\/v2\/product_tag?post=1189"}],"curies":[{"name":"WP","href":"https:\/\/api.w.org\/{rel}","templated":true}]}}