{"id":947,"date":"2025-05-27T16:02:22","date_gmt":"2025-05-27T14:02:22","guid":{"rendered":"https:\/\/dptrading.nl\/product\/ykk-deelbare-rits-spiraal-10-mm-grijs-met-dubbele-schuiver-5\/"},"modified":"2026-01-23T14:59:01","modified_gmt":"2026-01-23T13:59:01","slug":"ykk-deelbare-rits-spiraal-10-mm-grijs-met-dubbele-schuiver-5","status":"publish","type":"product","link":"https:\/\/dptrading.nl\/de\/produkt\/ykk-deelbare-rits-spiraal-10-mm-grijs-met-dubbele-schuiver-5\/","title":{"rendered":"YKK Rei\u00dfverschluss Spirale teilbar 10 mm grau mit Doppelschieber \/ L=200 cm"},"content":{"rendered":"<h2 class=\"heading-2\">Spiralrei\u00dfverschl\u00fcsse<\/h2>\n<div class=\"intro-article__content\">\n<p>Der Spiralrei\u00dfverschluss ist ein beliebter und funktioneller Rei\u00dfverschluss f\u00fcr Sport, Outdoor usw. Er besteht aus Elementen aus Polyester, die auf Band gen\u00e4ht oder gewebt sind. Die meisten Rei\u00dfverschl\u00fcsse von YKK werden aus langlebigen Materialien hergestellt.<\/p>\n<\/div>","protected":false},"excerpt":{"rendered":"<p>Spezifikationen<\/p>\n<ul>\n<li>200 cm<\/li>\n<li>CFOR-105 DW3L N P19 Bosubi Ni<\/li>\n<li>10 mm teilbares, nicht verschlie\u00dfbares, wasserabweisendes Material<\/li>\n<li>Doppelschieber nickel<\/li>\n<li>hellgrau<\/li>\n<\/ul>","protected":false},"featured_media":3098,"template":"","meta":{"_acf_changed":false},"product_brand":[119],"product_cat":[161,30],"product_tag":[],"class_list":{"0":"post-947","1":"product","2":"type-product","3":"status-publish","4":"has-post-thumbnail","6":"product_brand-ykk","7":"product_cat-ykk","8":"product_cat-ritssluiting","10":"first","11":"instock","12":"shipping-taxable","13":"purchasable","14":"product-type-simple"},"acf":[],"yoast_head":"<!-- This site is optimized with the Yoast SEO plugin v26.6 - https:\/\/yoast.com\/wordpress\/plugins\/seo\/ -->\n<title>YKK rits 10 mm grijs met dubbele schuiver \/ L=200 cm - D&amp;P Trading<\/title>\n<meta name=\"robots\" content=\"index, follow, max-snippet:-1, max-image-preview:large, max-video-preview:-1\" \/>\n<link rel=\"canonical\" href=\"https:\/\/dptrading.nl\/de\/produkt\/ykk-deelbare-rits-spiraal-10-mm-grijs-met-dubbele-schuiver-5\/\" \/>\n<meta property=\"og:locale\" content=\"de_DE\" \/>\n<meta property=\"og:type\" content=\"article\" \/>\n<meta property=\"og:title\" content=\"YKK rits 10 mm grijs met dubbele schuiver \/ L=200 cm - D&amp;P Trading\" \/>\n<meta property=\"og:description\" content=\"Specificaties   200 cm  CFOR-105 DW3L N P19 Bosubi Ni  10 mm deelbaar nonlock waterafstotend  dubbele schuiver nikkel  lichtgrijs\" \/>\n<meta property=\"og:url\" content=\"https:\/\/dptrading.nl\/de\/produkt\/ykk-deelbare-rits-spiraal-10-mm-grijs-met-dubbele-schuiver-5\/\" \/>\n<meta property=\"og:site_name\" content=\"D&amp;P Trading\" \/>\n<meta property=\"article:modified_time\" content=\"2026-01-23T13:59:01+00:00\" \/>\n<meta property=\"og:image\" content=\"https:\/\/dptrading.nl\/wp-content\/uploads\/2025\/07\/ykk-rits-op-maat-lichtgrijs.jpg\" \/>\n\t<meta property=\"og:image:width\" content=\"1600\" \/>\n\t<meta property=\"og:image:height\" content=\"1600\" \/>\n\t<meta property=\"og:image:type\" content=\"image\/jpeg\" \/>\n<meta name=\"twitter:card\" content=\"summary_large_image\" \/>\n<meta name=\"twitter:label1\" content=\"Gesch\u00e4tzte Lesezeit\" \/>\n\t<meta name=\"twitter:data1\" content=\"1\u00a0Minute\" \/>\n<script type=\"application\/ld+json\" class=\"yoast-schema-graph\">{\"@context\":\"https:\/\/schema.org\",\"@graph\":[{\"@type\":\"WebPage\",\"@id\":\"https:\/\/dptrading.nl\/product\/ykk-deelbare-rits-spiraal-10-mm-grijs-met-dubbele-schuiver-5\/\",\"url\":\"https:\/\/dptrading.nl\/product\/ykk-deelbare-rits-spiraal-10-mm-grijs-met-dubbele-schuiver-5\/\",\"name\":\"YKK rits 10 mm grijs met dubbele schuiver \/ L=200 cm - D&amp;P Trading\",\"isPartOf\":{\"@id\":\"https:\/\/dptrading.nl\/#website\"},\"primaryImageOfPage\":{\"@id\":\"https:\/\/dptrading.nl\/product\/ykk-deelbare-rits-spiraal-10-mm-grijs-met-dubbele-schuiver-5\/#primaryimage\"},\"image\":{\"@id\":\"https:\/\/dptrading.nl\/product\/ykk-deelbare-rits-spiraal-10-mm-grijs-met-dubbele-schuiver-5\/#primaryimage\"},\"thumbnailUrl\":\"https:\/\/dptrading.nl\/wp-content\/uploads\/2025\/07\/ykk-rits-op-maat-lichtgrijs.jpg\",\"datePublished\":\"2025-05-27T14:02:22+00:00\",\"dateModified\":\"2026-01-23T13:59:01+00:00\",\"breadcrumb\":{\"@id\":\"https:\/\/dptrading.nl\/product\/ykk-deelbare-rits-spiraal-10-mm-grijs-met-dubbele-schuiver-5\/#breadcrumb\"},\"inLanguage\":\"de\",\"potentialAction\":[{\"@type\":\"ReadAction\",\"target\":[\"https:\/\/dptrading.nl\/product\/ykk-deelbare-rits-spiraal-10-mm-grijs-met-dubbele-schuiver-5\/\"]}]},{\"@type\":\"ImageObject\",\"inLanguage\":\"de\",\"@id\":\"https:\/\/dptrading.nl\/product\/ykk-deelbare-rits-spiraal-10-mm-grijs-met-dubbele-schuiver-5\/#primaryimage\",\"url\":\"https:\/\/dptrading.nl\/wp-content\/uploads\/2025\/07\/ykk-rits-op-maat-lichtgrijs.jpg\",\"contentUrl\":\"https:\/\/dptrading.nl\/wp-content\/uploads\/2025\/07\/ykk-rits-op-maat-lichtgrijs.jpg\",\"width\":1600,\"height\":1600},{\"@type\":\"BreadcrumbList\",\"@id\":\"https:\/\/dptrading.nl\/product\/ykk-deelbare-rits-spiraal-10-mm-grijs-met-dubbele-schuiver-5\/#breadcrumb\",\"itemListElement\":[{\"@type\":\"ListItem\",\"position\":1,\"name\":\"Home\",\"item\":\"https:\/\/dptrading.nl\/\"},{\"@type\":\"ListItem\",\"position\":2,\"name\":\"Producten\",\"item\":\"https:\/\/dptrading.nl\/winkel\/\"},{\"@type\":\"ListItem\",\"position\":3,\"name\":\"YKK rits 10 mm grijs met dubbele schuiver \/ L=200 cm\"}]},{\"@type\":\"WebSite\",\"@id\":\"https:\/\/dptrading.nl\/#website\",\"url\":\"https:\/\/dptrading.nl\/\",\"name\":\"D&P Trading\",\"description\":\"\",\"publisher\":{\"@id\":\"https:\/\/dptrading.nl\/#organization\"},\"potentialAction\":[{\"@type\":\"SearchAction\",\"target\":{\"@type\":\"EntryPoint\",\"urlTemplate\":\"https:\/\/dptrading.nl\/?s={search_term_string}\"},\"query-input\":{\"@type\":\"PropertyValueSpecification\",\"valueRequired\":true,\"valueName\":\"search_term_string\"}}],\"inLanguage\":\"de\"},{\"@type\":\"Organization\",\"@id\":\"https:\/\/dptrading.nl\/#organization\",\"name\":\"D&P Trading\",\"url\":\"https:\/\/dptrading.nl\/\",\"logo\":{\"@type\":\"ImageObject\",\"inLanguage\":\"de\",\"@id\":\"https:\/\/dptrading.nl\/#\/schema\/logo\/image\/\",\"url\":\"https:\/\/dptrading.nl\/wp-content\/uploads\/2025\/04\/logo-dp.png\",\"contentUrl\":\"https:\/\/dptrading.nl\/wp-content\/uploads\/2025\/04\/logo-dp.png\",\"width\":1248,\"height\":156,\"caption\":\"D&P Trading\"},\"image\":{\"@id\":\"https:\/\/dptrading.nl\/#\/schema\/logo\/image\/\"}}]}<\/script>\n<!-- \/ Yoast SEO plugin. -->","yoast_head_json":{"title":"YKK rits 10 mm grijs met dubbele schuiver \/ L=200 cm - D&amp;P Trading","robots":{"index":"index","follow":"follow","max-snippet":"max-snippet:-1","max-image-preview":"max-image-preview:large","max-video-preview":"max-video-preview:-1"},"canonical":"https:\/\/dptrading.nl\/de\/produkt\/ykk-deelbare-rits-spiraal-10-mm-grijs-met-dubbele-schuiver-5\/","og_locale":"de_DE","og_type":"article","og_title":"YKK rits 10 mm grijs met dubbele schuiver \/ L=200 cm - D&amp;P Trading","og_description":"Specificaties   200 cm  CFOR-105 DW3L N P19 Bosubi Ni  10 mm deelbaar nonlock waterafstotend  dubbele schuiver nikkel  lichtgrijs","og_url":"https:\/\/dptrading.nl\/de\/produkt\/ykk-deelbare-rits-spiraal-10-mm-grijs-met-dubbele-schuiver-5\/","og_site_name":"D&amp;P Trading","article_modified_time":"2026-01-23T13:59:01+00:00","og_image":[{"width":1600,"height":1600,"url":"https:\/\/dptrading.nl\/wp-content\/uploads\/2025\/07\/ykk-rits-op-maat-lichtgrijs.jpg","type":"image\/jpeg"}],"twitter_card":"summary_large_image","twitter_misc":{"Gesch\u00e4tzte Lesezeit":"1\u00a0Minute"},"schema":{"@context":"https:\/\/schema.org","@graph":[{"@type":"WebPage","@id":"https:\/\/dptrading.nl\/product\/ykk-deelbare-rits-spiraal-10-mm-grijs-met-dubbele-schuiver-5\/","url":"https:\/\/dptrading.nl\/product\/ykk-deelbare-rits-spiraal-10-mm-grijs-met-dubbele-schuiver-5\/","name":"YKK rits 10 mm grijs met dubbele schuiver \/ L=200 cm - D&amp;P Trading","isPartOf":{"@id":"https:\/\/dptrading.nl\/#website"},"primaryImageOfPage":{"@id":"https:\/\/dptrading.nl\/product\/ykk-deelbare-rits-spiraal-10-mm-grijs-met-dubbele-schuiver-5\/#primaryimage"},"image":{"@id":"https:\/\/dptrading.nl\/product\/ykk-deelbare-rits-spiraal-10-mm-grijs-met-dubbele-schuiver-5\/#primaryimage"},"thumbnailUrl":"https:\/\/dptrading.nl\/wp-content\/uploads\/2025\/07\/ykk-rits-op-maat-lichtgrijs.jpg","datePublished":"2025-05-27T14:02:22+00:00","dateModified":"2026-01-23T13:59:01+00:00","breadcrumb":{"@id":"https:\/\/dptrading.nl\/product\/ykk-deelbare-rits-spiraal-10-mm-grijs-met-dubbele-schuiver-5\/#breadcrumb"},"inLanguage":"de","potentialAction":[{"@type":"ReadAction","target":["https:\/\/dptrading.nl\/product\/ykk-deelbare-rits-spiraal-10-mm-grijs-met-dubbele-schuiver-5\/"]}]},{"@type":"ImageObject","inLanguage":"de","@id":"https:\/\/dptrading.nl\/product\/ykk-deelbare-rits-spiraal-10-mm-grijs-met-dubbele-schuiver-5\/#primaryimage","url":"https:\/\/dptrading.nl\/wp-content\/uploads\/2025\/07\/ykk-rits-op-maat-lichtgrijs.jpg","contentUrl":"https:\/\/dptrading.nl\/wp-content\/uploads\/2025\/07\/ykk-rits-op-maat-lichtgrijs.jpg","width":1600,"height":1600},{"@type":"BreadcrumbList","@id":"https:\/\/dptrading.nl\/product\/ykk-deelbare-rits-spiraal-10-mm-grijs-met-dubbele-schuiver-5\/#breadcrumb","itemListElement":[{"@type":"ListItem","position":1,"name":"Home","item":"https:\/\/dptrading.nl\/"},{"@type":"ListItem","position":2,"name":"Producten","item":"https:\/\/dptrading.nl\/winkel\/"},{"@type":"ListItem","position":3,"name":"YKK rits 10 mm grijs met dubbele schuiver \/ L=200 cm"}]},{"@type":"WebSite","@id":"https:\/\/dptrading.nl\/#website","url":"https:\/\/dptrading.nl\/","name":"D&amp;P Handel","description":"","publisher":{"@id":"https:\/\/dptrading.nl\/#organization"},"potentialAction":[{"@type":"SearchAction","target":{"@type":"EntryPoint","urlTemplate":"https:\/\/dptrading.nl\/?s={search_term_string}"},"query-input":{"@type":"PropertyValueSpecification","valueRequired":true,"valueName":"search_term_string"}}],"inLanguage":"de"},{"@type":"Organization","@id":"https:\/\/dptrading.nl\/#organization","name":"D&amp;P Handel","url":"https:\/\/dptrading.nl\/","logo":{"@type":"ImageObject","inLanguage":"de","@id":"https:\/\/dptrading.nl\/#\/schema\/logo\/image\/","url":"https:\/\/dptrading.nl\/wp-content\/uploads\/2025\/04\/logo-dp.png","contentUrl":"https:\/\/dptrading.nl\/wp-content\/uploads\/2025\/04\/logo-dp.png","width":1248,"height":156,"caption":"D&P Trading"},"image":{"@id":"https:\/\/dptrading.nl\/#\/schema\/logo\/image\/"}}]}},"_links":{"self":[{"href":"https:\/\/dptrading.nl\/de\/wp-json\/wp\/v2\/product\/947","targetHints":{"allow":["GET"]}}],"collection":[{"href":"https:\/\/dptrading.nl\/de\/wp-json\/wp\/v2\/product"}],"about":[{"href":"https:\/\/dptrading.nl\/de\/wp-json\/wp\/v2\/types\/product"}],"wp:featuredmedia":[{"embeddable":true,"href":"https:\/\/dptrading.nl\/de\/wp-json\/wp\/v2\/media\/3098"}],"wp:attachment":[{"href":"https:\/\/dptrading.nl\/de\/wp-json\/wp\/v2\/media?parent=947"}],"wp:term":[{"taxonomy":"product_brand","embeddable":true,"href":"https:\/\/dptrading.nl\/de\/wp-json\/wp\/v2\/product_brand?post=947"},{"taxonomy":"product_cat","embeddable":true,"href":"https:\/\/dptrading.nl\/de\/wp-json\/wp\/v2\/product_cat?post=947"},{"taxonomy":"product_tag","embeddable":true,"href":"https:\/\/dptrading.nl\/de\/wp-json\/wp\/v2\/product_tag?post=947"}],"curies":[{"name":"wp","href":"https:\/\/api.w.org\/{rel}","templated":true}]}}