{"id":907,"date":"2025-05-27T15:48:04","date_gmt":"2025-05-27T13:48:04","guid":{"rendered":"https:\/\/dptrading.nl\/product\/ykk-deelbare-rits-spiraal-10-mm-wit-met-dubbele-schuiver-26\/"},"modified":"2026-01-23T14:47:10","modified_gmt":"2026-01-23T13:47:10","slug":"ykk-deelbare-rits-spiraal-10-mm-wit-met-dubbele-schuiver-26","status":"publish","type":"product","link":"https:\/\/dptrading.nl\/de\/produkt\/ykk-deelbare-rits-spiraal-10-mm-wit-met-dubbele-schuiver-26\/","title":{"rendered":"YKK Rei\u00dfverschluss Spirale teilbar 10 mm wei\u00df mit Doppelschieber \/ L=200 cm"},"content":{"rendered":"<h2 class=\"heading-2\">Spiralrei\u00dfverschl\u00fcsse<\/h2>\n<div class=\"intro-article__content\">\n<p>Der Spiralrei\u00dfverschluss ist ein beliebter und funktioneller Rei\u00dfverschluss f\u00fcr Sport, Outdoor usw. Er besteht aus Elementen aus Polyester, die auf Band gen\u00e4ht oder gewebt sind. Die meisten Rei\u00dfverschl\u00fcsse von YKK werden aus langlebigen Materialien hergestellt.<\/p>\n<\/div>\n<div class=\"intro-article__content\">\n<div class=\"intro-article__content\">\n<p>&nbsp;<\/p>\n<\/div>\n<\/div>","protected":false},"excerpt":{"rendered":"<p>Spezifikationen<\/p>\n<ul>\n<li>200 cm<\/li>\n<li>CFOR-105 DW3L N P19 Bosubi Ni<\/li>\n<li>10 mm teilbares, nicht verschlie\u00dfbares, wasserabweisendes Material<\/li>\n<li>Doppelschieber nickel<\/li>\n<li>wei\u00df<\/li>\n<\/ul>","protected":false},"featured_media":2808,"template":"","meta":{"_acf_changed":false},"product_brand":[119],"product_cat":[161,30],"product_tag":[],"class_list":{"0":"post-907","1":"product","2":"type-product","3":"status-publish","4":"has-post-thumbnail","6":"product_brand-ykk","7":"product_cat-ykk","8":"product_cat-ritssluiting","10":"first","11":"instock","12":"shipping-taxable","13":"purchasable","14":"product-type-simple"},"acf":[],"yoast_head":"<!-- This site is optimized with the Yoast SEO plugin v26.6 - https:\/\/yoast.com\/wordpress\/plugins\/seo\/ -->\n<title>YKK rits 10 mm wit met dubbele schuiver \/ L=200 cm - D&amp;P Trading<\/title>\n<meta name=\"robots\" content=\"index, follow, max-snippet:-1, max-image-preview:large, max-video-preview:-1\" \/>\n<link rel=\"canonical\" href=\"https:\/\/dptrading.nl\/de\/produkt\/ykk-deelbare-rits-spiraal-10-mm-wit-met-dubbele-schuiver-26\/\" \/>\n<meta property=\"og:locale\" content=\"de_DE\" \/>\n<meta property=\"og:type\" content=\"article\" \/>\n<meta property=\"og:title\" content=\"YKK rits 10 mm wit met dubbele schuiver \/ L=200 cm - D&amp;P Trading\" \/>\n<meta property=\"og:description\" content=\"Specificaties   200 cm  CFOR-105 DW3L N P19 Bosubi Ni  10 mm deelbaar nonlock waterafstotend  dubbele schuiver nikkel  wit\" \/>\n<meta property=\"og:url\" content=\"https:\/\/dptrading.nl\/de\/produkt\/ykk-deelbare-rits-spiraal-10-mm-wit-met-dubbele-schuiver-26\/\" \/>\n<meta property=\"og:site_name\" content=\"D&amp;P Trading\" \/>\n<meta property=\"article:modified_time\" content=\"2026-01-23T13:47:10+00:00\" \/>\n<meta property=\"og:image\" content=\"https:\/\/dptrading.nl\/wp-content\/uploads\/2025\/05\/ykk-rits-op-maat-wit.jpg\" \/>\n\t<meta property=\"og:image:width\" content=\"1600\" \/>\n\t<meta property=\"og:image:height\" content=\"1600\" \/>\n\t<meta property=\"og:image:type\" content=\"image\/jpeg\" \/>\n<meta name=\"twitter:card\" content=\"summary_large_image\" \/>\n<meta name=\"twitter:label1\" content=\"Gesch\u00e4tzte Lesezeit\" \/>\n\t<meta name=\"twitter:data1\" content=\"1\u00a0Minute\" \/>\n<script type=\"application\/ld+json\" class=\"yoast-schema-graph\">{\"@context\":\"https:\/\/schema.org\",\"@graph\":[{\"@type\":\"WebPage\",\"@id\":\"https:\/\/dptrading.nl\/product\/ykk-deelbare-rits-spiraal-10-mm-wit-met-dubbele-schuiver-26\/\",\"url\":\"https:\/\/dptrading.nl\/product\/ykk-deelbare-rits-spiraal-10-mm-wit-met-dubbele-schuiver-26\/\",\"name\":\"YKK rits 10 mm wit met dubbele schuiver \/ L=200 cm - D&amp;P Trading\",\"isPartOf\":{\"@id\":\"https:\/\/dptrading.nl\/#website\"},\"primaryImageOfPage\":{\"@id\":\"https:\/\/dptrading.nl\/product\/ykk-deelbare-rits-spiraal-10-mm-wit-met-dubbele-schuiver-26\/#primaryimage\"},\"image\":{\"@id\":\"https:\/\/dptrading.nl\/product\/ykk-deelbare-rits-spiraal-10-mm-wit-met-dubbele-schuiver-26\/#primaryimage\"},\"thumbnailUrl\":\"https:\/\/dptrading.nl\/wp-content\/uploads\/2025\/05\/ykk-rits-op-maat-wit.jpg\",\"datePublished\":\"2025-05-27T13:48:04+00:00\",\"dateModified\":\"2026-01-23T13:47:10+00:00\",\"breadcrumb\":{\"@id\":\"https:\/\/dptrading.nl\/product\/ykk-deelbare-rits-spiraal-10-mm-wit-met-dubbele-schuiver-26\/#breadcrumb\"},\"inLanguage\":\"de\",\"potentialAction\":[{\"@type\":\"ReadAction\",\"target\":[\"https:\/\/dptrading.nl\/product\/ykk-deelbare-rits-spiraal-10-mm-wit-met-dubbele-schuiver-26\/\"]}]},{\"@type\":\"ImageObject\",\"inLanguage\":\"de\",\"@id\":\"https:\/\/dptrading.nl\/product\/ykk-deelbare-rits-spiraal-10-mm-wit-met-dubbele-schuiver-26\/#primaryimage\",\"url\":\"https:\/\/dptrading.nl\/wp-content\/uploads\/2025\/05\/ykk-rits-op-maat-wit.jpg\",\"contentUrl\":\"https:\/\/dptrading.nl\/wp-content\/uploads\/2025\/05\/ykk-rits-op-maat-wit.jpg\",\"width\":1600,\"height\":1600},{\"@type\":\"BreadcrumbList\",\"@id\":\"https:\/\/dptrading.nl\/product\/ykk-deelbare-rits-spiraal-10-mm-wit-met-dubbele-schuiver-26\/#breadcrumb\",\"itemListElement\":[{\"@type\":\"ListItem\",\"position\":1,\"name\":\"Home\",\"item\":\"https:\/\/dptrading.nl\/\"},{\"@type\":\"ListItem\",\"position\":2,\"name\":\"Producten\",\"item\":\"https:\/\/dptrading.nl\/winkel\/\"},{\"@type\":\"ListItem\",\"position\":3,\"name\":\"YKK rits 10 mm wit met dubbele schuiver \/ L=200 cm\"}]},{\"@type\":\"WebSite\",\"@id\":\"https:\/\/dptrading.nl\/#website\",\"url\":\"https:\/\/dptrading.nl\/\",\"name\":\"D&P Trading\",\"description\":\"\",\"publisher\":{\"@id\":\"https:\/\/dptrading.nl\/#organization\"},\"potentialAction\":[{\"@type\":\"SearchAction\",\"target\":{\"@type\":\"EntryPoint\",\"urlTemplate\":\"https:\/\/dptrading.nl\/?s={search_term_string}\"},\"query-input\":{\"@type\":\"PropertyValueSpecification\",\"valueRequired\":true,\"valueName\":\"search_term_string\"}}],\"inLanguage\":\"de\"},{\"@type\":\"Organization\",\"@id\":\"https:\/\/dptrading.nl\/#organization\",\"name\":\"D&P Trading\",\"url\":\"https:\/\/dptrading.nl\/\",\"logo\":{\"@type\":\"ImageObject\",\"inLanguage\":\"de\",\"@id\":\"https:\/\/dptrading.nl\/#\/schema\/logo\/image\/\",\"url\":\"https:\/\/dptrading.nl\/wp-content\/uploads\/2025\/04\/logo-dp.png\",\"contentUrl\":\"https:\/\/dptrading.nl\/wp-content\/uploads\/2025\/04\/logo-dp.png\",\"width\":1248,\"height\":156,\"caption\":\"D&P Trading\"},\"image\":{\"@id\":\"https:\/\/dptrading.nl\/#\/schema\/logo\/image\/\"}}]}<\/script>\n<!-- \/ Yoast SEO plugin. -->","yoast_head_json":{"title":"YKK rits 10 mm wit met dubbele schuiver \/ L=200 cm - D&amp;P Trading","robots":{"index":"index","follow":"follow","max-snippet":"max-snippet:-1","max-image-preview":"max-image-preview:large","max-video-preview":"max-video-preview:-1"},"canonical":"https:\/\/dptrading.nl\/de\/produkt\/ykk-deelbare-rits-spiraal-10-mm-wit-met-dubbele-schuiver-26\/","og_locale":"de_DE","og_type":"article","og_title":"YKK rits 10 mm wit met dubbele schuiver \/ L=200 cm - D&amp;P Trading","og_description":"Specificaties   200 cm  CFOR-105 DW3L N P19 Bosubi Ni  10 mm deelbaar nonlock waterafstotend  dubbele schuiver nikkel  wit","og_url":"https:\/\/dptrading.nl\/de\/produkt\/ykk-deelbare-rits-spiraal-10-mm-wit-met-dubbele-schuiver-26\/","og_site_name":"D&amp;P Trading","article_modified_time":"2026-01-23T13:47:10+00:00","og_image":[{"width":1600,"height":1600,"url":"https:\/\/dptrading.nl\/wp-content\/uploads\/2025\/05\/ykk-rits-op-maat-wit.jpg","type":"image\/jpeg"}],"twitter_card":"summary_large_image","twitter_misc":{"Gesch\u00e4tzte Lesezeit":"1\u00a0Minute"},"schema":{"@context":"https:\/\/schema.org","@graph":[{"@type":"WebPage","@id":"https:\/\/dptrading.nl\/product\/ykk-deelbare-rits-spiraal-10-mm-wit-met-dubbele-schuiver-26\/","url":"https:\/\/dptrading.nl\/product\/ykk-deelbare-rits-spiraal-10-mm-wit-met-dubbele-schuiver-26\/","name":"YKK rits 10 mm wit met dubbele schuiver \/ L=200 cm - D&amp;P Trading","isPartOf":{"@id":"https:\/\/dptrading.nl\/#website"},"primaryImageOfPage":{"@id":"https:\/\/dptrading.nl\/product\/ykk-deelbare-rits-spiraal-10-mm-wit-met-dubbele-schuiver-26\/#primaryimage"},"image":{"@id":"https:\/\/dptrading.nl\/product\/ykk-deelbare-rits-spiraal-10-mm-wit-met-dubbele-schuiver-26\/#primaryimage"},"thumbnailUrl":"https:\/\/dptrading.nl\/wp-content\/uploads\/2025\/05\/ykk-rits-op-maat-wit.jpg","datePublished":"2025-05-27T13:48:04+00:00","dateModified":"2026-01-23T13:47:10+00:00","breadcrumb":{"@id":"https:\/\/dptrading.nl\/product\/ykk-deelbare-rits-spiraal-10-mm-wit-met-dubbele-schuiver-26\/#breadcrumb"},"inLanguage":"de","potentialAction":[{"@type":"ReadAction","target":["https:\/\/dptrading.nl\/product\/ykk-deelbare-rits-spiraal-10-mm-wit-met-dubbele-schuiver-26\/"]}]},{"@type":"ImageObject","inLanguage":"de","@id":"https:\/\/dptrading.nl\/product\/ykk-deelbare-rits-spiraal-10-mm-wit-met-dubbele-schuiver-26\/#primaryimage","url":"https:\/\/dptrading.nl\/wp-content\/uploads\/2025\/05\/ykk-rits-op-maat-wit.jpg","contentUrl":"https:\/\/dptrading.nl\/wp-content\/uploads\/2025\/05\/ykk-rits-op-maat-wit.jpg","width":1600,"height":1600},{"@type":"BreadcrumbList","@id":"https:\/\/dptrading.nl\/product\/ykk-deelbare-rits-spiraal-10-mm-wit-met-dubbele-schuiver-26\/#breadcrumb","itemListElement":[{"@type":"ListItem","position":1,"name":"Home","item":"https:\/\/dptrading.nl\/"},{"@type":"ListItem","position":2,"name":"Producten","item":"https:\/\/dptrading.nl\/winkel\/"},{"@type":"ListItem","position":3,"name":"YKK rits 10 mm wit met dubbele schuiver \/ L=200 cm"}]},{"@type":"WebSite","@id":"https:\/\/dptrading.nl\/#website","url":"https:\/\/dptrading.nl\/","name":"D&amp;P Handel","description":"","publisher":{"@id":"https:\/\/dptrading.nl\/#organization"},"potentialAction":[{"@type":"SearchAction","target":{"@type":"EntryPoint","urlTemplate":"https:\/\/dptrading.nl\/?s={search_term_string}"},"query-input":{"@type":"PropertyValueSpecification","valueRequired":true,"valueName":"search_term_string"}}],"inLanguage":"de"},{"@type":"Organization","@id":"https:\/\/dptrading.nl\/#organization","name":"D&amp;P Handel","url":"https:\/\/dptrading.nl\/","logo":{"@type":"ImageObject","inLanguage":"de","@id":"https:\/\/dptrading.nl\/#\/schema\/logo\/image\/","url":"https:\/\/dptrading.nl\/wp-content\/uploads\/2025\/04\/logo-dp.png","contentUrl":"https:\/\/dptrading.nl\/wp-content\/uploads\/2025\/04\/logo-dp.png","width":1248,"height":156,"caption":"D&P Trading"},"image":{"@id":"https:\/\/dptrading.nl\/#\/schema\/logo\/image\/"}}]}},"_links":{"self":[{"href":"https:\/\/dptrading.nl\/de\/wp-json\/wp\/v2\/product\/907","targetHints":{"allow":["GET"]}}],"collection":[{"href":"https:\/\/dptrading.nl\/de\/wp-json\/wp\/v2\/product"}],"about":[{"href":"https:\/\/dptrading.nl\/de\/wp-json\/wp\/v2\/types\/product"}],"wp:featuredmedia":[{"embeddable":true,"href":"https:\/\/dptrading.nl\/de\/wp-json\/wp\/v2\/media\/2808"}],"wp:attachment":[{"href":"https:\/\/dptrading.nl\/de\/wp-json\/wp\/v2\/media?parent=907"}],"wp:term":[{"taxonomy":"product_brand","embeddable":true,"href":"https:\/\/dptrading.nl\/de\/wp-json\/wp\/v2\/product_brand?post=907"},{"taxonomy":"product_cat","embeddable":true,"href":"https:\/\/dptrading.nl\/de\/wp-json\/wp\/v2\/product_cat?post=907"},{"taxonomy":"product_tag","embeddable":true,"href":"https:\/\/dptrading.nl\/de\/wp-json\/wp\/v2\/product_tag?post=907"}],"curies":[{"name":"wp","href":"https:\/\/api.w.org\/{rel}","templated":true}]}}