{"id":868,"date":"2025-05-27T15:31:54","date_gmt":"2025-05-27T13:31:54","guid":{"rendered":"https:\/\/dptrading.nl\/product\/opti-rt-25-rits-op-rol-lichtgrijs-9389-lengte-100-mtr\/"},"modified":"2026-01-22T00:28:53","modified_gmt":"2026-01-21T23:28:53","slug":"opti-rt-25-rits-op-rol-lichtgrijs-9389-lengte-100-mtr","status":"publish","type":"product","link":"https:\/\/dptrading.nl\/de\/produkt\/opti-rt-25-rits-op-rol-lichtgrijs-9389-lengte-100-mtr\/","title":{"rendered":"Opti RT25 Rei\u00dfverschluss auf Rolle grau 9389 \/ L=100 Mtr"},"content":{"rendered":"<h2 class=\"heading-2\">Rei\u00dfverschluss auf Rolle<\/h2>\n<div class=\"intro-article__content\">\n<p>Abh\u00e4ngig davon, wie der Rei\u00dfverschluss verarbeitet wird, entscheiden Sie sich f\u00fcr Meterware oder Rei\u00dfverschl\u00fcsse auf Rolle.<\/p>\n<p>Rei\u00dfverschluss auf Rolle hat als Vorteil, dass Sie frei sind, die L\u00e4nge zu bestimmen f\u00fcr die Verarbeitung von nicht teilbaren Rei\u00dfverschl\u00fcssen. Der Spiralrei\u00dfverschluss auf Rolle kann geliefert werden mit passenden Schiebern.<\/p>\n<h2 class=\"heading-2\">Spiralrei\u00dfverschl\u00fcsse<\/h2>\n<div class=\"intro-article__content\">\n<p>Der Spiralrei\u00dfverschluss ist ein beliebter und funktioneller Rei\u00dfverschluss f\u00fcr Sport, Outdoor, etc. Er ist aus Elementen aus Polyester gefertigt.<\/p>\n<\/div>\n<\/div>","protected":false},"excerpt":{"rendered":"<h3><strong>Auf Anfrage erh\u00e4ltlich!<\/strong><\/h3>\n<p>Spezifikationen<\/p>\n<ul>\n<li>100 Meter<\/li>\n<li>10 mm<\/li>\n<li>RT25<\/li>\n<li>Hellgrau 9389<\/li>\n<\/ul>\n<p><img decoding=\"async\" class=\"alignnone wp-image-2727\" src=\"https:\/\/dptrading.nl\/wp-content\/uploads\/2025\/05\/opti-rits.png\" alt=\"\" width=\"120\" height=\"120\" srcset=\"https:\/\/dptrading.nl\/wp-content\/uploads\/2025\/05\/opti-rits.png 254w, https:\/\/dptrading.nl\/wp-content\/uploads\/2025\/05\/opti-rits-150x150.png 150w, https:\/\/dptrading.nl\/wp-content\/uploads\/2025\/05\/opti-rits-12x12.png 12w, https:\/\/dptrading.nl\/wp-content\/uploads\/2025\/05\/opti-rits-100x100.png 100w, https:\/\/dptrading.nl\/wp-content\/uploads\/2025\/05\/opti-rits-64x64.png 64w\" sizes=\"(max-width: 120px) 100vw, 120px\" \/><\/p>","protected":false},"featured_media":2727,"template":"","meta":{"_acf_changed":false},"product_brand":[128],"product_cat":[162,30],"product_tag":[],"class_list":{"0":"post-868","1":"product","2":"type-product","3":"status-publish","4":"has-post-thumbnail","6":"product_brand-opti","7":"product_cat-coats-optilon","8":"product_cat-ritssluiting","10":"first","11":"instock","12":"shipping-taxable","13":"purchasable","14":"product-type-simple"},"acf":[],"yoast_head":"<!-- This site is optimized with the Yoast SEO plugin v26.6 - https:\/\/yoast.com\/wordpress\/plugins\/seo\/ -->\n<title>Opti RT25 rits op rol lichtgrijs - D&amp;P Trading<\/title>\n<meta name=\"robots\" content=\"index, follow, max-snippet:-1, max-image-preview:large, max-video-preview:-1\" \/>\n<link rel=\"canonical\" href=\"https:\/\/dptrading.nl\/de\/produkt\/opti-rt-25-rits-op-rol-lichtgrijs-9389-lengte-100-mtr\/\" \/>\n<meta property=\"og:locale\" content=\"de_DE\" \/>\n<meta property=\"og:type\" content=\"article\" \/>\n<meta property=\"og:title\" content=\"Opti RT25 rits op rol lichtgrijs - D&amp;P Trading\" \/>\n<meta property=\"og:description\" content=\"Op aanvraag leverbaar! Specificaties   100 meter  10 mm  RT25  lichtgrijs 9389\" \/>\n<meta property=\"og:url\" content=\"https:\/\/dptrading.nl\/de\/produkt\/opti-rt-25-rits-op-rol-lichtgrijs-9389-lengte-100-mtr\/\" \/>\n<meta property=\"og:site_name\" content=\"D&amp;P Trading\" \/>\n<meta property=\"article:modified_time\" content=\"2026-01-21T23:28:53+00:00\" \/>\n<meta property=\"og:image\" content=\"https:\/\/dptrading.nl\/wp-content\/uploads\/2025\/05\/opti-rits.png\" \/>\n\t<meta property=\"og:image:width\" content=\"254\" \/>\n\t<meta property=\"og:image:height\" content=\"254\" \/>\n\t<meta property=\"og:image:type\" content=\"image\/png\" \/>\n<meta name=\"twitter:card\" content=\"summary_large_image\" \/>\n<meta name=\"twitter:label1\" content=\"Gesch\u00e4tzte Lesezeit\" \/>\n\t<meta name=\"twitter:data1\" content=\"1\u00a0Minute\" \/>\n<script type=\"application\/ld+json\" class=\"yoast-schema-graph\">{\"@context\":\"https:\/\/schema.org\",\"@graph\":[{\"@type\":\"WebPage\",\"@id\":\"https:\/\/dptrading.nl\/product\/opti-rt-25-rits-op-rol-lichtgrijs-9389-lengte-100-mtr\/\",\"url\":\"https:\/\/dptrading.nl\/product\/opti-rt-25-rits-op-rol-lichtgrijs-9389-lengte-100-mtr\/\",\"name\":\"Opti RT25 rits op rol lichtgrijs - D&amp;P Trading\",\"isPartOf\":{\"@id\":\"https:\/\/dptrading.nl\/#website\"},\"primaryImageOfPage\":{\"@id\":\"https:\/\/dptrading.nl\/product\/opti-rt-25-rits-op-rol-lichtgrijs-9389-lengte-100-mtr\/#primaryimage\"},\"image\":{\"@id\":\"https:\/\/dptrading.nl\/product\/opti-rt-25-rits-op-rol-lichtgrijs-9389-lengte-100-mtr\/#primaryimage\"},\"thumbnailUrl\":\"https:\/\/dptrading.nl\/wp-content\/uploads\/2025\/05\/opti-rits.png\",\"datePublished\":\"2025-05-27T13:31:54+00:00\",\"dateModified\":\"2026-01-21T23:28:53+00:00\",\"breadcrumb\":{\"@id\":\"https:\/\/dptrading.nl\/product\/opti-rt-25-rits-op-rol-lichtgrijs-9389-lengte-100-mtr\/#breadcrumb\"},\"inLanguage\":\"de\",\"potentialAction\":[{\"@type\":\"ReadAction\",\"target\":[\"https:\/\/dptrading.nl\/product\/opti-rt-25-rits-op-rol-lichtgrijs-9389-lengte-100-mtr\/\"]}]},{\"@type\":\"ImageObject\",\"inLanguage\":\"de\",\"@id\":\"https:\/\/dptrading.nl\/product\/opti-rt-25-rits-op-rol-lichtgrijs-9389-lengte-100-mtr\/#primaryimage\",\"url\":\"https:\/\/dptrading.nl\/wp-content\/uploads\/2025\/05\/opti-rits.png\",\"contentUrl\":\"https:\/\/dptrading.nl\/wp-content\/uploads\/2025\/05\/opti-rits.png\",\"width\":254,\"height\":254},{\"@type\":\"BreadcrumbList\",\"@id\":\"https:\/\/dptrading.nl\/product\/opti-rt-25-rits-op-rol-lichtgrijs-9389-lengte-100-mtr\/#breadcrumb\",\"itemListElement\":[{\"@type\":\"ListItem\",\"position\":1,\"name\":\"Home\",\"item\":\"https:\/\/dptrading.nl\/\"},{\"@type\":\"ListItem\",\"position\":2,\"name\":\"Producten\",\"item\":\"https:\/\/dptrading.nl\/winkel\/\"},{\"@type\":\"ListItem\",\"position\":3,\"name\":\"Opti RT25 rits op rol lichtgrijs\"}]},{\"@type\":\"WebSite\",\"@id\":\"https:\/\/dptrading.nl\/#website\",\"url\":\"https:\/\/dptrading.nl\/\",\"name\":\"D&P Trading\",\"description\":\"\",\"publisher\":{\"@id\":\"https:\/\/dptrading.nl\/#organization\"},\"potentialAction\":[{\"@type\":\"SearchAction\",\"target\":{\"@type\":\"EntryPoint\",\"urlTemplate\":\"https:\/\/dptrading.nl\/?s={search_term_string}\"},\"query-input\":{\"@type\":\"PropertyValueSpecification\",\"valueRequired\":true,\"valueName\":\"search_term_string\"}}],\"inLanguage\":\"de\"},{\"@type\":\"Organization\",\"@id\":\"https:\/\/dptrading.nl\/#organization\",\"name\":\"D&P Trading\",\"url\":\"https:\/\/dptrading.nl\/\",\"logo\":{\"@type\":\"ImageObject\",\"inLanguage\":\"de\",\"@id\":\"https:\/\/dptrading.nl\/#\/schema\/logo\/image\/\",\"url\":\"https:\/\/dptrading.nl\/wp-content\/uploads\/2025\/04\/logo-dp.png\",\"contentUrl\":\"https:\/\/dptrading.nl\/wp-content\/uploads\/2025\/04\/logo-dp.png\",\"width\":1248,\"height\":156,\"caption\":\"D&P Trading\"},\"image\":{\"@id\":\"https:\/\/dptrading.nl\/#\/schema\/logo\/image\/\"}}]}<\/script>\n<!-- \/ Yoast SEO plugin. -->","yoast_head_json":{"title":"Opti RT25 rits op rol lichtgrijs - D&amp;P Trading","robots":{"index":"index","follow":"follow","max-snippet":"max-snippet:-1","max-image-preview":"max-image-preview:large","max-video-preview":"max-video-preview:-1"},"canonical":"https:\/\/dptrading.nl\/de\/produkt\/opti-rt-25-rits-op-rol-lichtgrijs-9389-lengte-100-mtr\/","og_locale":"de_DE","og_type":"article","og_title":"Opti RT25 rits op rol lichtgrijs - D&amp;P Trading","og_description":"Op aanvraag leverbaar! Specificaties   100 meter  10 mm  RT25  lichtgrijs 9389","og_url":"https:\/\/dptrading.nl\/de\/produkt\/opti-rt-25-rits-op-rol-lichtgrijs-9389-lengte-100-mtr\/","og_site_name":"D&amp;P Trading","article_modified_time":"2026-01-21T23:28:53+00:00","og_image":[{"width":254,"height":254,"url":"https:\/\/dptrading.nl\/wp-content\/uploads\/2025\/05\/opti-rits.png","type":"image\/png"}],"twitter_card":"summary_large_image","twitter_misc":{"Gesch\u00e4tzte Lesezeit":"1\u00a0Minute"},"schema":{"@context":"https:\/\/schema.org","@graph":[{"@type":"WebPage","@id":"https:\/\/dptrading.nl\/product\/opti-rt-25-rits-op-rol-lichtgrijs-9389-lengte-100-mtr\/","url":"https:\/\/dptrading.nl\/product\/opti-rt-25-rits-op-rol-lichtgrijs-9389-lengte-100-mtr\/","name":"Opti RT25 rits op rol lichtgrijs - D&amp;P Trading","isPartOf":{"@id":"https:\/\/dptrading.nl\/#website"},"primaryImageOfPage":{"@id":"https:\/\/dptrading.nl\/product\/opti-rt-25-rits-op-rol-lichtgrijs-9389-lengte-100-mtr\/#primaryimage"},"image":{"@id":"https:\/\/dptrading.nl\/product\/opti-rt-25-rits-op-rol-lichtgrijs-9389-lengte-100-mtr\/#primaryimage"},"thumbnailUrl":"https:\/\/dptrading.nl\/wp-content\/uploads\/2025\/05\/opti-rits.png","datePublished":"2025-05-27T13:31:54+00:00","dateModified":"2026-01-21T23:28:53+00:00","breadcrumb":{"@id":"https:\/\/dptrading.nl\/product\/opti-rt-25-rits-op-rol-lichtgrijs-9389-lengte-100-mtr\/#breadcrumb"},"inLanguage":"de","potentialAction":[{"@type":"ReadAction","target":["https:\/\/dptrading.nl\/product\/opti-rt-25-rits-op-rol-lichtgrijs-9389-lengte-100-mtr\/"]}]},{"@type":"ImageObject","inLanguage":"de","@id":"https:\/\/dptrading.nl\/product\/opti-rt-25-rits-op-rol-lichtgrijs-9389-lengte-100-mtr\/#primaryimage","url":"https:\/\/dptrading.nl\/wp-content\/uploads\/2025\/05\/opti-rits.png","contentUrl":"https:\/\/dptrading.nl\/wp-content\/uploads\/2025\/05\/opti-rits.png","width":254,"height":254},{"@type":"BreadcrumbList","@id":"https:\/\/dptrading.nl\/product\/opti-rt-25-rits-op-rol-lichtgrijs-9389-lengte-100-mtr\/#breadcrumb","itemListElement":[{"@type":"ListItem","position":1,"name":"Home","item":"https:\/\/dptrading.nl\/"},{"@type":"ListItem","position":2,"name":"Producten","item":"https:\/\/dptrading.nl\/winkel\/"},{"@type":"ListItem","position":3,"name":"Opti RT25 rits op rol lichtgrijs"}]},{"@type":"WebSite","@id":"https:\/\/dptrading.nl\/#website","url":"https:\/\/dptrading.nl\/","name":"D&amp;P Handel","description":"","publisher":{"@id":"https:\/\/dptrading.nl\/#organization"},"potentialAction":[{"@type":"SearchAction","target":{"@type":"EntryPoint","urlTemplate":"https:\/\/dptrading.nl\/?s={search_term_string}"},"query-input":{"@type":"PropertyValueSpecification","valueRequired":true,"valueName":"search_term_string"}}],"inLanguage":"de"},{"@type":"Organization","@id":"https:\/\/dptrading.nl\/#organization","name":"D&amp;P Handel","url":"https:\/\/dptrading.nl\/","logo":{"@type":"ImageObject","inLanguage":"de","@id":"https:\/\/dptrading.nl\/#\/schema\/logo\/image\/","url":"https:\/\/dptrading.nl\/wp-content\/uploads\/2025\/04\/logo-dp.png","contentUrl":"https:\/\/dptrading.nl\/wp-content\/uploads\/2025\/04\/logo-dp.png","width":1248,"height":156,"caption":"D&P Trading"},"image":{"@id":"https:\/\/dptrading.nl\/#\/schema\/logo\/image\/"}}]}},"_links":{"self":[{"href":"https:\/\/dptrading.nl\/de\/wp-json\/wp\/v2\/product\/868","targetHints":{"allow":["GET"]}}],"collection":[{"href":"https:\/\/dptrading.nl\/de\/wp-json\/wp\/v2\/product"}],"about":[{"href":"https:\/\/dptrading.nl\/de\/wp-json\/wp\/v2\/types\/product"}],"wp:featuredmedia":[{"embeddable":true,"href":"https:\/\/dptrading.nl\/de\/wp-json\/wp\/v2\/media\/2727"}],"wp:attachment":[{"href":"https:\/\/dptrading.nl\/de\/wp-json\/wp\/v2\/media?parent=868"}],"wp:term":[{"taxonomy":"product_brand","embeddable":true,"href":"https:\/\/dptrading.nl\/de\/wp-json\/wp\/v2\/product_brand?post=868"},{"taxonomy":"product_cat","embeddable":true,"href":"https:\/\/dptrading.nl\/de\/wp-json\/wp\/v2\/product_cat?post=868"},{"taxonomy":"product_tag","embeddable":true,"href":"https:\/\/dptrading.nl\/de\/wp-json\/wp\/v2\/product_tag?post=868"}],"curies":[{"name":"wp","href":"https:\/\/api.w.org\/{rel}","templated":true}]}}