{"id":746,"date":"2025-05-27T12:21:25","date_gmt":"2025-05-27T10:21:25","guid":{"rendered":"https:\/\/dptrading.nl\/product\/alu-caravanprofiel-7-mm-l5000-mm-ral-9005-zwart-3\/"},"modified":"2026-03-31T17:14:24","modified_gmt":"2026-03-31T15:14:24","slug":"alu-caravanprofiel-7-mm-l5000-mm-ral-9005-zwart-3","status":"publish","type":"product","link":"https:\/\/dptrading.nl\/de\/produkt\/alu-caravanprofiel-7-mm-l5000-mm-ral-9005-zwart-3\/","title":{"rendered":"Aluminium Kederschiene 9 mm RAL 9005 schwarz - 180\u00b0"},"content":{"rendered":"<p>Ein Caravanprofil, auch Schienenprofil oder Kederprofil genannt, dient zum einfachen Aufh\u00e4ngen von T\u00fcchern, die z. B. mit Zeltkeder, Ringschnur oder Krokofix ausgestattet sind. Die Spannglieder oder andere Befestigungsmittel werden in das Profil geschoben, so dass das Tuch gleichm\u00e4\u00dfig \u00fcber die gesamte L\u00e4nge der Schiene gehalten wird. Diese Art von Profilen wird h\u00e4ufig in Wohnwagen, Wohnmobilen, Karosserien, Verandasegeln, Booten und verschiedenen industriellen Anwendungen eingesetzt.<\/p>","protected":false},"excerpt":{"rendered":"<p>L\u00e4nge = 5000 mm<\/p>","protected":false},"featured_media":3497,"template":"","meta":{"_acf_changed":false},"product_brand":[],"product_cat":[36],"product_tag":[],"class_list":{"0":"post-746","1":"product","2":"type-product","3":"status-publish","4":"has-post-thumbnail","6":"product_cat-profielen","7":"product_shipping_class-lengtevracht","9":"first","10":"instock","11":"shipping-taxable","12":"purchasable","13":"product-type-simple"},"acf":[],"yoast_head":"<!-- This site is optimized with the Yoast SEO plugin v26.6 - https:\/\/yoast.com\/wordpress\/plugins\/seo\/ -->\n<title>Aluminium caravanprofiel 9 mm RAL 9005 zwart - 180\u00b0 - D&amp;P Trading<\/title>\n<meta name=\"robots\" content=\"index, follow, max-snippet:-1, max-image-preview:large, max-video-preview:-1\" \/>\n<link rel=\"canonical\" href=\"https:\/\/dptrading.nl\/de\/produkt\/alu-caravanprofiel-7-mm-l5000-mm-ral-9005-zwart-3\/\" \/>\n<meta property=\"og:locale\" content=\"de_DE\" \/>\n<meta property=\"og:type\" content=\"article\" \/>\n<meta property=\"og:title\" content=\"Aluminium caravanprofiel 9 mm RAL 9005 zwart - 180\u00b0 - D&amp;P Trading\" \/>\n<meta property=\"og:description\" content=\"Lengte = 5000 mm\" \/>\n<meta property=\"og:url\" content=\"https:\/\/dptrading.nl\/de\/produkt\/alu-caravanprofiel-7-mm-l5000-mm-ral-9005-zwart-3\/\" \/>\n<meta property=\"og:site_name\" content=\"D&amp;P Trading\" \/>\n<meta property=\"article:modified_time\" content=\"2026-03-31T15:14:24+00:00\" \/>\n<meta property=\"og:image\" content=\"https:\/\/dptrading.nl\/wp-content\/uploads\/2025\/05\/85.1450.30-1.jpg\" \/>\n\t<meta property=\"og:image:width\" content=\"1512\" \/>\n\t<meta property=\"og:image:height\" content=\"1512\" \/>\n\t<meta property=\"og:image:type\" content=\"image\/jpeg\" \/>\n<meta name=\"twitter:card\" content=\"summary_large_image\" \/>\n<meta name=\"twitter:label1\" content=\"Gesch\u00e4tzte Lesezeit\" \/>\n\t<meta name=\"twitter:data1\" content=\"1\u00a0Minute\" \/>\n<script type=\"application\/ld+json\" class=\"yoast-schema-graph\">{\"@context\":\"https:\/\/schema.org\",\"@graph\":[{\"@type\":\"WebPage\",\"@id\":\"https:\/\/dptrading.nl\/product\/alu-caravanprofiel-7-mm-l5000-mm-ral-9005-zwart-3\/\",\"url\":\"https:\/\/dptrading.nl\/product\/alu-caravanprofiel-7-mm-l5000-mm-ral-9005-zwart-3\/\",\"name\":\"Aluminium caravanprofiel 9 mm RAL 9005 zwart - 180\u00b0 - D&amp;P Trading\",\"isPartOf\":{\"@id\":\"https:\/\/dptrading.nl\/#website\"},\"primaryImageOfPage\":{\"@id\":\"https:\/\/dptrading.nl\/product\/alu-caravanprofiel-7-mm-l5000-mm-ral-9005-zwart-3\/#primaryimage\"},\"image\":{\"@id\":\"https:\/\/dptrading.nl\/product\/alu-caravanprofiel-7-mm-l5000-mm-ral-9005-zwart-3\/#primaryimage\"},\"thumbnailUrl\":\"https:\/\/dptrading.nl\/wp-content\/uploads\/2025\/05\/85.1450.30-1.jpg\",\"datePublished\":\"2025-05-27T10:21:25+00:00\",\"dateModified\":\"2026-03-31T15:14:24+00:00\",\"breadcrumb\":{\"@id\":\"https:\/\/dptrading.nl\/product\/alu-caravanprofiel-7-mm-l5000-mm-ral-9005-zwart-3\/#breadcrumb\"},\"inLanguage\":\"de\",\"potentialAction\":[{\"@type\":\"ReadAction\",\"target\":[\"https:\/\/dptrading.nl\/product\/alu-caravanprofiel-7-mm-l5000-mm-ral-9005-zwart-3\/\"]}]},{\"@type\":\"ImageObject\",\"inLanguage\":\"de\",\"@id\":\"https:\/\/dptrading.nl\/product\/alu-caravanprofiel-7-mm-l5000-mm-ral-9005-zwart-3\/#primaryimage\",\"url\":\"https:\/\/dptrading.nl\/wp-content\/uploads\/2025\/05\/85.1450.30-1.jpg\",\"contentUrl\":\"https:\/\/dptrading.nl\/wp-content\/uploads\/2025\/05\/85.1450.30-1.jpg\",\"width\":1512,\"height\":1512},{\"@type\":\"BreadcrumbList\",\"@id\":\"https:\/\/dptrading.nl\/product\/alu-caravanprofiel-7-mm-l5000-mm-ral-9005-zwart-3\/#breadcrumb\",\"itemListElement\":[{\"@type\":\"ListItem\",\"position\":1,\"name\":\"Home\",\"item\":\"https:\/\/dptrading.nl\/\"},{\"@type\":\"ListItem\",\"position\":2,\"name\":\"Producten\",\"item\":\"https:\/\/dptrading.nl\/winkel\/\"},{\"@type\":\"ListItem\",\"position\":3,\"name\":\"Aluminium caravanprofiel 9 mm RAL 9005 zwart &#8211; 180\u00b0\"}]},{\"@type\":\"WebSite\",\"@id\":\"https:\/\/dptrading.nl\/#website\",\"url\":\"https:\/\/dptrading.nl\/\",\"name\":\"D&P Trading\",\"description\":\"\",\"publisher\":{\"@id\":\"https:\/\/dptrading.nl\/#organization\"},\"potentialAction\":[{\"@type\":\"SearchAction\",\"target\":{\"@type\":\"EntryPoint\",\"urlTemplate\":\"https:\/\/dptrading.nl\/?s={search_term_string}\"},\"query-input\":{\"@type\":\"PropertyValueSpecification\",\"valueRequired\":true,\"valueName\":\"search_term_string\"}}],\"inLanguage\":\"de\"},{\"@type\":\"Organization\",\"@id\":\"https:\/\/dptrading.nl\/#organization\",\"name\":\"D&P Trading\",\"url\":\"https:\/\/dptrading.nl\/\",\"logo\":{\"@type\":\"ImageObject\",\"inLanguage\":\"de\",\"@id\":\"https:\/\/dptrading.nl\/#\/schema\/logo\/image\/\",\"url\":\"https:\/\/dptrading.nl\/wp-content\/uploads\/2025\/04\/logo-dp.png\",\"contentUrl\":\"https:\/\/dptrading.nl\/wp-content\/uploads\/2025\/04\/logo-dp.png\",\"width\":1248,\"height\":156,\"caption\":\"D&P Trading\"},\"image\":{\"@id\":\"https:\/\/dptrading.nl\/#\/schema\/logo\/image\/\"}}]}<\/script>\n<!-- \/ Yoast SEO plugin. -->","yoast_head_json":{"title":"Aluminium caravanprofiel 9 mm RAL 9005 zwart - 180\u00b0 - D&amp;P Trading","robots":{"index":"index","follow":"follow","max-snippet":"max-snippet:-1","max-image-preview":"max-image-preview:large","max-video-preview":"max-video-preview:-1"},"canonical":"https:\/\/dptrading.nl\/de\/produkt\/alu-caravanprofiel-7-mm-l5000-mm-ral-9005-zwart-3\/","og_locale":"de_DE","og_type":"article","og_title":"Aluminium caravanprofiel 9 mm RAL 9005 zwart - 180\u00b0 - D&amp;P Trading","og_description":"Lengte = 5000 mm","og_url":"https:\/\/dptrading.nl\/de\/produkt\/alu-caravanprofiel-7-mm-l5000-mm-ral-9005-zwart-3\/","og_site_name":"D&amp;P Trading","article_modified_time":"2026-03-31T15:14:24+00:00","og_image":[{"width":1512,"height":1512,"url":"https:\/\/dptrading.nl\/wp-content\/uploads\/2025\/05\/85.1450.30-1.jpg","type":"image\/jpeg"}],"twitter_card":"summary_large_image","twitter_misc":{"Gesch\u00e4tzte Lesezeit":"1\u00a0Minute"},"schema":{"@context":"https:\/\/schema.org","@graph":[{"@type":"WebPage","@id":"https:\/\/dptrading.nl\/product\/alu-caravanprofiel-7-mm-l5000-mm-ral-9005-zwart-3\/","url":"https:\/\/dptrading.nl\/product\/alu-caravanprofiel-7-mm-l5000-mm-ral-9005-zwart-3\/","name":"Aluminium caravanprofiel 9 mm RAL 9005 zwart - 180\u00b0 - D&amp;P Trading","isPartOf":{"@id":"https:\/\/dptrading.nl\/#website"},"primaryImageOfPage":{"@id":"https:\/\/dptrading.nl\/product\/alu-caravanprofiel-7-mm-l5000-mm-ral-9005-zwart-3\/#primaryimage"},"image":{"@id":"https:\/\/dptrading.nl\/product\/alu-caravanprofiel-7-mm-l5000-mm-ral-9005-zwart-3\/#primaryimage"},"thumbnailUrl":"https:\/\/dptrading.nl\/wp-content\/uploads\/2025\/05\/85.1450.30-1.jpg","datePublished":"2025-05-27T10:21:25+00:00","dateModified":"2026-03-31T15:14:24+00:00","breadcrumb":{"@id":"https:\/\/dptrading.nl\/product\/alu-caravanprofiel-7-mm-l5000-mm-ral-9005-zwart-3\/#breadcrumb"},"inLanguage":"de","potentialAction":[{"@type":"ReadAction","target":["https:\/\/dptrading.nl\/product\/alu-caravanprofiel-7-mm-l5000-mm-ral-9005-zwart-3\/"]}]},{"@type":"ImageObject","inLanguage":"de","@id":"https:\/\/dptrading.nl\/product\/alu-caravanprofiel-7-mm-l5000-mm-ral-9005-zwart-3\/#primaryimage","url":"https:\/\/dptrading.nl\/wp-content\/uploads\/2025\/05\/85.1450.30-1.jpg","contentUrl":"https:\/\/dptrading.nl\/wp-content\/uploads\/2025\/05\/85.1450.30-1.jpg","width":1512,"height":1512},{"@type":"BreadcrumbList","@id":"https:\/\/dptrading.nl\/product\/alu-caravanprofiel-7-mm-l5000-mm-ral-9005-zwart-3\/#breadcrumb","itemListElement":[{"@type":"ListItem","position":1,"name":"Home","item":"https:\/\/dptrading.nl\/"},{"@type":"ListItem","position":2,"name":"Producten","item":"https:\/\/dptrading.nl\/winkel\/"},{"@type":"ListItem","position":3,"name":"Aluminium caravanprofiel 9 mm RAL 9005 zwart &#8211; 180\u00b0"}]},{"@type":"WebSite","@id":"https:\/\/dptrading.nl\/#website","url":"https:\/\/dptrading.nl\/","name":"D&amp;P Handel","description":"","publisher":{"@id":"https:\/\/dptrading.nl\/#organization"},"potentialAction":[{"@type":"SearchAction","target":{"@type":"EntryPoint","urlTemplate":"https:\/\/dptrading.nl\/?s={search_term_string}"},"query-input":{"@type":"PropertyValueSpecification","valueRequired":true,"valueName":"search_term_string"}}],"inLanguage":"de"},{"@type":"Organization","@id":"https:\/\/dptrading.nl\/#organization","name":"D&amp;P Handel","url":"https:\/\/dptrading.nl\/","logo":{"@type":"ImageObject","inLanguage":"de","@id":"https:\/\/dptrading.nl\/#\/schema\/logo\/image\/","url":"https:\/\/dptrading.nl\/wp-content\/uploads\/2025\/04\/logo-dp.png","contentUrl":"https:\/\/dptrading.nl\/wp-content\/uploads\/2025\/04\/logo-dp.png","width":1248,"height":156,"caption":"D&P Trading"},"image":{"@id":"https:\/\/dptrading.nl\/#\/schema\/logo\/image\/"}}]}},"_links":{"self":[{"href":"https:\/\/dptrading.nl\/de\/wp-json\/wp\/v2\/product\/746","targetHints":{"allow":["GET"]}}],"collection":[{"href":"https:\/\/dptrading.nl\/de\/wp-json\/wp\/v2\/product"}],"about":[{"href":"https:\/\/dptrading.nl\/de\/wp-json\/wp\/v2\/types\/product"}],"wp:featuredmedia":[{"embeddable":true,"href":"https:\/\/dptrading.nl\/de\/wp-json\/wp\/v2\/media\/3497"}],"wp:attachment":[{"href":"https:\/\/dptrading.nl\/de\/wp-json\/wp\/v2\/media?parent=746"}],"wp:term":[{"taxonomy":"product_brand","embeddable":true,"href":"https:\/\/dptrading.nl\/de\/wp-json\/wp\/v2\/product_brand?post=746"},{"taxonomy":"product_cat","embeddable":true,"href":"https:\/\/dptrading.nl\/de\/wp-json\/wp\/v2\/product_cat?post=746"},{"taxonomy":"product_tag","embeddable":true,"href":"https:\/\/dptrading.nl\/de\/wp-json\/wp\/v2\/product_tag?post=746"}],"curies":[{"name":"wp","href":"https:\/\/api.w.org\/{rel}","templated":true}]}}