{"id":697,"date":"2025-05-27T10:35:58","date_gmt":"2025-05-27T08:35:58","guid":{"rendered":"https:\/\/dptrading.nl\/product\/cargoplank-2-delig-2400-2700-mm-dekra\/"},"modified":"2026-01-22T01:01:06","modified_gmt":"2026-01-22T00:01:06","slug":"cargoplank-2-delig-2400-2700-mm-dekra","status":"publish","type":"product","link":"https:\/\/dptrading.nl\/de\/produkt\/cargoplank-2-delig-2400-2700-mm-dekra\/","title":{"rendered":"Cargo plank (Zwischenwandverschlu\u00df) 2-teilig \/ L=2400-2700 mm"},"content":{"rendered":"<p>Ladungsplanken werden an Seitenw\u00e4nden geklemmt, um die Ladung gegen Wegrutschen und Umkippen zu sichern.<br \/>\nDie Ladefl\u00e4chen sind aus Aluminium gefertigt, der Druck auf die Seitenwand wird mittels des gummierten Hebels eingestellt.<\/p>\n<p>Mit einer Cargo Plank haben Sie ein zus\u00e4tzliches Hilfsmittel, um die Ladung an Ort und Stelle zu halten.<\/p>\n<h2><strong>Gepr\u00fcft gem\u00e4\u00df DIN EN 12195-2<\/strong><\/h2>","protected":false},"excerpt":{"rendered":"<p>Cargo planken worden aan zijwanden geklemd om de lading tegen wegglijden en kantelen te zekeren. De Cargo planken zijn gemaakt van aluminium, de druk op de zijwand wordt ingesteld door middel van de met rubber beklede hendel. Met een Cargo Plank heb je een extra hulpmiddel om de lading op zijn plaats te houden. Getest [&hellip;]<\/p>","protected":false},"featured_media":3316,"template":"","meta":{"_acf_changed":false},"product_brand":[],"product_cat":[151,35],"product_tag":[],"class_list":{"0":"post-697","1":"product","2":"type-product","3":"status-publish","4":"has-post-thumbnail","6":"product_cat-overige","7":"product_cat-truck-traileronderdelen","8":"product_shipping_class-lengtevracht","10":"first","11":"instock","12":"shipping-taxable","13":"purchasable","14":"product-type-simple"},"acf":[],"yoast_head":"<!-- This site is optimized with the Yoast SEO plugin v26.6 - https:\/\/yoast.com\/wordpress\/plugins\/seo\/ -->\n<title>Cargoplank 2-delig \/ L=2400-2700 mm - D&amp;P Trading<\/title>\n<meta name=\"robots\" content=\"index, follow, max-snippet:-1, max-image-preview:large, max-video-preview:-1\" \/>\n<link rel=\"canonical\" href=\"https:\/\/dptrading.nl\/de\/produkt\/cargoplank-2-delig-2400-2700-mm-dekra\/\" \/>\n<meta property=\"og:locale\" content=\"de_DE\" \/>\n<meta property=\"og:type\" content=\"article\" \/>\n<meta property=\"og:title\" content=\"Cargoplank 2-delig \/ L=2400-2700 mm - D&amp;P Trading\" \/>\n<meta property=\"og:description\" content=\"Cargo planken worden aan zijwanden geklemd om de lading tegen wegglijden en kantelen te zekeren. De Cargo planken zijn gemaakt van aluminium, de druk op de zijwand wordt ingesteld door middel van de met rubber beklede hendel. Met een Cargo Plank heb je een extra hulpmiddel om de lading op zijn plaats te houden. Getest [&hellip;]\" \/>\n<meta property=\"og:url\" content=\"https:\/\/dptrading.nl\/de\/produkt\/cargoplank-2-delig-2400-2700-mm-dekra\/\" \/>\n<meta property=\"og:site_name\" content=\"D&amp;P Trading\" \/>\n<meta property=\"article:modified_time\" content=\"2026-01-22T00:01:06+00:00\" \/>\n<meta property=\"og:image\" content=\"https:\/\/dptrading.nl\/wp-content\/uploads\/2025\/05\/86.1086.30-cargoplank-2-delig.jpg\" \/>\n\t<meta property=\"og:image:width\" content=\"960\" \/>\n\t<meta property=\"og:image:height\" content=\"960\" \/>\n\t<meta property=\"og:image:type\" content=\"image\/jpeg\" \/>\n<meta name=\"twitter:card\" content=\"summary_large_image\" \/>\n<meta name=\"twitter:label1\" content=\"Gesch\u00e4tzte Lesezeit\" \/>\n\t<meta name=\"twitter:data1\" content=\"1\u00a0Minute\" \/>\n<script type=\"application\/ld+json\" class=\"yoast-schema-graph\">{\"@context\":\"https:\/\/schema.org\",\"@graph\":[{\"@type\":\"WebPage\",\"@id\":\"https:\/\/dptrading.nl\/product\/cargoplank-2-delig-2400-2700-mm-dekra\/\",\"url\":\"https:\/\/dptrading.nl\/product\/cargoplank-2-delig-2400-2700-mm-dekra\/\",\"name\":\"Cargoplank 2-delig \/ L=2400-2700 mm - D&amp;P Trading\",\"isPartOf\":{\"@id\":\"https:\/\/dptrading.nl\/#website\"},\"primaryImageOfPage\":{\"@id\":\"https:\/\/dptrading.nl\/product\/cargoplank-2-delig-2400-2700-mm-dekra\/#primaryimage\"},\"image\":{\"@id\":\"https:\/\/dptrading.nl\/product\/cargoplank-2-delig-2400-2700-mm-dekra\/#primaryimage\"},\"thumbnailUrl\":\"https:\/\/dptrading.nl\/wp-content\/uploads\/2025\/05\/86.1086.30-cargoplank-2-delig.jpg\",\"datePublished\":\"2025-05-27T08:35:58+00:00\",\"dateModified\":\"2026-01-22T00:01:06+00:00\",\"breadcrumb\":{\"@id\":\"https:\/\/dptrading.nl\/product\/cargoplank-2-delig-2400-2700-mm-dekra\/#breadcrumb\"},\"inLanguage\":\"de\",\"potentialAction\":[{\"@type\":\"ReadAction\",\"target\":[\"https:\/\/dptrading.nl\/product\/cargoplank-2-delig-2400-2700-mm-dekra\/\"]}]},{\"@type\":\"ImageObject\",\"inLanguage\":\"de\",\"@id\":\"https:\/\/dptrading.nl\/product\/cargoplank-2-delig-2400-2700-mm-dekra\/#primaryimage\",\"url\":\"https:\/\/dptrading.nl\/wp-content\/uploads\/2025\/05\/86.1086.30-cargoplank-2-delig.jpg\",\"contentUrl\":\"https:\/\/dptrading.nl\/wp-content\/uploads\/2025\/05\/86.1086.30-cargoplank-2-delig.jpg\",\"width\":960,\"height\":960},{\"@type\":\"BreadcrumbList\",\"@id\":\"https:\/\/dptrading.nl\/product\/cargoplank-2-delig-2400-2700-mm-dekra\/#breadcrumb\",\"itemListElement\":[{\"@type\":\"ListItem\",\"position\":1,\"name\":\"Home\",\"item\":\"https:\/\/dptrading.nl\/\"},{\"@type\":\"ListItem\",\"position\":2,\"name\":\"Producten\",\"item\":\"https:\/\/dptrading.nl\/winkel\/\"},{\"@type\":\"ListItem\",\"position\":3,\"name\":\"Cargoplank 2-delig \/ L=2400-2700 mm\"}]},{\"@type\":\"WebSite\",\"@id\":\"https:\/\/dptrading.nl\/#website\",\"url\":\"https:\/\/dptrading.nl\/\",\"name\":\"D&P Trading\",\"description\":\"\",\"publisher\":{\"@id\":\"https:\/\/dptrading.nl\/#organization\"},\"potentialAction\":[{\"@type\":\"SearchAction\",\"target\":{\"@type\":\"EntryPoint\",\"urlTemplate\":\"https:\/\/dptrading.nl\/?s={search_term_string}\"},\"query-input\":{\"@type\":\"PropertyValueSpecification\",\"valueRequired\":true,\"valueName\":\"search_term_string\"}}],\"inLanguage\":\"de\"},{\"@type\":\"Organization\",\"@id\":\"https:\/\/dptrading.nl\/#organization\",\"name\":\"D&P Trading\",\"url\":\"https:\/\/dptrading.nl\/\",\"logo\":{\"@type\":\"ImageObject\",\"inLanguage\":\"de\",\"@id\":\"https:\/\/dptrading.nl\/#\/schema\/logo\/image\/\",\"url\":\"https:\/\/dptrading.nl\/wp-content\/uploads\/2025\/04\/logo-dp.png\",\"contentUrl\":\"https:\/\/dptrading.nl\/wp-content\/uploads\/2025\/04\/logo-dp.png\",\"width\":1248,\"height\":156,\"caption\":\"D&P Trading\"},\"image\":{\"@id\":\"https:\/\/dptrading.nl\/#\/schema\/logo\/image\/\"}}]}<\/script>\n<!-- \/ Yoast SEO plugin. -->","yoast_head_json":{"title":"Cargoplank 2-delig \/ L=2400-2700 mm - D&amp;P Trading","robots":{"index":"index","follow":"follow","max-snippet":"max-snippet:-1","max-image-preview":"max-image-preview:large","max-video-preview":"max-video-preview:-1"},"canonical":"https:\/\/dptrading.nl\/de\/produkt\/cargoplank-2-delig-2400-2700-mm-dekra\/","og_locale":"de_DE","og_type":"article","og_title":"Cargoplank 2-delig \/ L=2400-2700 mm - D&amp;P Trading","og_description":"Cargo planken worden aan zijwanden geklemd om de lading tegen wegglijden en kantelen te zekeren. De Cargo planken zijn gemaakt van aluminium, de druk op de zijwand wordt ingesteld door middel van de met rubber beklede hendel. Met een Cargo Plank heb je een extra hulpmiddel om de lading op zijn plaats te houden. Getest [&hellip;]","og_url":"https:\/\/dptrading.nl\/de\/produkt\/cargoplank-2-delig-2400-2700-mm-dekra\/","og_site_name":"D&amp;P Trading","article_modified_time":"2026-01-22T00:01:06+00:00","og_image":[{"width":960,"height":960,"url":"https:\/\/dptrading.nl\/wp-content\/uploads\/2025\/05\/86.1086.30-cargoplank-2-delig.jpg","type":"image\/jpeg"}],"twitter_card":"summary_large_image","twitter_misc":{"Gesch\u00e4tzte Lesezeit":"1\u00a0Minute"},"schema":{"@context":"https:\/\/schema.org","@graph":[{"@type":"WebPage","@id":"https:\/\/dptrading.nl\/product\/cargoplank-2-delig-2400-2700-mm-dekra\/","url":"https:\/\/dptrading.nl\/product\/cargoplank-2-delig-2400-2700-mm-dekra\/","name":"Cargoplank 2-delig \/ L=2400-2700 mm - D&amp;P Trading","isPartOf":{"@id":"https:\/\/dptrading.nl\/#website"},"primaryImageOfPage":{"@id":"https:\/\/dptrading.nl\/product\/cargoplank-2-delig-2400-2700-mm-dekra\/#primaryimage"},"image":{"@id":"https:\/\/dptrading.nl\/product\/cargoplank-2-delig-2400-2700-mm-dekra\/#primaryimage"},"thumbnailUrl":"https:\/\/dptrading.nl\/wp-content\/uploads\/2025\/05\/86.1086.30-cargoplank-2-delig.jpg","datePublished":"2025-05-27T08:35:58+00:00","dateModified":"2026-01-22T00:01:06+00:00","breadcrumb":{"@id":"https:\/\/dptrading.nl\/product\/cargoplank-2-delig-2400-2700-mm-dekra\/#breadcrumb"},"inLanguage":"de","potentialAction":[{"@type":"ReadAction","target":["https:\/\/dptrading.nl\/product\/cargoplank-2-delig-2400-2700-mm-dekra\/"]}]},{"@type":"ImageObject","inLanguage":"de","@id":"https:\/\/dptrading.nl\/product\/cargoplank-2-delig-2400-2700-mm-dekra\/#primaryimage","url":"https:\/\/dptrading.nl\/wp-content\/uploads\/2025\/05\/86.1086.30-cargoplank-2-delig.jpg","contentUrl":"https:\/\/dptrading.nl\/wp-content\/uploads\/2025\/05\/86.1086.30-cargoplank-2-delig.jpg","width":960,"height":960},{"@type":"BreadcrumbList","@id":"https:\/\/dptrading.nl\/product\/cargoplank-2-delig-2400-2700-mm-dekra\/#breadcrumb","itemListElement":[{"@type":"ListItem","position":1,"name":"Home","item":"https:\/\/dptrading.nl\/"},{"@type":"ListItem","position":2,"name":"Producten","item":"https:\/\/dptrading.nl\/winkel\/"},{"@type":"ListItem","position":3,"name":"Cargoplank 2-delig \/ L=2400-2700 mm"}]},{"@type":"WebSite","@id":"https:\/\/dptrading.nl\/#website","url":"https:\/\/dptrading.nl\/","name":"D&amp;P Handel","description":"","publisher":{"@id":"https:\/\/dptrading.nl\/#organization"},"potentialAction":[{"@type":"SearchAction","target":{"@type":"EntryPoint","urlTemplate":"https:\/\/dptrading.nl\/?s={search_term_string}"},"query-input":{"@type":"PropertyValueSpecification","valueRequired":true,"valueName":"search_term_string"}}],"inLanguage":"de"},{"@type":"Organization","@id":"https:\/\/dptrading.nl\/#organization","name":"D&amp;P Handel","url":"https:\/\/dptrading.nl\/","logo":{"@type":"ImageObject","inLanguage":"de","@id":"https:\/\/dptrading.nl\/#\/schema\/logo\/image\/","url":"https:\/\/dptrading.nl\/wp-content\/uploads\/2025\/04\/logo-dp.png","contentUrl":"https:\/\/dptrading.nl\/wp-content\/uploads\/2025\/04\/logo-dp.png","width":1248,"height":156,"caption":"D&P Trading"},"image":{"@id":"https:\/\/dptrading.nl\/#\/schema\/logo\/image\/"}}]}},"_links":{"self":[{"href":"https:\/\/dptrading.nl\/de\/wp-json\/wp\/v2\/product\/697","targetHints":{"allow":["GET"]}}],"collection":[{"href":"https:\/\/dptrading.nl\/de\/wp-json\/wp\/v2\/product"}],"about":[{"href":"https:\/\/dptrading.nl\/de\/wp-json\/wp\/v2\/types\/product"}],"wp:featuredmedia":[{"embeddable":true,"href":"https:\/\/dptrading.nl\/de\/wp-json\/wp\/v2\/media\/3316"}],"wp:attachment":[{"href":"https:\/\/dptrading.nl\/de\/wp-json\/wp\/v2\/media?parent=697"}],"wp:term":[{"taxonomy":"product_brand","embeddable":true,"href":"https:\/\/dptrading.nl\/de\/wp-json\/wp\/v2\/product_brand?post=697"},{"taxonomy":"product_cat","embeddable":true,"href":"https:\/\/dptrading.nl\/de\/wp-json\/wp\/v2\/product_cat?post=697"},{"taxonomy":"product_tag","embeddable":true,"href":"https:\/\/dptrading.nl\/de\/wp-json\/wp\/v2\/product_tag?post=697"}],"curies":[{"name":"wp","href":"https:\/\/api.w.org\/{rel}","templated":true}]}}