{"id":696,"date":"2025-05-27T10:30:44","date_gmt":"2025-05-27T08:30:44","guid":{"rendered":"https:\/\/dptrading.nl\/product\/ergo-bar-met-2-veer-functies-aluminium-werklengte-2400-2800\/"},"modified":"2026-01-22T01:01:45","modified_gmt":"2026-01-22T00:01:45","slug":"ergo-bar-met-2-veer-functies-aluminium-werklengte-2400-2800","status":"publish","type":"product","link":"https:\/\/dptrading.nl\/de\/produkt\/ergo-bar-met-2-veer-functies-aluminium-werklengte-2400-2800\/","title":{"rendered":"Klemmbalken Ergo-Bar mit 2 Federfunktionen Aluminium \/ L=2400-2800"},"content":{"rendered":"<p>Gewicht: 4,7 kg<br \/>\nBlockierkraft: 150 daN<\/p>\n<p>Diese Lade-Stange ist ein patentiertes, benutzerfreundliches, ergonomisches Produkt, das mit einer Hand bedient werden kann.<br \/>\nDiese Ladezange besteht aus Leichtmetall, wodurch sie nicht schwer und sehr einfach zu bedienen ist.<br \/>\nAuch ist dieser Ladebalken auch sehr geeignet f\u00fcr Gefrierguttransport weil dieser Ladebalken nicht gefriert und immer seine Arbeit weiter machen bleibt.<\/p>\n<h2>Beschreibung<\/h2>\n<p>Diese neue patentierte Ergo-Stange mit 2 verschiedenen Federn: 1 leichte Feder und 1 starke Feder. Der Gedanke hinter dieser neuen Ergo-Stange mit 2 Federn ist, dass man sie in 2 verschiedenen Positionen verwenden kann.<\/p>\n<ul>\n<li><strong>Rostposition\u00a0<\/strong>Durch die Verwendung der leichten Feder k\u00f6nnen Sie die Ergo-Stange mit einer konstanten Kraft von etwa 30 kg zwischen Decke und Boden klemmen. Wenn Sie diese beispielsweise nicht zum Sichern von Ladungen verwenden, k\u00f6nnen Sie diese Stangen ohne Besch\u00e4digung der Decke nebeneinander stellen.<\/li>\n<li><strong>Klempositie\u00a0<\/strong>Door de Ergo-bar te verstellen in de juiste lengte en daarna de hendel over te halen, wordt de klempositie geactiveerd. De Ergo-bar zet vervolgens de lading vast met een blijvende klemkracht van 150 kg.<\/li>\n<\/ul>\n<p>Die Aluminium Ergo-Bar ist ein Leichtgewicht und schnell mit einer Hand zu platzieren, einfach in der L\u00e4nge verstellbar und ein leicht zu bedienender Hebel machen die Ergo-Bar zu einer \u00e4u\u00dferst benutzerfreundlichen Ladungsstange.<\/p>\n<p>Mit diesen 4 Schritten k\u00f6nnen Sie sicher mit Ihrer Ladung von A nach B kommen:<\/p>\n<ol>\n<li>\u00d6ffnen Sie den leicht zu bedienenden Hebel.<\/li>\n<li>Stellen Sie die Ladeleiste richtig ein, bis die obere Fu\u00dfspitze die Decke ber\u00fchrt (Sie werden ein Klicken sp\u00fcren und h\u00f6ren).<\/li>\n<li>Platzieren Sie die Lade-Stange vor den Waren, die Sie sichern m\u00f6chten.<\/li>\n<li>Dr\u00fccken Sie den leicht bedienbaren Hebel nach unten, um die Laderstange zu fixieren.<\/li>\n<\/ol>\n<p>&nbsp;<\/p>\n<div style=\"width: 800px;\" class=\"wp-video\"><!--[if lt IE 9]><script>document.createElement('video');<\/script><![endif]-->\n<video class=\"wp-video-shortcode\" id=\"video-696-1\" width=\"800\" height=\"1422\" preload=\"metadata\" controls=\"controls\"><source type=\"video\/mp4\" src=\"https:\/\/dptrading.nl\/wp-content\/uploads\/2025\/05\/Ergobar-video.mp4?_=1\" \/><a href=\"https:\/\/dptrading.nl\/wp-content\/uploads\/2025\/05\/Ergobar-video.mp4\">https:\/\/dptrading.nl\/wp-content\/uploads\/2025\/05\/Ergobar-video.mp4<\/a><\/video><\/div>","protected":false},"excerpt":{"rendered":"<p>Gewicht: 4,7 kg Blokkeerkracht: 150 daN Deze ladingstang is een gepatenteerd, gebruiksvriendelijk, ergonomisch product die met 1 hand te bedienen is. Deze ladingstang is van lichte metalen gemaakt waardoor deze niet zwaar is en zeer gemakkelijk in gebruik is. Ook is deze ladingstang ook zeer geschikt voor diepvries transport omdat deze ladingstang niet bevriest en [&hellip;]<\/p>","protected":false},"featured_media":3332,"template":"","meta":{"_acf_changed":false},"product_brand":[],"product_cat":[151,35],"product_tag":[],"class_list":{"0":"post-696","1":"product","2":"type-product","3":"status-publish","4":"has-post-thumbnail","6":"product_cat-overige","7":"product_cat-truck-traileronderdelen","8":"product_shipping_class-lengtevracht","10":"first","11":"instock","12":"shipping-taxable","13":"purchasable","14":"product-type-simple"},"acf":[],"yoast_head":"<!-- This site is optimized with the Yoast SEO plugin v26.6 - https:\/\/yoast.com\/wordpress\/plugins\/seo\/ -->\n<title>Ergo-Bar met 2 veer functies aluminium \/ L=2400-2800 - D&amp;P Trading<\/title>\n<meta name=\"robots\" content=\"index, follow, max-snippet:-1, max-image-preview:large, max-video-preview:-1\" \/>\n<link rel=\"canonical\" href=\"https:\/\/dptrading.nl\/de\/produkt\/ergo-bar-met-2-veer-functies-aluminium-werklengte-2400-2800\/\" \/>\n<meta property=\"og:locale\" content=\"de_DE\" \/>\n<meta property=\"og:type\" content=\"article\" \/>\n<meta property=\"og:title\" content=\"Ergo-Bar met 2 veer functies aluminium \/ L=2400-2800 - D&amp;P Trading\" \/>\n<meta property=\"og:description\" content=\"Gewicht: 4,7 kg Blokkeerkracht: 150 daN Deze ladingstang is een gepatenteerd, gebruiksvriendelijk, ergonomisch product die met 1 hand te bedienen is. Deze ladingstang is van lichte metalen gemaakt waardoor deze niet zwaar is en zeer gemakkelijk in gebruik is. Ook is deze ladingstang ook zeer geschikt voor diepvries transport omdat deze ladingstang niet bevriest en [&hellip;]\" \/>\n<meta property=\"og:url\" content=\"https:\/\/dptrading.nl\/de\/produkt\/ergo-bar-met-2-veer-functies-aluminium-werklengte-2400-2800\/\" \/>\n<meta property=\"og:site_name\" content=\"D&amp;P Trading\" \/>\n<meta property=\"article:modified_time\" content=\"2026-01-22T00:01:45+00:00\" \/>\n<meta property=\"og:image\" content=\"https:\/\/dptrading.nl\/wp-content\/uploads\/2025\/05\/86.1090.30.jpg\" \/>\n\t<meta property=\"og:image:width\" content=\"2560\" \/>\n\t<meta property=\"og:image:height\" content=\"2560\" \/>\n\t<meta property=\"og:image:type\" content=\"image\/jpeg\" \/>\n<meta name=\"twitter:card\" content=\"summary_large_image\" \/>\n<meta name=\"twitter:label1\" content=\"Gesch\u00e4tzte Lesezeit\" \/>\n\t<meta name=\"twitter:data1\" content=\"2\u00a0Minuten\" \/>\n<script type=\"application\/ld+json\" class=\"yoast-schema-graph\">{\"@context\":\"https:\/\/schema.org\",\"@graph\":[{\"@type\":\"WebPage\",\"@id\":\"https:\/\/dptrading.nl\/product\/ergo-bar-met-2-veer-functies-aluminium-werklengte-2400-2800\/\",\"url\":\"https:\/\/dptrading.nl\/product\/ergo-bar-met-2-veer-functies-aluminium-werklengte-2400-2800\/\",\"name\":\"Ergo-Bar met 2 veer functies aluminium \/ L=2400-2800 - D&amp;P Trading\",\"isPartOf\":{\"@id\":\"https:\/\/dptrading.nl\/#website\"},\"primaryImageOfPage\":{\"@id\":\"https:\/\/dptrading.nl\/product\/ergo-bar-met-2-veer-functies-aluminium-werklengte-2400-2800\/#primaryimage\"},\"image\":{\"@id\":\"https:\/\/dptrading.nl\/product\/ergo-bar-met-2-veer-functies-aluminium-werklengte-2400-2800\/#primaryimage\"},\"thumbnailUrl\":\"https:\/\/dptrading.nl\/wp-content\/uploads\/2025\/05\/86.1090.30.jpg\",\"datePublished\":\"2025-05-27T08:30:44+00:00\",\"dateModified\":\"2026-01-22T00:01:45+00:00\",\"breadcrumb\":{\"@id\":\"https:\/\/dptrading.nl\/product\/ergo-bar-met-2-veer-functies-aluminium-werklengte-2400-2800\/#breadcrumb\"},\"inLanguage\":\"de\",\"potentialAction\":[{\"@type\":\"ReadAction\",\"target\":[\"https:\/\/dptrading.nl\/product\/ergo-bar-met-2-veer-functies-aluminium-werklengte-2400-2800\/\"]}]},{\"@type\":\"ImageObject\",\"inLanguage\":\"de\",\"@id\":\"https:\/\/dptrading.nl\/product\/ergo-bar-met-2-veer-functies-aluminium-werklengte-2400-2800\/#primaryimage\",\"url\":\"https:\/\/dptrading.nl\/wp-content\/uploads\/2025\/05\/86.1090.30.jpg\",\"contentUrl\":\"https:\/\/dptrading.nl\/wp-content\/uploads\/2025\/05\/86.1090.30.jpg\",\"width\":2560,\"height\":2560},{\"@type\":\"BreadcrumbList\",\"@id\":\"https:\/\/dptrading.nl\/product\/ergo-bar-met-2-veer-functies-aluminium-werklengte-2400-2800\/#breadcrumb\",\"itemListElement\":[{\"@type\":\"ListItem\",\"position\":1,\"name\":\"Home\",\"item\":\"https:\/\/dptrading.nl\/\"},{\"@type\":\"ListItem\",\"position\":2,\"name\":\"Producten\",\"item\":\"https:\/\/dptrading.nl\/winkel\/\"},{\"@type\":\"ListItem\",\"position\":3,\"name\":\"Ergo-Bar met 2 veer functies aluminium \/ L=2400-2800\"}]},{\"@type\":\"WebSite\",\"@id\":\"https:\/\/dptrading.nl\/#website\",\"url\":\"https:\/\/dptrading.nl\/\",\"name\":\"D&P Trading\",\"description\":\"\",\"publisher\":{\"@id\":\"https:\/\/dptrading.nl\/#organization\"},\"potentialAction\":[{\"@type\":\"SearchAction\",\"target\":{\"@type\":\"EntryPoint\",\"urlTemplate\":\"https:\/\/dptrading.nl\/?s={search_term_string}\"},\"query-input\":{\"@type\":\"PropertyValueSpecification\",\"valueRequired\":true,\"valueName\":\"search_term_string\"}}],\"inLanguage\":\"de\"},{\"@type\":\"Organization\",\"@id\":\"https:\/\/dptrading.nl\/#organization\",\"name\":\"D&P Trading\",\"url\":\"https:\/\/dptrading.nl\/\",\"logo\":{\"@type\":\"ImageObject\",\"inLanguage\":\"de\",\"@id\":\"https:\/\/dptrading.nl\/#\/schema\/logo\/image\/\",\"url\":\"https:\/\/dptrading.nl\/wp-content\/uploads\/2025\/04\/logo-dp.png\",\"contentUrl\":\"https:\/\/dptrading.nl\/wp-content\/uploads\/2025\/04\/logo-dp.png\",\"width\":1248,\"height\":156,\"caption\":\"D&P Trading\"},\"image\":{\"@id\":\"https:\/\/dptrading.nl\/#\/schema\/logo\/image\/\"}}]}<\/script>\n<!-- \/ Yoast SEO plugin. -->","yoast_head_json":{"title":"Ergo-Bar met 2 veer functies aluminium \/ L=2400-2800 - D&amp;P Trading","robots":{"index":"index","follow":"follow","max-snippet":"max-snippet:-1","max-image-preview":"max-image-preview:large","max-video-preview":"max-video-preview:-1"},"canonical":"https:\/\/dptrading.nl\/de\/produkt\/ergo-bar-met-2-veer-functies-aluminium-werklengte-2400-2800\/","og_locale":"de_DE","og_type":"article","og_title":"Ergo-Bar met 2 veer functies aluminium \/ L=2400-2800 - D&amp;P Trading","og_description":"Gewicht: 4,7 kg Blokkeerkracht: 150 daN Deze ladingstang is een gepatenteerd, gebruiksvriendelijk, ergonomisch product die met 1 hand te bedienen is. Deze ladingstang is van lichte metalen gemaakt waardoor deze niet zwaar is en zeer gemakkelijk in gebruik is. Ook is deze ladingstang ook zeer geschikt voor diepvries transport omdat deze ladingstang niet bevriest en [&hellip;]","og_url":"https:\/\/dptrading.nl\/de\/produkt\/ergo-bar-met-2-veer-functies-aluminium-werklengte-2400-2800\/","og_site_name":"D&amp;P Trading","article_modified_time":"2026-01-22T00:01:45+00:00","og_image":[{"width":2560,"height":2560,"url":"https:\/\/dptrading.nl\/wp-content\/uploads\/2025\/05\/86.1090.30.jpg","type":"image\/jpeg"}],"twitter_card":"summary_large_image","twitter_misc":{"Gesch\u00e4tzte Lesezeit":"2\u00a0Minuten"},"schema":{"@context":"https:\/\/schema.org","@graph":[{"@type":"WebPage","@id":"https:\/\/dptrading.nl\/product\/ergo-bar-met-2-veer-functies-aluminium-werklengte-2400-2800\/","url":"https:\/\/dptrading.nl\/product\/ergo-bar-met-2-veer-functies-aluminium-werklengte-2400-2800\/","name":"Ergo-Bar met 2 veer functies aluminium \/ L=2400-2800 - D&amp;P Trading","isPartOf":{"@id":"https:\/\/dptrading.nl\/#website"},"primaryImageOfPage":{"@id":"https:\/\/dptrading.nl\/product\/ergo-bar-met-2-veer-functies-aluminium-werklengte-2400-2800\/#primaryimage"},"image":{"@id":"https:\/\/dptrading.nl\/product\/ergo-bar-met-2-veer-functies-aluminium-werklengte-2400-2800\/#primaryimage"},"thumbnailUrl":"https:\/\/dptrading.nl\/wp-content\/uploads\/2025\/05\/86.1090.30.jpg","datePublished":"2025-05-27T08:30:44+00:00","dateModified":"2026-01-22T00:01:45+00:00","breadcrumb":{"@id":"https:\/\/dptrading.nl\/product\/ergo-bar-met-2-veer-functies-aluminium-werklengte-2400-2800\/#breadcrumb"},"inLanguage":"de","potentialAction":[{"@type":"ReadAction","target":["https:\/\/dptrading.nl\/product\/ergo-bar-met-2-veer-functies-aluminium-werklengte-2400-2800\/"]}]},{"@type":"ImageObject","inLanguage":"de","@id":"https:\/\/dptrading.nl\/product\/ergo-bar-met-2-veer-functies-aluminium-werklengte-2400-2800\/#primaryimage","url":"https:\/\/dptrading.nl\/wp-content\/uploads\/2025\/05\/86.1090.30.jpg","contentUrl":"https:\/\/dptrading.nl\/wp-content\/uploads\/2025\/05\/86.1090.30.jpg","width":2560,"height":2560},{"@type":"BreadcrumbList","@id":"https:\/\/dptrading.nl\/product\/ergo-bar-met-2-veer-functies-aluminium-werklengte-2400-2800\/#breadcrumb","itemListElement":[{"@type":"ListItem","position":1,"name":"Home","item":"https:\/\/dptrading.nl\/"},{"@type":"ListItem","position":2,"name":"Producten","item":"https:\/\/dptrading.nl\/winkel\/"},{"@type":"ListItem","position":3,"name":"Ergo-Bar met 2 veer functies aluminium \/ L=2400-2800"}]},{"@type":"WebSite","@id":"https:\/\/dptrading.nl\/#website","url":"https:\/\/dptrading.nl\/","name":"D&amp;P Handel","description":"","publisher":{"@id":"https:\/\/dptrading.nl\/#organization"},"potentialAction":[{"@type":"SearchAction","target":{"@type":"EntryPoint","urlTemplate":"https:\/\/dptrading.nl\/?s={search_term_string}"},"query-input":{"@type":"PropertyValueSpecification","valueRequired":true,"valueName":"search_term_string"}}],"inLanguage":"de"},{"@type":"Organization","@id":"https:\/\/dptrading.nl\/#organization","name":"D&amp;P Handel","url":"https:\/\/dptrading.nl\/","logo":{"@type":"ImageObject","inLanguage":"de","@id":"https:\/\/dptrading.nl\/#\/schema\/logo\/image\/","url":"https:\/\/dptrading.nl\/wp-content\/uploads\/2025\/04\/logo-dp.png","contentUrl":"https:\/\/dptrading.nl\/wp-content\/uploads\/2025\/04\/logo-dp.png","width":1248,"height":156,"caption":"D&P Trading"},"image":{"@id":"https:\/\/dptrading.nl\/#\/schema\/logo\/image\/"}}]}},"_links":{"self":[{"href":"https:\/\/dptrading.nl\/de\/wp-json\/wp\/v2\/product\/696","targetHints":{"allow":["GET"]}}],"collection":[{"href":"https:\/\/dptrading.nl\/de\/wp-json\/wp\/v2\/product"}],"about":[{"href":"https:\/\/dptrading.nl\/de\/wp-json\/wp\/v2\/types\/product"}],"wp:featuredmedia":[{"embeddable":true,"href":"https:\/\/dptrading.nl\/de\/wp-json\/wp\/v2\/media\/3332"}],"wp:attachment":[{"href":"https:\/\/dptrading.nl\/de\/wp-json\/wp\/v2\/media?parent=696"}],"wp:term":[{"taxonomy":"product_brand","embeddable":true,"href":"https:\/\/dptrading.nl\/de\/wp-json\/wp\/v2\/product_brand?post=696"},{"taxonomy":"product_cat","embeddable":true,"href":"https:\/\/dptrading.nl\/de\/wp-json\/wp\/v2\/product_cat?post=696"},{"taxonomy":"product_tag","embeddable":true,"href":"https:\/\/dptrading.nl\/de\/wp-json\/wp\/v2\/product_tag?post=696"}],"curies":[{"name":"wp","href":"https:\/\/api.w.org\/{rel}","templated":true}]}}