{"id":639,"date":"2025-05-27T09:23:43","date_gmt":"2025-05-27T07:23:43","guid":{"rendered":"https:\/\/dptrading.nl\/product\/quick-l-electronic-40-mm-mondstuk-1500-watt-regelbaar\/"},"modified":"2026-01-22T01:05:49","modified_gmt":"2026-01-22T00:05:49","slug":"quick-l-electronic-40-mm-mondstuk-1500-watt-regelbaar","status":"publish","type":"product","link":"https:\/\/dptrading.nl\/de\/produkt\/quick-l-electronic-40-mm-mondstuk-1500-watt-regelbaar\/","title":{"rendered":"Forsthoff Quick L Electronic + 40 mm D\u00fcse"},"content":{"rendered":"<p>Die leistungsstarke Heissluftpistole Quick-L-electronic zum Verschweissen von Thermoplasten f\u00fcr Planenverarbeiter, Kunststoffverarbeiter, Bodenleger und viele mehr.<\/p>\n<p>Das Heissluftschweissger\u00e4t Quick-L-Electronic zeichnet sich durch seinen sehr handlichen und bedienerfreundlichen kleinen Griff aus. Kombiniert mit seiner starken Heizleistung von 1500 W bei 230 V und seinem geringen Gewicht erm\u00f6glicht es professionelles und m\u00fcheloses Schwei\u00dfen.<\/p>\n<p>Au\u00dferdem verf\u00fcgt er \u00fcber einen Kaltmodus, ohne dass die Heizstufe eingestellt werden muss. Die Kohleb\u00fcrsten des Motorkommutators k\u00f6nnen mehrmals ausgetauscht werden, was einen Dauerbetrieb erm\u00f6glicht. Der Austausch der Kohleb\u00fcrsten ist einfach von au\u00dfen m\u00f6glich, ohne das Ger\u00e4t zu \u00f6ffnen. Die Kohleb\u00fcrsten m\u00fcssen erst nach 1500 Betriebsstunden ausgetauscht werden. Die Kohleb\u00fcrsten unserer Handschwei\u00dfger\u00e4te verf\u00fcgen \u00fcber einen Abschaltmechanismus, der eine Besch\u00e4digung des Motors verhindert, sobald die Kohleb\u00fcrsten abgenutzt sind.<\/p>\n<p>Das luftgek\u00fchlte Heizelementrohr ist f\u00fcr ein breites Spektrum an D\u00fcsenformen geeignet. Der Quick-L-electronic ist ein universelles Ger\u00e4t zum Verschwei\u00dfen von allen thermoplastischen Kunststoffen, technischen Textilien, Planen, Teichfolien, Dachbahnen und Membranen im Schwimmbadbau.<\/p>","protected":false},"excerpt":{"rendered":"<p><img decoding=\"async\" class=\"alignnone size-medium wp-image-1936\" src=\"https:\/\/dptrading.nl\/wp-content\/uploads\/2025\/05\/forsthoff-logo-300x79.jpg\" alt=\"\" width=\"300\" height=\"79\" srcset=\"https:\/\/dptrading.nl\/wp-content\/uploads\/2025\/05\/forsthoff-logo-300x79.jpg 300w, https:\/\/dptrading.nl\/wp-content\/uploads\/2025\/05\/forsthoff-logo-18x5.jpg 18w, https:\/\/dptrading.nl\/wp-content\/uploads\/2025\/05\/forsthoff-logo-600x158.jpg 600w, https:\/\/dptrading.nl\/wp-content\/uploads\/2025\/05\/forsthoff-logo-64x17.jpg 64w, https:\/\/dptrading.nl\/wp-content\/uploads\/2025\/05\/forsthoff-logo.jpg 700w\" sizes=\"(max-width: 300px) 100vw, 300px\" \/><\/p>\n<table class=\"contenttable\" width=\"100%\">\n<tbody>\n<tr>\n<td>Spannung<\/td>\n<td>230 Volt<\/td>\n<\/tr>\n<tr>\n<td>Frequenz<\/td>\n<td>50Hz - 60Hz<\/td>\n<\/tr>\n<tr>\n<td>Wattleistung<\/td>\n<td>Maximal 1500 W<\/td>\n<\/tr>\n<tr>\n<td>Temperatur<\/td>\n<td>20-700 \u00b0C Einstellbar<\/td>\n<\/tr>\n<tr>\n<td>Luftmenge<\/td>\n<td>300 Liter \/ Minute<\/td>\n<\/tr>\n<tr>\n<td>Abmessungen<\/td>\n<td>320 x 95 mm - Griff \u00d8 48 mm<\/td>\n<\/tr>\n<tr>\n<td>Gewicht<\/td>\n<td>1,2 kg (einschlie\u00dflich 3 Meter Kabel)<\/td>\n<\/tr>\n<\/tbody>\n<\/table>","protected":false},"featured_media":2203,"template":"","meta":{"_acf_changed":false},"product_brand":[115],"product_cat":[143,37],"product_tag":[],"class_list":{"0":"post-639","1":"product","2":"type-product","3":"status-publish","4":"has-post-thumbnail","6":"product_brand-forsthoff","7":"product_cat-handlassers","8":"product_cat-lasapparatuur","10":"first","11":"instock","12":"shipping-taxable","13":"purchasable","14":"product-type-simple"},"acf":[],"yoast_head":"<!-- This site is optimized with the Yoast SEO plugin v26.6 - https:\/\/yoast.com\/wordpress\/plugins\/seo\/ -->\n<title>Forsthoff Quick L Electronic + 40 mm mondstuk - D&amp;P Trading<\/title>\n<meta name=\"robots\" content=\"index, follow, max-snippet:-1, max-image-preview:large, max-video-preview:-1\" \/>\n<link rel=\"canonical\" href=\"https:\/\/dptrading.nl\/de\/produkt\/quick-l-electronic-40-mm-mondstuk-1500-watt-regelbaar\/\" \/>\n<meta property=\"og:locale\" content=\"de_DE\" \/>\n<meta property=\"og:type\" content=\"article\" \/>\n<meta property=\"og:title\" content=\"Forsthoff Quick L Electronic + 40 mm mondstuk - D&amp;P Trading\" \/>\n<meta property=\"og:description\" content=\"Voltage 230 Volt   Frequentie 50Hz \u2013 60Hz   Wattage Maximaal 1500 W   Temperatuur 20-700 \u00b0C Regelbaar   Luchtvolume 300 liter \/ minuut   Afmetingen 320 x 95 mm \u2013 handvat \u00d8 48 mm   Gewicht 1.2 kg (inclusief 3 meter kabel)\" \/>\n<meta property=\"og:url\" content=\"https:\/\/dptrading.nl\/de\/produkt\/quick-l-electronic-40-mm-mondstuk-1500-watt-regelbaar\/\" \/>\n<meta property=\"og:site_name\" content=\"D&amp;P Trading\" \/>\n<meta property=\"article:modified_time\" content=\"2026-01-22T00:05:49+00:00\" \/>\n<meta property=\"og:image\" content=\"https:\/\/dptrading.nl\/wp-content\/uploads\/2025\/05\/Quick-L-electronic-Photoroom-scaled.jpg\" \/>\n\t<meta property=\"og:image:width\" content=\"2560\" \/>\n\t<meta property=\"og:image:height\" content=\"2560\" \/>\n\t<meta property=\"og:image:type\" content=\"image\/jpeg\" \/>\n<meta name=\"twitter:card\" content=\"summary_large_image\" \/>\n<meta name=\"twitter:label1\" content=\"Gesch\u00e4tzte Lesezeit\" \/>\n\t<meta name=\"twitter:data1\" content=\"2\u00a0Minuten\" \/>\n<script type=\"application\/ld+json\" class=\"yoast-schema-graph\">{\"@context\":\"https:\/\/schema.org\",\"@graph\":[{\"@type\":\"WebPage\",\"@id\":\"https:\/\/dptrading.nl\/product\/quick-l-electronic-40-mm-mondstuk-1500-watt-regelbaar\/\",\"url\":\"https:\/\/dptrading.nl\/product\/quick-l-electronic-40-mm-mondstuk-1500-watt-regelbaar\/\",\"name\":\"Forsthoff Quick L Electronic + 40 mm mondstuk - D&amp;P Trading\",\"isPartOf\":{\"@id\":\"https:\/\/dptrading.nl\/#website\"},\"primaryImageOfPage\":{\"@id\":\"https:\/\/dptrading.nl\/product\/quick-l-electronic-40-mm-mondstuk-1500-watt-regelbaar\/#primaryimage\"},\"image\":{\"@id\":\"https:\/\/dptrading.nl\/product\/quick-l-electronic-40-mm-mondstuk-1500-watt-regelbaar\/#primaryimage\"},\"thumbnailUrl\":\"https:\/\/dptrading.nl\/wp-content\/uploads\/2025\/05\/Quick-L-electronic-Photoroom-scaled.jpg\",\"datePublished\":\"2025-05-27T07:23:43+00:00\",\"dateModified\":\"2026-01-22T00:05:49+00:00\",\"breadcrumb\":{\"@id\":\"https:\/\/dptrading.nl\/product\/quick-l-electronic-40-mm-mondstuk-1500-watt-regelbaar\/#breadcrumb\"},\"inLanguage\":\"de\",\"potentialAction\":[{\"@type\":\"ReadAction\",\"target\":[\"https:\/\/dptrading.nl\/product\/quick-l-electronic-40-mm-mondstuk-1500-watt-regelbaar\/\"]}]},{\"@type\":\"ImageObject\",\"inLanguage\":\"de\",\"@id\":\"https:\/\/dptrading.nl\/product\/quick-l-electronic-40-mm-mondstuk-1500-watt-regelbaar\/#primaryimage\",\"url\":\"https:\/\/dptrading.nl\/wp-content\/uploads\/2025\/05\/Quick-L-electronic-Photoroom-scaled.jpg\",\"contentUrl\":\"https:\/\/dptrading.nl\/wp-content\/uploads\/2025\/05\/Quick-L-electronic-Photoroom-scaled.jpg\",\"width\":2560,\"height\":2560},{\"@type\":\"BreadcrumbList\",\"@id\":\"https:\/\/dptrading.nl\/product\/quick-l-electronic-40-mm-mondstuk-1500-watt-regelbaar\/#breadcrumb\",\"itemListElement\":[{\"@type\":\"ListItem\",\"position\":1,\"name\":\"Home\",\"item\":\"https:\/\/dptrading.nl\/\"},{\"@type\":\"ListItem\",\"position\":2,\"name\":\"Producten\",\"item\":\"https:\/\/dptrading.nl\/winkel\/\"},{\"@type\":\"ListItem\",\"position\":3,\"name\":\"Forsthoff Quick L Electronic + 40 mm mondstuk\"}]},{\"@type\":\"WebSite\",\"@id\":\"https:\/\/dptrading.nl\/#website\",\"url\":\"https:\/\/dptrading.nl\/\",\"name\":\"D&P Trading\",\"description\":\"\",\"publisher\":{\"@id\":\"https:\/\/dptrading.nl\/#organization\"},\"potentialAction\":[{\"@type\":\"SearchAction\",\"target\":{\"@type\":\"EntryPoint\",\"urlTemplate\":\"https:\/\/dptrading.nl\/?s={search_term_string}\"},\"query-input\":{\"@type\":\"PropertyValueSpecification\",\"valueRequired\":true,\"valueName\":\"search_term_string\"}}],\"inLanguage\":\"de\"},{\"@type\":\"Organization\",\"@id\":\"https:\/\/dptrading.nl\/#organization\",\"name\":\"D&P Trading\",\"url\":\"https:\/\/dptrading.nl\/\",\"logo\":{\"@type\":\"ImageObject\",\"inLanguage\":\"de\",\"@id\":\"https:\/\/dptrading.nl\/#\/schema\/logo\/image\/\",\"url\":\"https:\/\/dptrading.nl\/wp-content\/uploads\/2025\/04\/logo-dp.png\",\"contentUrl\":\"https:\/\/dptrading.nl\/wp-content\/uploads\/2025\/04\/logo-dp.png\",\"width\":1248,\"height\":156,\"caption\":\"D&P Trading\"},\"image\":{\"@id\":\"https:\/\/dptrading.nl\/#\/schema\/logo\/image\/\"}}]}<\/script>\n<!-- \/ Yoast SEO plugin. -->","yoast_head_json":{"title":"Forsthoff Quick L Electronic + 40 mm mondstuk - D&amp;P Trading","robots":{"index":"index","follow":"follow","max-snippet":"max-snippet:-1","max-image-preview":"max-image-preview:large","max-video-preview":"max-video-preview:-1"},"canonical":"https:\/\/dptrading.nl\/de\/produkt\/quick-l-electronic-40-mm-mondstuk-1500-watt-regelbaar\/","og_locale":"de_DE","og_type":"article","og_title":"Forsthoff Quick L Electronic + 40 mm mondstuk - D&amp;P Trading","og_description":"Voltage 230 Volt   Frequentie 50Hz \u2013 60Hz   Wattage Maximaal 1500 W   Temperatuur 20-700 \u00b0C Regelbaar   Luchtvolume 300 liter \/ minuut   Afmetingen 320 x 95 mm \u2013 handvat \u00d8 48 mm   Gewicht 1.2 kg (inclusief 3 meter kabel)","og_url":"https:\/\/dptrading.nl\/de\/produkt\/quick-l-electronic-40-mm-mondstuk-1500-watt-regelbaar\/","og_site_name":"D&amp;P Trading","article_modified_time":"2026-01-22T00:05:49+00:00","og_image":[{"width":2560,"height":2560,"url":"https:\/\/dptrading.nl\/wp-content\/uploads\/2025\/05\/Quick-L-electronic-Photoroom-scaled.jpg","type":"image\/jpeg"}],"twitter_card":"summary_large_image","twitter_misc":{"Gesch\u00e4tzte Lesezeit":"2\u00a0Minuten"},"schema":{"@context":"https:\/\/schema.org","@graph":[{"@type":"WebPage","@id":"https:\/\/dptrading.nl\/product\/quick-l-electronic-40-mm-mondstuk-1500-watt-regelbaar\/","url":"https:\/\/dptrading.nl\/product\/quick-l-electronic-40-mm-mondstuk-1500-watt-regelbaar\/","name":"Forsthoff Quick L Electronic + 40 mm mondstuk - D&amp;P Trading","isPartOf":{"@id":"https:\/\/dptrading.nl\/#website"},"primaryImageOfPage":{"@id":"https:\/\/dptrading.nl\/product\/quick-l-electronic-40-mm-mondstuk-1500-watt-regelbaar\/#primaryimage"},"image":{"@id":"https:\/\/dptrading.nl\/product\/quick-l-electronic-40-mm-mondstuk-1500-watt-regelbaar\/#primaryimage"},"thumbnailUrl":"https:\/\/dptrading.nl\/wp-content\/uploads\/2025\/05\/Quick-L-electronic-Photoroom-scaled.jpg","datePublished":"2025-05-27T07:23:43+00:00","dateModified":"2026-01-22T00:05:49+00:00","breadcrumb":{"@id":"https:\/\/dptrading.nl\/product\/quick-l-electronic-40-mm-mondstuk-1500-watt-regelbaar\/#breadcrumb"},"inLanguage":"de","potentialAction":[{"@type":"ReadAction","target":["https:\/\/dptrading.nl\/product\/quick-l-electronic-40-mm-mondstuk-1500-watt-regelbaar\/"]}]},{"@type":"ImageObject","inLanguage":"de","@id":"https:\/\/dptrading.nl\/product\/quick-l-electronic-40-mm-mondstuk-1500-watt-regelbaar\/#primaryimage","url":"https:\/\/dptrading.nl\/wp-content\/uploads\/2025\/05\/Quick-L-electronic-Photoroom-scaled.jpg","contentUrl":"https:\/\/dptrading.nl\/wp-content\/uploads\/2025\/05\/Quick-L-electronic-Photoroom-scaled.jpg","width":2560,"height":2560},{"@type":"BreadcrumbList","@id":"https:\/\/dptrading.nl\/product\/quick-l-electronic-40-mm-mondstuk-1500-watt-regelbaar\/#breadcrumb","itemListElement":[{"@type":"ListItem","position":1,"name":"Home","item":"https:\/\/dptrading.nl\/"},{"@type":"ListItem","position":2,"name":"Producten","item":"https:\/\/dptrading.nl\/winkel\/"},{"@type":"ListItem","position":3,"name":"Forsthoff Quick L Electronic + 40 mm mondstuk"}]},{"@type":"WebSite","@id":"https:\/\/dptrading.nl\/#website","url":"https:\/\/dptrading.nl\/","name":"D&amp;P Handel","description":"","publisher":{"@id":"https:\/\/dptrading.nl\/#organization"},"potentialAction":[{"@type":"SearchAction","target":{"@type":"EntryPoint","urlTemplate":"https:\/\/dptrading.nl\/?s={search_term_string}"},"query-input":{"@type":"PropertyValueSpecification","valueRequired":true,"valueName":"search_term_string"}}],"inLanguage":"de"},{"@type":"Organization","@id":"https:\/\/dptrading.nl\/#organization","name":"D&amp;P Handel","url":"https:\/\/dptrading.nl\/","logo":{"@type":"ImageObject","inLanguage":"de","@id":"https:\/\/dptrading.nl\/#\/schema\/logo\/image\/","url":"https:\/\/dptrading.nl\/wp-content\/uploads\/2025\/04\/logo-dp.png","contentUrl":"https:\/\/dptrading.nl\/wp-content\/uploads\/2025\/04\/logo-dp.png","width":1248,"height":156,"caption":"D&P Trading"},"image":{"@id":"https:\/\/dptrading.nl\/#\/schema\/logo\/image\/"}}]}},"_links":{"self":[{"href":"https:\/\/dptrading.nl\/de\/wp-json\/wp\/v2\/product\/639","targetHints":{"allow":["GET"]}}],"collection":[{"href":"https:\/\/dptrading.nl\/de\/wp-json\/wp\/v2\/product"}],"about":[{"href":"https:\/\/dptrading.nl\/de\/wp-json\/wp\/v2\/types\/product"}],"wp:featuredmedia":[{"embeddable":true,"href":"https:\/\/dptrading.nl\/de\/wp-json\/wp\/v2\/media\/2203"}],"wp:attachment":[{"href":"https:\/\/dptrading.nl\/de\/wp-json\/wp\/v2\/media?parent=639"}],"wp:term":[{"taxonomy":"product_brand","embeddable":true,"href":"https:\/\/dptrading.nl\/de\/wp-json\/wp\/v2\/product_brand?post=639"},{"taxonomy":"product_cat","embeddable":true,"href":"https:\/\/dptrading.nl\/de\/wp-json\/wp\/v2\/product_cat?post=639"},{"taxonomy":"product_tag","embeddable":true,"href":"https:\/\/dptrading.nl\/de\/wp-json\/wp\/v2\/product_tag?post=639"}],"curies":[{"name":"wp","href":"https:\/\/api.w.org\/{rel}","templated":true}]}}