{"id":610,"date":"2025-05-27T09:15:15","date_gmt":"2025-05-27T07:15:15","guid":{"rendered":"https:\/\/dptrading.nl\/product\/forplast-p-voor-overlaplassen-40-mm-mondst-4000-watt\/"},"modified":"2026-01-22T01:10:25","modified_gmt":"2026-01-22T00:10:25","slug":"forplast-p-voor-overlaplassen-40-mm-mondst-4000-watt","status":"publish","type":"product","link":"https:\/\/dptrading.nl\/de\/produkt\/forplast-p-voor-overlaplassen-40-mm-mondst-4000-watt\/","title":{"rendered":"Forsthoff Forplast P - 4000 Watt + 40 mm D\u00fcse zum \u00dcberlappschwei\u00dfen"},"content":{"rendered":"<p><span dir=\"auto\">Die Schwei\u00dfmaschine Forplast P<\/span><span dir=\"auto\"> ist ideal f\u00fcr \u00dcberlappungsschwei\u00dfen, Saumschwei\u00dfen und Schwei\u00dfn\u00e4hte. Erh\u00e4ltlich mit 20, 30, 40 und 45 mm breiten D\u00fcsen.<\/span><\/p>\n<p><span dir=\"auto\">Die Schwei\u00dfmaschine Forplast P ist eine effiziente und wendige L\u00f6sung f\u00fcr das Schwei\u00dfen von LKW-Planen, Zelten und Markisenstoffen. Sie schwei\u00dft \u00dcberlappungsn\u00e4hte von 20, 30, 40 und 45 mm. Dar\u00fcber hinaus kann die Maschine mit Hilfe eines Zoom-Schwei\u00dfsatzes zum Schwei\u00dfen von Keder\/Zeltkeder umger\u00fcstet werden.<\/span><\/p>\n<p><span dir=\"auto\">Die Heizleistung von bis zu 4000 W (230 V AC) ist stufenlos von 20 bis 700 \u00b0C einstellbar und kann so individuell an unterschiedliche Materialien angepasst werden. Eine sichere Drei-Punkt-Anlagefl\u00e4che sorgt daf\u00fcr, dass das Segeltuch fest an das Werkst\u00fcck gedr\u00fcckt wird. Dank einer neuen Generation von D\u00fcsen k\u00f6nnen Planen mit einer Geschwindigkeit von bis zu 11 Metern pro Minute verschwei\u00dft werden.<\/span><\/p>\n<p><span dir=\"auto\">Dar\u00fcber hinaus verf\u00fcgt die Forplast P \u00fcber einen stabilen Tragegriff und einen komfortablen Handgriff. Dank der wendigen und schlanken Bauweise des Geh\u00e4uses ist die Forplast P hervorragend f\u00fcr den Einsatz in der Planenindustrie geeignet.<\/span><\/p>","protected":false},"excerpt":{"rendered":"<p>Technische Daten:<\/p>\n<ul>\n<li>Spannung: 230V; 120V<\/li>\n<li>Leistung: 3300W-230V bei 20 mm D\u00fcse<\/li>\n<li>Leistung: 3500W-230V bei 30 mm D\u00fcse<\/li>\n<li>Leistung: 4000W-230V bei 40+45 mm D\u00fcse<\/li>\n<li>Leistung: 2200W-120V<\/li>\n<li>Frequenz: 50\/60 Hz<\/li>\n<li>Temperatur: stufenlos einstellbar von 20\u00b0-700\u00b0<\/li>\n<li>Abmessungen: L\u00e4nge=590 mm, Breite=220 mm, H\u00f6he=290 mm (ohne Griff)<\/li>\n<li>Gewicht: 19,5 kg komplett<\/li>\n<li>G\u00fctesiegel: CE; EAC<\/li>\n<li>Schutzklasse: Klasse II (doppelte oder verst\u00e4rkte Isolierung ohne Schutzleiter)<\/li>\n<\/ul>","protected":false},"featured_media":3242,"template":"","meta":{"_acf_changed":false},"product_brand":[115],"product_cat":[144,37],"product_tag":[],"class_list":{"0":"post-610","1":"product","2":"type-product","3":"status-publish","4":"has-post-thumbnail","6":"product_brand-forsthoff","7":"product_cat-lasautomaten","8":"product_cat-lasapparatuur","10":"first","11":"instock","12":"shipping-taxable","13":"purchasable","14":"product-type-simple"},"acf":[],"yoast_head":"<!-- This site is optimized with the Yoast SEO plugin v26.6 - https:\/\/yoast.com\/wordpress\/plugins\/seo\/ -->\n<title>Forsthoff Forplast P - 4000 Watt voor overlaplassen + 40 mm mondstuk - D&amp;P Trading<\/title>\n<meta name=\"robots\" content=\"index, follow, max-snippet:-1, max-image-preview:large, max-video-preview:-1\" \/>\n<link rel=\"canonical\" href=\"https:\/\/dptrading.nl\/de\/produkt\/forplast-p-voor-overlaplassen-40-mm-mondst-4000-watt\/\" \/>\n<meta property=\"og:locale\" content=\"de_DE\" \/>\n<meta property=\"og:type\" content=\"article\" \/>\n<meta property=\"og:title\" content=\"Forsthoff Forplast P - 4000 Watt voor overlaplassen + 40 mm mondstuk - D&amp;P Trading\" \/>\n<meta property=\"og:description\" content=\"Technische gegevens:   Spanning: 230V; 120V  Prestaties: 3300W-230V bij 20 mm mondstuk  Prestaties: 3500W-230V bij 30 mm mondstuk  Prestaties: 4000W-230V bij 40+45 mm mondstuk  Prestaties: 2200W-120V  Frequentie: 50\/60 Hz  Temperatuur: traploos verstelbaar van 20\u00b0-700\u00b0  Afmetingen: lengte=590 mm, breedte=220 mm, hoogte=290 mm (zonder handgreep)  Gewicht: 19,5 kg compleet  Keurmerk: CE; EAC  Beschermingsklasse: klasse II (dubbele of versterkte isolatie zonder beschermingsleiding)\" \/>\n<meta property=\"og:url\" content=\"https:\/\/dptrading.nl\/de\/produkt\/forplast-p-voor-overlaplassen-40-mm-mondst-4000-watt\/\" \/>\n<meta property=\"og:site_name\" content=\"D&amp;P Trading\" \/>\n<meta property=\"article:modified_time\" content=\"2026-01-22T00:10:25+00:00\" \/>\n<meta property=\"og:image\" content=\"https:\/\/dptrading.nl\/wp-content\/uploads\/2025\/06\/Forplast-P.jpg\" \/>\n\t<meta property=\"og:image:width\" content=\"1512\" \/>\n\t<meta property=\"og:image:height\" content=\"1512\" \/>\n\t<meta property=\"og:image:type\" content=\"image\/jpeg\" \/>\n<meta name=\"twitter:card\" content=\"summary_large_image\" \/>\n<meta name=\"twitter:label1\" content=\"Gesch\u00e4tzte Lesezeit\" \/>\n\t<meta name=\"twitter:data1\" content=\"1\u00a0Minute\" \/>\n<script type=\"application\/ld+json\" class=\"yoast-schema-graph\">{\"@context\":\"https:\/\/schema.org\",\"@graph\":[{\"@type\":\"WebPage\",\"@id\":\"https:\/\/dptrading.nl\/product\/forplast-p-voor-overlaplassen-40-mm-mondst-4000-watt\/\",\"url\":\"https:\/\/dptrading.nl\/product\/forplast-p-voor-overlaplassen-40-mm-mondst-4000-watt\/\",\"name\":\"Forsthoff Forplast P - 4000 Watt voor overlaplassen + 40 mm mondstuk - D&amp;P Trading\",\"isPartOf\":{\"@id\":\"https:\/\/dptrading.nl\/#website\"},\"primaryImageOfPage\":{\"@id\":\"https:\/\/dptrading.nl\/product\/forplast-p-voor-overlaplassen-40-mm-mondst-4000-watt\/#primaryimage\"},\"image\":{\"@id\":\"https:\/\/dptrading.nl\/product\/forplast-p-voor-overlaplassen-40-mm-mondst-4000-watt\/#primaryimage\"},\"thumbnailUrl\":\"https:\/\/dptrading.nl\/wp-content\/uploads\/2025\/06\/Forplast-P.jpg\",\"datePublished\":\"2025-05-27T07:15:15+00:00\",\"dateModified\":\"2026-01-22T00:10:25+00:00\",\"breadcrumb\":{\"@id\":\"https:\/\/dptrading.nl\/product\/forplast-p-voor-overlaplassen-40-mm-mondst-4000-watt\/#breadcrumb\"},\"inLanguage\":\"de\",\"potentialAction\":[{\"@type\":\"ReadAction\",\"target\":[\"https:\/\/dptrading.nl\/product\/forplast-p-voor-overlaplassen-40-mm-mondst-4000-watt\/\"]}]},{\"@type\":\"ImageObject\",\"inLanguage\":\"de\",\"@id\":\"https:\/\/dptrading.nl\/product\/forplast-p-voor-overlaplassen-40-mm-mondst-4000-watt\/#primaryimage\",\"url\":\"https:\/\/dptrading.nl\/wp-content\/uploads\/2025\/06\/Forplast-P.jpg\",\"contentUrl\":\"https:\/\/dptrading.nl\/wp-content\/uploads\/2025\/06\/Forplast-P.jpg\",\"width\":1512,\"height\":1512},{\"@type\":\"BreadcrumbList\",\"@id\":\"https:\/\/dptrading.nl\/product\/forplast-p-voor-overlaplassen-40-mm-mondst-4000-watt\/#breadcrumb\",\"itemListElement\":[{\"@type\":\"ListItem\",\"position\":1,\"name\":\"Home\",\"item\":\"https:\/\/dptrading.nl\/\"},{\"@type\":\"ListItem\",\"position\":2,\"name\":\"Producten\",\"item\":\"https:\/\/dptrading.nl\/winkel\/\"},{\"@type\":\"ListItem\",\"position\":3,\"name\":\"Forsthoff Forplast P &#8211; 4000 Watt voor overlaplassen + 40 mm mondstuk\"}]},{\"@type\":\"WebSite\",\"@id\":\"https:\/\/dptrading.nl\/#website\",\"url\":\"https:\/\/dptrading.nl\/\",\"name\":\"D&P Trading\",\"description\":\"\",\"publisher\":{\"@id\":\"https:\/\/dptrading.nl\/#organization\"},\"potentialAction\":[{\"@type\":\"SearchAction\",\"target\":{\"@type\":\"EntryPoint\",\"urlTemplate\":\"https:\/\/dptrading.nl\/?s={search_term_string}\"},\"query-input\":{\"@type\":\"PropertyValueSpecification\",\"valueRequired\":true,\"valueName\":\"search_term_string\"}}],\"inLanguage\":\"de\"},{\"@type\":\"Organization\",\"@id\":\"https:\/\/dptrading.nl\/#organization\",\"name\":\"D&P Trading\",\"url\":\"https:\/\/dptrading.nl\/\",\"logo\":{\"@type\":\"ImageObject\",\"inLanguage\":\"de\",\"@id\":\"https:\/\/dptrading.nl\/#\/schema\/logo\/image\/\",\"url\":\"https:\/\/dptrading.nl\/wp-content\/uploads\/2025\/04\/logo-dp.png\",\"contentUrl\":\"https:\/\/dptrading.nl\/wp-content\/uploads\/2025\/04\/logo-dp.png\",\"width\":1248,\"height\":156,\"caption\":\"D&P Trading\"},\"image\":{\"@id\":\"https:\/\/dptrading.nl\/#\/schema\/logo\/image\/\"}}]}<\/script>\n<!-- \/ Yoast SEO plugin. -->","yoast_head_json":{"title":"Forsthoff Forplast P - 4000 Watt voor overlaplassen + 40 mm mondstuk - D&amp;P Trading","robots":{"index":"index","follow":"follow","max-snippet":"max-snippet:-1","max-image-preview":"max-image-preview:large","max-video-preview":"max-video-preview:-1"},"canonical":"https:\/\/dptrading.nl\/de\/produkt\/forplast-p-voor-overlaplassen-40-mm-mondst-4000-watt\/","og_locale":"de_DE","og_type":"article","og_title":"Forsthoff Forplast P - 4000 Watt voor overlaplassen + 40 mm mondstuk - D&amp;P Trading","og_description":"Technische gegevens:   Spanning: 230V; 120V  Prestaties: 3300W-230V bij 20 mm mondstuk  Prestaties: 3500W-230V bij 30 mm mondstuk  Prestaties: 4000W-230V bij 40+45 mm mondstuk  Prestaties: 2200W-120V  Frequentie: 50\/60 Hz  Temperatuur: traploos verstelbaar van 20\u00b0-700\u00b0  Afmetingen: lengte=590 mm, breedte=220 mm, hoogte=290 mm (zonder handgreep)  Gewicht: 19,5 kg compleet  Keurmerk: CE; EAC  Beschermingsklasse: klasse II (dubbele of versterkte isolatie zonder beschermingsleiding)","og_url":"https:\/\/dptrading.nl\/de\/produkt\/forplast-p-voor-overlaplassen-40-mm-mondst-4000-watt\/","og_site_name":"D&amp;P Trading","article_modified_time":"2026-01-22T00:10:25+00:00","og_image":[{"width":1512,"height":1512,"url":"https:\/\/dptrading.nl\/wp-content\/uploads\/2025\/06\/Forplast-P.jpg","type":"image\/jpeg"}],"twitter_card":"summary_large_image","twitter_misc":{"Gesch\u00e4tzte Lesezeit":"1\u00a0Minute"},"schema":{"@context":"https:\/\/schema.org","@graph":[{"@type":"WebPage","@id":"https:\/\/dptrading.nl\/product\/forplast-p-voor-overlaplassen-40-mm-mondst-4000-watt\/","url":"https:\/\/dptrading.nl\/product\/forplast-p-voor-overlaplassen-40-mm-mondst-4000-watt\/","name":"Forsthoff Forplast P - 4000 Watt voor overlaplassen + 40 mm mondstuk - D&amp;P Trading","isPartOf":{"@id":"https:\/\/dptrading.nl\/#website"},"primaryImageOfPage":{"@id":"https:\/\/dptrading.nl\/product\/forplast-p-voor-overlaplassen-40-mm-mondst-4000-watt\/#primaryimage"},"image":{"@id":"https:\/\/dptrading.nl\/product\/forplast-p-voor-overlaplassen-40-mm-mondst-4000-watt\/#primaryimage"},"thumbnailUrl":"https:\/\/dptrading.nl\/wp-content\/uploads\/2025\/06\/Forplast-P.jpg","datePublished":"2025-05-27T07:15:15+00:00","dateModified":"2026-01-22T00:10:25+00:00","breadcrumb":{"@id":"https:\/\/dptrading.nl\/product\/forplast-p-voor-overlaplassen-40-mm-mondst-4000-watt\/#breadcrumb"},"inLanguage":"de","potentialAction":[{"@type":"ReadAction","target":["https:\/\/dptrading.nl\/product\/forplast-p-voor-overlaplassen-40-mm-mondst-4000-watt\/"]}]},{"@type":"ImageObject","inLanguage":"de","@id":"https:\/\/dptrading.nl\/product\/forplast-p-voor-overlaplassen-40-mm-mondst-4000-watt\/#primaryimage","url":"https:\/\/dptrading.nl\/wp-content\/uploads\/2025\/06\/Forplast-P.jpg","contentUrl":"https:\/\/dptrading.nl\/wp-content\/uploads\/2025\/06\/Forplast-P.jpg","width":1512,"height":1512},{"@type":"BreadcrumbList","@id":"https:\/\/dptrading.nl\/product\/forplast-p-voor-overlaplassen-40-mm-mondst-4000-watt\/#breadcrumb","itemListElement":[{"@type":"ListItem","position":1,"name":"Home","item":"https:\/\/dptrading.nl\/"},{"@type":"ListItem","position":2,"name":"Producten","item":"https:\/\/dptrading.nl\/winkel\/"},{"@type":"ListItem","position":3,"name":"Forsthoff Forplast P &#8211; 4000 Watt voor overlaplassen + 40 mm mondstuk"}]},{"@type":"WebSite","@id":"https:\/\/dptrading.nl\/#website","url":"https:\/\/dptrading.nl\/","name":"D&amp;P Handel","description":"","publisher":{"@id":"https:\/\/dptrading.nl\/#organization"},"potentialAction":[{"@type":"SearchAction","target":{"@type":"EntryPoint","urlTemplate":"https:\/\/dptrading.nl\/?s={search_term_string}"},"query-input":{"@type":"PropertyValueSpecification","valueRequired":true,"valueName":"search_term_string"}}],"inLanguage":"de"},{"@type":"Organization","@id":"https:\/\/dptrading.nl\/#organization","name":"D&amp;P Handel","url":"https:\/\/dptrading.nl\/","logo":{"@type":"ImageObject","inLanguage":"de","@id":"https:\/\/dptrading.nl\/#\/schema\/logo\/image\/","url":"https:\/\/dptrading.nl\/wp-content\/uploads\/2025\/04\/logo-dp.png","contentUrl":"https:\/\/dptrading.nl\/wp-content\/uploads\/2025\/04\/logo-dp.png","width":1248,"height":156,"caption":"D&P Trading"},"image":{"@id":"https:\/\/dptrading.nl\/#\/schema\/logo\/image\/"}}]}},"_links":{"self":[{"href":"https:\/\/dptrading.nl\/de\/wp-json\/wp\/v2\/product\/610","targetHints":{"allow":["GET"]}}],"collection":[{"href":"https:\/\/dptrading.nl\/de\/wp-json\/wp\/v2\/product"}],"about":[{"href":"https:\/\/dptrading.nl\/de\/wp-json\/wp\/v2\/types\/product"}],"wp:featuredmedia":[{"embeddable":true,"href":"https:\/\/dptrading.nl\/de\/wp-json\/wp\/v2\/media\/3242"}],"wp:attachment":[{"href":"https:\/\/dptrading.nl\/de\/wp-json\/wp\/v2\/media?parent=610"}],"wp:term":[{"taxonomy":"product_brand","embeddable":true,"href":"https:\/\/dptrading.nl\/de\/wp-json\/wp\/v2\/product_brand?post=610"},{"taxonomy":"product_cat","embeddable":true,"href":"https:\/\/dptrading.nl\/de\/wp-json\/wp\/v2\/product_cat?post=610"},{"taxonomy":"product_tag","embeddable":true,"href":"https:\/\/dptrading.nl\/de\/wp-json\/wp\/v2\/product_tag?post=610"}],"curies":[{"name":"wp","href":"https:\/\/api.w.org\/{rel}","templated":true}]}}