{"id":609,"date":"2025-05-27T09:15:00","date_gmt":"2025-05-27T07:15:00","guid":{"rendered":"https:\/\/dptrading.nl\/product\/forplast-p2-voor-overlaplassen-20-mm-mondst-3400-watt\/"},"modified":"2026-01-22T01:10:34","modified_gmt":"2026-01-22T00:10:34","slug":"forplast-p2-voor-overlaplassen-20-mm-mondst-3400-watt","status":"publish","type":"product","link":"https:\/\/dptrading.nl\/de\/produkt\/forplast-p2-voor-overlaplassen-20-mm-mondst-3400-watt\/","title":{"rendered":"Forsthoff Forplast P2 - 3400 Watt + 20 mm D\u00fcse zum \u00dcberlappschwei\u00dfen"},"content":{"rendered":"<p><span dir=\"auto\">Die Forplast P2 ist eine wendige und leichte Heissluftschweissmaschine, ideal f\u00fcr Werbebanner und Autoplanen. Sie eignet sich auch zum \u00dcberlapp-, Saum- und Federschwei\u00dfen von PVC-, PE- oder PP-Planen.<\/span><\/p>\n<p><span dir=\"auto\">Die Schwei\u00dfmaschine Forplast P2 ist eine effiziente und vielseitige Universalmaschine zum Verschwei\u00dfen von LKW-Planen, Zelten, Markisenstoffen und Werbebannern. Diese Hei\u00dfluft-Schwei\u00dfmaschine produziert \u00dcberlappungsn\u00e4hte von 20, 30, 40 und 45 mm und kann auch zum Keder-\/Tentkederschwei\u00dfen umger\u00fcstet werden. Dar\u00fcber hinaus kann die Maschine durch Anbringen eines Saumschwei\u00dfsatzes problemlos f\u00fcr die Herstellung von S\u00e4umen von 20 mm und 30 mm sowie 40 mm und 45 mm verwendet werden. Zubeh\u00f6r zum Schwei\u00dfen von Kedern, D\u00e4chern und B\u00e4ndern ist f\u00fcr diese Maschine ebenfalls erh\u00e4ltlich.<\/span><\/p>\n<p><span dir=\"auto\">Die Heizleistung von bis zu 4000 W (230 V AC) ist stufenlos von 20 bis 700 \u00b0C einstellbar und kann somit individuell an unterschiedliche Materialien angepasst werden. Nachdem der Schwei\u00dfkopf in Position gedreht wurde, startet der FORSTHOFF-P2 automatisch. Dar\u00fcber hinaus sorgt die stufenlose Geschwindigkeitsregelung der fortschrittlichen Motorengeneration mit einer Laufgeschwindigkeit von bis zu 18 Metern\/min in Kombination mit der Spannvorrichtung f\u00fcr faltenfreies Schwei\u00dfen und damit f\u00fcr optimale Schwei\u00dfergebnisse. Ein sicheres Drei-Punkt-Auflage-System sorgt zudem f\u00fcr einen festen Druck auf das Segel.<\/span><\/p>\n<p><span dir=\"auto\">Dank einer neuen Generation von D\u00fcsen k\u00f6nnen Planen mit einer Geschwindigkeit von bis zu 11 Metern pro Minute verschwei\u00dft werden. Dar\u00fcber hinaus verf\u00fcgt das Ger\u00e4t \u00fcber einen stabilen Tragegriff und einen Teleskopgriff, der individuell auf die K\u00f6rpergr\u00f6\u00dfe des Anwenders eingestellt werden kann. Durch die wendige und schlanke Bauweise des Geh\u00e4uses ist der Forplast P2 ideal f\u00fcr den Einsatz im Bereich Planen und Werbebanner geeignet.<\/span><\/p>","protected":false},"excerpt":{"rendered":"<section class=\"elementor-section elementor-top-section elementor-element elementor-element-959c441 elementor-section-boxed elementor-section-height-default elementor-section-height-default\" data-id=\"959c441\" data-element_type=\"section\" data-settings=\"{&quot;background_background&quot;:&quot;classic&quot;,&quot;shape_divider_top&quot;:&quot;tilt&quot;}\">\n<div class=\"elementor-container elementor-column-gap-default\">\n<div class=\"elementor-column elementor-col-100 elementor-top-column elementor-element elementor-element-b8d1560\" data-id=\"b8d1560\" data-element_type=\"column\">\n<div class=\"elementor-widget-wrap elementor-element-populated\">\n<div class=\"elementor-element elementor-element-890e814 elementor-widget elementor-widget-heading\" data-id=\"890e814\" data-element_type=\"widget\" data-widget_type=\"heading.default\">\n<div class=\"elementor-widget-container\">\n<p>Technische Daten:<\/p>\n<ul>\n<li>Spannung: 230V; 120V<\/li>\n<li>Leistung: 3400W-230V bei 20+30 mm D\u00fcse<\/li>\n<li>Leistung: 4000W-230V bei 40+45 mm D\u00fcse<\/li>\n<li>Leistung: 2200W-120V<\/li>\n<li>Frequenz: 50\/60 Hz<\/li>\n<li>Temperatur: stufenlos einstellbar von 20\u00b0-700\u00b0<\/li>\n<li>Abmessungen: L\u00e4nge=535 mm, Breite=280 mm, H\u00f6he=350 mm (ohne Griff)<\/li>\n<li>Gewicht: 23,9 kg komplett<\/li>\n<li>G\u00fctesiegel: CE; EAC<\/li>\n<li>Schutzklasse: Klasse II (doppelte oder verst\u00e4rkte Isolierung ohne Schutzleiter)<\/li>\n<\/ul>\n<\/div>\n<\/div>\n<\/div>\n<\/div>\n<\/div>\n<\/section>\n<section class=\"elementor-section elementor-top-section elementor-element elementor-element-28e95f1 elementor-section-boxed elementor-section-height-default elementor-section-height-default\" data-id=\"28e95f1\" data-element_type=\"section\" data-settings=\"{&quot;background_background&quot;:&quot;classic&quot;}\">\n<div class=\"elementor-container elementor-column-gap-custom\">\n<div class=\"elementor-column elementor-col-100 elementor-top-column elementor-element elementor-element-ce32d19\" data-id=\"ce32d19\" data-element_type=\"column\" data-settings=\"{&quot;animation&quot;:&quot;none&quot;}\">\n<div class=\"elementor-widget-wrap elementor-element-populated\">\n<section class=\"elementor-section elementor-inner-section elementor-element elementor-element-6878287 elementor-section-boxed elementor-section-height-default elementor-section-height-default\" data-id=\"6878287\" data-element_type=\"section\" data-settings=\"{&quot;background_background&quot;:&quot;classic&quot;}\">\n<div class=\"elementor-container elementor-column-gap-default\">\n<div class=\"elementor-column elementor-col-50 elementor-inner-column elementor-element elementor-element-517fea2\" data-id=\"517fea2\" data-element_type=\"column\">\n<div class=\"elementor-widget-wrap elementor-element-populated\">\n<div class=\"elementor-element elementor-element-40074c9 elementor-widget elementor-widget-heading\" data-id=\"40074c9\" data-element_type=\"widget\" data-widget_type=\"heading.default\">\n<div class=\"elementor-widget-container\">\n<h2 class=\"elementor-heading-title elementor-size-default\"><\/h2>\n<\/div>\n<\/div>\n<\/div>\n<\/div>\n<\/div>\n<\/section>\n<\/div>\n<\/div>\n<\/div>\n<\/section>","protected":false},"featured_media":3247,"template":"","meta":{"_acf_changed":false},"product_brand":[115],"product_cat":[144,37],"product_tag":[],"class_list":{"0":"post-609","1":"product","2":"type-product","3":"status-publish","4":"has-post-thumbnail","6":"product_brand-forsthoff","7":"product_cat-lasautomaten","8":"product_cat-lasapparatuur","10":"first","11":"instock","12":"shipping-taxable","13":"purchasable","14":"product-type-simple"},"acf":[],"yoast_head":"<!-- This site is optimized with the Yoast SEO plugin v26.6 - https:\/\/yoast.com\/wordpress\/plugins\/seo\/ -->\n<title>Forsthoff Forplast P2 - 3400 Watt voor overlaplassen + 20 mm mondstuk - D&amp;P Trading<\/title>\n<meta name=\"robots\" content=\"index, follow, max-snippet:-1, max-image-preview:large, max-video-preview:-1\" \/>\n<link rel=\"canonical\" href=\"https:\/\/dptrading.nl\/de\/produkt\/forplast-p2-voor-overlaplassen-20-mm-mondst-3400-watt\/\" \/>\n<meta property=\"og:locale\" content=\"de_DE\" \/>\n<meta property=\"og:type\" content=\"article\" \/>\n<meta property=\"og:title\" content=\"Forsthoff Forplast P2 - 3400 Watt voor overlaplassen + 20 mm mondstuk - D&amp;P Trading\" \/>\n<meta property=\"og:description\" content=\"Technische gegevens:   Spanning: 230V; 120V  Prestaties: 3400W-230V bij 20+30 mm mondstuk  Prestaties: 4000W-230V bij 40+45 mm mondstuk  Prestaties: 2200W-120V  Frequentie: 50\/60 Hz  Temperatuur: traploos verstelbaar van 20\u00b0-700\u00b0  Afmetingen: lengte=535 mm, breedte=280 mm, hoogte=350 mm (zonder handgreep)  Gewicht: 23,9 kg compleet  Keurmerk: CE; EAC  Beschermingsklasse: klasse II (dubbele of versterkte isolatie zonder beschermingsleiding)\" \/>\n<meta property=\"og:url\" content=\"https:\/\/dptrading.nl\/de\/produkt\/forplast-p2-voor-overlaplassen-20-mm-mondst-3400-watt\/\" \/>\n<meta property=\"og:site_name\" content=\"D&amp;P Trading\" \/>\n<meta property=\"article:modified_time\" content=\"2026-01-22T00:10:34+00:00\" \/>\n<meta property=\"og:image\" content=\"https:\/\/dptrading.nl\/wp-content\/uploads\/2025\/05\/Forplast-P2.jpg\" \/>\n\t<meta property=\"og:image:width\" content=\"1512\" \/>\n\t<meta property=\"og:image:height\" content=\"1512\" \/>\n\t<meta property=\"og:image:type\" content=\"image\/jpeg\" \/>\n<meta name=\"twitter:card\" content=\"summary_large_image\" \/>\n<meta name=\"twitter:label1\" content=\"Gesch\u00e4tzte Lesezeit\" \/>\n\t<meta name=\"twitter:data1\" content=\"2\u00a0Minuten\" \/>\n<script type=\"application\/ld+json\" class=\"yoast-schema-graph\">{\"@context\":\"https:\/\/schema.org\",\"@graph\":[{\"@type\":\"WebPage\",\"@id\":\"https:\/\/dptrading.nl\/product\/forplast-p2-voor-overlaplassen-20-mm-mondst-3400-watt\/\",\"url\":\"https:\/\/dptrading.nl\/product\/forplast-p2-voor-overlaplassen-20-mm-mondst-3400-watt\/\",\"name\":\"Forsthoff Forplast P2 - 3400 Watt voor overlaplassen + 20 mm mondstuk - D&amp;P Trading\",\"isPartOf\":{\"@id\":\"https:\/\/dptrading.nl\/#website\"},\"primaryImageOfPage\":{\"@id\":\"https:\/\/dptrading.nl\/product\/forplast-p2-voor-overlaplassen-20-mm-mondst-3400-watt\/#primaryimage\"},\"image\":{\"@id\":\"https:\/\/dptrading.nl\/product\/forplast-p2-voor-overlaplassen-20-mm-mondst-3400-watt\/#primaryimage\"},\"thumbnailUrl\":\"https:\/\/dptrading.nl\/wp-content\/uploads\/2025\/05\/Forplast-P2.jpg\",\"datePublished\":\"2025-05-27T07:15:00+00:00\",\"dateModified\":\"2026-01-22T00:10:34+00:00\",\"breadcrumb\":{\"@id\":\"https:\/\/dptrading.nl\/product\/forplast-p2-voor-overlaplassen-20-mm-mondst-3400-watt\/#breadcrumb\"},\"inLanguage\":\"de\",\"potentialAction\":[{\"@type\":\"ReadAction\",\"target\":[\"https:\/\/dptrading.nl\/product\/forplast-p2-voor-overlaplassen-20-mm-mondst-3400-watt\/\"]}]},{\"@type\":\"ImageObject\",\"inLanguage\":\"de\",\"@id\":\"https:\/\/dptrading.nl\/product\/forplast-p2-voor-overlaplassen-20-mm-mondst-3400-watt\/#primaryimage\",\"url\":\"https:\/\/dptrading.nl\/wp-content\/uploads\/2025\/05\/Forplast-P2.jpg\",\"contentUrl\":\"https:\/\/dptrading.nl\/wp-content\/uploads\/2025\/05\/Forplast-P2.jpg\",\"width\":1512,\"height\":1512},{\"@type\":\"BreadcrumbList\",\"@id\":\"https:\/\/dptrading.nl\/product\/forplast-p2-voor-overlaplassen-20-mm-mondst-3400-watt\/#breadcrumb\",\"itemListElement\":[{\"@type\":\"ListItem\",\"position\":1,\"name\":\"Home\",\"item\":\"https:\/\/dptrading.nl\/\"},{\"@type\":\"ListItem\",\"position\":2,\"name\":\"Producten\",\"item\":\"https:\/\/dptrading.nl\/winkel\/\"},{\"@type\":\"ListItem\",\"position\":3,\"name\":\"Forsthoff Forplast P2 &#8211; 3400 Watt voor overlaplassen + 20 mm mondstuk\"}]},{\"@type\":\"WebSite\",\"@id\":\"https:\/\/dptrading.nl\/#website\",\"url\":\"https:\/\/dptrading.nl\/\",\"name\":\"D&P Trading\",\"description\":\"\",\"publisher\":{\"@id\":\"https:\/\/dptrading.nl\/#organization\"},\"potentialAction\":[{\"@type\":\"SearchAction\",\"target\":{\"@type\":\"EntryPoint\",\"urlTemplate\":\"https:\/\/dptrading.nl\/?s={search_term_string}\"},\"query-input\":{\"@type\":\"PropertyValueSpecification\",\"valueRequired\":true,\"valueName\":\"search_term_string\"}}],\"inLanguage\":\"de\"},{\"@type\":\"Organization\",\"@id\":\"https:\/\/dptrading.nl\/#organization\",\"name\":\"D&P Trading\",\"url\":\"https:\/\/dptrading.nl\/\",\"logo\":{\"@type\":\"ImageObject\",\"inLanguage\":\"de\",\"@id\":\"https:\/\/dptrading.nl\/#\/schema\/logo\/image\/\",\"url\":\"https:\/\/dptrading.nl\/wp-content\/uploads\/2025\/04\/logo-dp.png\",\"contentUrl\":\"https:\/\/dptrading.nl\/wp-content\/uploads\/2025\/04\/logo-dp.png\",\"width\":1248,\"height\":156,\"caption\":\"D&P Trading\"},\"image\":{\"@id\":\"https:\/\/dptrading.nl\/#\/schema\/logo\/image\/\"}}]}<\/script>\n<!-- \/ Yoast SEO plugin. -->","yoast_head_json":{"title":"Forsthoff Forplast P2 - 3400 Watt voor overlaplassen + 20 mm mondstuk - D&amp;P Trading","robots":{"index":"index","follow":"follow","max-snippet":"max-snippet:-1","max-image-preview":"max-image-preview:large","max-video-preview":"max-video-preview:-1"},"canonical":"https:\/\/dptrading.nl\/de\/produkt\/forplast-p2-voor-overlaplassen-20-mm-mondst-3400-watt\/","og_locale":"de_DE","og_type":"article","og_title":"Forsthoff Forplast P2 - 3400 Watt voor overlaplassen + 20 mm mondstuk - D&amp;P Trading","og_description":"Technische gegevens:   Spanning: 230V; 120V  Prestaties: 3400W-230V bij 20+30 mm mondstuk  Prestaties: 4000W-230V bij 40+45 mm mondstuk  Prestaties: 2200W-120V  Frequentie: 50\/60 Hz  Temperatuur: traploos verstelbaar van 20\u00b0-700\u00b0  Afmetingen: lengte=535 mm, breedte=280 mm, hoogte=350 mm (zonder handgreep)  Gewicht: 23,9 kg compleet  Keurmerk: CE; EAC  Beschermingsklasse: klasse II (dubbele of versterkte isolatie zonder beschermingsleiding)","og_url":"https:\/\/dptrading.nl\/de\/produkt\/forplast-p2-voor-overlaplassen-20-mm-mondst-3400-watt\/","og_site_name":"D&amp;P Trading","article_modified_time":"2026-01-22T00:10:34+00:00","og_image":[{"width":1512,"height":1512,"url":"https:\/\/dptrading.nl\/wp-content\/uploads\/2025\/05\/Forplast-P2.jpg","type":"image\/jpeg"}],"twitter_card":"summary_large_image","twitter_misc":{"Gesch\u00e4tzte Lesezeit":"2\u00a0Minuten"},"schema":{"@context":"https:\/\/schema.org","@graph":[{"@type":"WebPage","@id":"https:\/\/dptrading.nl\/product\/forplast-p2-voor-overlaplassen-20-mm-mondst-3400-watt\/","url":"https:\/\/dptrading.nl\/product\/forplast-p2-voor-overlaplassen-20-mm-mondst-3400-watt\/","name":"Forsthoff Forplast P2 - 3400 Watt voor overlaplassen + 20 mm mondstuk - D&amp;P Trading","isPartOf":{"@id":"https:\/\/dptrading.nl\/#website"},"primaryImageOfPage":{"@id":"https:\/\/dptrading.nl\/product\/forplast-p2-voor-overlaplassen-20-mm-mondst-3400-watt\/#primaryimage"},"image":{"@id":"https:\/\/dptrading.nl\/product\/forplast-p2-voor-overlaplassen-20-mm-mondst-3400-watt\/#primaryimage"},"thumbnailUrl":"https:\/\/dptrading.nl\/wp-content\/uploads\/2025\/05\/Forplast-P2.jpg","datePublished":"2025-05-27T07:15:00+00:00","dateModified":"2026-01-22T00:10:34+00:00","breadcrumb":{"@id":"https:\/\/dptrading.nl\/product\/forplast-p2-voor-overlaplassen-20-mm-mondst-3400-watt\/#breadcrumb"},"inLanguage":"de","potentialAction":[{"@type":"ReadAction","target":["https:\/\/dptrading.nl\/product\/forplast-p2-voor-overlaplassen-20-mm-mondst-3400-watt\/"]}]},{"@type":"ImageObject","inLanguage":"de","@id":"https:\/\/dptrading.nl\/product\/forplast-p2-voor-overlaplassen-20-mm-mondst-3400-watt\/#primaryimage","url":"https:\/\/dptrading.nl\/wp-content\/uploads\/2025\/05\/Forplast-P2.jpg","contentUrl":"https:\/\/dptrading.nl\/wp-content\/uploads\/2025\/05\/Forplast-P2.jpg","width":1512,"height":1512},{"@type":"BreadcrumbList","@id":"https:\/\/dptrading.nl\/product\/forplast-p2-voor-overlaplassen-20-mm-mondst-3400-watt\/#breadcrumb","itemListElement":[{"@type":"ListItem","position":1,"name":"Home","item":"https:\/\/dptrading.nl\/"},{"@type":"ListItem","position":2,"name":"Producten","item":"https:\/\/dptrading.nl\/winkel\/"},{"@type":"ListItem","position":3,"name":"Forsthoff Forplast P2 &#8211; 3400 Watt voor overlaplassen + 20 mm mondstuk"}]},{"@type":"WebSite","@id":"https:\/\/dptrading.nl\/#website","url":"https:\/\/dptrading.nl\/","name":"D&amp;P Handel","description":"","publisher":{"@id":"https:\/\/dptrading.nl\/#organization"},"potentialAction":[{"@type":"SearchAction","target":{"@type":"EntryPoint","urlTemplate":"https:\/\/dptrading.nl\/?s={search_term_string}"},"query-input":{"@type":"PropertyValueSpecification","valueRequired":true,"valueName":"search_term_string"}}],"inLanguage":"de"},{"@type":"Organization","@id":"https:\/\/dptrading.nl\/#organization","name":"D&amp;P Handel","url":"https:\/\/dptrading.nl\/","logo":{"@type":"ImageObject","inLanguage":"de","@id":"https:\/\/dptrading.nl\/#\/schema\/logo\/image\/","url":"https:\/\/dptrading.nl\/wp-content\/uploads\/2025\/04\/logo-dp.png","contentUrl":"https:\/\/dptrading.nl\/wp-content\/uploads\/2025\/04\/logo-dp.png","width":1248,"height":156,"caption":"D&P Trading"},"image":{"@id":"https:\/\/dptrading.nl\/#\/schema\/logo\/image\/"}}]}},"_links":{"self":[{"href":"https:\/\/dptrading.nl\/de\/wp-json\/wp\/v2\/product\/609","targetHints":{"allow":["GET"]}}],"collection":[{"href":"https:\/\/dptrading.nl\/de\/wp-json\/wp\/v2\/product"}],"about":[{"href":"https:\/\/dptrading.nl\/de\/wp-json\/wp\/v2\/types\/product"}],"wp:featuredmedia":[{"embeddable":true,"href":"https:\/\/dptrading.nl\/de\/wp-json\/wp\/v2\/media\/3247"}],"wp:attachment":[{"href":"https:\/\/dptrading.nl\/de\/wp-json\/wp\/v2\/media?parent=609"}],"wp:term":[{"taxonomy":"product_brand","embeddable":true,"href":"https:\/\/dptrading.nl\/de\/wp-json\/wp\/v2\/product_brand?post=609"},{"taxonomy":"product_cat","embeddable":true,"href":"https:\/\/dptrading.nl\/de\/wp-json\/wp\/v2\/product_cat?post=609"},{"taxonomy":"product_tag","embeddable":true,"href":"https:\/\/dptrading.nl\/de\/wp-json\/wp\/v2\/product_tag?post=609"}],"curies":[{"name":"wp","href":"https:\/\/api.w.org\/{rel}","templated":true}]}}