{"id":603,"date":"2025-05-27T09:13:42","date_gmt":"2025-05-27T07:13:42","guid":{"rendered":"https:\/\/dptrading.nl\/product\/forplast-d-voor-overlaslassen-45-mm-mondst-4000-watt-20\/"},"modified":"2026-01-22T01:11:15","modified_gmt":"2026-01-22T00:11:15","slug":"forplast-d-voor-overlaslassen-45-mm-mondst-4000-watt-20","status":"publish","type":"product","link":"https:\/\/dptrading.nl\/de\/produkt\/forplast-d-voor-overlaslassen-45-mm-mondst-4000-watt-20\/","title":{"rendered":"Forsthoff Forplast D - 4000 Watt + 45 mm D\u00fcse f\u00fcr \u00dcberlappschwei\u00dfen und Dachschweissen"},"content":{"rendered":"<p><span dir=\"auto\">Die Forplast D Dachschwei\u00dfmaschine ist die ideale Schwei\u00dfmaschine zum Verschwei\u00dfen von thermoplastischen Dachbahnen. Diese Maschine eignet sich auch als \u00dcberlappungsschwei\u00dfmaschine zum Verschwei\u00dfen von schweren thermoplastischen Bahnen und Folien.<\/span><\/p>\n<p><span dir=\"auto\">Die Forplast D erzeugt \u00dcberlappungsn\u00e4hte von 40 mm oder 45 mm. Das 4000 W, 230 V starke Heizelement ist stufenlos von 20 bis 700 \u00b0C regelbar und kann so individuell an unterschiedliche Materialien angepasst werden. Das integrierte, leistungsstarke Hei\u00dfluftgebl\u00e4se Oval-AB liefert einen kr\u00e4ftigen Luftstrom von 360 Litern pro Minute.<\/span><\/p>\n<p><span dir=\"auto\">Au\u00dferdem verf\u00fcgt der Forplast D automatic \u00fcber einen fortschrittlichen Getriebemotor, der in Deutschland hergestellt wird. Dank der stufenlosen Geschwindigkeitsregelung kann eine Geschwindigkeit von bis zu 16 Metern\/Minute erreicht werden.<\/span><\/p>\n<p><span dir=\"auto\">In Kombination mit der Spannvorrichtung f\u00fcr faltenfreies Schwei\u00dfen erzielt die Planen- und \u00dcberdachungsmaschine optimale Schwei\u00dfergebnisse. Das Ger\u00e4t startet automatisch nach dem Einschwenken des Schwei\u00dfkopfes. Zus\u00e4tzlich sorgt eine Dreipunktauflage f\u00fcr einen sicheren Druck auf die Plane. Dieser wird zus\u00e4tzlich durch das im Geh\u00e4use der Schwei\u00dfmaschine Forplast D integrierte Gewicht unterst\u00fctzt, das bei Bedarf entfernt werden kann.<\/span><\/p>","protected":false},"excerpt":{"rendered":"<section class=\"elementor-section elementor-top-section elementor-element elementor-element-959c441 elementor-section-boxed elementor-section-height-default elementor-section-height-default\" data-id=\"959c441\" data-element_type=\"section\" data-settings=\"{&quot;background_background&quot;:&quot;classic&quot;,&quot;shape_divider_top&quot;:&quot;tilt&quot;}\">\n<div class=\"elementor-container elementor-column-gap-default\">\n<div class=\"elementor-column elementor-col-100 elementor-top-column elementor-element elementor-element-b8d1560\" data-id=\"b8d1560\" data-element_type=\"column\">\n<div class=\"elementor-widget-wrap elementor-element-populated\">\n<div class=\"elementor-element elementor-element-890e814 elementor-widget elementor-widget-heading\" data-id=\"890e814\" data-element_type=\"widget\" data-widget_type=\"heading.default\">\n<div class=\"elementor-widget-container\">\n<p>Technische Daten:<\/p>\n<ul>\n<li>Spannung: 230V; 120V<\/li>\n<li>Leistung: 4000W-230V bei 40+45 mm D\u00fcse<\/li>\n<li>Leistung: 2200W-120V<\/li>\n<li>Frequenz: 50\/60 Hz<\/li>\n<li>Temperatur: stufenlos einstellbar von 20\u00b0-700\u00b0<\/li>\n<li>Abmessungen: L\u00e4nge=520 mm, Breite=385 mm, H\u00f6he=320 mm (ohne Griff)<\/li>\n<li>Gewicht: 30,5 kg komplett<\/li>\n<li>G\u00fctesiegel: CE; EAC<\/li>\n<li>Schutzklasse: Klasse II (doppelte oder verst\u00e4rkte Isolierung ohne Schutzleiter)<\/li>\n<\/ul>\n<\/div>\n<\/div>\n<\/div>\n<\/div>\n<\/div>\n<\/section>","protected":false},"featured_media":3257,"template":"","meta":{"_acf_changed":false},"product_brand":[115],"product_cat":[144,37],"product_tag":[],"class_list":{"0":"post-603","1":"product","2":"type-product","3":"status-publish","4":"has-post-thumbnail","6":"product_brand-forsthoff","7":"product_cat-lasautomaten","8":"product_cat-lasapparatuur","10":"first","11":"instock","12":"shipping-taxable","13":"purchasable","14":"product-type-simple"},"acf":[],"yoast_head":"<!-- This site is optimized with the Yoast SEO plugin v26.6 - https:\/\/yoast.com\/wordpress\/plugins\/seo\/ -->\n<title>Forsthoff Forplast D - 4000 Watt voor overlaslassen + 45 mm mondstuk - D&amp;P Trading<\/title>\n<meta name=\"robots\" content=\"index, follow, max-snippet:-1, max-image-preview:large, max-video-preview:-1\" \/>\n<link rel=\"canonical\" href=\"https:\/\/dptrading.nl\/de\/produkt\/forplast-d-voor-overlaslassen-45-mm-mondst-4000-watt-20\/\" \/>\n<meta property=\"og:locale\" content=\"de_DE\" \/>\n<meta property=\"og:type\" content=\"article\" \/>\n<meta property=\"og:title\" content=\"Forsthoff Forplast D - 4000 Watt voor overlaslassen + 45 mm mondstuk - D&amp;P Trading\" \/>\n<meta property=\"og:description\" content=\"Technische gegevens:   Spanning: 230V; 120V  Prestaties: 4000W-230V bij 40+45 mm mondstuk  Prestaties: 2200W-120V  Frequentie: 50\/60 Hz  Temperatuur: traploos verstelbaar van 20\u00b0-700\u00b0  Afmetingen: lengte=520 mm, breedte=385 mm, hoogte=320 mm (zonder handgreep)  Gewicht: 30,5 kg compleet  Keurmerk: CE; EAC  Beschermingsklasse: klasse II (dubbele of versterkte isolatie zonder beschermingsleiding)\" \/>\n<meta property=\"og:url\" content=\"https:\/\/dptrading.nl\/de\/produkt\/forplast-d-voor-overlaslassen-45-mm-mondst-4000-watt-20\/\" \/>\n<meta property=\"og:site_name\" content=\"D&amp;P Trading\" \/>\n<meta property=\"article:modified_time\" content=\"2026-01-22T00:11:15+00:00\" \/>\n<meta property=\"og:image\" content=\"https:\/\/dptrading.nl\/wp-content\/uploads\/2025\/05\/Forplast-D.jpg\" \/>\n\t<meta property=\"og:image:width\" content=\"1512\" \/>\n\t<meta property=\"og:image:height\" content=\"1512\" \/>\n\t<meta property=\"og:image:type\" content=\"image\/jpeg\" \/>\n<meta name=\"twitter:card\" content=\"summary_large_image\" \/>\n<meta name=\"twitter:label1\" content=\"Gesch\u00e4tzte Lesezeit\" \/>\n\t<meta name=\"twitter:data1\" content=\"2\u00a0Minuten\" \/>\n<script type=\"application\/ld+json\" class=\"yoast-schema-graph\">{\"@context\":\"https:\/\/schema.org\",\"@graph\":[{\"@type\":\"WebPage\",\"@id\":\"https:\/\/dptrading.nl\/product\/forplast-d-voor-overlaslassen-45-mm-mondst-4000-watt-20\/\",\"url\":\"https:\/\/dptrading.nl\/product\/forplast-d-voor-overlaslassen-45-mm-mondst-4000-watt-20\/\",\"name\":\"Forsthoff Forplast D - 4000 Watt voor overlaslassen + 45 mm mondstuk - D&amp;P Trading\",\"isPartOf\":{\"@id\":\"https:\/\/dptrading.nl\/#website\"},\"primaryImageOfPage\":{\"@id\":\"https:\/\/dptrading.nl\/product\/forplast-d-voor-overlaslassen-45-mm-mondst-4000-watt-20\/#primaryimage\"},\"image\":{\"@id\":\"https:\/\/dptrading.nl\/product\/forplast-d-voor-overlaslassen-45-mm-mondst-4000-watt-20\/#primaryimage\"},\"thumbnailUrl\":\"https:\/\/dptrading.nl\/wp-content\/uploads\/2025\/05\/Forplast-D.jpg\",\"datePublished\":\"2025-05-27T07:13:42+00:00\",\"dateModified\":\"2026-01-22T00:11:15+00:00\",\"breadcrumb\":{\"@id\":\"https:\/\/dptrading.nl\/product\/forplast-d-voor-overlaslassen-45-mm-mondst-4000-watt-20\/#breadcrumb\"},\"inLanguage\":\"de\",\"potentialAction\":[{\"@type\":\"ReadAction\",\"target\":[\"https:\/\/dptrading.nl\/product\/forplast-d-voor-overlaslassen-45-mm-mondst-4000-watt-20\/\"]}]},{\"@type\":\"ImageObject\",\"inLanguage\":\"de\",\"@id\":\"https:\/\/dptrading.nl\/product\/forplast-d-voor-overlaslassen-45-mm-mondst-4000-watt-20\/#primaryimage\",\"url\":\"https:\/\/dptrading.nl\/wp-content\/uploads\/2025\/05\/Forplast-D.jpg\",\"contentUrl\":\"https:\/\/dptrading.nl\/wp-content\/uploads\/2025\/05\/Forplast-D.jpg\",\"width\":1512,\"height\":1512},{\"@type\":\"BreadcrumbList\",\"@id\":\"https:\/\/dptrading.nl\/product\/forplast-d-voor-overlaslassen-45-mm-mondst-4000-watt-20\/#breadcrumb\",\"itemListElement\":[{\"@type\":\"ListItem\",\"position\":1,\"name\":\"Home\",\"item\":\"https:\/\/dptrading.nl\/\"},{\"@type\":\"ListItem\",\"position\":2,\"name\":\"Producten\",\"item\":\"https:\/\/dptrading.nl\/winkel\/\"},{\"@type\":\"ListItem\",\"position\":3,\"name\":\"Forsthoff Forplast D &#8211; 4000 Watt voor overlaslassen + 45 mm mondstuk\"}]},{\"@type\":\"WebSite\",\"@id\":\"https:\/\/dptrading.nl\/#website\",\"url\":\"https:\/\/dptrading.nl\/\",\"name\":\"D&P Trading\",\"description\":\"\",\"publisher\":{\"@id\":\"https:\/\/dptrading.nl\/#organization\"},\"potentialAction\":[{\"@type\":\"SearchAction\",\"target\":{\"@type\":\"EntryPoint\",\"urlTemplate\":\"https:\/\/dptrading.nl\/?s={search_term_string}\"},\"query-input\":{\"@type\":\"PropertyValueSpecification\",\"valueRequired\":true,\"valueName\":\"search_term_string\"}}],\"inLanguage\":\"de\"},{\"@type\":\"Organization\",\"@id\":\"https:\/\/dptrading.nl\/#organization\",\"name\":\"D&P Trading\",\"url\":\"https:\/\/dptrading.nl\/\",\"logo\":{\"@type\":\"ImageObject\",\"inLanguage\":\"de\",\"@id\":\"https:\/\/dptrading.nl\/#\/schema\/logo\/image\/\",\"url\":\"https:\/\/dptrading.nl\/wp-content\/uploads\/2025\/04\/logo-dp.png\",\"contentUrl\":\"https:\/\/dptrading.nl\/wp-content\/uploads\/2025\/04\/logo-dp.png\",\"width\":1248,\"height\":156,\"caption\":\"D&P Trading\"},\"image\":{\"@id\":\"https:\/\/dptrading.nl\/#\/schema\/logo\/image\/\"}}]}<\/script>\n<!-- \/ Yoast SEO plugin. -->","yoast_head_json":{"title":"Forsthoff Forplast D - 4000 Watt voor overlaslassen + 45 mm mondstuk - D&amp;P Trading","robots":{"index":"index","follow":"follow","max-snippet":"max-snippet:-1","max-image-preview":"max-image-preview:large","max-video-preview":"max-video-preview:-1"},"canonical":"https:\/\/dptrading.nl\/de\/produkt\/forplast-d-voor-overlaslassen-45-mm-mondst-4000-watt-20\/","og_locale":"de_DE","og_type":"article","og_title":"Forsthoff Forplast D - 4000 Watt voor overlaslassen + 45 mm mondstuk - D&amp;P Trading","og_description":"Technische gegevens:   Spanning: 230V; 120V  Prestaties: 4000W-230V bij 40+45 mm mondstuk  Prestaties: 2200W-120V  Frequentie: 50\/60 Hz  Temperatuur: traploos verstelbaar van 20\u00b0-700\u00b0  Afmetingen: lengte=520 mm, breedte=385 mm, hoogte=320 mm (zonder handgreep)  Gewicht: 30,5 kg compleet  Keurmerk: CE; EAC  Beschermingsklasse: klasse II (dubbele of versterkte isolatie zonder beschermingsleiding)","og_url":"https:\/\/dptrading.nl\/de\/produkt\/forplast-d-voor-overlaslassen-45-mm-mondst-4000-watt-20\/","og_site_name":"D&amp;P Trading","article_modified_time":"2026-01-22T00:11:15+00:00","og_image":[{"width":1512,"height":1512,"url":"https:\/\/dptrading.nl\/wp-content\/uploads\/2025\/05\/Forplast-D.jpg","type":"image\/jpeg"}],"twitter_card":"summary_large_image","twitter_misc":{"Gesch\u00e4tzte Lesezeit":"2\u00a0Minuten"},"schema":{"@context":"https:\/\/schema.org","@graph":[{"@type":"WebPage","@id":"https:\/\/dptrading.nl\/product\/forplast-d-voor-overlaslassen-45-mm-mondst-4000-watt-20\/","url":"https:\/\/dptrading.nl\/product\/forplast-d-voor-overlaslassen-45-mm-mondst-4000-watt-20\/","name":"Forsthoff Forplast D - 4000 Watt voor overlaslassen + 45 mm mondstuk - D&amp;P Trading","isPartOf":{"@id":"https:\/\/dptrading.nl\/#website"},"primaryImageOfPage":{"@id":"https:\/\/dptrading.nl\/product\/forplast-d-voor-overlaslassen-45-mm-mondst-4000-watt-20\/#primaryimage"},"image":{"@id":"https:\/\/dptrading.nl\/product\/forplast-d-voor-overlaslassen-45-mm-mondst-4000-watt-20\/#primaryimage"},"thumbnailUrl":"https:\/\/dptrading.nl\/wp-content\/uploads\/2025\/05\/Forplast-D.jpg","datePublished":"2025-05-27T07:13:42+00:00","dateModified":"2026-01-22T00:11:15+00:00","breadcrumb":{"@id":"https:\/\/dptrading.nl\/product\/forplast-d-voor-overlaslassen-45-mm-mondst-4000-watt-20\/#breadcrumb"},"inLanguage":"de","potentialAction":[{"@type":"ReadAction","target":["https:\/\/dptrading.nl\/product\/forplast-d-voor-overlaslassen-45-mm-mondst-4000-watt-20\/"]}]},{"@type":"ImageObject","inLanguage":"de","@id":"https:\/\/dptrading.nl\/product\/forplast-d-voor-overlaslassen-45-mm-mondst-4000-watt-20\/#primaryimage","url":"https:\/\/dptrading.nl\/wp-content\/uploads\/2025\/05\/Forplast-D.jpg","contentUrl":"https:\/\/dptrading.nl\/wp-content\/uploads\/2025\/05\/Forplast-D.jpg","width":1512,"height":1512},{"@type":"BreadcrumbList","@id":"https:\/\/dptrading.nl\/product\/forplast-d-voor-overlaslassen-45-mm-mondst-4000-watt-20\/#breadcrumb","itemListElement":[{"@type":"ListItem","position":1,"name":"Home","item":"https:\/\/dptrading.nl\/"},{"@type":"ListItem","position":2,"name":"Producten","item":"https:\/\/dptrading.nl\/winkel\/"},{"@type":"ListItem","position":3,"name":"Forsthoff Forplast D &#8211; 4000 Watt voor overlaslassen + 45 mm mondstuk"}]},{"@type":"WebSite","@id":"https:\/\/dptrading.nl\/#website","url":"https:\/\/dptrading.nl\/","name":"D&amp;P Handel","description":"","publisher":{"@id":"https:\/\/dptrading.nl\/#organization"},"potentialAction":[{"@type":"SearchAction","target":{"@type":"EntryPoint","urlTemplate":"https:\/\/dptrading.nl\/?s={search_term_string}"},"query-input":{"@type":"PropertyValueSpecification","valueRequired":true,"valueName":"search_term_string"}}],"inLanguage":"de"},{"@type":"Organization","@id":"https:\/\/dptrading.nl\/#organization","name":"D&amp;P Handel","url":"https:\/\/dptrading.nl\/","logo":{"@type":"ImageObject","inLanguage":"de","@id":"https:\/\/dptrading.nl\/#\/schema\/logo\/image\/","url":"https:\/\/dptrading.nl\/wp-content\/uploads\/2025\/04\/logo-dp.png","contentUrl":"https:\/\/dptrading.nl\/wp-content\/uploads\/2025\/04\/logo-dp.png","width":1248,"height":156,"caption":"D&P Trading"},"image":{"@id":"https:\/\/dptrading.nl\/#\/schema\/logo\/image\/"}}]}},"_links":{"self":[{"href":"https:\/\/dptrading.nl\/de\/wp-json\/wp\/v2\/product\/603","targetHints":{"allow":["GET"]}}],"collection":[{"href":"https:\/\/dptrading.nl\/de\/wp-json\/wp\/v2\/product"}],"about":[{"href":"https:\/\/dptrading.nl\/de\/wp-json\/wp\/v2\/types\/product"}],"wp:featuredmedia":[{"embeddable":true,"href":"https:\/\/dptrading.nl\/de\/wp-json\/wp\/v2\/media\/3257"}],"wp:attachment":[{"href":"https:\/\/dptrading.nl\/de\/wp-json\/wp\/v2\/media?parent=603"}],"wp:term":[{"taxonomy":"product_brand","embeddable":true,"href":"https:\/\/dptrading.nl\/de\/wp-json\/wp\/v2\/product_brand?post=603"},{"taxonomy":"product_cat","embeddable":true,"href":"https:\/\/dptrading.nl\/de\/wp-json\/wp\/v2\/product_cat?post=603"},{"taxonomy":"product_tag","embeddable":true,"href":"https:\/\/dptrading.nl\/de\/wp-json\/wp\/v2\/product_tag?post=603"}],"curies":[{"name":"wp","href":"https:\/\/api.w.org\/{rel}","templated":true}]}}