{"id":499,"date":"2025-05-27T08:45:15","date_gmt":"2025-05-27T06:45:15","guid":{"rendered":"https:\/\/dptrading.nl\/product\/pvc-oprolriem-beige-b20-mm-lengte-40-cm\/"},"modified":"2026-01-22T00:05:52","modified_gmt":"2026-01-21T23:05:52","slug":"pvc-oprolriem-beige-b20-mm-lengte-40-cm","status":"publish","type":"product","link":"https:\/\/dptrading.nl\/de\/produkt\/pvc-oprolriem-beige-b20-mm-lengte-40-cm\/","title":{"rendered":"PVC Aufrollriemen beige 40 cm"},"content":{"rendered":"<h3 data-start=\"228\" data-end=\"293\"><strong data-start=\"232\" data-end=\"293\">Aufrollbarer Gurt - Elegant und stabil in Kombination mit dem Aufrollhaken<\/strong><\/h3>\n<p data-start=\"295\" data-end=\"569\">Mit unserem Aufrollgurt k\u00f6nnen Sie Ihr Verandasegel oder Ihre Bootspersenning einfach und bequem aufrollen. Dieser Gurt wurde speziell f\u00fcr die Verwendung in Kombination mit dem Aufrollhaken (separat erh\u00e4ltlich) entwickelt und sorgt daf\u00fcr, dass Ihr Segel beim Aufrollen ordentlich gesichert bleibt.<\/p>\n<p data-start=\"571\" data-end=\"843\"><strong data-start=\"571\" data-end=\"589\">Wie funktioniert es?<\/strong><br data-start=\"589\" data-end=\"592\" \/>Befestigen Sie den Aufrollhaken mit Nieten oder Schraube und Mutter an der Vorderseite der Plane. Bringen Sie den Aufrollgurt auf der R\u00fcckseite an. Wenn Sie Ihr Segel aufrollen, kommt der Aufrollgurt heraus, so dass Sie ihn leicht am Aufrollhaken befestigen k\u00f6nnen.<\/p>\n<p data-start=\"845\" data-end=\"859\"><strong data-start=\"845\" data-end=\"859\">Vorteile:<\/strong><\/p>\n<ul data-start=\"860\" data-end=\"1041\">\n<li data-start=\"860\" data-end=\"912\">\n<p data-start=\"862\" data-end=\"912\">Geeignet f\u00fcr Veranda- und Bootspersenning<\/p>\n<\/li>\n<li data-start=\"913\" data-end=\"960\">\n<p data-start=\"915\" data-end=\"960\">Sorgt f\u00fcr straff und sicher gerollte Segel<\/p>\n<\/li>\n<li data-start=\"961\" data-end=\"1003\">\n<p data-start=\"963\" data-end=\"1003\">Einfache Montage und separat erh\u00e4ltlich<\/p>\n<\/li>\n<li data-start=\"1004\" data-end=\"1041\">\n<p data-start=\"1006\" data-end=\"1041\">Langlebiges und witterungsbest\u00e4ndiges Material<\/p>\n<\/li>\n<\/ul>\n<p data-start=\"1043\" data-end=\"1101\">Kombinieren Sie mit unserem <strong data-start=\"1062\" data-end=\"1075\">Aufrollhaken<\/strong> f\u00fcr beste Ergebnisse!<\/p>","protected":false},"excerpt":{"rendered":"<p><strong>Spezifikationen\u00a0<\/strong><\/p>\n<ul>\n<li>PVC<\/li>\n<li>L\u00e4nge = 40 cm<\/li>\n<li>Breite = 20 mm<\/li>\n<li>Materialst\u00e4rke = 2,1 mm<\/li>\n<li>Beige<\/li>\n<li>Abstand = 20 mm<\/li>\n<\/ul>","protected":false},"featured_media":2238,"template":"","meta":{"_acf_changed":false},"product_brand":[],"product_cat":[26],"product_tag":[],"class_list":{"0":"post-499","1":"product","2":"type-product","3":"status-publish","4":"has-post-thumbnail","6":"product_cat-riemen","8":"first","9":"instock","10":"shipping-taxable","11":"purchasable","12":"product-type-simple"},"acf":[],"yoast_head":"<!-- This site is optimized with the Yoast SEO plugin v26.6 - https:\/\/yoast.com\/wordpress\/plugins\/seo\/ -->\n<title>PVC oprolriem beige 40 cm - D&amp;P Trading<\/title>\n<meta name=\"robots\" content=\"index, follow, max-snippet:-1, max-image-preview:large, max-video-preview:-1\" \/>\n<link rel=\"canonical\" href=\"https:\/\/dptrading.nl\/de\/produkt\/pvc-oprolriem-beige-b20-mm-lengte-40-cm\/\" \/>\n<meta property=\"og:locale\" content=\"de_DE\" \/>\n<meta property=\"og:type\" content=\"article\" \/>\n<meta property=\"og:title\" content=\"PVC oprolriem beige 40 cm - D&amp;P Trading\" \/>\n<meta property=\"og:description\" content=\"Specificaties\u00a0   PVC  Lengte = 40 cm  Breedte = 20 mm  Materiaal dikte = 2,1 mm  Beige  Gat afstand = 20 mm\" \/>\n<meta property=\"og:url\" content=\"https:\/\/dptrading.nl\/de\/produkt\/pvc-oprolriem-beige-b20-mm-lengte-40-cm\/\" \/>\n<meta property=\"og:site_name\" content=\"D&amp;P Trading\" \/>\n<meta property=\"article:modified_time\" content=\"2026-01-21T23:05:52+00:00\" \/>\n<meta property=\"og:image\" content=\"https:\/\/dptrading.nl\/wp-content\/uploads\/2025\/05\/oprolriem-beige.jpg\" \/>\n\t<meta property=\"og:image:width\" content=\"2048\" \/>\n\t<meta property=\"og:image:height\" content=\"2048\" \/>\n\t<meta property=\"og:image:type\" content=\"image\/jpeg\" \/>\n<meta name=\"twitter:card\" content=\"summary_large_image\" \/>\n<meta name=\"twitter:label1\" content=\"Gesch\u00e4tzte Lesezeit\" \/>\n\t<meta name=\"twitter:data1\" content=\"1\u00a0Minute\" \/>\n<script type=\"application\/ld+json\" class=\"yoast-schema-graph\">{\"@context\":\"https:\/\/schema.org\",\"@graph\":[{\"@type\":\"WebPage\",\"@id\":\"https:\/\/dptrading.nl\/product\/pvc-oprolriem-beige-b20-mm-lengte-40-cm\/\",\"url\":\"https:\/\/dptrading.nl\/product\/pvc-oprolriem-beige-b20-mm-lengte-40-cm\/\",\"name\":\"PVC oprolriem beige 40 cm - D&amp;P Trading\",\"isPartOf\":{\"@id\":\"https:\/\/dptrading.nl\/#website\"},\"primaryImageOfPage\":{\"@id\":\"https:\/\/dptrading.nl\/product\/pvc-oprolriem-beige-b20-mm-lengte-40-cm\/#primaryimage\"},\"image\":{\"@id\":\"https:\/\/dptrading.nl\/product\/pvc-oprolriem-beige-b20-mm-lengte-40-cm\/#primaryimage\"},\"thumbnailUrl\":\"https:\/\/dptrading.nl\/wp-content\/uploads\/2025\/05\/oprolriem-beige.jpg\",\"datePublished\":\"2025-05-27T06:45:15+00:00\",\"dateModified\":\"2026-01-21T23:05:52+00:00\",\"breadcrumb\":{\"@id\":\"https:\/\/dptrading.nl\/product\/pvc-oprolriem-beige-b20-mm-lengte-40-cm\/#breadcrumb\"},\"inLanguage\":\"de\",\"potentialAction\":[{\"@type\":\"ReadAction\",\"target\":[\"https:\/\/dptrading.nl\/product\/pvc-oprolriem-beige-b20-mm-lengte-40-cm\/\"]}]},{\"@type\":\"ImageObject\",\"inLanguage\":\"de\",\"@id\":\"https:\/\/dptrading.nl\/product\/pvc-oprolriem-beige-b20-mm-lengte-40-cm\/#primaryimage\",\"url\":\"https:\/\/dptrading.nl\/wp-content\/uploads\/2025\/05\/oprolriem-beige.jpg\",\"contentUrl\":\"https:\/\/dptrading.nl\/wp-content\/uploads\/2025\/05\/oprolriem-beige.jpg\",\"width\":2048,\"height\":2048},{\"@type\":\"BreadcrumbList\",\"@id\":\"https:\/\/dptrading.nl\/product\/pvc-oprolriem-beige-b20-mm-lengte-40-cm\/#breadcrumb\",\"itemListElement\":[{\"@type\":\"ListItem\",\"position\":1,\"name\":\"Home\",\"item\":\"https:\/\/dptrading.nl\/\"},{\"@type\":\"ListItem\",\"position\":2,\"name\":\"Producten\",\"item\":\"https:\/\/dptrading.nl\/winkel\/\"},{\"@type\":\"ListItem\",\"position\":3,\"name\":\"PVC oprolriem beige 40 cm\"}]},{\"@type\":\"WebSite\",\"@id\":\"https:\/\/dptrading.nl\/#website\",\"url\":\"https:\/\/dptrading.nl\/\",\"name\":\"D&P Trading\",\"description\":\"\",\"publisher\":{\"@id\":\"https:\/\/dptrading.nl\/#organization\"},\"potentialAction\":[{\"@type\":\"SearchAction\",\"target\":{\"@type\":\"EntryPoint\",\"urlTemplate\":\"https:\/\/dptrading.nl\/?s={search_term_string}\"},\"query-input\":{\"@type\":\"PropertyValueSpecification\",\"valueRequired\":true,\"valueName\":\"search_term_string\"}}],\"inLanguage\":\"de\"},{\"@type\":\"Organization\",\"@id\":\"https:\/\/dptrading.nl\/#organization\",\"name\":\"D&P Trading\",\"url\":\"https:\/\/dptrading.nl\/\",\"logo\":{\"@type\":\"ImageObject\",\"inLanguage\":\"de\",\"@id\":\"https:\/\/dptrading.nl\/#\/schema\/logo\/image\/\",\"url\":\"https:\/\/dptrading.nl\/wp-content\/uploads\/2025\/04\/logo-dp.png\",\"contentUrl\":\"https:\/\/dptrading.nl\/wp-content\/uploads\/2025\/04\/logo-dp.png\",\"width\":1248,\"height\":156,\"caption\":\"D&P Trading\"},\"image\":{\"@id\":\"https:\/\/dptrading.nl\/#\/schema\/logo\/image\/\"}}]}<\/script>\n<!-- \/ Yoast SEO plugin. -->","yoast_head_json":{"title":"PVC oprolriem beige 40 cm - D&amp;P Trading","robots":{"index":"index","follow":"follow","max-snippet":"max-snippet:-1","max-image-preview":"max-image-preview:large","max-video-preview":"max-video-preview:-1"},"canonical":"https:\/\/dptrading.nl\/de\/produkt\/pvc-oprolriem-beige-b20-mm-lengte-40-cm\/","og_locale":"de_DE","og_type":"article","og_title":"PVC oprolriem beige 40 cm - D&amp;P Trading","og_description":"Specificaties\u00a0   PVC  Lengte = 40 cm  Breedte = 20 mm  Materiaal dikte = 2,1 mm  Beige  Gat afstand = 20 mm","og_url":"https:\/\/dptrading.nl\/de\/produkt\/pvc-oprolriem-beige-b20-mm-lengte-40-cm\/","og_site_name":"D&amp;P Trading","article_modified_time":"2026-01-21T23:05:52+00:00","og_image":[{"width":2048,"height":2048,"url":"https:\/\/dptrading.nl\/wp-content\/uploads\/2025\/05\/oprolriem-beige.jpg","type":"image\/jpeg"}],"twitter_card":"summary_large_image","twitter_misc":{"Gesch\u00e4tzte Lesezeit":"1\u00a0Minute"},"schema":{"@context":"https:\/\/schema.org","@graph":[{"@type":"WebPage","@id":"https:\/\/dptrading.nl\/product\/pvc-oprolriem-beige-b20-mm-lengte-40-cm\/","url":"https:\/\/dptrading.nl\/product\/pvc-oprolriem-beige-b20-mm-lengte-40-cm\/","name":"PVC oprolriem beige 40 cm - D&amp;P Trading","isPartOf":{"@id":"https:\/\/dptrading.nl\/#website"},"primaryImageOfPage":{"@id":"https:\/\/dptrading.nl\/product\/pvc-oprolriem-beige-b20-mm-lengte-40-cm\/#primaryimage"},"image":{"@id":"https:\/\/dptrading.nl\/product\/pvc-oprolriem-beige-b20-mm-lengte-40-cm\/#primaryimage"},"thumbnailUrl":"https:\/\/dptrading.nl\/wp-content\/uploads\/2025\/05\/oprolriem-beige.jpg","datePublished":"2025-05-27T06:45:15+00:00","dateModified":"2026-01-21T23:05:52+00:00","breadcrumb":{"@id":"https:\/\/dptrading.nl\/product\/pvc-oprolriem-beige-b20-mm-lengte-40-cm\/#breadcrumb"},"inLanguage":"de","potentialAction":[{"@type":"ReadAction","target":["https:\/\/dptrading.nl\/product\/pvc-oprolriem-beige-b20-mm-lengte-40-cm\/"]}]},{"@type":"ImageObject","inLanguage":"de","@id":"https:\/\/dptrading.nl\/product\/pvc-oprolriem-beige-b20-mm-lengte-40-cm\/#primaryimage","url":"https:\/\/dptrading.nl\/wp-content\/uploads\/2025\/05\/oprolriem-beige.jpg","contentUrl":"https:\/\/dptrading.nl\/wp-content\/uploads\/2025\/05\/oprolriem-beige.jpg","width":2048,"height":2048},{"@type":"BreadcrumbList","@id":"https:\/\/dptrading.nl\/product\/pvc-oprolriem-beige-b20-mm-lengte-40-cm\/#breadcrumb","itemListElement":[{"@type":"ListItem","position":1,"name":"Home","item":"https:\/\/dptrading.nl\/"},{"@type":"ListItem","position":2,"name":"Producten","item":"https:\/\/dptrading.nl\/winkel\/"},{"@type":"ListItem","position":3,"name":"PVC oprolriem beige 40 cm"}]},{"@type":"WebSite","@id":"https:\/\/dptrading.nl\/#website","url":"https:\/\/dptrading.nl\/","name":"D&amp;P Handel","description":"","publisher":{"@id":"https:\/\/dptrading.nl\/#organization"},"potentialAction":[{"@type":"SearchAction","target":{"@type":"EntryPoint","urlTemplate":"https:\/\/dptrading.nl\/?s={search_term_string}"},"query-input":{"@type":"PropertyValueSpecification","valueRequired":true,"valueName":"search_term_string"}}],"inLanguage":"de"},{"@type":"Organization","@id":"https:\/\/dptrading.nl\/#organization","name":"D&amp;P Handel","url":"https:\/\/dptrading.nl\/","logo":{"@type":"ImageObject","inLanguage":"de","@id":"https:\/\/dptrading.nl\/#\/schema\/logo\/image\/","url":"https:\/\/dptrading.nl\/wp-content\/uploads\/2025\/04\/logo-dp.png","contentUrl":"https:\/\/dptrading.nl\/wp-content\/uploads\/2025\/04\/logo-dp.png","width":1248,"height":156,"caption":"D&P Trading"},"image":{"@id":"https:\/\/dptrading.nl\/#\/schema\/logo\/image\/"}}]}},"_links":{"self":[{"href":"https:\/\/dptrading.nl\/de\/wp-json\/wp\/v2\/product\/499","targetHints":{"allow":["GET"]}}],"collection":[{"href":"https:\/\/dptrading.nl\/de\/wp-json\/wp\/v2\/product"}],"about":[{"href":"https:\/\/dptrading.nl\/de\/wp-json\/wp\/v2\/types\/product"}],"wp:featuredmedia":[{"embeddable":true,"href":"https:\/\/dptrading.nl\/de\/wp-json\/wp\/v2\/media\/2238"}],"wp:attachment":[{"href":"https:\/\/dptrading.nl\/de\/wp-json\/wp\/v2\/media?parent=499"}],"wp:term":[{"taxonomy":"product_brand","embeddable":true,"href":"https:\/\/dptrading.nl\/de\/wp-json\/wp\/v2\/product_brand?post=499"},{"taxonomy":"product_cat","embeddable":true,"href":"https:\/\/dptrading.nl\/de\/wp-json\/wp\/v2\/product_cat?post=499"},{"taxonomy":"product_tag","embeddable":true,"href":"https:\/\/dptrading.nl\/de\/wp-json\/wp\/v2\/product_tag?post=499"}],"curies":[{"name":"wp","href":"https:\/\/api.w.org\/{rel}","templated":true}]}}