{"id":2690,"date":"2025-08-13T11:37:31","date_gmt":"2025-08-13T09:37:31","guid":{"rendered":"https:\/\/dptrading.nl\/product\/ergo-trekratel-50-mm-verzinkt-5000-dan\/"},"modified":"2026-01-22T00:47:31","modified_gmt":"2026-01-21T23:47:31","slug":"ergo-trekratel-50-mm-verzinkt-5000-dan","status":"publish","type":"product","link":"https:\/\/dptrading.nl\/de\/produkt\/ergo-trekratel-50-mm-verzinkt-5000-dan\/","title":{"rendered":"ERGO Zugratsche 50 mm verzinkt - 5000 daN"},"content":{"rendered":"<p>Ratschen mit langem Hebel, auch ERGO-Ratschen genannt, sind ideal f\u00fcr den sicheren Transport von schweren G\u00fctern, da sie hohe Vorspannkr\u00e4fte mit geringem Aufwand erm\u00f6glichen. Sie werden unter anderem in der Logistik, im Bauwesen und in der Industrie eingesetzt.<\/p>","protected":false},"excerpt":{"rendered":"<table width=\"360\">\n<tbody>\n<tr>\n<td width=\"180\">Bandbreite<\/td>\n<td width=\"180\">50 mm<\/td>\n<\/tr>\n<tr>\n<td>L\u00e4nge des Hakens<\/td>\n<td>K.A.<\/td>\n<\/tr>\n<tr>\n<td>Material<\/td>\n<td>Edelstahl<\/td>\n<\/tr>\n<tr>\n<td>Oberfl\u00e4che<\/td>\n<td>Verzinkt<\/td>\n<\/tr>\n<tr>\n<td>Hebel-Sicherung<\/td>\n<td>YES<\/td>\n<\/tr>\n<tr>\n<td>Bruchlast (BS)<\/td>\n<td>50 kN (5000 daN)<\/td>\n<\/tr>\n<tr>\n<td>Zurrkraft<\/td>\n<td>25 kN (2500 daN)<\/td>\n<\/tr>\n<tr>\n<td>STF-Wert<\/td>\n<td>500 daN<\/td>\n<\/tr>\n<\/tbody>\n<\/table>","protected":false},"featured_media":2782,"template":"","meta":{"_acf_changed":false},"product_brand":[],"product_cat":[130,34],"product_tag":[],"class_list":{"0":"post-2690","1":"product","2":"type-product","3":"status-publish","4":"has-post-thumbnail","6":"product_cat-ratels","7":"product_cat-ratels-klemgespen","9":"first","10":"instock","11":"shipping-taxable","12":"purchasable","13":"product-type-simple"},"acf":[],"yoast_head":"<!-- This site is optimized with the Yoast SEO plugin v26.6 - https:\/\/yoast.com\/wordpress\/plugins\/seo\/ -->\n<title>ERGO trekratel 50 mm verzinkt - 5000 daN - D&amp;P Trading<\/title>\n<meta name=\"robots\" content=\"index, follow, max-snippet:-1, max-image-preview:large, max-video-preview:-1\" \/>\n<link rel=\"canonical\" href=\"https:\/\/dptrading.nl\/de\/produkt\/ergo-trekratel-50-mm-verzinkt-5000-dan\/\" \/>\n<meta property=\"og:locale\" content=\"de_DE\" \/>\n<meta property=\"og:type\" content=\"article\" \/>\n<meta property=\"og:title\" content=\"ERGO trekratel 50 mm verzinkt - 5000 daN - D&amp;P Trading\" \/>\n<meta property=\"og:description\" content=\"Bandbreedte 50 mm   Lengte haak N.V.T.   Materiaal Hoogwaardig staal   Afwerking Verzinkt   Hendelzekering JA   Breukbelasting (BS) 50 kN (5000 daN)   Lashing Capacity 25 kN (2500 daN)   STF-waarde 500 daN\" \/>\n<meta property=\"og:url\" content=\"https:\/\/dptrading.nl\/de\/produkt\/ergo-trekratel-50-mm-verzinkt-5000-dan\/\" \/>\n<meta property=\"og:site_name\" content=\"D&amp;P Trading\" \/>\n<meta property=\"article:modified_time\" content=\"2026-01-21T23:47:31+00:00\" \/>\n<meta property=\"og:image\" content=\"https:\/\/dptrading.nl\/wp-content\/uploads\/2025\/08\/84.5050.0126.jpg\" \/>\n\t<meta property=\"og:image:width\" content=\"960\" \/>\n\t<meta property=\"og:image:height\" content=\"960\" \/>\n\t<meta property=\"og:image:type\" content=\"image\/jpeg\" \/>\n<meta name=\"twitter:card\" content=\"summary_large_image\" \/>\n<meta name=\"twitter:label1\" content=\"Gesch\u00e4tzte Lesezeit\" \/>\n\t<meta name=\"twitter:data1\" content=\"1\u00a0Minute\" \/>\n<script type=\"application\/ld+json\" class=\"yoast-schema-graph\">{\"@context\":\"https:\/\/schema.org\",\"@graph\":[{\"@type\":\"WebPage\",\"@id\":\"https:\/\/dptrading.nl\/product\/ergo-trekratel-50-mm-verzinkt-5000-dan\/\",\"url\":\"https:\/\/dptrading.nl\/product\/ergo-trekratel-50-mm-verzinkt-5000-dan\/\",\"name\":\"ERGO trekratel 50 mm verzinkt - 5000 daN - D&amp;P Trading\",\"isPartOf\":{\"@id\":\"https:\/\/dptrading.nl\/#website\"},\"primaryImageOfPage\":{\"@id\":\"https:\/\/dptrading.nl\/product\/ergo-trekratel-50-mm-verzinkt-5000-dan\/#primaryimage\"},\"image\":{\"@id\":\"https:\/\/dptrading.nl\/product\/ergo-trekratel-50-mm-verzinkt-5000-dan\/#primaryimage\"},\"thumbnailUrl\":\"https:\/\/dptrading.nl\/wp-content\/uploads\/2025\/08\/84.5050.0126.jpg\",\"datePublished\":\"2025-08-13T09:37:31+00:00\",\"dateModified\":\"2026-01-21T23:47:31+00:00\",\"breadcrumb\":{\"@id\":\"https:\/\/dptrading.nl\/product\/ergo-trekratel-50-mm-verzinkt-5000-dan\/#breadcrumb\"},\"inLanguage\":\"de\",\"potentialAction\":[{\"@type\":\"ReadAction\",\"target\":[\"https:\/\/dptrading.nl\/product\/ergo-trekratel-50-mm-verzinkt-5000-dan\/\"]}]},{\"@type\":\"ImageObject\",\"inLanguage\":\"de\",\"@id\":\"https:\/\/dptrading.nl\/product\/ergo-trekratel-50-mm-verzinkt-5000-dan\/#primaryimage\",\"url\":\"https:\/\/dptrading.nl\/wp-content\/uploads\/2025\/08\/84.5050.0126.jpg\",\"contentUrl\":\"https:\/\/dptrading.nl\/wp-content\/uploads\/2025\/08\/84.5050.0126.jpg\",\"width\":960,\"height\":960},{\"@type\":\"BreadcrumbList\",\"@id\":\"https:\/\/dptrading.nl\/product\/ergo-trekratel-50-mm-verzinkt-5000-dan\/#breadcrumb\",\"itemListElement\":[{\"@type\":\"ListItem\",\"position\":1,\"name\":\"Home\",\"item\":\"https:\/\/dptrading.nl\/\"},{\"@type\":\"ListItem\",\"position\":2,\"name\":\"Producten\",\"item\":\"https:\/\/dptrading.nl\/winkel\/\"},{\"@type\":\"ListItem\",\"position\":3,\"name\":\"ERGO trekratel 50 mm verzinkt &#8211; 5000 daN\"}]},{\"@type\":\"WebSite\",\"@id\":\"https:\/\/dptrading.nl\/#website\",\"url\":\"https:\/\/dptrading.nl\/\",\"name\":\"D&P Trading\",\"description\":\"\",\"publisher\":{\"@id\":\"https:\/\/dptrading.nl\/#organization\"},\"potentialAction\":[{\"@type\":\"SearchAction\",\"target\":{\"@type\":\"EntryPoint\",\"urlTemplate\":\"https:\/\/dptrading.nl\/?s={search_term_string}\"},\"query-input\":{\"@type\":\"PropertyValueSpecification\",\"valueRequired\":true,\"valueName\":\"search_term_string\"}}],\"inLanguage\":\"de\"},{\"@type\":\"Organization\",\"@id\":\"https:\/\/dptrading.nl\/#organization\",\"name\":\"D&P Trading\",\"url\":\"https:\/\/dptrading.nl\/\",\"logo\":{\"@type\":\"ImageObject\",\"inLanguage\":\"de\",\"@id\":\"https:\/\/dptrading.nl\/#\/schema\/logo\/image\/\",\"url\":\"https:\/\/dptrading.nl\/wp-content\/uploads\/2025\/04\/logo-dp.png\",\"contentUrl\":\"https:\/\/dptrading.nl\/wp-content\/uploads\/2025\/04\/logo-dp.png\",\"width\":1248,\"height\":156,\"caption\":\"D&P Trading\"},\"image\":{\"@id\":\"https:\/\/dptrading.nl\/#\/schema\/logo\/image\/\"}}]}<\/script>\n<!-- \/ Yoast SEO plugin. -->","yoast_head_json":{"title":"ERGO trekratel 50 mm verzinkt - 5000 daN - D&amp;P Trading","robots":{"index":"index","follow":"follow","max-snippet":"max-snippet:-1","max-image-preview":"max-image-preview:large","max-video-preview":"max-video-preview:-1"},"canonical":"https:\/\/dptrading.nl\/de\/produkt\/ergo-trekratel-50-mm-verzinkt-5000-dan\/","og_locale":"de_DE","og_type":"article","og_title":"ERGO trekratel 50 mm verzinkt - 5000 daN - D&amp;P Trading","og_description":"Bandbreedte 50 mm   Lengte haak N.V.T.   Materiaal Hoogwaardig staal   Afwerking Verzinkt   Hendelzekering JA   Breukbelasting (BS) 50 kN (5000 daN)   Lashing Capacity 25 kN (2500 daN)   STF-waarde 500 daN","og_url":"https:\/\/dptrading.nl\/de\/produkt\/ergo-trekratel-50-mm-verzinkt-5000-dan\/","og_site_name":"D&amp;P Trading","article_modified_time":"2026-01-21T23:47:31+00:00","og_image":[{"width":960,"height":960,"url":"https:\/\/dptrading.nl\/wp-content\/uploads\/2025\/08\/84.5050.0126.jpg","type":"image\/jpeg"}],"twitter_card":"summary_large_image","twitter_misc":{"Gesch\u00e4tzte Lesezeit":"1\u00a0Minute"},"schema":{"@context":"https:\/\/schema.org","@graph":[{"@type":"WebPage","@id":"https:\/\/dptrading.nl\/product\/ergo-trekratel-50-mm-verzinkt-5000-dan\/","url":"https:\/\/dptrading.nl\/product\/ergo-trekratel-50-mm-verzinkt-5000-dan\/","name":"ERGO trekratel 50 mm verzinkt - 5000 daN - D&amp;P Trading","isPartOf":{"@id":"https:\/\/dptrading.nl\/#website"},"primaryImageOfPage":{"@id":"https:\/\/dptrading.nl\/product\/ergo-trekratel-50-mm-verzinkt-5000-dan\/#primaryimage"},"image":{"@id":"https:\/\/dptrading.nl\/product\/ergo-trekratel-50-mm-verzinkt-5000-dan\/#primaryimage"},"thumbnailUrl":"https:\/\/dptrading.nl\/wp-content\/uploads\/2025\/08\/84.5050.0126.jpg","datePublished":"2025-08-13T09:37:31+00:00","dateModified":"2026-01-21T23:47:31+00:00","breadcrumb":{"@id":"https:\/\/dptrading.nl\/product\/ergo-trekratel-50-mm-verzinkt-5000-dan\/#breadcrumb"},"inLanguage":"de","potentialAction":[{"@type":"ReadAction","target":["https:\/\/dptrading.nl\/product\/ergo-trekratel-50-mm-verzinkt-5000-dan\/"]}]},{"@type":"ImageObject","inLanguage":"de","@id":"https:\/\/dptrading.nl\/product\/ergo-trekratel-50-mm-verzinkt-5000-dan\/#primaryimage","url":"https:\/\/dptrading.nl\/wp-content\/uploads\/2025\/08\/84.5050.0126.jpg","contentUrl":"https:\/\/dptrading.nl\/wp-content\/uploads\/2025\/08\/84.5050.0126.jpg","width":960,"height":960},{"@type":"BreadcrumbList","@id":"https:\/\/dptrading.nl\/product\/ergo-trekratel-50-mm-verzinkt-5000-dan\/#breadcrumb","itemListElement":[{"@type":"ListItem","position":1,"name":"Home","item":"https:\/\/dptrading.nl\/"},{"@type":"ListItem","position":2,"name":"Producten","item":"https:\/\/dptrading.nl\/winkel\/"},{"@type":"ListItem","position":3,"name":"ERGO trekratel 50 mm verzinkt &#8211; 5000 daN"}]},{"@type":"WebSite","@id":"https:\/\/dptrading.nl\/#website","url":"https:\/\/dptrading.nl\/","name":"D&amp;P Handel","description":"","publisher":{"@id":"https:\/\/dptrading.nl\/#organization"},"potentialAction":[{"@type":"SearchAction","target":{"@type":"EntryPoint","urlTemplate":"https:\/\/dptrading.nl\/?s={search_term_string}"},"query-input":{"@type":"PropertyValueSpecification","valueRequired":true,"valueName":"search_term_string"}}],"inLanguage":"de"},{"@type":"Organization","@id":"https:\/\/dptrading.nl\/#organization","name":"D&amp;P Handel","url":"https:\/\/dptrading.nl\/","logo":{"@type":"ImageObject","inLanguage":"de","@id":"https:\/\/dptrading.nl\/#\/schema\/logo\/image\/","url":"https:\/\/dptrading.nl\/wp-content\/uploads\/2025\/04\/logo-dp.png","contentUrl":"https:\/\/dptrading.nl\/wp-content\/uploads\/2025\/04\/logo-dp.png","width":1248,"height":156,"caption":"D&P Trading"},"image":{"@id":"https:\/\/dptrading.nl\/#\/schema\/logo\/image\/"}}]}},"_links":{"self":[{"href":"https:\/\/dptrading.nl\/de\/wp-json\/wp\/v2\/product\/2690","targetHints":{"allow":["GET"]}}],"collection":[{"href":"https:\/\/dptrading.nl\/de\/wp-json\/wp\/v2\/product"}],"about":[{"href":"https:\/\/dptrading.nl\/de\/wp-json\/wp\/v2\/types\/product"}],"wp:featuredmedia":[{"embeddable":true,"href":"https:\/\/dptrading.nl\/de\/wp-json\/wp\/v2\/media\/2782"}],"wp:attachment":[{"href":"https:\/\/dptrading.nl\/de\/wp-json\/wp\/v2\/media?parent=2690"}],"wp:term":[{"taxonomy":"product_brand","embeddable":true,"href":"https:\/\/dptrading.nl\/de\/wp-json\/wp\/v2\/product_brand?post=2690"},{"taxonomy":"product_cat","embeddable":true,"href":"https:\/\/dptrading.nl\/de\/wp-json\/wp\/v2\/product_cat?post=2690"},{"taxonomy":"product_tag","embeddable":true,"href":"https:\/\/dptrading.nl\/de\/wp-json\/wp\/v2\/product_tag?post=2690"}],"curies":[{"name":"wp","href":"https:\/\/api.w.org\/{rel}","templated":true}]}}