{"id":2164,"date":"2025-06-24T15:26:30","date_gmt":"2025-06-24T13:26:30","guid":{"rendered":"https:\/\/dptrading.nl\/product\/forplast-db-voor-anti-vandalismeband-4000-watt-20o\/"},"modified":"2026-01-22T01:11:32","modified_gmt":"2026-01-22T00:11:32","slug":"forplast-db-voor-anti-vandalismeband-4000-watt-20o","status":"publish","type":"product","link":"https:\/\/dptrading.nl\/de\/produkt\/forplast-db-voor-anti-vandalismeband-4000-watt-20o\/","title":{"rendered":"Forsthoff Forplast DB - 4000 Watt + 50 mm D\u00fcse zum Verschweissen von Vandalismusschutz und PVC Gurtband"},"content":{"rendered":"<p><span dir=\"auto\">Die Forplast DB-Bandschwei\u00dfmaschine ist eine sehr leistungsstarke Schwei\u00dfmaschine f\u00fcr das Anbringen von 50-mm-B\u00e4ndern oder Anti-Vandalismus-B\u00e4ndern, die mit einer speziellen Dichtungsmasse verschwei\u00dft werden k\u00f6nnen.<\/span><\/p>\n<p><span dir=\"auto\">Das Heissluftschweissger\u00e4t hat eine Heizleistung von 4000 W (230 V AC), die stufenlos von 20 bis 700 \u00b0C einstellbar ist. Die Antriebseinheit ist mit einem leistungsstarken Motor und einem robusten Geh\u00e4use ausgestattet, was einen schnellen Betrieb und hohen Druck gew\u00e4hrleistet. Das Ger\u00e4t startet automatisch, nachdem der Schwei\u00dfkopf in Position gedreht wurde.<\/span><\/p>\n<p><span dir=\"auto\">Au\u00dferdem wird das Geh\u00e4use des Schwei\u00dfger\u00e4ts durch ein Drei-Punkt-Befestigungssystem gest\u00fctzt, das kleine Unebenheiten der Schwei\u00dffl\u00e4che ausgleicht. Dazu tr\u00e4gt auch das Gewicht bei, das in das Geh\u00e4use integriert ist und bei Bedarf entfernt werden kann.<\/span><\/p>\n<p><span dir=\"auto\">Der Forplast DB schwei\u00dft zuverl\u00e4ssig 50 mm breite Reifen. Das integrierte, leistungsstarke Hei\u00dfluftgebl\u00e4se Oval-AB erzeugt eine hohe Luftleistung von 360 Litern pro Minute. Zudem verf\u00fcgt die Forplast DB \u00fcber einen fortschrittlichen Getriebemotor, made in Germany.  Der Hitzeschild verst\u00e4rkt den gro\u00dfz\u00fcgigen Rollmechanismus der Forplast DB und verhindert \u00dcberhitzung und Materialverformung.<\/span><\/p>","protected":false},"excerpt":{"rendered":"<p>Technische Daten:<\/p>\n<ul>\n<li>Spannung: 230V; 120V<\/li>\n<li>Leistung: 4000W-230V bei 40+45 mm D\u00fcse<\/li>\n<li>Leistung: 2200W-120V<\/li>\n<li>Frequenz: 50\/60 Hz<\/li>\n<li>Temperatur: stufenlos einstellbar von 20\u00b0-700\u00b0<\/li>\n<li>Abmessungen: L\u00e4nge=520 mm, Breite=385 mm, H\u00f6he=760 mm (ohne Griff)<\/li>\n<li>Gewicht: 36,8 kg komplett<\/li>\n<li>G\u00fctesiegel: CE; EAC<\/li>\n<li>Schutzklasse: Klasse II (doppelte oder verst\u00e4rkte Isolierung ohne Schutzleiter)<\/li>\n<\/ul>","protected":false},"featured_media":3263,"template":"","meta":{"_acf_changed":false},"product_brand":[115],"product_cat":[144,37],"product_tag":[],"class_list":{"0":"post-2164","1":"product","2":"type-product","3":"status-publish","4":"has-post-thumbnail","6":"product_brand-forsthoff","7":"product_cat-lasautomaten","8":"product_cat-lasapparatuur","10":"first","11":"instock","12":"shipping-taxable","13":"purchasable","14":"product-type-simple"},"acf":[],"yoast_head":"<!-- This site is optimized with the Yoast SEO plugin v26.6 - https:\/\/yoast.com\/wordpress\/plugins\/seo\/ -->\n<title>Forsthoff Forplast DB - 4000 Watt voor anti-vandalisme en bandlassen + 50 mm mondstuk - D&amp;P Trading<\/title>\n<meta name=\"robots\" content=\"index, follow, max-snippet:-1, max-image-preview:large, max-video-preview:-1\" \/>\n<link rel=\"canonical\" href=\"https:\/\/dptrading.nl\/de\/produkt\/forplast-db-voor-anti-vandalismeband-4000-watt-20o\/\" \/>\n<meta property=\"og:locale\" content=\"de_DE\" \/>\n<meta property=\"og:type\" content=\"article\" \/>\n<meta property=\"og:title\" content=\"Forsthoff Forplast DB - 4000 Watt voor anti-vandalisme en bandlassen + 50 mm mondstuk - D&amp;P Trading\" \/>\n<meta property=\"og:description\" content=\"Technische gegevens:   Spanning: 230V; 120V  Prestaties: 4000W-230V bij 40+45 mm mondstuk  Prestaties: 2200W-120V  Frequentie: 50\/60 Hz  Temperatuur: traploos verstelbaar van 20\u00b0-700\u00b0  Afmetingen: lengte=520 mm, breedte=385 mm, hoogte=760 mm (zonder handgreep)  Gewicht: 36,8 kg compleet  Keurmerk: CE; EAC  Beschermingsklasse: klasse II (dubbele of versterkte isolatie zonder beschermingsleiding)\" \/>\n<meta property=\"og:url\" content=\"https:\/\/dptrading.nl\/de\/produkt\/forplast-db-voor-anti-vandalismeband-4000-watt-20o\/\" \/>\n<meta property=\"og:site_name\" content=\"D&amp;P Trading\" \/>\n<meta property=\"article:modified_time\" content=\"2026-01-22T00:11:32+00:00\" \/>\n<meta property=\"og:image\" content=\"https:\/\/dptrading.nl\/wp-content\/uploads\/2025\/05\/Forplast-DB.jpg\" \/>\n\t<meta property=\"og:image:width\" content=\"1512\" \/>\n\t<meta property=\"og:image:height\" content=\"1512\" \/>\n\t<meta property=\"og:image:type\" content=\"image\/jpeg\" \/>\n<meta name=\"twitter:card\" content=\"summary_large_image\" \/>\n<meta name=\"twitter:label1\" content=\"Gesch\u00e4tzte Lesezeit\" \/>\n\t<meta name=\"twitter:data1\" content=\"2\u00a0Minuten\" \/>\n<script type=\"application\/ld+json\" class=\"yoast-schema-graph\">{\"@context\":\"https:\/\/schema.org\",\"@graph\":[{\"@type\":\"WebPage\",\"@id\":\"https:\/\/dptrading.nl\/product\/forplast-db-voor-anti-vandalismeband-4000-watt-20o\/\",\"url\":\"https:\/\/dptrading.nl\/product\/forplast-db-voor-anti-vandalismeband-4000-watt-20o\/\",\"name\":\"Forsthoff Forplast DB - 4000 Watt voor anti-vandalisme en bandlassen + 50 mm mondstuk - D&amp;P Trading\",\"isPartOf\":{\"@id\":\"https:\/\/dptrading.nl\/#website\"},\"primaryImageOfPage\":{\"@id\":\"https:\/\/dptrading.nl\/product\/forplast-db-voor-anti-vandalismeband-4000-watt-20o\/#primaryimage\"},\"image\":{\"@id\":\"https:\/\/dptrading.nl\/product\/forplast-db-voor-anti-vandalismeband-4000-watt-20o\/#primaryimage\"},\"thumbnailUrl\":\"https:\/\/dptrading.nl\/wp-content\/uploads\/2025\/05\/Forplast-DB.jpg\",\"datePublished\":\"2025-06-24T13:26:30+00:00\",\"dateModified\":\"2026-01-22T00:11:32+00:00\",\"breadcrumb\":{\"@id\":\"https:\/\/dptrading.nl\/product\/forplast-db-voor-anti-vandalismeband-4000-watt-20o\/#breadcrumb\"},\"inLanguage\":\"de\",\"potentialAction\":[{\"@type\":\"ReadAction\",\"target\":[\"https:\/\/dptrading.nl\/product\/forplast-db-voor-anti-vandalismeband-4000-watt-20o\/\"]}]},{\"@type\":\"ImageObject\",\"inLanguage\":\"de\",\"@id\":\"https:\/\/dptrading.nl\/product\/forplast-db-voor-anti-vandalismeband-4000-watt-20o\/#primaryimage\",\"url\":\"https:\/\/dptrading.nl\/wp-content\/uploads\/2025\/05\/Forplast-DB.jpg\",\"contentUrl\":\"https:\/\/dptrading.nl\/wp-content\/uploads\/2025\/05\/Forplast-DB.jpg\",\"width\":1512,\"height\":1512},{\"@type\":\"BreadcrumbList\",\"@id\":\"https:\/\/dptrading.nl\/product\/forplast-db-voor-anti-vandalismeband-4000-watt-20o\/#breadcrumb\",\"itemListElement\":[{\"@type\":\"ListItem\",\"position\":1,\"name\":\"Home\",\"item\":\"https:\/\/dptrading.nl\/\"},{\"@type\":\"ListItem\",\"position\":2,\"name\":\"Producten\",\"item\":\"https:\/\/dptrading.nl\/winkel\/\"},{\"@type\":\"ListItem\",\"position\":3,\"name\":\"Forsthoff Forplast DB &#8211; 4000 Watt voor anti-vandalisme en bandlassen + 50 mm mondstuk\"}]},{\"@type\":\"WebSite\",\"@id\":\"https:\/\/dptrading.nl\/#website\",\"url\":\"https:\/\/dptrading.nl\/\",\"name\":\"D&P Trading\",\"description\":\"\",\"publisher\":{\"@id\":\"https:\/\/dptrading.nl\/#organization\"},\"potentialAction\":[{\"@type\":\"SearchAction\",\"target\":{\"@type\":\"EntryPoint\",\"urlTemplate\":\"https:\/\/dptrading.nl\/?s={search_term_string}\"},\"query-input\":{\"@type\":\"PropertyValueSpecification\",\"valueRequired\":true,\"valueName\":\"search_term_string\"}}],\"inLanguage\":\"de\"},{\"@type\":\"Organization\",\"@id\":\"https:\/\/dptrading.nl\/#organization\",\"name\":\"D&P Trading\",\"url\":\"https:\/\/dptrading.nl\/\",\"logo\":{\"@type\":\"ImageObject\",\"inLanguage\":\"de\",\"@id\":\"https:\/\/dptrading.nl\/#\/schema\/logo\/image\/\",\"url\":\"https:\/\/dptrading.nl\/wp-content\/uploads\/2025\/04\/logo-dp.png\",\"contentUrl\":\"https:\/\/dptrading.nl\/wp-content\/uploads\/2025\/04\/logo-dp.png\",\"width\":1248,\"height\":156,\"caption\":\"D&P Trading\"},\"image\":{\"@id\":\"https:\/\/dptrading.nl\/#\/schema\/logo\/image\/\"}}]}<\/script>\n<!-- \/ Yoast SEO plugin. -->","yoast_head_json":{"title":"Forsthoff Forplast DB - 4000 Watt voor anti-vandalisme en bandlassen + 50 mm mondstuk - D&amp;P Trading","robots":{"index":"index","follow":"follow","max-snippet":"max-snippet:-1","max-image-preview":"max-image-preview:large","max-video-preview":"max-video-preview:-1"},"canonical":"https:\/\/dptrading.nl\/de\/produkt\/forplast-db-voor-anti-vandalismeband-4000-watt-20o\/","og_locale":"de_DE","og_type":"article","og_title":"Forsthoff Forplast DB - 4000 Watt voor anti-vandalisme en bandlassen + 50 mm mondstuk - D&amp;P Trading","og_description":"Technische gegevens:   Spanning: 230V; 120V  Prestaties: 4000W-230V bij 40+45 mm mondstuk  Prestaties: 2200W-120V  Frequentie: 50\/60 Hz  Temperatuur: traploos verstelbaar van 20\u00b0-700\u00b0  Afmetingen: lengte=520 mm, breedte=385 mm, hoogte=760 mm (zonder handgreep)  Gewicht: 36,8 kg compleet  Keurmerk: CE; EAC  Beschermingsklasse: klasse II (dubbele of versterkte isolatie zonder beschermingsleiding)","og_url":"https:\/\/dptrading.nl\/de\/produkt\/forplast-db-voor-anti-vandalismeband-4000-watt-20o\/","og_site_name":"D&amp;P Trading","article_modified_time":"2026-01-22T00:11:32+00:00","og_image":[{"width":1512,"height":1512,"url":"https:\/\/dptrading.nl\/wp-content\/uploads\/2025\/05\/Forplast-DB.jpg","type":"image\/jpeg"}],"twitter_card":"summary_large_image","twitter_misc":{"Gesch\u00e4tzte Lesezeit":"2\u00a0Minuten"},"schema":{"@context":"https:\/\/schema.org","@graph":[{"@type":"WebPage","@id":"https:\/\/dptrading.nl\/product\/forplast-db-voor-anti-vandalismeband-4000-watt-20o\/","url":"https:\/\/dptrading.nl\/product\/forplast-db-voor-anti-vandalismeband-4000-watt-20o\/","name":"Forsthoff Forplast DB - 4000 Watt voor anti-vandalisme en bandlassen + 50 mm mondstuk - D&amp;P Trading","isPartOf":{"@id":"https:\/\/dptrading.nl\/#website"},"primaryImageOfPage":{"@id":"https:\/\/dptrading.nl\/product\/forplast-db-voor-anti-vandalismeband-4000-watt-20o\/#primaryimage"},"image":{"@id":"https:\/\/dptrading.nl\/product\/forplast-db-voor-anti-vandalismeband-4000-watt-20o\/#primaryimage"},"thumbnailUrl":"https:\/\/dptrading.nl\/wp-content\/uploads\/2025\/05\/Forplast-DB.jpg","datePublished":"2025-06-24T13:26:30+00:00","dateModified":"2026-01-22T00:11:32+00:00","breadcrumb":{"@id":"https:\/\/dptrading.nl\/product\/forplast-db-voor-anti-vandalismeband-4000-watt-20o\/#breadcrumb"},"inLanguage":"de","potentialAction":[{"@type":"ReadAction","target":["https:\/\/dptrading.nl\/product\/forplast-db-voor-anti-vandalismeband-4000-watt-20o\/"]}]},{"@type":"ImageObject","inLanguage":"de","@id":"https:\/\/dptrading.nl\/product\/forplast-db-voor-anti-vandalismeband-4000-watt-20o\/#primaryimage","url":"https:\/\/dptrading.nl\/wp-content\/uploads\/2025\/05\/Forplast-DB.jpg","contentUrl":"https:\/\/dptrading.nl\/wp-content\/uploads\/2025\/05\/Forplast-DB.jpg","width":1512,"height":1512},{"@type":"BreadcrumbList","@id":"https:\/\/dptrading.nl\/product\/forplast-db-voor-anti-vandalismeband-4000-watt-20o\/#breadcrumb","itemListElement":[{"@type":"ListItem","position":1,"name":"Home","item":"https:\/\/dptrading.nl\/"},{"@type":"ListItem","position":2,"name":"Producten","item":"https:\/\/dptrading.nl\/winkel\/"},{"@type":"ListItem","position":3,"name":"Forsthoff Forplast DB &#8211; 4000 Watt voor anti-vandalisme en bandlassen + 50 mm mondstuk"}]},{"@type":"WebSite","@id":"https:\/\/dptrading.nl\/#website","url":"https:\/\/dptrading.nl\/","name":"D&amp;P Handel","description":"","publisher":{"@id":"https:\/\/dptrading.nl\/#organization"},"potentialAction":[{"@type":"SearchAction","target":{"@type":"EntryPoint","urlTemplate":"https:\/\/dptrading.nl\/?s={search_term_string}"},"query-input":{"@type":"PropertyValueSpecification","valueRequired":true,"valueName":"search_term_string"}}],"inLanguage":"de"},{"@type":"Organization","@id":"https:\/\/dptrading.nl\/#organization","name":"D&amp;P Handel","url":"https:\/\/dptrading.nl\/","logo":{"@type":"ImageObject","inLanguage":"de","@id":"https:\/\/dptrading.nl\/#\/schema\/logo\/image\/","url":"https:\/\/dptrading.nl\/wp-content\/uploads\/2025\/04\/logo-dp.png","contentUrl":"https:\/\/dptrading.nl\/wp-content\/uploads\/2025\/04\/logo-dp.png","width":1248,"height":156,"caption":"D&P Trading"},"image":{"@id":"https:\/\/dptrading.nl\/#\/schema\/logo\/image\/"}}]}},"_links":{"self":[{"href":"https:\/\/dptrading.nl\/de\/wp-json\/wp\/v2\/product\/2164","targetHints":{"allow":["GET"]}}],"collection":[{"href":"https:\/\/dptrading.nl\/de\/wp-json\/wp\/v2\/product"}],"about":[{"href":"https:\/\/dptrading.nl\/de\/wp-json\/wp\/v2\/types\/product"}],"wp:featuredmedia":[{"embeddable":true,"href":"https:\/\/dptrading.nl\/de\/wp-json\/wp\/v2\/media\/3263"}],"wp:attachment":[{"href":"https:\/\/dptrading.nl\/de\/wp-json\/wp\/v2\/media?parent=2164"}],"wp:term":[{"taxonomy":"product_brand","embeddable":true,"href":"https:\/\/dptrading.nl\/de\/wp-json\/wp\/v2\/product_brand?post=2164"},{"taxonomy":"product_cat","embeddable":true,"href":"https:\/\/dptrading.nl\/de\/wp-json\/wp\/v2\/product_cat?post=2164"},{"taxonomy":"product_tag","embeddable":true,"href":"https:\/\/dptrading.nl\/de\/wp-json\/wp\/v2\/product_tag?post=2164"}],"curies":[{"name":"wp","href":"https:\/\/api.w.org\/{rel}","templated":true}]}}