{"id":2153,"date":"2025-06-24T14:30:56","date_gmt":"2025-06-24T12:30:56","guid":{"rendered":"https:\/\/dptrading.nl\/product\/oval-q-electronic-40-mm-mondstuk-1500-watt-regelbaar\/"},"modified":"2026-01-22T01:06:34","modified_gmt":"2026-01-22T00:06:34","slug":"oval-q-electronic-40-mm-mondstuk-1500-watt-regelbaar","status":"publish","type":"product","link":"https:\/\/dptrading.nl\/de\/produkt\/oval-q-electronic-40-mm-mondstuk-1500-watt-regelbaar\/","title":{"rendered":"Forsthoff Oval Q Electronic + 40 mm Mundst\u00fcck"},"content":{"rendered":"<p data-start=\"524\" data-end=\"718\">Das Forsthoff Oval-Q ist ein handliches und modernes Hei\u00dfluftgebl\u00e4se, das als professionelles Werkzeug zum Schwei\u00dfen, Bearbeiten, Schrumpfen und Umformen verschiedenster Thermoplaste eingesetzt wird.<\/p>\n<p data-start=\"720\" data-end=\"1243\">Die leicht zu reinigenden, optisch ansprechenden Luftfilter erg\u00e4nzen das praktische und robuste Design. Wie alle Forsthoff Handschwei\u00dfger\u00e4te ist auch dieses neu entwickelte Modell mit einem leistungsstarken deutschen Motor ausgestattet. Das Doppelturbinensystem erzeugt einen kraftvollen Luftaussto\u00df von 280 Litern pro Minute. Der ergonomische und schlanke Handgriff rundet das durchdachte Design ab und erm\u00f6glicht langes und m\u00fcheloses professionelles Arbeiten.<\/p>\n<p data-start=\"1245\" data-end=\"1397\">Die Oval-Q ist der Nachfolger der Tube-Q Hei\u00dfluftpistole und wurde als leistungsstarkes, universelles Schwei\u00dfger\u00e4t f\u00fcr die Bearbeitung aller thermoplastischen Kunststoffe entwickelt.<\/p>\n<p data-start=\"1399\" data-end=\"1823\">Er hat eine Heizleistung von 1500 W bei 230 V und verf\u00fcgt \u00fcber eine zuverl\u00e4ssige und pr\u00e4zise Regelelektronik f\u00fcr Temperaturen bis zu 700 \u00b0C. Beim Oval-Q m\u00fcssen nur die Kohleb\u00fcrsten nach 1500 Betriebsstunden ausgetauscht werden. Diese sind mit einem Abschaltmechanismus ausgestattet, der Motorsch\u00e4den bei abgenutzten B\u00fcrsten verhindert. Au\u00dferdem k\u00f6nnen die Kohleb\u00fcrsten mehrmals ausgetauscht werden.<\/p>\n<p data-start=\"1825\" data-end=\"2240\">Die Hauptd\u00fcse ist mit einer breiten Palette von Aufs\u00e4tzen kompatibel. Dies macht das Oval-Q zu einem leistungsstarken und vielseitigen Hei\u00dfluftschwei\u00dfger\u00e4t f\u00fcr Anwendungen wie das Verschwei\u00dfen von Thermoplasten, technischen Textilien, Planen, Bannern, Teichfolien, \u00dcberdachungen und Schwimmbadfolien. Dar\u00fcber hinaus eignet sich das Ger\u00e4t zum Aktivieren, Erw\u00e4rmen, Verformen und Schrumpfen verschiedener thermoplastischer Materialien.<\/p>","protected":false},"excerpt":{"rendered":"<p><img decoding=\"async\" class=\"alignnone size-medium wp-image-1936\" src=\"https:\/\/dptrading.nl\/wp-content\/uploads\/2025\/05\/forsthoff-logo-300x79.jpg\" alt=\"\" width=\"300\" height=\"79\" srcset=\"https:\/\/dptrading.nl\/wp-content\/uploads\/2025\/05\/forsthoff-logo-300x79.jpg 300w, https:\/\/dptrading.nl\/wp-content\/uploads\/2025\/05\/forsthoff-logo-18x5.jpg 18w, https:\/\/dptrading.nl\/wp-content\/uploads\/2025\/05\/forsthoff-logo-600x158.jpg 600w, https:\/\/dptrading.nl\/wp-content\/uploads\/2025\/05\/forsthoff-logo-64x17.jpg 64w, https:\/\/dptrading.nl\/wp-content\/uploads\/2025\/05\/forsthoff-logo.jpg 700w\" sizes=\"(max-width: 300px) 100vw, 300px\" \/><\/p>\n<table class=\"contenttable\" width=\"100%\">\n<tbody>\n<tr>\n<td>Spannung<\/td>\n<td>230 Volt<\/td>\n<\/tr>\n<tr>\n<td>Frequenz<\/td>\n<td>50Hz - 60Hz<\/td>\n<\/tr>\n<tr>\n<td>Wattleistung<\/td>\n<td>Maximal 1500 W<\/td>\n<\/tr>\n<tr>\n<td>Temperatur<\/td>\n<td>20-700 \u00b0C Einstellbar<\/td>\n<\/tr>\n<tr>\n<td>Luftmenge<\/td>\n<td>280 Liter \/ Minute<\/td>\n<\/tr>\n<tr>\n<td>Abmessungen<\/td>\n<td>334 x 95 mm - Griff \u00d8 58 mm<\/td>\n<\/tr>\n<tr>\n<td>Gewicht<\/td>\n<td>1,4 kg (einschlie\u00dflich 3 Meter Kabel)<\/td>\n<\/tr>\n<\/tbody>\n<\/table>","protected":false},"featured_media":3193,"template":"","meta":{"_acf_changed":false},"product_brand":[115],"product_cat":[143,37],"product_tag":[],"class_list":{"0":"post-2153","1":"product","2":"type-product","3":"status-publish","4":"has-post-thumbnail","6":"product_brand-forsthoff","7":"product_cat-handlassers","8":"product_cat-lasapparatuur","10":"first","11":"instock","12":"shipping-taxable","13":"purchasable","14":"product-type-simple"},"acf":[],"yoast_head":"<!-- This site is optimized with the Yoast SEO plugin v26.6 - https:\/\/yoast.com\/wordpress\/plugins\/seo\/ -->\n<title>Forsthoff Oval Q Electronic + 40 mm mondstuk - D&amp;P Trading<\/title>\n<meta name=\"robots\" content=\"index, follow, max-snippet:-1, max-image-preview:large, max-video-preview:-1\" \/>\n<link rel=\"canonical\" href=\"https:\/\/dptrading.nl\/de\/produkt\/oval-q-electronic-40-mm-mondstuk-1500-watt-regelbaar\/\" \/>\n<meta property=\"og:locale\" content=\"de_DE\" \/>\n<meta property=\"og:type\" content=\"article\" \/>\n<meta property=\"og:title\" content=\"Forsthoff Oval Q Electronic + 40 mm mondstuk - D&amp;P Trading\" \/>\n<meta property=\"og:description\" content=\"Voltage 230 Volt   Frequentie 50Hz \u2013 60Hz   Wattage Maximaal 1500 W   Temperatuur 20-700 \u00b0C Regelbaar   Luchtvolume 280 liter \/ minuut   Afmetingen 334 x 95 mm \u2013 handvat \u00d8 58 mm   Gewicht 1.4 kg (inclusief 3 meter kabel)\" \/>\n<meta property=\"og:url\" content=\"https:\/\/dptrading.nl\/de\/produkt\/oval-q-electronic-40-mm-mondstuk-1500-watt-regelbaar\/\" \/>\n<meta property=\"og:site_name\" content=\"D&amp;P Trading\" \/>\n<meta property=\"article:modified_time\" content=\"2026-01-22T00:06:34+00:00\" \/>\n<meta property=\"og:image\" content=\"https:\/\/dptrading.nl\/wp-content\/uploads\/2025\/06\/Forsthoff-Oval-Q-Photoroom.jpg\" \/>\n\t<meta property=\"og:image:width\" content=\"1512\" \/>\n\t<meta property=\"og:image:height\" content=\"1512\" \/>\n\t<meta property=\"og:image:type\" content=\"image\/jpeg\" \/>\n<meta name=\"twitter:card\" content=\"summary_large_image\" \/>\n<meta name=\"twitter:label1\" content=\"Gesch\u00e4tzte Lesezeit\" \/>\n\t<meta name=\"twitter:data1\" content=\"2\u00a0Minuten\" \/>\n<script type=\"application\/ld+json\" class=\"yoast-schema-graph\">{\"@context\":\"https:\/\/schema.org\",\"@graph\":[{\"@type\":\"WebPage\",\"@id\":\"https:\/\/dptrading.nl\/product\/oval-q-electronic-40-mm-mondstuk-1500-watt-regelbaar\/\",\"url\":\"https:\/\/dptrading.nl\/product\/oval-q-electronic-40-mm-mondstuk-1500-watt-regelbaar\/\",\"name\":\"Forsthoff Oval Q Electronic + 40 mm mondstuk - D&amp;P Trading\",\"isPartOf\":{\"@id\":\"https:\/\/dptrading.nl\/#website\"},\"primaryImageOfPage\":{\"@id\":\"https:\/\/dptrading.nl\/product\/oval-q-electronic-40-mm-mondstuk-1500-watt-regelbaar\/#primaryimage\"},\"image\":{\"@id\":\"https:\/\/dptrading.nl\/product\/oval-q-electronic-40-mm-mondstuk-1500-watt-regelbaar\/#primaryimage\"},\"thumbnailUrl\":\"https:\/\/dptrading.nl\/wp-content\/uploads\/2025\/06\/Forsthoff-Oval-Q-Photoroom.jpg\",\"datePublished\":\"2025-06-24T12:30:56+00:00\",\"dateModified\":\"2026-01-22T00:06:34+00:00\",\"breadcrumb\":{\"@id\":\"https:\/\/dptrading.nl\/product\/oval-q-electronic-40-mm-mondstuk-1500-watt-regelbaar\/#breadcrumb\"},\"inLanguage\":\"de\",\"potentialAction\":[{\"@type\":\"ReadAction\",\"target\":[\"https:\/\/dptrading.nl\/product\/oval-q-electronic-40-mm-mondstuk-1500-watt-regelbaar\/\"]}]},{\"@type\":\"ImageObject\",\"inLanguage\":\"de\",\"@id\":\"https:\/\/dptrading.nl\/product\/oval-q-electronic-40-mm-mondstuk-1500-watt-regelbaar\/#primaryimage\",\"url\":\"https:\/\/dptrading.nl\/wp-content\/uploads\/2025\/06\/Forsthoff-Oval-Q-Photoroom.jpg\",\"contentUrl\":\"https:\/\/dptrading.nl\/wp-content\/uploads\/2025\/06\/Forsthoff-Oval-Q-Photoroom.jpg\",\"width\":1512,\"height\":1512},{\"@type\":\"BreadcrumbList\",\"@id\":\"https:\/\/dptrading.nl\/product\/oval-q-electronic-40-mm-mondstuk-1500-watt-regelbaar\/#breadcrumb\",\"itemListElement\":[{\"@type\":\"ListItem\",\"position\":1,\"name\":\"Home\",\"item\":\"https:\/\/dptrading.nl\/\"},{\"@type\":\"ListItem\",\"position\":2,\"name\":\"Producten\",\"item\":\"https:\/\/dptrading.nl\/winkel\/\"},{\"@type\":\"ListItem\",\"position\":3,\"name\":\"Forsthoff Oval Q Electronic + 40 mm mondstuk\"}]},{\"@type\":\"WebSite\",\"@id\":\"https:\/\/dptrading.nl\/#website\",\"url\":\"https:\/\/dptrading.nl\/\",\"name\":\"D&P Trading\",\"description\":\"\",\"publisher\":{\"@id\":\"https:\/\/dptrading.nl\/#organization\"},\"potentialAction\":[{\"@type\":\"SearchAction\",\"target\":{\"@type\":\"EntryPoint\",\"urlTemplate\":\"https:\/\/dptrading.nl\/?s={search_term_string}\"},\"query-input\":{\"@type\":\"PropertyValueSpecification\",\"valueRequired\":true,\"valueName\":\"search_term_string\"}}],\"inLanguage\":\"de\"},{\"@type\":\"Organization\",\"@id\":\"https:\/\/dptrading.nl\/#organization\",\"name\":\"D&P Trading\",\"url\":\"https:\/\/dptrading.nl\/\",\"logo\":{\"@type\":\"ImageObject\",\"inLanguage\":\"de\",\"@id\":\"https:\/\/dptrading.nl\/#\/schema\/logo\/image\/\",\"url\":\"https:\/\/dptrading.nl\/wp-content\/uploads\/2025\/04\/logo-dp.png\",\"contentUrl\":\"https:\/\/dptrading.nl\/wp-content\/uploads\/2025\/04\/logo-dp.png\",\"width\":1248,\"height\":156,\"caption\":\"D&P Trading\"},\"image\":{\"@id\":\"https:\/\/dptrading.nl\/#\/schema\/logo\/image\/\"}}]}<\/script>\n<!-- \/ Yoast SEO plugin. -->","yoast_head_json":{"title":"Forsthoff Oval Q Electronic + 40 mm mondstuk - D&amp;P Trading","robots":{"index":"index","follow":"follow","max-snippet":"max-snippet:-1","max-image-preview":"max-image-preview:large","max-video-preview":"max-video-preview:-1"},"canonical":"https:\/\/dptrading.nl\/de\/produkt\/oval-q-electronic-40-mm-mondstuk-1500-watt-regelbaar\/","og_locale":"de_DE","og_type":"article","og_title":"Forsthoff Oval Q Electronic + 40 mm mondstuk - D&amp;P Trading","og_description":"Voltage 230 Volt   Frequentie 50Hz \u2013 60Hz   Wattage Maximaal 1500 W   Temperatuur 20-700 \u00b0C Regelbaar   Luchtvolume 280 liter \/ minuut   Afmetingen 334 x 95 mm \u2013 handvat \u00d8 58 mm   Gewicht 1.4 kg (inclusief 3 meter kabel)","og_url":"https:\/\/dptrading.nl\/de\/produkt\/oval-q-electronic-40-mm-mondstuk-1500-watt-regelbaar\/","og_site_name":"D&amp;P Trading","article_modified_time":"2026-01-22T00:06:34+00:00","og_image":[{"width":1512,"height":1512,"url":"https:\/\/dptrading.nl\/wp-content\/uploads\/2025\/06\/Forsthoff-Oval-Q-Photoroom.jpg","type":"image\/jpeg"}],"twitter_card":"summary_large_image","twitter_misc":{"Gesch\u00e4tzte Lesezeit":"2\u00a0Minuten"},"schema":{"@context":"https:\/\/schema.org","@graph":[{"@type":"WebPage","@id":"https:\/\/dptrading.nl\/product\/oval-q-electronic-40-mm-mondstuk-1500-watt-regelbaar\/","url":"https:\/\/dptrading.nl\/product\/oval-q-electronic-40-mm-mondstuk-1500-watt-regelbaar\/","name":"Forsthoff Oval Q Electronic + 40 mm mondstuk - D&amp;P Trading","isPartOf":{"@id":"https:\/\/dptrading.nl\/#website"},"primaryImageOfPage":{"@id":"https:\/\/dptrading.nl\/product\/oval-q-electronic-40-mm-mondstuk-1500-watt-regelbaar\/#primaryimage"},"image":{"@id":"https:\/\/dptrading.nl\/product\/oval-q-electronic-40-mm-mondstuk-1500-watt-regelbaar\/#primaryimage"},"thumbnailUrl":"https:\/\/dptrading.nl\/wp-content\/uploads\/2025\/06\/Forsthoff-Oval-Q-Photoroom.jpg","datePublished":"2025-06-24T12:30:56+00:00","dateModified":"2026-01-22T00:06:34+00:00","breadcrumb":{"@id":"https:\/\/dptrading.nl\/product\/oval-q-electronic-40-mm-mondstuk-1500-watt-regelbaar\/#breadcrumb"},"inLanguage":"de","potentialAction":[{"@type":"ReadAction","target":["https:\/\/dptrading.nl\/product\/oval-q-electronic-40-mm-mondstuk-1500-watt-regelbaar\/"]}]},{"@type":"ImageObject","inLanguage":"de","@id":"https:\/\/dptrading.nl\/product\/oval-q-electronic-40-mm-mondstuk-1500-watt-regelbaar\/#primaryimage","url":"https:\/\/dptrading.nl\/wp-content\/uploads\/2025\/06\/Forsthoff-Oval-Q-Photoroom.jpg","contentUrl":"https:\/\/dptrading.nl\/wp-content\/uploads\/2025\/06\/Forsthoff-Oval-Q-Photoroom.jpg","width":1512,"height":1512},{"@type":"BreadcrumbList","@id":"https:\/\/dptrading.nl\/product\/oval-q-electronic-40-mm-mondstuk-1500-watt-regelbaar\/#breadcrumb","itemListElement":[{"@type":"ListItem","position":1,"name":"Home","item":"https:\/\/dptrading.nl\/"},{"@type":"ListItem","position":2,"name":"Producten","item":"https:\/\/dptrading.nl\/winkel\/"},{"@type":"ListItem","position":3,"name":"Forsthoff Oval Q Electronic + 40 mm mondstuk"}]},{"@type":"WebSite","@id":"https:\/\/dptrading.nl\/#website","url":"https:\/\/dptrading.nl\/","name":"D&amp;P Handel","description":"","publisher":{"@id":"https:\/\/dptrading.nl\/#organization"},"potentialAction":[{"@type":"SearchAction","target":{"@type":"EntryPoint","urlTemplate":"https:\/\/dptrading.nl\/?s={search_term_string}"},"query-input":{"@type":"PropertyValueSpecification","valueRequired":true,"valueName":"search_term_string"}}],"inLanguage":"de"},{"@type":"Organization","@id":"https:\/\/dptrading.nl\/#organization","name":"D&amp;P Handel","url":"https:\/\/dptrading.nl\/","logo":{"@type":"ImageObject","inLanguage":"de","@id":"https:\/\/dptrading.nl\/#\/schema\/logo\/image\/","url":"https:\/\/dptrading.nl\/wp-content\/uploads\/2025\/04\/logo-dp.png","contentUrl":"https:\/\/dptrading.nl\/wp-content\/uploads\/2025\/04\/logo-dp.png","width":1248,"height":156,"caption":"D&P Trading"},"image":{"@id":"https:\/\/dptrading.nl\/#\/schema\/logo\/image\/"}}]}},"_links":{"self":[{"href":"https:\/\/dptrading.nl\/de\/wp-json\/wp\/v2\/product\/2153","targetHints":{"allow":["GET"]}}],"collection":[{"href":"https:\/\/dptrading.nl\/de\/wp-json\/wp\/v2\/product"}],"about":[{"href":"https:\/\/dptrading.nl\/de\/wp-json\/wp\/v2\/types\/product"}],"wp:featuredmedia":[{"embeddable":true,"href":"https:\/\/dptrading.nl\/de\/wp-json\/wp\/v2\/media\/3193"}],"wp:attachment":[{"href":"https:\/\/dptrading.nl\/de\/wp-json\/wp\/v2\/media?parent=2153"}],"wp:term":[{"taxonomy":"product_brand","embeddable":true,"href":"https:\/\/dptrading.nl\/de\/wp-json\/wp\/v2\/product_brand?post=2153"},{"taxonomy":"product_cat","embeddable":true,"href":"https:\/\/dptrading.nl\/de\/wp-json\/wp\/v2\/product_cat?post=2153"},{"taxonomy":"product_tag","embeddable":true,"href":"https:\/\/dptrading.nl\/de\/wp-json\/wp\/v2\/product_tag?post=2153"}],"curies":[{"name":"wp","href":"https:\/\/api.w.org\/{rel}","templated":true}]}}