{"id":1697,"date":"2025-05-27T19:11:34","date_gmt":"2025-05-27T17:11:34","guid":{"rendered":"https:\/\/dptrading.nl\/product\/terko-satin-12-kleur-grijs-09389-2500-spoel\/"},"modified":"2026-01-21T22:32:30","modified_gmt":"2026-01-21T21:32:30","slug":"terko-satin-12-kleur-grijs-09389-2500-spoel","status":"publish","type":"product","link":"https:\/\/dptrading.nl\/de\/produkt\/terko-satin-12-kleur-grijs-09389-2500-spoel\/","title":{"rendered":"Terko Satin 12 - 2500 m - 09389 grau"},"content":{"rendered":"<p>Die Terko-Satin-Garne der bekannten Marke Coats sind f\u00fcr ihre hervorragende Qualit\u00e4t bekannt. Dank dieser hohen Qualit\u00e4t sind die Garne stark und langlebig, was sie ideal f\u00fcr verschiedene Anwendungen in der Segelmacherei und der Werbeindustrie macht.<\/p>\n<p>Terko Satin ist ein hochwertiges \u201cKorrespondenzgarn\u201d mit Glac\u00e9-Finish. Das baumwollgesponnene Polyestergarn kombiniert die hervorragenden Dehnungseigenschaften von Baumwolle mit der \u00fcberlegenen Festigkeit und Elastizit\u00e4t eines endlosen Polyesterfilaments.<\/p>\n<p><strong>Vorteile:<\/strong><\/p>\n<ul>\n<li>Kombiniert die St\u00e4rke von Polyester mit der Weichheit von Baumwolle.<\/li>\n<li>Die entwickelte Politur h\u00e4lt die F\u00e4den beim N\u00e4hen besser zusammen.<\/li>\n<li>Der Baumwollmantel sch\u00fctzt vor der Hitze der Nadel.<\/li>\n<li>Hohe Abriebfestigkeit durch hochfestes Polyester.<\/li>\n<\/ul>\n<p><strong>Bemerkung:<\/strong><\/p>\n<p>F\u00fcr alle metrischen Zahlen gilt: je h\u00f6her die Zahl, desto d\u00fcnner das Garn.<\/p>\n<p>Empfohlene Nadeldicken :<\/p>\n<table width=\"255\">\n<tbody>\n<tr>\n<td width=\"110\">Metrisch 8 - 9 - 10<\/td>\n<td width=\"145\">Nadelst\u00e4rke 160 \/ 180<\/td>\n<\/tr>\n<tr>\n<td>Metrik 12 - 13<\/td>\n<td>Nadelst\u00e4rke 140 \/ 160<\/td>\n<\/tr>\n<tr>\n<td>Metrisch 20<\/td>\n<td>Nadelst\u00e4rke 120 \/ 160<\/td>\n<\/tr>\n<tr>\n<td>Metrisch 25<\/td>\n<td>Nadelst\u00e4rke 120 \/ 140<\/td>\n<\/tr>\n<tr>\n<td>Metrisch 36 - 40 - 50<\/td>\n<td>Nadelst\u00e4rke 100 \/ 120<\/td>\n<\/tr>\n<tr>\n<td>Metrisch 60 - 75 - 80<\/td>\n<td>Nadelst\u00e4rke 90 \/ 100<\/td>\n<\/tr>\n<\/tbody>\n<\/table>","protected":false},"excerpt":{"rendered":"<p><strong>Spezifikationen\u00a0<\/strong><\/p>\n<ul>\n<li>Terko Satin 012<\/li>\n<li>2500-Meter-Spule<\/li>\n<li>09389 grau<\/li>\n<\/ul>\n<p>&nbsp;<\/p>\n<p><img decoding=\"async\" class=\"alignnone wp-image-2454\" src=\"https:\/\/dptrading.nl\/wp-content\/uploads\/2025\/05\/coats-logo-300x300.png\" alt=\"\" width=\"120\" height=\"120\" srcset=\"https:\/\/dptrading.nl\/wp-content\/uploads\/2025\/05\/coats-logo-300x300.png 300w, https:\/\/dptrading.nl\/wp-content\/uploads\/2025\/05\/coats-logo-1024x1024.png 1024w, https:\/\/dptrading.nl\/wp-content\/uploads\/2025\/05\/coats-logo-150x150.png 150w, https:\/\/dptrading.nl\/wp-content\/uploads\/2025\/05\/coats-logo-768x768.png 768w, https:\/\/dptrading.nl\/wp-content\/uploads\/2025\/05\/coats-logo-12x12.png 12w, https:\/\/dptrading.nl\/wp-content\/uploads\/2025\/05\/coats-logo-600x600.png 600w, https:\/\/dptrading.nl\/wp-content\/uploads\/2025\/05\/coats-logo-100x100.png 100w, https:\/\/dptrading.nl\/wp-content\/uploads\/2025\/05\/coats-logo-64x64.png 64w, https:\/\/dptrading.nl\/wp-content\/uploads\/2025\/05\/coats-logo.png 1200w\" sizes=\"(max-width: 120px) 100vw, 120px\" \/><\/p>","protected":false},"featured_media":3415,"template":"","meta":{"_acf_changed":false},"product_brand":[126],"product_cat":[153,31],"product_tag":[],"class_list":{"0":"post-1697","1":"product","2":"type-product","3":"status-publish","4":"has-post-thumbnail","6":"product_brand-coats","7":"product_cat-terko-satin-012","8":"product_cat-garen","10":"first","11":"instock","12":"shipping-taxable","13":"purchasable","14":"product-type-simple"},"acf":[],"yoast_head":"<!-- This site is optimized with the Yoast SEO plugin v26.6 - https:\/\/yoast.com\/wordpress\/plugins\/seo\/ -->\n<title>Terko Satin 12 - 2500 m - 09389 grijs - D&amp;P Trading<\/title>\n<meta name=\"robots\" content=\"index, follow, max-snippet:-1, max-image-preview:large, max-video-preview:-1\" \/>\n<link rel=\"canonical\" href=\"https:\/\/dptrading.nl\/de\/produkt\/terko-satin-12-kleur-grijs-09389-2500-spoel\/\" \/>\n<meta property=\"og:locale\" content=\"de_DE\" \/>\n<meta property=\"og:type\" content=\"article\" \/>\n<meta property=\"og:title\" content=\"Terko Satin 12 - 2500 m - 09389 grijs - D&amp;P Trading\" \/>\n<meta property=\"og:description\" content=\"Specificaties\u00a0   Terko Satin 012  2500 meter spoel  09389 grijs  &nbsp;\" \/>\n<meta property=\"og:url\" content=\"https:\/\/dptrading.nl\/de\/produkt\/terko-satin-12-kleur-grijs-09389-2500-spoel\/\" \/>\n<meta property=\"og:site_name\" content=\"D&amp;P Trading\" \/>\n<meta property=\"article:modified_time\" content=\"2026-01-21T21:32:30+00:00\" \/>\n<meta property=\"og:image\" content=\"https:\/\/dptrading.nl\/wp-content\/uploads\/2025\/05\/terko-9389-1.jpg\" \/>\n\t<meta property=\"og:image:width\" content=\"1512\" \/>\n\t<meta property=\"og:image:height\" content=\"1512\" \/>\n\t<meta property=\"og:image:type\" content=\"image\/jpeg\" \/>\n<meta name=\"twitter:card\" content=\"summary_large_image\" \/>\n<meta name=\"twitter:label1\" content=\"Gesch\u00e4tzte Lesezeit\" \/>\n\t<meta name=\"twitter:data1\" content=\"2\u00a0Minuten\" \/>\n<script type=\"application\/ld+json\" class=\"yoast-schema-graph\">{\"@context\":\"https:\/\/schema.org\",\"@graph\":[{\"@type\":\"WebPage\",\"@id\":\"https:\/\/dptrading.nl\/product\/terko-satin-12-kleur-grijs-09389-2500-spoel\/\",\"url\":\"https:\/\/dptrading.nl\/product\/terko-satin-12-kleur-grijs-09389-2500-spoel\/\",\"name\":\"Terko Satin 12 - 2500 m - 09389 grijs - D&amp;P Trading\",\"isPartOf\":{\"@id\":\"https:\/\/dptrading.nl\/#website\"},\"primaryImageOfPage\":{\"@id\":\"https:\/\/dptrading.nl\/product\/terko-satin-12-kleur-grijs-09389-2500-spoel\/#primaryimage\"},\"image\":{\"@id\":\"https:\/\/dptrading.nl\/product\/terko-satin-12-kleur-grijs-09389-2500-spoel\/#primaryimage\"},\"thumbnailUrl\":\"https:\/\/dptrading.nl\/wp-content\/uploads\/2025\/05\/terko-9389-1.jpg\",\"datePublished\":\"2025-05-27T17:11:34+00:00\",\"dateModified\":\"2026-01-21T21:32:30+00:00\",\"breadcrumb\":{\"@id\":\"https:\/\/dptrading.nl\/product\/terko-satin-12-kleur-grijs-09389-2500-spoel\/#breadcrumb\"},\"inLanguage\":\"de\",\"potentialAction\":[{\"@type\":\"ReadAction\",\"target\":[\"https:\/\/dptrading.nl\/product\/terko-satin-12-kleur-grijs-09389-2500-spoel\/\"]}]},{\"@type\":\"ImageObject\",\"inLanguage\":\"de\",\"@id\":\"https:\/\/dptrading.nl\/product\/terko-satin-12-kleur-grijs-09389-2500-spoel\/#primaryimage\",\"url\":\"https:\/\/dptrading.nl\/wp-content\/uploads\/2025\/05\/terko-9389-1.jpg\",\"contentUrl\":\"https:\/\/dptrading.nl\/wp-content\/uploads\/2025\/05\/terko-9389-1.jpg\",\"width\":1512,\"height\":1512},{\"@type\":\"BreadcrumbList\",\"@id\":\"https:\/\/dptrading.nl\/product\/terko-satin-12-kleur-grijs-09389-2500-spoel\/#breadcrumb\",\"itemListElement\":[{\"@type\":\"ListItem\",\"position\":1,\"name\":\"Home\",\"item\":\"https:\/\/dptrading.nl\/\"},{\"@type\":\"ListItem\",\"position\":2,\"name\":\"Producten\",\"item\":\"https:\/\/dptrading.nl\/winkel\/\"},{\"@type\":\"ListItem\",\"position\":3,\"name\":\"Terko Satin 12 &#8211; 2500 m &#8211; 09389 grijs\"}]},{\"@type\":\"WebSite\",\"@id\":\"https:\/\/dptrading.nl\/#website\",\"url\":\"https:\/\/dptrading.nl\/\",\"name\":\"D&P Trading\",\"description\":\"\",\"publisher\":{\"@id\":\"https:\/\/dptrading.nl\/#organization\"},\"potentialAction\":[{\"@type\":\"SearchAction\",\"target\":{\"@type\":\"EntryPoint\",\"urlTemplate\":\"https:\/\/dptrading.nl\/?s={search_term_string}\"},\"query-input\":{\"@type\":\"PropertyValueSpecification\",\"valueRequired\":true,\"valueName\":\"search_term_string\"}}],\"inLanguage\":\"de\"},{\"@type\":\"Organization\",\"@id\":\"https:\/\/dptrading.nl\/#organization\",\"name\":\"D&P Trading\",\"url\":\"https:\/\/dptrading.nl\/\",\"logo\":{\"@type\":\"ImageObject\",\"inLanguage\":\"de\",\"@id\":\"https:\/\/dptrading.nl\/#\/schema\/logo\/image\/\",\"url\":\"https:\/\/dptrading.nl\/wp-content\/uploads\/2025\/04\/logo-dp.png\",\"contentUrl\":\"https:\/\/dptrading.nl\/wp-content\/uploads\/2025\/04\/logo-dp.png\",\"width\":1248,\"height\":156,\"caption\":\"D&P Trading\"},\"image\":{\"@id\":\"https:\/\/dptrading.nl\/#\/schema\/logo\/image\/\"}}]}<\/script>\n<!-- \/ Yoast SEO plugin. -->","yoast_head_json":{"title":"Terko Satin 12 - 2500 m - 09389 grijs - D&amp;P Trading","robots":{"index":"index","follow":"follow","max-snippet":"max-snippet:-1","max-image-preview":"max-image-preview:large","max-video-preview":"max-video-preview:-1"},"canonical":"https:\/\/dptrading.nl\/de\/produkt\/terko-satin-12-kleur-grijs-09389-2500-spoel\/","og_locale":"de_DE","og_type":"article","og_title":"Terko Satin 12 - 2500 m - 09389 grijs - D&amp;P Trading","og_description":"Specificaties\u00a0   Terko Satin 012  2500 meter spoel  09389 grijs  &nbsp;","og_url":"https:\/\/dptrading.nl\/de\/produkt\/terko-satin-12-kleur-grijs-09389-2500-spoel\/","og_site_name":"D&amp;P Trading","article_modified_time":"2026-01-21T21:32:30+00:00","og_image":[{"width":1512,"height":1512,"url":"https:\/\/dptrading.nl\/wp-content\/uploads\/2025\/05\/terko-9389-1.jpg","type":"image\/jpeg"}],"twitter_card":"summary_large_image","twitter_misc":{"Gesch\u00e4tzte Lesezeit":"2\u00a0Minuten"},"schema":{"@context":"https:\/\/schema.org","@graph":[{"@type":"WebPage","@id":"https:\/\/dptrading.nl\/product\/terko-satin-12-kleur-grijs-09389-2500-spoel\/","url":"https:\/\/dptrading.nl\/product\/terko-satin-12-kleur-grijs-09389-2500-spoel\/","name":"Terko Satin 12 - 2500 m - 09389 grijs - D&amp;P Trading","isPartOf":{"@id":"https:\/\/dptrading.nl\/#website"},"primaryImageOfPage":{"@id":"https:\/\/dptrading.nl\/product\/terko-satin-12-kleur-grijs-09389-2500-spoel\/#primaryimage"},"image":{"@id":"https:\/\/dptrading.nl\/product\/terko-satin-12-kleur-grijs-09389-2500-spoel\/#primaryimage"},"thumbnailUrl":"https:\/\/dptrading.nl\/wp-content\/uploads\/2025\/05\/terko-9389-1.jpg","datePublished":"2025-05-27T17:11:34+00:00","dateModified":"2026-01-21T21:32:30+00:00","breadcrumb":{"@id":"https:\/\/dptrading.nl\/product\/terko-satin-12-kleur-grijs-09389-2500-spoel\/#breadcrumb"},"inLanguage":"de","potentialAction":[{"@type":"ReadAction","target":["https:\/\/dptrading.nl\/product\/terko-satin-12-kleur-grijs-09389-2500-spoel\/"]}]},{"@type":"ImageObject","inLanguage":"de","@id":"https:\/\/dptrading.nl\/product\/terko-satin-12-kleur-grijs-09389-2500-spoel\/#primaryimage","url":"https:\/\/dptrading.nl\/wp-content\/uploads\/2025\/05\/terko-9389-1.jpg","contentUrl":"https:\/\/dptrading.nl\/wp-content\/uploads\/2025\/05\/terko-9389-1.jpg","width":1512,"height":1512},{"@type":"BreadcrumbList","@id":"https:\/\/dptrading.nl\/product\/terko-satin-12-kleur-grijs-09389-2500-spoel\/#breadcrumb","itemListElement":[{"@type":"ListItem","position":1,"name":"Home","item":"https:\/\/dptrading.nl\/"},{"@type":"ListItem","position":2,"name":"Producten","item":"https:\/\/dptrading.nl\/winkel\/"},{"@type":"ListItem","position":3,"name":"Terko Satin 12 &#8211; 2500 m &#8211; 09389 grijs"}]},{"@type":"WebSite","@id":"https:\/\/dptrading.nl\/#website","url":"https:\/\/dptrading.nl\/","name":"D&amp;P Handel","description":"","publisher":{"@id":"https:\/\/dptrading.nl\/#organization"},"potentialAction":[{"@type":"SearchAction","target":{"@type":"EntryPoint","urlTemplate":"https:\/\/dptrading.nl\/?s={search_term_string}"},"query-input":{"@type":"PropertyValueSpecification","valueRequired":true,"valueName":"search_term_string"}}],"inLanguage":"de"},{"@type":"Organization","@id":"https:\/\/dptrading.nl\/#organization","name":"D&amp;P Handel","url":"https:\/\/dptrading.nl\/","logo":{"@type":"ImageObject","inLanguage":"de","@id":"https:\/\/dptrading.nl\/#\/schema\/logo\/image\/","url":"https:\/\/dptrading.nl\/wp-content\/uploads\/2025\/04\/logo-dp.png","contentUrl":"https:\/\/dptrading.nl\/wp-content\/uploads\/2025\/04\/logo-dp.png","width":1248,"height":156,"caption":"D&P Trading"},"image":{"@id":"https:\/\/dptrading.nl\/#\/schema\/logo\/image\/"}}]}},"_links":{"self":[{"href":"https:\/\/dptrading.nl\/de\/wp-json\/wp\/v2\/product\/1697","targetHints":{"allow":["GET"]}}],"collection":[{"href":"https:\/\/dptrading.nl\/de\/wp-json\/wp\/v2\/product"}],"about":[{"href":"https:\/\/dptrading.nl\/de\/wp-json\/wp\/v2\/types\/product"}],"wp:featuredmedia":[{"embeddable":true,"href":"https:\/\/dptrading.nl\/de\/wp-json\/wp\/v2\/media\/3415"}],"wp:attachment":[{"href":"https:\/\/dptrading.nl\/de\/wp-json\/wp\/v2\/media?parent=1697"}],"wp:term":[{"taxonomy":"product_brand","embeddable":true,"href":"https:\/\/dptrading.nl\/de\/wp-json\/wp\/v2\/product_brand?post=1697"},{"taxonomy":"product_cat","embeddable":true,"href":"https:\/\/dptrading.nl\/de\/wp-json\/wp\/v2\/product_cat?post=1697"},{"taxonomy":"product_tag","embeddable":true,"href":"https:\/\/dptrading.nl\/de\/wp-json\/wp\/v2\/product_tag?post=1697"}],"curies":[{"name":"wp","href":"https:\/\/api.w.org\/{rel}","templated":true}]}}