{"id":1674,"date":"2025-05-27T19:07:00","date_gmt":"2025-05-27T17:07:00","guid":{"rendered":"https:\/\/dptrading.nl\/product\/dode-hoek-sticker-frankrijk-magnetisch\/"},"modified":"2026-01-21T22:35:44","modified_gmt":"2026-01-21T21:35:44","slug":"dode-hoek-sticker-frankrijk-magnetisch","status":"publish","type":"product","link":"https:\/\/dptrading.nl\/de\/produkt\/dode-hoek-sticker-frankrijk-magnetisch\/","title":{"rendered":"Aufkleber f\u00fcr den toten Winkel Frankreich \/ Magnetisch"},"content":{"rendered":"<p>Ab dem 1. Januar 2021 ist in Frankreich ein Totwinkelaufkleber f\u00fcr alle Lastwagen, Kombinationen, Reisebusse und Wohnmobile vorgeschrieben. Die Verpflichtung gilt f\u00fcr alle Fahrzeuge \u00fcber 3500 kg, dies gilt auch f\u00fcr ausl\u00e4ndische Fahrzeuge. Dieser Totwinkelaufkleber\u00a0<strong>(Toter Winkel)\u00a0<\/strong>Markierung ist verpflichtet, um den Verkehr sicherer zu machen. Vermeiden Sie eine Bu\u00dfe und bestellen Sie schnell eines unserer Produkte: Aufkleber in 2 Qualit\u00e4ten, Magnetaufkleber und der fertige Planen-Aufkleber.<\/p>\n<p>Diese Regeln schreiben Aufkleber auf der R\u00fcckseite des Fahrzeugs und sowohl auf der linken als auch auf der rechten Seite des Fahrzeugs vor, um gef\u00e4hrdete Verkehrsteilnehmer vor den Gefahren des \u201dtoten Winkels\u201d zu warnen. W\u00e4hrend des Zeitraums der n\u00e4chsten 12 Monate wird es eine Kulanzregelung hinsichtlich der Darstellung der Anbringung der Toter-Winkel-Warnung am Fahrzeug geben. Nach diesem Zeitraum von 12 Monaten muss jedes Fahrzeug die in den gesetzlichen Bestimmungen festgelegten Anforderungen erf\u00fcllen.<\/p>\n<p>Entwickelt f\u00fcr die Anwendung auf einer festen Oberfl\u00e4che. Hierf\u00fcr kann keine Garantie f\u00fcr die Anwendung, den Aufkleber oder die Lebensdauer des Aufklebers gegeben werden.<\/p>\n<p><img decoding=\"async\" class=\"alignnone size-medium wp-image-3290\" src=\"https:\/\/dptrading.nl\/wp-content\/uploads\/2025\/05\/orafol-logo-300x105.jpg\" alt=\"\" width=\"300\" height=\"105\" srcset=\"https:\/\/dptrading.nl\/wp-content\/uploads\/2025\/05\/orafol-logo-300x105.jpg 300w, https:\/\/dptrading.nl\/wp-content\/uploads\/2025\/05\/orafol-logo-18x6.jpg 18w, https:\/\/dptrading.nl\/wp-content\/uploads\/2025\/05\/orafol-logo-64x22.jpg 64w, https:\/\/dptrading.nl\/wp-content\/uploads\/2025\/05\/orafol-logo.jpg 600w\" sizes=\"(max-width: 300px) 100vw, 300px\" \/><\/p>","protected":false},"excerpt":{"rendered":"<p>Vanaf 1 Januari 2021 is een dode hoek sticker in Frankrijk verplicht op alle trucks, combinaties, touringcars en campers. De verplichting geldt voor alle voertuigen boven de 3500 KG, dit geldt ook voor buitenlandse voertuigen. Deze dode hoek sticker\u00a0(Angles Morts)\u00a0markering is verplicht om het verkeer veiliger te maken. Voorkom een boete en bestel snel een [&hellip;]<\/p>","protected":false},"featured_media":3299,"template":"","meta":{"_acf_changed":false},"product_brand":[150],"product_cat":[149,35],"product_tag":[],"class_list":{"0":"post-1674","1":"product","2":"type-product","3":"status-publish","4":"has-post-thumbnail","6":"product_brand-orafol","7":"product_cat-contourmarkering","8":"product_cat-truck-traileronderdelen","10":"first","11":"instock","12":"shipping-taxable","13":"purchasable","14":"product-type-simple"},"acf":[],"yoast_head":"<!-- This site is optimized with the Yoast SEO plugin v26.6 - https:\/\/yoast.com\/wordpress\/plugins\/seo\/ -->\n<title>Dode hoek sticker Frankrijk \/ Magnetisch - D&amp;P Trading<\/title>\n<meta name=\"robots\" content=\"index, follow, max-snippet:-1, max-image-preview:large, max-video-preview:-1\" \/>\n<link rel=\"canonical\" href=\"https:\/\/dptrading.nl\/de\/produkt\/dode-hoek-sticker-frankrijk-magnetisch\/\" \/>\n<meta property=\"og:locale\" content=\"de_DE\" \/>\n<meta property=\"og:type\" content=\"article\" \/>\n<meta property=\"og:title\" content=\"Dode hoek sticker Frankrijk \/ Magnetisch - D&amp;P Trading\" \/>\n<meta property=\"og:description\" content=\"Vanaf 1 Januari 2021 is een dode hoek sticker in Frankrijk verplicht op alle trucks, combinaties, touringcars en campers. De verplichting geldt voor alle voertuigen boven de 3500 KG, dit geldt ook voor buitenlandse voertuigen. Deze dode hoek sticker\u00a0(Angles Morts)\u00a0markering is verplicht om het verkeer veiliger te maken. Voorkom een boete en bestel snel een [&hellip;]\" \/>\n<meta property=\"og:url\" content=\"https:\/\/dptrading.nl\/de\/produkt\/dode-hoek-sticker-frankrijk-magnetisch\/\" \/>\n<meta property=\"og:site_name\" content=\"D&amp;P Trading\" \/>\n<meta property=\"article:modified_time\" content=\"2026-01-21T21:35:44+00:00\" \/>\n<meta property=\"og:image\" content=\"https:\/\/dptrading.nl\/wp-content\/uploads\/2025\/05\/09.2527.92-dode-hoek-sticker-frankrijk.png\" \/>\n\t<meta property=\"og:image:width\" content=\"470\" \/>\n\t<meta property=\"og:image:height\" content=\"470\" \/>\n\t<meta property=\"og:image:type\" content=\"image\/png\" \/>\n<meta name=\"twitter:card\" content=\"summary_large_image\" \/>\n<meta name=\"twitter:label1\" content=\"Gesch\u00e4tzte Lesezeit\" \/>\n\t<meta name=\"twitter:data1\" content=\"2\u00a0Minuten\" \/>\n<script type=\"application\/ld+json\" class=\"yoast-schema-graph\">{\"@context\":\"https:\/\/schema.org\",\"@graph\":[{\"@type\":\"WebPage\",\"@id\":\"https:\/\/dptrading.nl\/product\/dode-hoek-sticker-frankrijk-magnetisch\/\",\"url\":\"https:\/\/dptrading.nl\/product\/dode-hoek-sticker-frankrijk-magnetisch\/\",\"name\":\"Dode hoek sticker Frankrijk \/ Magnetisch - D&amp;P Trading\",\"isPartOf\":{\"@id\":\"https:\/\/dptrading.nl\/#website\"},\"primaryImageOfPage\":{\"@id\":\"https:\/\/dptrading.nl\/product\/dode-hoek-sticker-frankrijk-magnetisch\/#primaryimage\"},\"image\":{\"@id\":\"https:\/\/dptrading.nl\/product\/dode-hoek-sticker-frankrijk-magnetisch\/#primaryimage\"},\"thumbnailUrl\":\"https:\/\/dptrading.nl\/wp-content\/uploads\/2025\/05\/09.2527.92-dode-hoek-sticker-frankrijk.png\",\"datePublished\":\"2025-05-27T17:07:00+00:00\",\"dateModified\":\"2026-01-21T21:35:44+00:00\",\"breadcrumb\":{\"@id\":\"https:\/\/dptrading.nl\/product\/dode-hoek-sticker-frankrijk-magnetisch\/#breadcrumb\"},\"inLanguage\":\"de\",\"potentialAction\":[{\"@type\":\"ReadAction\",\"target\":[\"https:\/\/dptrading.nl\/product\/dode-hoek-sticker-frankrijk-magnetisch\/\"]}]},{\"@type\":\"ImageObject\",\"inLanguage\":\"de\",\"@id\":\"https:\/\/dptrading.nl\/product\/dode-hoek-sticker-frankrijk-magnetisch\/#primaryimage\",\"url\":\"https:\/\/dptrading.nl\/wp-content\/uploads\/2025\/05\/09.2527.92-dode-hoek-sticker-frankrijk.png\",\"contentUrl\":\"https:\/\/dptrading.nl\/wp-content\/uploads\/2025\/05\/09.2527.92-dode-hoek-sticker-frankrijk.png\",\"width\":470,\"height\":470},{\"@type\":\"BreadcrumbList\",\"@id\":\"https:\/\/dptrading.nl\/product\/dode-hoek-sticker-frankrijk-magnetisch\/#breadcrumb\",\"itemListElement\":[{\"@type\":\"ListItem\",\"position\":1,\"name\":\"Home\",\"item\":\"https:\/\/dptrading.nl\/\"},{\"@type\":\"ListItem\",\"position\":2,\"name\":\"Producten\",\"item\":\"https:\/\/dptrading.nl\/winkel\/\"},{\"@type\":\"ListItem\",\"position\":3,\"name\":\"Dode hoek sticker Frankrijk \/ Magnetisch\"}]},{\"@type\":\"WebSite\",\"@id\":\"https:\/\/dptrading.nl\/#website\",\"url\":\"https:\/\/dptrading.nl\/\",\"name\":\"D&P Trading\",\"description\":\"\",\"publisher\":{\"@id\":\"https:\/\/dptrading.nl\/#organization\"},\"potentialAction\":[{\"@type\":\"SearchAction\",\"target\":{\"@type\":\"EntryPoint\",\"urlTemplate\":\"https:\/\/dptrading.nl\/?s={search_term_string}\"},\"query-input\":{\"@type\":\"PropertyValueSpecification\",\"valueRequired\":true,\"valueName\":\"search_term_string\"}}],\"inLanguage\":\"de\"},{\"@type\":\"Organization\",\"@id\":\"https:\/\/dptrading.nl\/#organization\",\"name\":\"D&P Trading\",\"url\":\"https:\/\/dptrading.nl\/\",\"logo\":{\"@type\":\"ImageObject\",\"inLanguage\":\"de\",\"@id\":\"https:\/\/dptrading.nl\/#\/schema\/logo\/image\/\",\"url\":\"https:\/\/dptrading.nl\/wp-content\/uploads\/2025\/04\/logo-dp.png\",\"contentUrl\":\"https:\/\/dptrading.nl\/wp-content\/uploads\/2025\/04\/logo-dp.png\",\"width\":1248,\"height\":156,\"caption\":\"D&P Trading\"},\"image\":{\"@id\":\"https:\/\/dptrading.nl\/#\/schema\/logo\/image\/\"}}]}<\/script>\n<!-- \/ Yoast SEO plugin. -->","yoast_head_json":{"title":"Dode hoek sticker Frankrijk \/ Magnetisch - D&amp;P Trading","robots":{"index":"index","follow":"follow","max-snippet":"max-snippet:-1","max-image-preview":"max-image-preview:large","max-video-preview":"max-video-preview:-1"},"canonical":"https:\/\/dptrading.nl\/de\/produkt\/dode-hoek-sticker-frankrijk-magnetisch\/","og_locale":"de_DE","og_type":"article","og_title":"Dode hoek sticker Frankrijk \/ Magnetisch - D&amp;P Trading","og_description":"Vanaf 1 Januari 2021 is een dode hoek sticker in Frankrijk verplicht op alle trucks, combinaties, touringcars en campers. De verplichting geldt voor alle voertuigen boven de 3500 KG, dit geldt ook voor buitenlandse voertuigen. Deze dode hoek sticker\u00a0(Angles Morts)\u00a0markering is verplicht om het verkeer veiliger te maken. Voorkom een boete en bestel snel een [&hellip;]","og_url":"https:\/\/dptrading.nl\/de\/produkt\/dode-hoek-sticker-frankrijk-magnetisch\/","og_site_name":"D&amp;P Trading","article_modified_time":"2026-01-21T21:35:44+00:00","og_image":[{"width":470,"height":470,"url":"https:\/\/dptrading.nl\/wp-content\/uploads\/2025\/05\/09.2527.92-dode-hoek-sticker-frankrijk.png","type":"image\/png"}],"twitter_card":"summary_large_image","twitter_misc":{"Gesch\u00e4tzte Lesezeit":"2\u00a0Minuten"},"schema":{"@context":"https:\/\/schema.org","@graph":[{"@type":"WebPage","@id":"https:\/\/dptrading.nl\/product\/dode-hoek-sticker-frankrijk-magnetisch\/","url":"https:\/\/dptrading.nl\/product\/dode-hoek-sticker-frankrijk-magnetisch\/","name":"Dode hoek sticker Frankrijk \/ Magnetisch - D&amp;P Trading","isPartOf":{"@id":"https:\/\/dptrading.nl\/#website"},"primaryImageOfPage":{"@id":"https:\/\/dptrading.nl\/product\/dode-hoek-sticker-frankrijk-magnetisch\/#primaryimage"},"image":{"@id":"https:\/\/dptrading.nl\/product\/dode-hoek-sticker-frankrijk-magnetisch\/#primaryimage"},"thumbnailUrl":"https:\/\/dptrading.nl\/wp-content\/uploads\/2025\/05\/09.2527.92-dode-hoek-sticker-frankrijk.png","datePublished":"2025-05-27T17:07:00+00:00","dateModified":"2026-01-21T21:35:44+00:00","breadcrumb":{"@id":"https:\/\/dptrading.nl\/product\/dode-hoek-sticker-frankrijk-magnetisch\/#breadcrumb"},"inLanguage":"de","potentialAction":[{"@type":"ReadAction","target":["https:\/\/dptrading.nl\/product\/dode-hoek-sticker-frankrijk-magnetisch\/"]}]},{"@type":"ImageObject","inLanguage":"de","@id":"https:\/\/dptrading.nl\/product\/dode-hoek-sticker-frankrijk-magnetisch\/#primaryimage","url":"https:\/\/dptrading.nl\/wp-content\/uploads\/2025\/05\/09.2527.92-dode-hoek-sticker-frankrijk.png","contentUrl":"https:\/\/dptrading.nl\/wp-content\/uploads\/2025\/05\/09.2527.92-dode-hoek-sticker-frankrijk.png","width":470,"height":470},{"@type":"BreadcrumbList","@id":"https:\/\/dptrading.nl\/product\/dode-hoek-sticker-frankrijk-magnetisch\/#breadcrumb","itemListElement":[{"@type":"ListItem","position":1,"name":"Home","item":"https:\/\/dptrading.nl\/"},{"@type":"ListItem","position":2,"name":"Producten","item":"https:\/\/dptrading.nl\/winkel\/"},{"@type":"ListItem","position":3,"name":"Dode hoek sticker Frankrijk \/ Magnetisch"}]},{"@type":"WebSite","@id":"https:\/\/dptrading.nl\/#website","url":"https:\/\/dptrading.nl\/","name":"D&amp;P Handel","description":"","publisher":{"@id":"https:\/\/dptrading.nl\/#organization"},"potentialAction":[{"@type":"SearchAction","target":{"@type":"EntryPoint","urlTemplate":"https:\/\/dptrading.nl\/?s={search_term_string}"},"query-input":{"@type":"PropertyValueSpecification","valueRequired":true,"valueName":"search_term_string"}}],"inLanguage":"de"},{"@type":"Organization","@id":"https:\/\/dptrading.nl\/#organization","name":"D&amp;P Handel","url":"https:\/\/dptrading.nl\/","logo":{"@type":"ImageObject","inLanguage":"de","@id":"https:\/\/dptrading.nl\/#\/schema\/logo\/image\/","url":"https:\/\/dptrading.nl\/wp-content\/uploads\/2025\/04\/logo-dp.png","contentUrl":"https:\/\/dptrading.nl\/wp-content\/uploads\/2025\/04\/logo-dp.png","width":1248,"height":156,"caption":"D&P Trading"},"image":{"@id":"https:\/\/dptrading.nl\/#\/schema\/logo\/image\/"}}]}},"_links":{"self":[{"href":"https:\/\/dptrading.nl\/de\/wp-json\/wp\/v2\/product\/1674","targetHints":{"allow":["GET"]}}],"collection":[{"href":"https:\/\/dptrading.nl\/de\/wp-json\/wp\/v2\/product"}],"about":[{"href":"https:\/\/dptrading.nl\/de\/wp-json\/wp\/v2\/types\/product"}],"wp:featuredmedia":[{"embeddable":true,"href":"https:\/\/dptrading.nl\/de\/wp-json\/wp\/v2\/media\/3299"}],"wp:attachment":[{"href":"https:\/\/dptrading.nl\/de\/wp-json\/wp\/v2\/media?parent=1674"}],"wp:term":[{"taxonomy":"product_brand","embeddable":true,"href":"https:\/\/dptrading.nl\/de\/wp-json\/wp\/v2\/product_brand?post=1674"},{"taxonomy":"product_cat","embeddable":true,"href":"https:\/\/dptrading.nl\/de\/wp-json\/wp\/v2\/product_cat?post=1674"},{"taxonomy":"product_tag","embeddable":true,"href":"https:\/\/dptrading.nl\/de\/wp-json\/wp\/v2\/product_tag?post=1674"}],"curies":[{"name":"wp","href":"https:\/\/api.w.org\/{rel}","templated":true}]}}