{"id":1670,"date":"2025-05-27T19:06:20","date_gmt":"2025-05-27T17:06:20","guid":{"rendered":"https:\/\/dptrading.nl\/product\/set-stickers-r-566x200-mm-rr-017017-geel-kl3-rood-kl1\/"},"modified":"2026-01-21T22:36:00","modified_gmt":"2026-01-21T21:36:00","slug":"set-stickers-r-566x200-mm-rr-017017-geel-kl3-rood-kl1","status":"publish","type":"product","link":"https:\/\/dptrading.nl\/de\/produkt\/set-stickers-r-566x200-mm-rr-017017-geel-kl3-rood-kl1\/","title":{"rendered":"Aufklebersatz R 566\u00d7200 mm RR 017017 - Gelb KL3\/Rot KL1"},"content":{"rendered":"<p class=\"p1\"><span class=\"s1\"><strong>ECE 70\/-01 Verkleidung\u00a0<span class=\"Apple-converted-space\">\u00a0\u00a0<\/span><em>(Klasse 1 \u2013 5)<\/em><\/strong><\/span><\/p>\n<p class=\"p2\"><span class=\"s1\"><strong>Technische Anforderungen<\/strong><\/span><\/p>\n<p class=\"p3\"><span class=\"s1\">VN \/ ECE R70: einheitliche Vorschriften f\u00fcr die Genehmigung von Warn tafeln f\u00fcr schwere und lange Fahrzeuge.<span class=\"Apple-converted-space\">\u00a0\u00a0<\/span>Regelt Entwurfsanforderungen, Tagesfarbe, Nachtfarbe, Reflexionswerte, Best\u00e4ndigkeit gegen Reinigung und Chemikalien, mechanische Stabilit\u00e4t des Untergrunds.<\/span>\u00a0<span class=\"s1\">Erlaubt sind die folgenden 5 Klassen:<\/span><\/p>\n<ul>\n<li class=\"p3\"><span class=\"s1\"><strong>Klasse 1<\/strong>Retroreflektierend Gelb \/ fluoreszierend Rot f\u00fcr LKW \/ Lastwagen<\/span><\/li>\n<li class=\"p3\"><span class=\"s1\"><strong>Klasse 2<\/strong>: retroreflektierend Gelb \/ fluoreszierend Rot f\u00fcr Anh\u00e4nger \/ Sattelanh\u00e4nger<\/span><\/li>\n<li class=\"p3\"><span class=\"s1\"><strong>Klasse 3<\/strong>R\u00fcckstrahlend Gelb \/ Reflektierend Rot f\u00fcr LKWs\/ Lastkraftwagen<\/span><\/li>\n<li class=\"p3\"><span class=\"s1\"><strong>Klasse 4<\/strong>retroreflektierend Gelb \/ reflektierend Rot f\u00fcr Anh\u00e4nger \/ Sattelanh\u00e4nger<\/span><\/li>\n<li class=\"p3\"><span class=\"s1\"><strong>Klasse 5<\/strong>Retroreflektierend Wei\u00df \/ reflektierend Rot mit E-Kennzeichen f\u00fcr alle Fahrzeuge<\/span><span class=\"s3\"><em><span class=\"Apple-converted-space\">\u00a0 \u00a0 \u00a0 \u00a0<\/span><\/em><\/span><\/li>\n<\/ul>\n<p class=\"p4\"><span class=\"s1\"><em>(ECE 70 Klasse 5 wird zu ECE 104 Klasse F, wenn es als Aufkleber angebracht wird<span class=\"Apple-converted-space\">\u00a0\u00a0<\/span>(= gleichwertig))<\/em><\/span><\/p>\n<p>&nbsp;<\/p>\n<p class=\"p3\"><span class=\"s1\">Seit den 90er Jahren ist die ECE-70 schrittweise in Europa eingef\u00fchrt worden.<\/span>\u00a0<span class=\"s1\">Anschlie\u00dfend wurde ein Upgrade mit ECE 70-01 durchgef\u00fchrt: die Anforderungen an die Reflexion wurden versch\u00e4rft, damit das Gelb der Reflexionsklasse gem\u00e4\u00df den ECE104-Normen entspricht.<\/span>\u00a0<span class=\"s1\">Dieser \u00c4nderungsantrag 01 ist in einigen L\u00e4ndern der Vereinten Nationen wie Italien und Frankreich bereits obligatorisch.<\/span>\u00a0<span class=\"s1\">ECE 70-01 bietet zwei Auswahlm\u00f6glichkeiten f\u00fcr rot-gelbe Schilder: entweder die Schilder sind reflektierend und fluoreszierend (RF) oder vollst\u00e4ndig reflektierend (RR), und in letzterem Fall haben sie dann<span class=\"Apple-converted-space\">\u00a0\u00a0<\/span>die h\u00f6chste Reflektivit\u00e4t und Sichtbarkeit, die derzeit in retroreflektierender Filmtechnologie m\u00f6glich ist.<\/span><\/p>\n<p class=\"p3\"><span class=\"s1\">Die ECE70-01-Verordnung wird regelm\u00e4\u00dfig aktualisiert und zuletzt 2015 mit einer neuen physischen \u00c4nderung einer neuen Markierung,<span class=\"Apple-converted-space\">\u00a0\u00a0<\/span>definiert als Klasse 5 und bezieht sich auf eine rot-wei\u00dfe Tafel, gem\u00e4\u00df Anhang 12 der Typgenehmigung UN-ECE48 f\u00fcr schwere Lastwagen und Anh\u00e4nger<\/span>\u00a0<span class=\"s1\">im Jahr 2017 gem\u00e4\u00df Anhang 6 der Typgenehmigung UN-ECE86-01 f\u00fcr alle Landwirtschaftlichen Fahrzeuge.<\/span><span class=\"s2\"><span class=\"Apple-converted-space\">\u00a0\u00a0<\/span><\/span><span class=\"s1\">Als n\u00e4chsten Schritt k\u00f6nnte dasselbe rot-wei\u00dfe Panel als Klebeprodukt angewendet werden und damit ist die Definition ECE104 Klasse F geboren:<span class=\"Apple-converted-space\">\u00a0\u00a0<\/span>eine rot-wei\u00dfe Folie mit E-Pr\u00fcfzeichen.<\/span><\/p>\n<p class=\"p3\"><span class=\"s1\">In der ECE 70-01 sprechen wir \u00fcber eine Mikro-Prismenfolie. Hier werden kleine Reflektoren verwendet<em>Mikroprismen<\/em>anstelle von Glasperlen.<\/span>\u00a0<span class=\"s1\">Aufgrund der sehr spezifischen Geometrie dieser Reflektoren wird die Reflexion st\u00e4rker und das Schild haltbarer als zuvor.<\/span><\/p>\n<p class=\"p3\" style=\"margin: 0cm;background: white;text-align: start\">","protected":false},"excerpt":{"rendered":"<p>ECE 70\/-01 borden\u00a0\u00a0\u00a0(klasse 1 \u2013 5) Technische eisen : VN \/ ECE R70: uniforme voorwaarden voor goedkeuring van waarschuwingsplaten voor zware en lange voertuigen.\u00a0\u00a0Regelt ontwerpvereisten, dagkleur, nachtkleur, reflectiewaarden, weerstand tegen reiniging en chemicali\u00ebn, mechanische stabiliteit van de ondergrond.\u00a0Toegestaan zijn de volgende 5 klassen: Class 1: retro-reflecterend Geel \/ fluorescerend Rood voor trucks\/ vrachtwagens Class 2: [&hellip;]<\/p>","protected":false},"featured_media":3344,"template":"","meta":{"_acf_changed":false},"product_brand":[],"product_cat":[149,35,16],"product_tag":[],"class_list":{"0":"post-1670","1":"product","2":"type-product","3":"status-publish","4":"has-post-thumbnail","6":"product_cat-contourmarkering","7":"product_cat-truck-traileronderdelen","8":"product_cat-geen-categorie","10":"first","11":"instock","12":"shipping-taxable","13":"purchasable","14":"product-type-simple"},"acf":[],"yoast_head":"<!-- This site is optimized with the Yoast SEO plugin v26.6 - https:\/\/yoast.com\/wordpress\/plugins\/seo\/ -->\n<title>set stickers R 566x200 mm RR 017017 - Geel KL3\/Rood KL1 - D&amp;P Trading<\/title>\n<meta name=\"robots\" content=\"index, follow, max-snippet:-1, max-image-preview:large, max-video-preview:-1\" \/>\n<link rel=\"canonical\" href=\"https:\/\/dptrading.nl\/de\/produkt\/set-stickers-r-566x200-mm-rr-017017-geel-kl3-rood-kl1\/\" \/>\n<meta property=\"og:locale\" content=\"de_DE\" \/>\n<meta property=\"og:type\" content=\"article\" \/>\n<meta property=\"og:title\" content=\"set stickers R 566x200 mm RR 017017 - Geel KL3\/Rood KL1 - D&amp;P Trading\" \/>\n<meta property=\"og:description\" content=\"ECE 70\/-01 borden\u00a0\u00a0\u00a0(klasse 1 \u2013 5) Technische eisen : VN \/ ECE R70: uniforme voorwaarden voor goedkeuring van waarschuwingsplaten voor zware en lange voertuigen.\u00a0\u00a0Regelt ontwerpvereisten, dagkleur, nachtkleur, reflectiewaarden, weerstand tegen reiniging en chemicali\u00ebn, mechanische stabiliteit van de ondergrond.\u00a0Toegestaan zijn de volgende 5 klassen: Class 1: retro-reflecterend Geel \/ fluorescerend Rood voor trucks\/ vrachtwagens Class 2: [&hellip;]\" \/>\n<meta property=\"og:url\" content=\"https:\/\/dptrading.nl\/de\/produkt\/set-stickers-r-566x200-mm-rr-017017-geel-kl3-rood-kl1\/\" \/>\n<meta property=\"og:site_name\" content=\"D&amp;P Trading\" \/>\n<meta property=\"article:modified_time\" content=\"2026-01-21T21:36:00+00:00\" \/>\n<meta property=\"og:image\" content=\"https:\/\/dptrading.nl\/wp-content\/uploads\/2025\/05\/09.3792.90-scaled.jpg\" \/>\n\t<meta property=\"og:image:width\" content=\"2560\" \/>\n\t<meta property=\"og:image:height\" content=\"464\" \/>\n\t<meta property=\"og:image:type\" content=\"image\/jpeg\" \/>\n<meta name=\"twitter:card\" content=\"summary_large_image\" \/>\n<meta name=\"twitter:label1\" content=\"Gesch\u00e4tzte Lesezeit\" \/>\n\t<meta name=\"twitter:data1\" content=\"2\u00a0Minuten\" \/>\n<script type=\"application\/ld+json\" class=\"yoast-schema-graph\">{\"@context\":\"https:\/\/schema.org\",\"@graph\":[{\"@type\":\"WebPage\",\"@id\":\"https:\/\/dptrading.nl\/product\/set-stickers-r-566x200-mm-rr-017017-geel-kl3-rood-kl1\/\",\"url\":\"https:\/\/dptrading.nl\/product\/set-stickers-r-566x200-mm-rr-017017-geel-kl3-rood-kl1\/\",\"name\":\"set stickers R 566x200 mm RR 017017 - Geel KL3\/Rood KL1 - D&amp;P Trading\",\"isPartOf\":{\"@id\":\"https:\/\/dptrading.nl\/#website\"},\"primaryImageOfPage\":{\"@id\":\"https:\/\/dptrading.nl\/product\/set-stickers-r-566x200-mm-rr-017017-geel-kl3-rood-kl1\/#primaryimage\"},\"image\":{\"@id\":\"https:\/\/dptrading.nl\/product\/set-stickers-r-566x200-mm-rr-017017-geel-kl3-rood-kl1\/#primaryimage\"},\"thumbnailUrl\":\"https:\/\/dptrading.nl\/wp-content\/uploads\/2025\/05\/09.3792.90-scaled.jpg\",\"datePublished\":\"2025-05-27T17:06:20+00:00\",\"dateModified\":\"2026-01-21T21:36:00+00:00\",\"breadcrumb\":{\"@id\":\"https:\/\/dptrading.nl\/product\/set-stickers-r-566x200-mm-rr-017017-geel-kl3-rood-kl1\/#breadcrumb\"},\"inLanguage\":\"de\",\"potentialAction\":[{\"@type\":\"ReadAction\",\"target\":[\"https:\/\/dptrading.nl\/product\/set-stickers-r-566x200-mm-rr-017017-geel-kl3-rood-kl1\/\"]}]},{\"@type\":\"ImageObject\",\"inLanguage\":\"de\",\"@id\":\"https:\/\/dptrading.nl\/product\/set-stickers-r-566x200-mm-rr-017017-geel-kl3-rood-kl1\/#primaryimage\",\"url\":\"https:\/\/dptrading.nl\/wp-content\/uploads\/2025\/05\/09.3792.90-scaled.jpg\",\"contentUrl\":\"https:\/\/dptrading.nl\/wp-content\/uploads\/2025\/05\/09.3792.90-scaled.jpg\",\"width\":2560,\"height\":464},{\"@type\":\"BreadcrumbList\",\"@id\":\"https:\/\/dptrading.nl\/product\/set-stickers-r-566x200-mm-rr-017017-geel-kl3-rood-kl1\/#breadcrumb\",\"itemListElement\":[{\"@type\":\"ListItem\",\"position\":1,\"name\":\"Home\",\"item\":\"https:\/\/dptrading.nl\/\"},{\"@type\":\"ListItem\",\"position\":2,\"name\":\"Producten\",\"item\":\"https:\/\/dptrading.nl\/winkel\/\"},{\"@type\":\"ListItem\",\"position\":3,\"name\":\"set stickers R 566&#215;200 mm RR 017017 &#8211; Geel KL3\/Rood KL1\"}]},{\"@type\":\"WebSite\",\"@id\":\"https:\/\/dptrading.nl\/#website\",\"url\":\"https:\/\/dptrading.nl\/\",\"name\":\"D&P Trading\",\"description\":\"\",\"publisher\":{\"@id\":\"https:\/\/dptrading.nl\/#organization\"},\"potentialAction\":[{\"@type\":\"SearchAction\",\"target\":{\"@type\":\"EntryPoint\",\"urlTemplate\":\"https:\/\/dptrading.nl\/?s={search_term_string}\"},\"query-input\":{\"@type\":\"PropertyValueSpecification\",\"valueRequired\":true,\"valueName\":\"search_term_string\"}}],\"inLanguage\":\"de\"},{\"@type\":\"Organization\",\"@id\":\"https:\/\/dptrading.nl\/#organization\",\"name\":\"D&P Trading\",\"url\":\"https:\/\/dptrading.nl\/\",\"logo\":{\"@type\":\"ImageObject\",\"inLanguage\":\"de\",\"@id\":\"https:\/\/dptrading.nl\/#\/schema\/logo\/image\/\",\"url\":\"https:\/\/dptrading.nl\/wp-content\/uploads\/2025\/04\/logo-dp.png\",\"contentUrl\":\"https:\/\/dptrading.nl\/wp-content\/uploads\/2025\/04\/logo-dp.png\",\"width\":1248,\"height\":156,\"caption\":\"D&P Trading\"},\"image\":{\"@id\":\"https:\/\/dptrading.nl\/#\/schema\/logo\/image\/\"}}]}<\/script>\n<!-- \/ Yoast SEO plugin. -->","yoast_head_json":{"title":"set stickers R 566x200 mm RR 017017 - Geel KL3\/Rood KL1 - D&amp;P Trading","robots":{"index":"index","follow":"follow","max-snippet":"max-snippet:-1","max-image-preview":"max-image-preview:large","max-video-preview":"max-video-preview:-1"},"canonical":"https:\/\/dptrading.nl\/de\/produkt\/set-stickers-r-566x200-mm-rr-017017-geel-kl3-rood-kl1\/","og_locale":"de_DE","og_type":"article","og_title":"set stickers R 566x200 mm RR 017017 - Geel KL3\/Rood KL1 - D&amp;P Trading","og_description":"ECE 70\/-01 borden\u00a0\u00a0\u00a0(klasse 1 \u2013 5) Technische eisen : VN \/ ECE R70: uniforme voorwaarden voor goedkeuring van waarschuwingsplaten voor zware en lange voertuigen.\u00a0\u00a0Regelt ontwerpvereisten, dagkleur, nachtkleur, reflectiewaarden, weerstand tegen reiniging en chemicali\u00ebn, mechanische stabiliteit van de ondergrond.\u00a0Toegestaan zijn de volgende 5 klassen: Class 1: retro-reflecterend Geel \/ fluorescerend Rood voor trucks\/ vrachtwagens Class 2: [&hellip;]","og_url":"https:\/\/dptrading.nl\/de\/produkt\/set-stickers-r-566x200-mm-rr-017017-geel-kl3-rood-kl1\/","og_site_name":"D&amp;P Trading","article_modified_time":"2026-01-21T21:36:00+00:00","og_image":[{"width":2560,"height":464,"url":"https:\/\/dptrading.nl\/wp-content\/uploads\/2025\/05\/09.3792.90-scaled.jpg","type":"image\/jpeg"}],"twitter_card":"summary_large_image","twitter_misc":{"Gesch\u00e4tzte Lesezeit":"2\u00a0Minuten"},"schema":{"@context":"https:\/\/schema.org","@graph":[{"@type":"WebPage","@id":"https:\/\/dptrading.nl\/product\/set-stickers-r-566x200-mm-rr-017017-geel-kl3-rood-kl1\/","url":"https:\/\/dptrading.nl\/product\/set-stickers-r-566x200-mm-rr-017017-geel-kl3-rood-kl1\/","name":"set stickers R 566x200 mm RR 017017 - Geel KL3\/Rood KL1 - D&amp;P Trading","isPartOf":{"@id":"https:\/\/dptrading.nl\/#website"},"primaryImageOfPage":{"@id":"https:\/\/dptrading.nl\/product\/set-stickers-r-566x200-mm-rr-017017-geel-kl3-rood-kl1\/#primaryimage"},"image":{"@id":"https:\/\/dptrading.nl\/product\/set-stickers-r-566x200-mm-rr-017017-geel-kl3-rood-kl1\/#primaryimage"},"thumbnailUrl":"https:\/\/dptrading.nl\/wp-content\/uploads\/2025\/05\/09.3792.90-scaled.jpg","datePublished":"2025-05-27T17:06:20+00:00","dateModified":"2026-01-21T21:36:00+00:00","breadcrumb":{"@id":"https:\/\/dptrading.nl\/product\/set-stickers-r-566x200-mm-rr-017017-geel-kl3-rood-kl1\/#breadcrumb"},"inLanguage":"de","potentialAction":[{"@type":"ReadAction","target":["https:\/\/dptrading.nl\/product\/set-stickers-r-566x200-mm-rr-017017-geel-kl3-rood-kl1\/"]}]},{"@type":"ImageObject","inLanguage":"de","@id":"https:\/\/dptrading.nl\/product\/set-stickers-r-566x200-mm-rr-017017-geel-kl3-rood-kl1\/#primaryimage","url":"https:\/\/dptrading.nl\/wp-content\/uploads\/2025\/05\/09.3792.90-scaled.jpg","contentUrl":"https:\/\/dptrading.nl\/wp-content\/uploads\/2025\/05\/09.3792.90-scaled.jpg","width":2560,"height":464},{"@type":"BreadcrumbList","@id":"https:\/\/dptrading.nl\/product\/set-stickers-r-566x200-mm-rr-017017-geel-kl3-rood-kl1\/#breadcrumb","itemListElement":[{"@type":"ListItem","position":1,"name":"Home","item":"https:\/\/dptrading.nl\/"},{"@type":"ListItem","position":2,"name":"Producten","item":"https:\/\/dptrading.nl\/winkel\/"},{"@type":"ListItem","position":3,"name":"set stickers R 566&#215;200 mm RR 017017 &#8211; Geel KL3\/Rood KL1"}]},{"@type":"WebSite","@id":"https:\/\/dptrading.nl\/#website","url":"https:\/\/dptrading.nl\/","name":"D&amp;P Handel","description":"","publisher":{"@id":"https:\/\/dptrading.nl\/#organization"},"potentialAction":[{"@type":"SearchAction","target":{"@type":"EntryPoint","urlTemplate":"https:\/\/dptrading.nl\/?s={search_term_string}"},"query-input":{"@type":"PropertyValueSpecification","valueRequired":true,"valueName":"search_term_string"}}],"inLanguage":"de"},{"@type":"Organization","@id":"https:\/\/dptrading.nl\/#organization","name":"D&amp;P Handel","url":"https:\/\/dptrading.nl\/","logo":{"@type":"ImageObject","inLanguage":"de","@id":"https:\/\/dptrading.nl\/#\/schema\/logo\/image\/","url":"https:\/\/dptrading.nl\/wp-content\/uploads\/2025\/04\/logo-dp.png","contentUrl":"https:\/\/dptrading.nl\/wp-content\/uploads\/2025\/04\/logo-dp.png","width":1248,"height":156,"caption":"D&P Trading"},"image":{"@id":"https:\/\/dptrading.nl\/#\/schema\/logo\/image\/"}}]}},"_links":{"self":[{"href":"https:\/\/dptrading.nl\/de\/wp-json\/wp\/v2\/product\/1670","targetHints":{"allow":["GET"]}}],"collection":[{"href":"https:\/\/dptrading.nl\/de\/wp-json\/wp\/v2\/product"}],"about":[{"href":"https:\/\/dptrading.nl\/de\/wp-json\/wp\/v2\/types\/product"}],"wp:featuredmedia":[{"embeddable":true,"href":"https:\/\/dptrading.nl\/de\/wp-json\/wp\/v2\/media\/3344"}],"wp:attachment":[{"href":"https:\/\/dptrading.nl\/de\/wp-json\/wp\/v2\/media?parent=1670"}],"wp:term":[{"taxonomy":"product_brand","embeddable":true,"href":"https:\/\/dptrading.nl\/de\/wp-json\/wp\/v2\/product_brand?post=1670"},{"taxonomy":"product_cat","embeddable":true,"href":"https:\/\/dptrading.nl\/de\/wp-json\/wp\/v2\/product_cat?post=1670"},{"taxonomy":"product_tag","embeddable":true,"href":"https:\/\/dptrading.nl\/de\/wp-json\/wp\/v2\/product_tag?post=1670"}],"curies":[{"name":"wp","href":"https:\/\/api.w.org\/{rel}","templated":true}]}}