{"id":1343,"date":"2025-05-27T17:55:50","date_gmt":"2025-05-27T15:55:50","guid":{"rendered":"https:\/\/dptrading.nl\/product\/container-kabel-stng-o-6-mm-lengte-250-mtr-2\/"},"modified":"2026-04-29T16:31:03","modified_gmt":"2026-04-29T14:31:03","slug":"container-kabel-stng-o-6-mm-lengte-250-mtr-2","status":"publish","type":"product","link":"https:\/\/dptrading.nl\/de\/produkt\/container-kabel-stng-o-6-mm-lengte-250-mtr-2\/","title":{"rendered":"Zollseil mit Stahldraht STNG \u00d8 6 mm - 250 Mtr"},"content":{"rendered":"<p>STNG-Kabel 6 mm - Kosteng\u00fcnstige Alternative zum TIR-Kabel<\/p>\n<p>Suchen Sie nach einer erschwinglichen L\u00f6sung f\u00fcr die Abdichtung von Beh\u00e4ltern oder Fahrzeugen? Das STNG-Beh\u00e4lterkabel bietet die gleichen Anwendungsm\u00f6glichkeiten wie das herk\u00f6mmliche TIR-Kabel, entspricht aber nicht den Zollanforderungen f\u00fcr TIR-Sendungen.<\/p>\n<p>Dieses Kabel ist ideal f\u00fcr die Abdichtung von Fahrzeugen mit geschlossenem Segel und von Open-Top-Beh\u00e4ltern. Das STNG-Kabel ist eine ausgezeichnete und kosteng\u00fcnstige Alternative f\u00fcr Situationen, in denen keine offizielle TIR-Zulassung erforderlich ist.<\/p>\n<p>\u2714 Stark und zuverl\u00e4ssig<br \/>\n\u2714 Budgetfreundlich - ideal f\u00fcr nicht-TIR-Transporte oder tempor\u00e4re Anwendungen<br \/>\n\u2714 Geliefert mit TIR-Endst\u00fccken<\/p>\n<p>Anmerkung:<br \/>\nDieses STNG-Kabel hat einen Durchmesser von 6 mm und enth\u00e4lt auf der Innenseite keinen Textilfaden. Damit entspricht das Kabel nicht der TIR-Verordnung.<\/p>\n<p>Eine ausgezeichnete Wahl f\u00fcr die sichere Abdichtung von Sattelaufliegern, Anh\u00e4ngern oder Containern - ohne die Kosten f\u00fcr ein offizielles TIR-Kabel.<\/p>\n<p>Wichtiger Hinweis:<br \/>\nBeim Transport von Waren empfehlen wir dringend die Verwendung eines zugelassenen TIR-Kabels. Dadurch werden Probleme bei Grenz- oder Zollkontrollen vermieden.<br \/>\nNat\u00fcrlich k\u00f6nnen Sie auch einfach ein zugelassenes TIR-Kabel bei uns bestellen.<\/p>","protected":false},"excerpt":{"rendered":"<p>Containerkabel STNG \u00d8 6 mm \/ Spulenl\u00e4nge = 250 Meter<\/p>","protected":false},"featured_media":1990,"template":"","meta":{"_acf_changed":false},"product_brand":[],"product_cat":[21],"product_tag":[],"class_list":{"0":"post-1343","1":"product","2":"type-product","3":"status-publish","4":"has-post-thumbnail","6":"product_cat-kabel-touw","8":"first","9":"instock","10":"shipping-taxable","11":"purchasable","12":"product-type-simple"},"acf":[],"yoast_head":"<!-- This site is optimized with the Yoast SEO plugin v26.6 - https:\/\/yoast.com\/wordpress\/plugins\/seo\/ -->\n<title>TIR Kabel STNG \u00d8 6 mm - 250 meter - D&amp;P Trading<\/title>\n<meta name=\"robots\" content=\"index, follow, max-snippet:-1, max-image-preview:large, max-video-preview:-1\" \/>\n<link rel=\"canonical\" href=\"https:\/\/dptrading.nl\/de\/produkt\/container-kabel-stng-o-6-mm-lengte-250-mtr-2\/\" \/>\n<meta property=\"og:locale\" content=\"de_DE\" \/>\n<meta property=\"og:type\" content=\"article\" \/>\n<meta property=\"og:title\" content=\"TIR Kabel STNG \u00d8 6 mm - 250 meter - D&amp;P Trading\" \/>\n<meta property=\"og:description\" content=\"Container kabel STNG \u00d8 6 mm \/ rollengte = 250 meter\" \/>\n<meta property=\"og:url\" content=\"https:\/\/dptrading.nl\/de\/produkt\/container-kabel-stng-o-6-mm-lengte-250-mtr-2\/\" \/>\n<meta property=\"og:site_name\" content=\"D&amp;P Trading\" \/>\n<meta property=\"article:modified_time\" content=\"2026-04-29T14:31:03+00:00\" \/>\n<meta property=\"og:image\" content=\"https:\/\/dptrading.nl\/wp-content\/uploads\/2025\/05\/50.6250.00.jpg\" \/>\n\t<meta property=\"og:image:width\" content=\"498\" \/>\n\t<meta property=\"og:image:height\" content=\"498\" \/>\n\t<meta property=\"og:image:type\" content=\"image\/jpeg\" \/>\n<meta name=\"twitter:card\" content=\"summary_large_image\" \/>\n<meta name=\"twitter:label1\" content=\"Gesch\u00e4tzte Lesezeit\" \/>\n\t<meta name=\"twitter:data1\" content=\"1\u00a0Minute\" \/>\n<script type=\"application\/ld+json\" class=\"yoast-schema-graph\">{\"@context\":\"https:\/\/schema.org\",\"@graph\":[{\"@type\":\"WebPage\",\"@id\":\"https:\/\/dptrading.nl\/product\/container-kabel-stng-o-6-mm-lengte-250-mtr-2\/\",\"url\":\"https:\/\/dptrading.nl\/product\/container-kabel-stng-o-6-mm-lengte-250-mtr-2\/\",\"name\":\"TIR Kabel STNG \u00d8 6 mm - 250 meter - D&amp;P Trading\",\"isPartOf\":{\"@id\":\"https:\/\/dptrading.nl\/#website\"},\"primaryImageOfPage\":{\"@id\":\"https:\/\/dptrading.nl\/product\/container-kabel-stng-o-6-mm-lengte-250-mtr-2\/#primaryimage\"},\"image\":{\"@id\":\"https:\/\/dptrading.nl\/product\/container-kabel-stng-o-6-mm-lengte-250-mtr-2\/#primaryimage\"},\"thumbnailUrl\":\"https:\/\/dptrading.nl\/wp-content\/uploads\/2025\/05\/50.6250.00.jpg\",\"datePublished\":\"2025-05-27T15:55:50+00:00\",\"dateModified\":\"2026-04-29T14:31:03+00:00\",\"breadcrumb\":{\"@id\":\"https:\/\/dptrading.nl\/product\/container-kabel-stng-o-6-mm-lengte-250-mtr-2\/#breadcrumb\"},\"inLanguage\":\"de\",\"potentialAction\":[{\"@type\":\"ReadAction\",\"target\":[\"https:\/\/dptrading.nl\/product\/container-kabel-stng-o-6-mm-lengte-250-mtr-2\/\"]}]},{\"@type\":\"ImageObject\",\"inLanguage\":\"de\",\"@id\":\"https:\/\/dptrading.nl\/product\/container-kabel-stng-o-6-mm-lengte-250-mtr-2\/#primaryimage\",\"url\":\"https:\/\/dptrading.nl\/wp-content\/uploads\/2025\/05\/50.6250.00.jpg\",\"contentUrl\":\"https:\/\/dptrading.nl\/wp-content\/uploads\/2025\/05\/50.6250.00.jpg\",\"width\":498,\"height\":498},{\"@type\":\"BreadcrumbList\",\"@id\":\"https:\/\/dptrading.nl\/product\/container-kabel-stng-o-6-mm-lengte-250-mtr-2\/#breadcrumb\",\"itemListElement\":[{\"@type\":\"ListItem\",\"position\":1,\"name\":\"Home\",\"item\":\"https:\/\/dptrading.nl\/\"},{\"@type\":\"ListItem\",\"position\":2,\"name\":\"Producten\",\"item\":\"https:\/\/dptrading.nl\/winkel\/\"},{\"@type\":\"ListItem\",\"position\":3,\"name\":\"TIR Kabel STNG \u00d8 6 mm &#8211; 250 meter\"}]},{\"@type\":\"WebSite\",\"@id\":\"https:\/\/dptrading.nl\/#website\",\"url\":\"https:\/\/dptrading.nl\/\",\"name\":\"D&P Trading\",\"description\":\"\",\"publisher\":{\"@id\":\"https:\/\/dptrading.nl\/#organization\"},\"potentialAction\":[{\"@type\":\"SearchAction\",\"target\":{\"@type\":\"EntryPoint\",\"urlTemplate\":\"https:\/\/dptrading.nl\/?s={search_term_string}\"},\"query-input\":{\"@type\":\"PropertyValueSpecification\",\"valueRequired\":true,\"valueName\":\"search_term_string\"}}],\"inLanguage\":\"de\"},{\"@type\":\"Organization\",\"@id\":\"https:\/\/dptrading.nl\/#organization\",\"name\":\"D&P Trading\",\"url\":\"https:\/\/dptrading.nl\/\",\"logo\":{\"@type\":\"ImageObject\",\"inLanguage\":\"de\",\"@id\":\"https:\/\/dptrading.nl\/#\/schema\/logo\/image\/\",\"url\":\"https:\/\/dptrading.nl\/wp-content\/uploads\/2025\/04\/logo-dp.png\",\"contentUrl\":\"https:\/\/dptrading.nl\/wp-content\/uploads\/2025\/04\/logo-dp.png\",\"width\":1248,\"height\":156,\"caption\":\"D&P Trading\"},\"image\":{\"@id\":\"https:\/\/dptrading.nl\/#\/schema\/logo\/image\/\"}}]}<\/script>\n<!-- \/ Yoast SEO plugin. -->","yoast_head_json":{"title":"TIR Kabel STNG \u00d8 6 mm - 250 meter - D&amp;P Trading","robots":{"index":"index","follow":"follow","max-snippet":"max-snippet:-1","max-image-preview":"max-image-preview:large","max-video-preview":"max-video-preview:-1"},"canonical":"https:\/\/dptrading.nl\/de\/produkt\/container-kabel-stng-o-6-mm-lengte-250-mtr-2\/","og_locale":"de_DE","og_type":"article","og_title":"TIR Kabel STNG \u00d8 6 mm - 250 meter - D&amp;P Trading","og_description":"Container kabel STNG \u00d8 6 mm \/ rollengte = 250 meter","og_url":"https:\/\/dptrading.nl\/de\/produkt\/container-kabel-stng-o-6-mm-lengte-250-mtr-2\/","og_site_name":"D&amp;P Trading","article_modified_time":"2026-04-29T14:31:03+00:00","og_image":[{"width":498,"height":498,"url":"https:\/\/dptrading.nl\/wp-content\/uploads\/2025\/05\/50.6250.00.jpg","type":"image\/jpeg"}],"twitter_card":"summary_large_image","twitter_misc":{"Gesch\u00e4tzte Lesezeit":"1\u00a0Minute"},"schema":{"@context":"https:\/\/schema.org","@graph":[{"@type":"WebPage","@id":"https:\/\/dptrading.nl\/product\/container-kabel-stng-o-6-mm-lengte-250-mtr-2\/","url":"https:\/\/dptrading.nl\/product\/container-kabel-stng-o-6-mm-lengte-250-mtr-2\/","name":"TIR Kabel STNG \u00d8 6 mm - 250 meter - D&amp;P Trading","isPartOf":{"@id":"https:\/\/dptrading.nl\/#website"},"primaryImageOfPage":{"@id":"https:\/\/dptrading.nl\/product\/container-kabel-stng-o-6-mm-lengte-250-mtr-2\/#primaryimage"},"image":{"@id":"https:\/\/dptrading.nl\/product\/container-kabel-stng-o-6-mm-lengte-250-mtr-2\/#primaryimage"},"thumbnailUrl":"https:\/\/dptrading.nl\/wp-content\/uploads\/2025\/05\/50.6250.00.jpg","datePublished":"2025-05-27T15:55:50+00:00","dateModified":"2026-04-29T14:31:03+00:00","breadcrumb":{"@id":"https:\/\/dptrading.nl\/product\/container-kabel-stng-o-6-mm-lengte-250-mtr-2\/#breadcrumb"},"inLanguage":"de","potentialAction":[{"@type":"ReadAction","target":["https:\/\/dptrading.nl\/product\/container-kabel-stng-o-6-mm-lengte-250-mtr-2\/"]}]},{"@type":"ImageObject","inLanguage":"de","@id":"https:\/\/dptrading.nl\/product\/container-kabel-stng-o-6-mm-lengte-250-mtr-2\/#primaryimage","url":"https:\/\/dptrading.nl\/wp-content\/uploads\/2025\/05\/50.6250.00.jpg","contentUrl":"https:\/\/dptrading.nl\/wp-content\/uploads\/2025\/05\/50.6250.00.jpg","width":498,"height":498},{"@type":"BreadcrumbList","@id":"https:\/\/dptrading.nl\/product\/container-kabel-stng-o-6-mm-lengte-250-mtr-2\/#breadcrumb","itemListElement":[{"@type":"ListItem","position":1,"name":"Home","item":"https:\/\/dptrading.nl\/"},{"@type":"ListItem","position":2,"name":"Producten","item":"https:\/\/dptrading.nl\/winkel\/"},{"@type":"ListItem","position":3,"name":"TIR Kabel STNG \u00d8 6 mm &#8211; 250 meter"}]},{"@type":"WebSite","@id":"https:\/\/dptrading.nl\/#website","url":"https:\/\/dptrading.nl\/","name":"D&amp;P Handel","description":"","publisher":{"@id":"https:\/\/dptrading.nl\/#organization"},"potentialAction":[{"@type":"SearchAction","target":{"@type":"EntryPoint","urlTemplate":"https:\/\/dptrading.nl\/?s={search_term_string}"},"query-input":{"@type":"PropertyValueSpecification","valueRequired":true,"valueName":"search_term_string"}}],"inLanguage":"de"},{"@type":"Organization","@id":"https:\/\/dptrading.nl\/#organization","name":"D&amp;P Handel","url":"https:\/\/dptrading.nl\/","logo":{"@type":"ImageObject","inLanguage":"de","@id":"https:\/\/dptrading.nl\/#\/schema\/logo\/image\/","url":"https:\/\/dptrading.nl\/wp-content\/uploads\/2025\/04\/logo-dp.png","contentUrl":"https:\/\/dptrading.nl\/wp-content\/uploads\/2025\/04\/logo-dp.png","width":1248,"height":156,"caption":"D&P Trading"},"image":{"@id":"https:\/\/dptrading.nl\/#\/schema\/logo\/image\/"}}]}},"_links":{"self":[{"href":"https:\/\/dptrading.nl\/de\/wp-json\/wp\/v2\/product\/1343","targetHints":{"allow":["GET"]}}],"collection":[{"href":"https:\/\/dptrading.nl\/de\/wp-json\/wp\/v2\/product"}],"about":[{"href":"https:\/\/dptrading.nl\/de\/wp-json\/wp\/v2\/types\/product"}],"wp:featuredmedia":[{"embeddable":true,"href":"https:\/\/dptrading.nl\/de\/wp-json\/wp\/v2\/media\/1990"}],"wp:attachment":[{"href":"https:\/\/dptrading.nl\/de\/wp-json\/wp\/v2\/media?parent=1343"}],"wp:term":[{"taxonomy":"product_brand","embeddable":true,"href":"https:\/\/dptrading.nl\/de\/wp-json\/wp\/v2\/product_brand?post=1343"},{"taxonomy":"product_cat","embeddable":true,"href":"https:\/\/dptrading.nl\/de\/wp-json\/wp\/v2\/product_cat?post=1343"},{"taxonomy":"product_tag","embeddable":true,"href":"https:\/\/dptrading.nl\/de\/wp-json\/wp\/v2\/product_tag?post=1343"}],"curies":[{"name":"wp","href":"https:\/\/api.w.org\/{rel}","templated":true}]}}