{"id":1326,"date":"2025-05-27T17:51:29","date_gmt":"2025-05-27T15:51:29","guid":{"rendered":"https:\/\/dptrading.nl\/product\/container-kabel-stng-o-6-mm-lengte-250-mtr\/"},"modified":"2026-01-21T23:30:25","modified_gmt":"2026-01-21T22:30:25","slug":"container-kabel-stng-o-6-mm-lengte-250-mtr","status":"publish","type":"product","link":"https:\/\/dptrading.nl\/de\/produkt\/container-kabel-stng-o-6-mm-lengte-250-mtr\/","title":{"rendered":"Zollseil mit Stahldraht STNG \u00d8 6 mm - 25,0 Mtr"},"content":{"rendered":"<p>STNG Kabel - 6 mm | Preisg\u00fcnstige Option f\u00fcr Gro\u00dfverbraucher!<\/p>\n<p>Dieses STNG-Kabel (auch STNG-Leitung oder Containerkabel genannt) wurde speziell f\u00fcr Gro\u00dfverbraucher entwickelt, die eine zuverl\u00e4ssige und wirtschaftliche L\u00f6sung f\u00fcr die Abdichtung von segelgef\u00fchrten Fahrzeugen suchen.<\/p>\n<p>Das STNG-Kabel hat einen Durchmesser von 6 mm. Der Au\u00dfenmantel besteht aus robustem Kunststoff und enth\u00e4lt einen geflochtenen Stahldraht. Bitte beachten Sie: Diese STNG-Variante hat keinen inneren Textildraht! (nicht TIR-zugelassen). Wenn ein TIR-Transport ansteht, empfehlen wir die Verwendung des Original-TIR-Kabels.<\/p>\n<p>Anwendung:<\/p>\n<p>Das STNG-Seil wird zum sicheren Verschlie\u00dfen von Fahrzeugen mit geschlossenem Segel verwendet. Die Leine wird um das Fahrzeug herum, durch die Schiebeplanenschnallen und den T\u00fcrverschluss gef\u00fchrt und dann mit den TIR-Endst\u00fccken zusammengef\u00fchrt. Durch das Verschlie\u00dfen dieser Endst\u00fccke wird die Ladeeinheit effektiv versiegelt.<\/p>","protected":false},"excerpt":{"rendered":"<p>STNG Kabel \u2013 6 mm | Budgetoptie voor grootverbruikers! Deze STNG kabel (ook wel STNG lijn of containerkabel genoemd) is speciaal ontwikkeld voor grootverbruikers die op zoek zijn naar een betrouwbare \u00e9n voordelige oplossing voor het verzegelen van zeilgesloten voertuigen. De STNG kabel heeft een diameter van 6 mm. De buitenmantel is gemaakt van stevig [&hellip;]<\/p>","protected":false},"featured_media":2015,"template":"","meta":{"_acf_changed":false},"product_brand":[],"product_cat":[21],"product_tag":[],"class_list":{"0":"post-1326","1":"product","2":"type-product","3":"status-publish","4":"has-post-thumbnail","6":"product_cat-kabel-touw","8":"first","9":"instock","10":"shipping-taxable","11":"purchasable","12":"product-type-simple"},"acf":[],"yoast_head":"<!-- This site is optimized with the Yoast SEO plugin v26.6 - https:\/\/yoast.com\/wordpress\/plugins\/seo\/ -->\n<title>TIR Kabel STNG \u00d8 6 mm - 25,0 meter - D&amp;P Trading<\/title>\n<meta name=\"robots\" content=\"index, follow, max-snippet:-1, max-image-preview:large, max-video-preview:-1\" \/>\n<link rel=\"canonical\" href=\"https:\/\/dptrading.nl\/de\/produkt\/container-kabel-stng-o-6-mm-lengte-250-mtr\/\" \/>\n<meta property=\"og:locale\" content=\"de_DE\" \/>\n<meta property=\"og:type\" content=\"article\" \/>\n<meta property=\"og:title\" content=\"TIR Kabel STNG \u00d8 6 mm - 25,0 meter - D&amp;P Trading\" \/>\n<meta property=\"og:description\" content=\"STNG Kabel \u2013 6 mm | Budgetoptie voor grootverbruikers! Deze STNG kabel (ook wel STNG lijn of containerkabel genoemd) is speciaal ontwikkeld voor grootverbruikers die op zoek zijn naar een betrouwbare \u00e9n voordelige oplossing voor het verzegelen van zeilgesloten voertuigen. De STNG kabel heeft een diameter van 6 mm. De buitenmantel is gemaakt van stevig [&hellip;]\" \/>\n<meta property=\"og:url\" content=\"https:\/\/dptrading.nl\/de\/produkt\/container-kabel-stng-o-6-mm-lengte-250-mtr\/\" \/>\n<meta property=\"og:site_name\" content=\"D&amp;P Trading\" \/>\n<meta property=\"article:modified_time\" content=\"2026-01-21T22:30:25+00:00\" \/>\n<meta property=\"og:image\" content=\"https:\/\/dptrading.nl\/wp-content\/uploads\/2025\/05\/TIR-kabel-op-maat.jpeg\" \/>\n\t<meta property=\"og:image:width\" content=\"1512\" \/>\n\t<meta property=\"og:image:height\" content=\"1512\" \/>\n\t<meta property=\"og:image:type\" content=\"image\/jpeg\" \/>\n<meta name=\"twitter:card\" content=\"summary_large_image\" \/>\n<meta name=\"twitter:label1\" content=\"Gesch\u00e4tzte Lesezeit\" \/>\n\t<meta name=\"twitter:data1\" content=\"1\u00a0Minute\" \/>\n<script type=\"application\/ld+json\" class=\"yoast-schema-graph\">{\"@context\":\"https:\/\/schema.org\",\"@graph\":[{\"@type\":\"WebPage\",\"@id\":\"https:\/\/dptrading.nl\/product\/container-kabel-stng-o-6-mm-lengte-250-mtr\/\",\"url\":\"https:\/\/dptrading.nl\/product\/container-kabel-stng-o-6-mm-lengte-250-mtr\/\",\"name\":\"TIR Kabel STNG \u00d8 6 mm - 25,0 meter - D&amp;P Trading\",\"isPartOf\":{\"@id\":\"https:\/\/dptrading.nl\/#website\"},\"primaryImageOfPage\":{\"@id\":\"https:\/\/dptrading.nl\/product\/container-kabel-stng-o-6-mm-lengte-250-mtr\/#primaryimage\"},\"image\":{\"@id\":\"https:\/\/dptrading.nl\/product\/container-kabel-stng-o-6-mm-lengte-250-mtr\/#primaryimage\"},\"thumbnailUrl\":\"https:\/\/dptrading.nl\/wp-content\/uploads\/2025\/05\/TIR-kabel-op-maat.jpeg\",\"datePublished\":\"2025-05-27T15:51:29+00:00\",\"dateModified\":\"2026-01-21T22:30:25+00:00\",\"breadcrumb\":{\"@id\":\"https:\/\/dptrading.nl\/product\/container-kabel-stng-o-6-mm-lengte-250-mtr\/#breadcrumb\"},\"inLanguage\":\"de\",\"potentialAction\":[{\"@type\":\"ReadAction\",\"target\":[\"https:\/\/dptrading.nl\/product\/container-kabel-stng-o-6-mm-lengte-250-mtr\/\"]}]},{\"@type\":\"ImageObject\",\"inLanguage\":\"de\",\"@id\":\"https:\/\/dptrading.nl\/product\/container-kabel-stng-o-6-mm-lengte-250-mtr\/#primaryimage\",\"url\":\"https:\/\/dptrading.nl\/wp-content\/uploads\/2025\/05\/TIR-kabel-op-maat.jpeg\",\"contentUrl\":\"https:\/\/dptrading.nl\/wp-content\/uploads\/2025\/05\/TIR-kabel-op-maat.jpeg\",\"width\":1512,\"height\":1512},{\"@type\":\"BreadcrumbList\",\"@id\":\"https:\/\/dptrading.nl\/product\/container-kabel-stng-o-6-mm-lengte-250-mtr\/#breadcrumb\",\"itemListElement\":[{\"@type\":\"ListItem\",\"position\":1,\"name\":\"Home\",\"item\":\"https:\/\/dptrading.nl\/\"},{\"@type\":\"ListItem\",\"position\":2,\"name\":\"Producten\",\"item\":\"https:\/\/dptrading.nl\/winkel\/\"},{\"@type\":\"ListItem\",\"position\":3,\"name\":\"TIR Kabel STNG \u00d8 6 mm &#8211; 25,0 meter\"}]},{\"@type\":\"WebSite\",\"@id\":\"https:\/\/dptrading.nl\/#website\",\"url\":\"https:\/\/dptrading.nl\/\",\"name\":\"D&P Trading\",\"description\":\"\",\"publisher\":{\"@id\":\"https:\/\/dptrading.nl\/#organization\"},\"potentialAction\":[{\"@type\":\"SearchAction\",\"target\":{\"@type\":\"EntryPoint\",\"urlTemplate\":\"https:\/\/dptrading.nl\/?s={search_term_string}\"},\"query-input\":{\"@type\":\"PropertyValueSpecification\",\"valueRequired\":true,\"valueName\":\"search_term_string\"}}],\"inLanguage\":\"de\"},{\"@type\":\"Organization\",\"@id\":\"https:\/\/dptrading.nl\/#organization\",\"name\":\"D&P Trading\",\"url\":\"https:\/\/dptrading.nl\/\",\"logo\":{\"@type\":\"ImageObject\",\"inLanguage\":\"de\",\"@id\":\"https:\/\/dptrading.nl\/#\/schema\/logo\/image\/\",\"url\":\"https:\/\/dptrading.nl\/wp-content\/uploads\/2025\/04\/logo-dp.png\",\"contentUrl\":\"https:\/\/dptrading.nl\/wp-content\/uploads\/2025\/04\/logo-dp.png\",\"width\":1248,\"height\":156,\"caption\":\"D&P Trading\"},\"image\":{\"@id\":\"https:\/\/dptrading.nl\/#\/schema\/logo\/image\/\"}}]}<\/script>\n<!-- \/ Yoast SEO plugin. -->","yoast_head_json":{"title":"TIR Kabel STNG \u00d8 6 mm - 25,0 meter - D&amp;P Trading","robots":{"index":"index","follow":"follow","max-snippet":"max-snippet:-1","max-image-preview":"max-image-preview:large","max-video-preview":"max-video-preview:-1"},"canonical":"https:\/\/dptrading.nl\/de\/produkt\/container-kabel-stng-o-6-mm-lengte-250-mtr\/","og_locale":"de_DE","og_type":"article","og_title":"TIR Kabel STNG \u00d8 6 mm - 25,0 meter - D&amp;P Trading","og_description":"STNG Kabel \u2013 6 mm | Budgetoptie voor grootverbruikers! Deze STNG kabel (ook wel STNG lijn of containerkabel genoemd) is speciaal ontwikkeld voor grootverbruikers die op zoek zijn naar een betrouwbare \u00e9n voordelige oplossing voor het verzegelen van zeilgesloten voertuigen. De STNG kabel heeft een diameter van 6 mm. De buitenmantel is gemaakt van stevig [&hellip;]","og_url":"https:\/\/dptrading.nl\/de\/produkt\/container-kabel-stng-o-6-mm-lengte-250-mtr\/","og_site_name":"D&amp;P Trading","article_modified_time":"2026-01-21T22:30:25+00:00","og_image":[{"width":1512,"height":1512,"url":"https:\/\/dptrading.nl\/wp-content\/uploads\/2025\/05\/TIR-kabel-op-maat.jpeg","type":"image\/jpeg"}],"twitter_card":"summary_large_image","twitter_misc":{"Gesch\u00e4tzte Lesezeit":"1\u00a0Minute"},"schema":{"@context":"https:\/\/schema.org","@graph":[{"@type":"WebPage","@id":"https:\/\/dptrading.nl\/product\/container-kabel-stng-o-6-mm-lengte-250-mtr\/","url":"https:\/\/dptrading.nl\/product\/container-kabel-stng-o-6-mm-lengte-250-mtr\/","name":"TIR Kabel STNG \u00d8 6 mm - 25,0 meter - D&amp;P Trading","isPartOf":{"@id":"https:\/\/dptrading.nl\/#website"},"primaryImageOfPage":{"@id":"https:\/\/dptrading.nl\/product\/container-kabel-stng-o-6-mm-lengte-250-mtr\/#primaryimage"},"image":{"@id":"https:\/\/dptrading.nl\/product\/container-kabel-stng-o-6-mm-lengte-250-mtr\/#primaryimage"},"thumbnailUrl":"https:\/\/dptrading.nl\/wp-content\/uploads\/2025\/05\/TIR-kabel-op-maat.jpeg","datePublished":"2025-05-27T15:51:29+00:00","dateModified":"2026-01-21T22:30:25+00:00","breadcrumb":{"@id":"https:\/\/dptrading.nl\/product\/container-kabel-stng-o-6-mm-lengte-250-mtr\/#breadcrumb"},"inLanguage":"de","potentialAction":[{"@type":"ReadAction","target":["https:\/\/dptrading.nl\/product\/container-kabel-stng-o-6-mm-lengte-250-mtr\/"]}]},{"@type":"ImageObject","inLanguage":"de","@id":"https:\/\/dptrading.nl\/product\/container-kabel-stng-o-6-mm-lengte-250-mtr\/#primaryimage","url":"https:\/\/dptrading.nl\/wp-content\/uploads\/2025\/05\/TIR-kabel-op-maat.jpeg","contentUrl":"https:\/\/dptrading.nl\/wp-content\/uploads\/2025\/05\/TIR-kabel-op-maat.jpeg","width":1512,"height":1512},{"@type":"BreadcrumbList","@id":"https:\/\/dptrading.nl\/product\/container-kabel-stng-o-6-mm-lengte-250-mtr\/#breadcrumb","itemListElement":[{"@type":"ListItem","position":1,"name":"Home","item":"https:\/\/dptrading.nl\/"},{"@type":"ListItem","position":2,"name":"Producten","item":"https:\/\/dptrading.nl\/winkel\/"},{"@type":"ListItem","position":3,"name":"TIR Kabel STNG \u00d8 6 mm &#8211; 25,0 meter"}]},{"@type":"WebSite","@id":"https:\/\/dptrading.nl\/#website","url":"https:\/\/dptrading.nl\/","name":"D&amp;P Handel","description":"","publisher":{"@id":"https:\/\/dptrading.nl\/#organization"},"potentialAction":[{"@type":"SearchAction","target":{"@type":"EntryPoint","urlTemplate":"https:\/\/dptrading.nl\/?s={search_term_string}"},"query-input":{"@type":"PropertyValueSpecification","valueRequired":true,"valueName":"search_term_string"}}],"inLanguage":"de"},{"@type":"Organization","@id":"https:\/\/dptrading.nl\/#organization","name":"D&amp;P Handel","url":"https:\/\/dptrading.nl\/","logo":{"@type":"ImageObject","inLanguage":"de","@id":"https:\/\/dptrading.nl\/#\/schema\/logo\/image\/","url":"https:\/\/dptrading.nl\/wp-content\/uploads\/2025\/04\/logo-dp.png","contentUrl":"https:\/\/dptrading.nl\/wp-content\/uploads\/2025\/04\/logo-dp.png","width":1248,"height":156,"caption":"D&P Trading"},"image":{"@id":"https:\/\/dptrading.nl\/#\/schema\/logo\/image\/"}}]}},"_links":{"self":[{"href":"https:\/\/dptrading.nl\/de\/wp-json\/wp\/v2\/product\/1326","targetHints":{"allow":["GET"]}}],"collection":[{"href":"https:\/\/dptrading.nl\/de\/wp-json\/wp\/v2\/product"}],"about":[{"href":"https:\/\/dptrading.nl\/de\/wp-json\/wp\/v2\/types\/product"}],"wp:featuredmedia":[{"embeddable":true,"href":"https:\/\/dptrading.nl\/de\/wp-json\/wp\/v2\/media\/2015"}],"wp:attachment":[{"href":"https:\/\/dptrading.nl\/de\/wp-json\/wp\/v2\/media?parent=1326"}],"wp:term":[{"taxonomy":"product_brand","embeddable":true,"href":"https:\/\/dptrading.nl\/de\/wp-json\/wp\/v2\/product_brand?post=1326"},{"taxonomy":"product_cat","embeddable":true,"href":"https:\/\/dptrading.nl\/de\/wp-json\/wp\/v2\/product_cat?post=1326"},{"taxonomy":"product_tag","embeddable":true,"href":"https:\/\/dptrading.nl\/de\/wp-json\/wp\/v2\/product_tag?post=1326"}],"curies":[{"name":"wp","href":"https:\/\/api.w.org\/{rel}","templated":true}]}}