{"id":1309,"date":"2025-05-27T17:47:40","date_gmt":"2025-05-27T15:47:40","guid":{"rendered":"https:\/\/dptrading.nl\/product\/tir-kabel-o-6-mm-volgens-douane-voorschriften-lengte-38\/"},"modified":"2026-01-21T23:33:10","modified_gmt":"2026-01-21T22:33:10","slug":"tir-kabel-o-6-mm-volgens-douane-voorschriften-lengte-38","status":"publish","type":"product","link":"https:\/\/dptrading.nl\/de\/produkt\/tir-kabel-o-6-mm-volgens-douane-voorschriften-lengte-38\/","title":{"rendered":"TIR kabel \u00d8 6 mm &#8211; 38,0 meter"},"content":{"rendered":"<div>TIR-Kabel - sicher und stark f\u00fcr den internationalen Transport<\/div>\n<div><\/div>\n<div>Sie suchen ein zuverl\u00e4ssiges TIR-Kabel f\u00fcr Ihre LKW-Planen oder Open-Top-Beh\u00e4lter? Unsere TIR-Kabel sind speziell nach dem internationalen TIR-\u00dcbereinkommen entwickelt worden und bieten maximale Sicherheit f\u00fcr den Transport von Waren.<\/div>\n<div><\/div>\n<div><\/div>\n<div>Warum sollten Sie sich f\u00fcr unser TIR-Kabel entscheiden?<\/div>\n<ul>\n<li>Hohe Qualit\u00e4t - Hergestellt aus strapazierf\u00e4higem PVC (Shore-A 80) mit einem verst\u00e4rkten Stahlkern.<\/li>\n<li>Gem\u00e4\u00df den TIR-Normen - Vollst\u00e4ndige \u00dcbereinstimmung mit den Richtlinien des TIR-\u00dcbereinkommens von 1975.<\/li>\n<li>Optimale Sicherheit - Kunststoffkabel bestehen aus mehreren umeinander geflochtenen Dr\u00e4hten, die ein starkes, flexibles Kabel bilden. Die Ummantelung eines Textildrahtes, so dass er nicht sichtbar ist.<\/li>\n<li>Vielseitig einsetzbar - Perfekt f\u00fcr LKW-Planen und an Open-Top-Containern.<\/li>\n<\/ul>\n<div>Spezifikationen<\/div>\n<ul>\n<li>Material: PVC mit PP und Stahlkern<\/li>\n<li>\u00c4u\u00dferer Durchmesser: 6 mm oder 8 mm<\/li>\n<li>Oberfl\u00e4che: Glatt<\/li>\n<li>Farbe: Transparent<\/li>\n<li>Verpackung: Rollen von 100 m, 250 m oder 500 m. Auch als Sonderanfertigung mit montierten Endst\u00fccken erh\u00e4ltlich.<\/li>\n<\/ul>\n<div>Anwendung:<\/div>\n<ul>\n<li>Ideal f\u00fcr den internationalen Transport mit TIR-Verschluss - f\u00fcr eine sichere und vorschriftsm\u00e4\u00dfige Versiegelung Ihrer Ladung.<\/li>\n<\/ul>","protected":false},"excerpt":{"rendered":"<p><img decoding=\"async\" class=\"alignnone  wp-image-2031\" src=\"https:\/\/dptrading.nl\/wp-content\/uploads\/2025\/05\/TIR-Plate-300x188.png\" alt=\"\" width=\"120\" height=\"75\" srcset=\"https:\/\/dptrading.nl\/wp-content\/uploads\/2025\/05\/TIR-Plate-300x188.png 300w, https:\/\/dptrading.nl\/wp-content\/uploads\/2025\/05\/TIR-Plate-1024x640.png 1024w, https:\/\/dptrading.nl\/wp-content\/uploads\/2025\/05\/TIR-Plate-768x480.png 768w, https:\/\/dptrading.nl\/wp-content\/uploads\/2025\/05\/TIR-Plate-18x12.png 18w, https:\/\/dptrading.nl\/wp-content\/uploads\/2025\/05\/TIR-Plate-600x375.png 600w, https:\/\/dptrading.nl\/wp-content\/uploads\/2025\/05\/TIR-Plate-64x40.png 64w, https:\/\/dptrading.nl\/wp-content\/uploads\/2025\/05\/TIR-Plate.png 1280w\" sizes=\"(max-width: 120px) 100vw, 120px\" \/><\/p>","protected":false},"featured_media":2015,"template":"","meta":{"_acf_changed":false},"product_brand":[],"product_cat":[21],"product_tag":[],"class_list":{"0":"post-1309","1":"product","2":"type-product","3":"status-publish","4":"has-post-thumbnail","6":"product_cat-kabel-touw","8":"first","9":"instock","10":"shipping-taxable","11":"purchasable","12":"product-type-simple"},"acf":[],"yoast_head":"<!-- This site is optimized with the Yoast SEO plugin v26.6 - https:\/\/yoast.com\/wordpress\/plugins\/seo\/ -->\n<title>TIR kabel \u00d8 6 mm - 38,0 meter - D&amp;P Trading<\/title>\n<meta name=\"robots\" content=\"index, follow, max-snippet:-1, max-image-preview:large, max-video-preview:-1\" \/>\n<link rel=\"canonical\" href=\"https:\/\/dptrading.nl\/de\/produkt\/tir-kabel-o-6-mm-volgens-douane-voorschriften-lengte-38\/\" \/>\n<meta property=\"og:locale\" content=\"de_DE\" \/>\n<meta property=\"og:type\" content=\"article\" \/>\n<meta property=\"og:title\" content=\"TIR kabel \u00d8 6 mm - 38,0 meter - D&amp;P Trading\" \/>\n<meta property=\"og:url\" content=\"https:\/\/dptrading.nl\/de\/produkt\/tir-kabel-o-6-mm-volgens-douane-voorschriften-lengte-38\/\" \/>\n<meta property=\"og:site_name\" content=\"D&amp;P Trading\" \/>\n<meta property=\"article:modified_time\" content=\"2026-01-21T22:33:10+00:00\" \/>\n<meta property=\"og:image\" content=\"https:\/\/dptrading.nl\/wp-content\/uploads\/2025\/05\/TIR-kabel-op-maat.jpeg\" \/>\n\t<meta property=\"og:image:width\" content=\"1512\" \/>\n\t<meta property=\"og:image:height\" content=\"1512\" \/>\n\t<meta property=\"og:image:type\" content=\"image\/jpeg\" \/>\n<meta name=\"twitter:card\" content=\"summary_large_image\" \/>\n<meta name=\"twitter:label1\" content=\"Gesch\u00e4tzte Lesezeit\" \/>\n\t<meta name=\"twitter:data1\" content=\"2\u00a0Minuten\" \/>\n<script type=\"application\/ld+json\" class=\"yoast-schema-graph\">{\"@context\":\"https:\/\/schema.org\",\"@graph\":[{\"@type\":\"WebPage\",\"@id\":\"https:\/\/dptrading.nl\/product\/tir-kabel-o-6-mm-volgens-douane-voorschriften-lengte-38\/\",\"url\":\"https:\/\/dptrading.nl\/product\/tir-kabel-o-6-mm-volgens-douane-voorschriften-lengte-38\/\",\"name\":\"TIR kabel \u00d8 6 mm - 38,0 meter - D&amp;P Trading\",\"isPartOf\":{\"@id\":\"https:\/\/dptrading.nl\/#website\"},\"primaryImageOfPage\":{\"@id\":\"https:\/\/dptrading.nl\/product\/tir-kabel-o-6-mm-volgens-douane-voorschriften-lengte-38\/#primaryimage\"},\"image\":{\"@id\":\"https:\/\/dptrading.nl\/product\/tir-kabel-o-6-mm-volgens-douane-voorschriften-lengte-38\/#primaryimage\"},\"thumbnailUrl\":\"https:\/\/dptrading.nl\/wp-content\/uploads\/2025\/05\/TIR-kabel-op-maat.jpeg\",\"datePublished\":\"2025-05-27T15:47:40+00:00\",\"dateModified\":\"2026-01-21T22:33:10+00:00\",\"breadcrumb\":{\"@id\":\"https:\/\/dptrading.nl\/product\/tir-kabel-o-6-mm-volgens-douane-voorschriften-lengte-38\/#breadcrumb\"},\"inLanguage\":\"de\",\"potentialAction\":[{\"@type\":\"ReadAction\",\"target\":[\"https:\/\/dptrading.nl\/product\/tir-kabel-o-6-mm-volgens-douane-voorschriften-lengte-38\/\"]}]},{\"@type\":\"ImageObject\",\"inLanguage\":\"de\",\"@id\":\"https:\/\/dptrading.nl\/product\/tir-kabel-o-6-mm-volgens-douane-voorschriften-lengte-38\/#primaryimage\",\"url\":\"https:\/\/dptrading.nl\/wp-content\/uploads\/2025\/05\/TIR-kabel-op-maat.jpeg\",\"contentUrl\":\"https:\/\/dptrading.nl\/wp-content\/uploads\/2025\/05\/TIR-kabel-op-maat.jpeg\",\"width\":1512,\"height\":1512},{\"@type\":\"BreadcrumbList\",\"@id\":\"https:\/\/dptrading.nl\/product\/tir-kabel-o-6-mm-volgens-douane-voorschriften-lengte-38\/#breadcrumb\",\"itemListElement\":[{\"@type\":\"ListItem\",\"position\":1,\"name\":\"Home\",\"item\":\"https:\/\/dptrading.nl\/\"},{\"@type\":\"ListItem\",\"position\":2,\"name\":\"Producten\",\"item\":\"https:\/\/dptrading.nl\/winkel\/\"},{\"@type\":\"ListItem\",\"position\":3,\"name\":\"TIR kabel \u00d8 6 mm &#8211; 38,0 meter\"}]},{\"@type\":\"WebSite\",\"@id\":\"https:\/\/dptrading.nl\/#website\",\"url\":\"https:\/\/dptrading.nl\/\",\"name\":\"D&P Trading\",\"description\":\"\",\"publisher\":{\"@id\":\"https:\/\/dptrading.nl\/#organization\"},\"potentialAction\":[{\"@type\":\"SearchAction\",\"target\":{\"@type\":\"EntryPoint\",\"urlTemplate\":\"https:\/\/dptrading.nl\/?s={search_term_string}\"},\"query-input\":{\"@type\":\"PropertyValueSpecification\",\"valueRequired\":true,\"valueName\":\"search_term_string\"}}],\"inLanguage\":\"de\"},{\"@type\":\"Organization\",\"@id\":\"https:\/\/dptrading.nl\/#organization\",\"name\":\"D&P Trading\",\"url\":\"https:\/\/dptrading.nl\/\",\"logo\":{\"@type\":\"ImageObject\",\"inLanguage\":\"de\",\"@id\":\"https:\/\/dptrading.nl\/#\/schema\/logo\/image\/\",\"url\":\"https:\/\/dptrading.nl\/wp-content\/uploads\/2025\/04\/logo-dp.png\",\"contentUrl\":\"https:\/\/dptrading.nl\/wp-content\/uploads\/2025\/04\/logo-dp.png\",\"width\":1248,\"height\":156,\"caption\":\"D&P Trading\"},\"image\":{\"@id\":\"https:\/\/dptrading.nl\/#\/schema\/logo\/image\/\"}}]}<\/script>\n<!-- \/ Yoast SEO plugin. -->","yoast_head_json":{"title":"TIR kabel \u00d8 6 mm - 38,0 meter - D&amp;P Trading","robots":{"index":"index","follow":"follow","max-snippet":"max-snippet:-1","max-image-preview":"max-image-preview:large","max-video-preview":"max-video-preview:-1"},"canonical":"https:\/\/dptrading.nl\/de\/produkt\/tir-kabel-o-6-mm-volgens-douane-voorschriften-lengte-38\/","og_locale":"de_DE","og_type":"article","og_title":"TIR kabel \u00d8 6 mm - 38,0 meter - D&amp;P Trading","og_url":"https:\/\/dptrading.nl\/de\/produkt\/tir-kabel-o-6-mm-volgens-douane-voorschriften-lengte-38\/","og_site_name":"D&amp;P Trading","article_modified_time":"2026-01-21T22:33:10+00:00","og_image":[{"width":1512,"height":1512,"url":"https:\/\/dptrading.nl\/wp-content\/uploads\/2025\/05\/TIR-kabel-op-maat.jpeg","type":"image\/jpeg"}],"twitter_card":"summary_large_image","twitter_misc":{"Gesch\u00e4tzte Lesezeit":"2\u00a0Minuten"},"schema":{"@context":"https:\/\/schema.org","@graph":[{"@type":"WebPage","@id":"https:\/\/dptrading.nl\/product\/tir-kabel-o-6-mm-volgens-douane-voorschriften-lengte-38\/","url":"https:\/\/dptrading.nl\/product\/tir-kabel-o-6-mm-volgens-douane-voorschriften-lengte-38\/","name":"TIR kabel \u00d8 6 mm - 38,0 meter - D&amp;P Trading","isPartOf":{"@id":"https:\/\/dptrading.nl\/#website"},"primaryImageOfPage":{"@id":"https:\/\/dptrading.nl\/product\/tir-kabel-o-6-mm-volgens-douane-voorschriften-lengte-38\/#primaryimage"},"image":{"@id":"https:\/\/dptrading.nl\/product\/tir-kabel-o-6-mm-volgens-douane-voorschriften-lengte-38\/#primaryimage"},"thumbnailUrl":"https:\/\/dptrading.nl\/wp-content\/uploads\/2025\/05\/TIR-kabel-op-maat.jpeg","datePublished":"2025-05-27T15:47:40+00:00","dateModified":"2026-01-21T22:33:10+00:00","breadcrumb":{"@id":"https:\/\/dptrading.nl\/product\/tir-kabel-o-6-mm-volgens-douane-voorschriften-lengte-38\/#breadcrumb"},"inLanguage":"de","potentialAction":[{"@type":"ReadAction","target":["https:\/\/dptrading.nl\/product\/tir-kabel-o-6-mm-volgens-douane-voorschriften-lengte-38\/"]}]},{"@type":"ImageObject","inLanguage":"de","@id":"https:\/\/dptrading.nl\/product\/tir-kabel-o-6-mm-volgens-douane-voorschriften-lengte-38\/#primaryimage","url":"https:\/\/dptrading.nl\/wp-content\/uploads\/2025\/05\/TIR-kabel-op-maat.jpeg","contentUrl":"https:\/\/dptrading.nl\/wp-content\/uploads\/2025\/05\/TIR-kabel-op-maat.jpeg","width":1512,"height":1512},{"@type":"BreadcrumbList","@id":"https:\/\/dptrading.nl\/product\/tir-kabel-o-6-mm-volgens-douane-voorschriften-lengte-38\/#breadcrumb","itemListElement":[{"@type":"ListItem","position":1,"name":"Home","item":"https:\/\/dptrading.nl\/"},{"@type":"ListItem","position":2,"name":"Producten","item":"https:\/\/dptrading.nl\/winkel\/"},{"@type":"ListItem","position":3,"name":"TIR kabel \u00d8 6 mm &#8211; 38,0 meter"}]},{"@type":"WebSite","@id":"https:\/\/dptrading.nl\/#website","url":"https:\/\/dptrading.nl\/","name":"D&amp;P Handel","description":"","publisher":{"@id":"https:\/\/dptrading.nl\/#organization"},"potentialAction":[{"@type":"SearchAction","target":{"@type":"EntryPoint","urlTemplate":"https:\/\/dptrading.nl\/?s={search_term_string}"},"query-input":{"@type":"PropertyValueSpecification","valueRequired":true,"valueName":"search_term_string"}}],"inLanguage":"de"},{"@type":"Organization","@id":"https:\/\/dptrading.nl\/#organization","name":"D&amp;P Handel","url":"https:\/\/dptrading.nl\/","logo":{"@type":"ImageObject","inLanguage":"de","@id":"https:\/\/dptrading.nl\/#\/schema\/logo\/image\/","url":"https:\/\/dptrading.nl\/wp-content\/uploads\/2025\/04\/logo-dp.png","contentUrl":"https:\/\/dptrading.nl\/wp-content\/uploads\/2025\/04\/logo-dp.png","width":1248,"height":156,"caption":"D&P Trading"},"image":{"@id":"https:\/\/dptrading.nl\/#\/schema\/logo\/image\/"}}]}},"_links":{"self":[{"href":"https:\/\/dptrading.nl\/de\/wp-json\/wp\/v2\/product\/1309","targetHints":{"allow":["GET"]}}],"collection":[{"href":"https:\/\/dptrading.nl\/de\/wp-json\/wp\/v2\/product"}],"about":[{"href":"https:\/\/dptrading.nl\/de\/wp-json\/wp\/v2\/types\/product"}],"wp:featuredmedia":[{"embeddable":true,"href":"https:\/\/dptrading.nl\/de\/wp-json\/wp\/v2\/media\/2015"}],"wp:attachment":[{"href":"https:\/\/dptrading.nl\/de\/wp-json\/wp\/v2\/media?parent=1309"}],"wp:term":[{"taxonomy":"product_brand","embeddable":true,"href":"https:\/\/dptrading.nl\/de\/wp-json\/wp\/v2\/product_brand?post=1309"},{"taxonomy":"product_cat","embeddable":true,"href":"https:\/\/dptrading.nl\/de\/wp-json\/wp\/v2\/product_cat?post=1309"},{"taxonomy":"product_tag","embeddable":true,"href":"https:\/\/dptrading.nl\/de\/wp-json\/wp\/v2\/product_tag?post=1309"}],"curies":[{"name":"wp","href":"https:\/\/api.w.org\/{rel}","templated":true}]}}