{"id":1279,"date":"2025-05-27T17:41:10","date_gmt":"2025-05-27T15:41:10","guid":{"rendered":"https:\/\/dptrading.nl\/product\/pp-multifilament-touw-zwart-o-8-mm-lengte-100-mtr\/"},"modified":"2026-01-21T23:36:11","modified_gmt":"2026-01-21T22:36:11","slug":"pp-multifilament-touw-zwart-o-8-mm-lengte-100-mtr","status":"publish","type":"product","link":"https:\/\/dptrading.nl\/de\/produkt\/pp-multifilament-touw-zwart-o-8-mm-lengte-100-mtr\/","title":{"rendered":"Seil schwarz PP Multifilament \u00d8 8 mm - 100 Mtr"},"content":{"rendered":"<p>Geflochten Polypropyleen Multifilament bestehend aus 8 Str\u00e4ngen. Geeignet als Fahnenleine zum Aufh\u00e4ngen von Fahnen. Dar\u00fcber hinaus ist es auch sehr gut als Abspannleine f\u00fcr ein Zelt geeignet.<\/p>","protected":false},"excerpt":{"rendered":"<p><strong>Spezifikationen<\/strong><\/p>\n<ul>\n<li>Polypropylen-Multifilament<\/li>\n<li>Geflochten aus 8 Str\u00e4ngen<\/li>\n<li>Rolle = 100 Meter<\/li>\n<li>\u00d8 8 mm<\/li>\n<li>schwarz<\/li>\n<\/ul>","protected":false},"featured_media":2115,"template":"","meta":{"_acf_changed":false},"product_brand":[],"product_cat":[21],"product_tag":[],"class_list":{"0":"post-1279","1":"product","2":"type-product","3":"status-publish","4":"has-post-thumbnail","6":"product_cat-kabel-touw","8":"first","9":"instock","10":"shipping-taxable","11":"purchasable","12":"product-type-simple"},"acf":[],"yoast_head":"<!-- This site is optimized with the Yoast SEO plugin v26.6 - https:\/\/yoast.com\/wordpress\/plugins\/seo\/ -->\n<title>Touw zwart PP multifilament \u00d8 8 mm - 100 meter - D&amp;P Trading<\/title>\n<meta name=\"robots\" content=\"index, follow, max-snippet:-1, max-image-preview:large, max-video-preview:-1\" \/>\n<link rel=\"canonical\" href=\"https:\/\/dptrading.nl\/de\/produkt\/pp-multifilament-touw-zwart-o-8-mm-lengte-100-mtr\/\" \/>\n<meta property=\"og:locale\" content=\"de_DE\" \/>\n<meta property=\"og:type\" content=\"article\" \/>\n<meta property=\"og:title\" content=\"Touw zwart PP multifilament \u00d8 8 mm - 100 meter - D&amp;P Trading\" \/>\n<meta property=\"og:description\" content=\"Specificaties   Polypropyleen Multi Filament (PPM)  Gevlochten uit 8 strengen  Rol = 100 meter  \u00d8 8 mm  zwart\" \/>\n<meta property=\"og:url\" content=\"https:\/\/dptrading.nl\/de\/produkt\/pp-multifilament-touw-zwart-o-8-mm-lengte-100-mtr\/\" \/>\n<meta property=\"og:site_name\" content=\"D&amp;P Trading\" \/>\n<meta property=\"article:modified_time\" content=\"2026-01-21T22:36:11+00:00\" \/>\n<meta property=\"og:image\" content=\"https:\/\/dptrading.nl\/wp-content\/uploads\/2025\/05\/touw-zwart.jpg\" \/>\n\t<meta property=\"og:image:width\" content=\"485\" \/>\n\t<meta property=\"og:image:height\" content=\"485\" \/>\n\t<meta property=\"og:image:type\" content=\"image\/jpeg\" \/>\n<meta name=\"twitter:card\" content=\"summary_large_image\" \/>\n<meta name=\"twitter:label1\" content=\"Gesch\u00e4tzte Lesezeit\" \/>\n\t<meta name=\"twitter:data1\" content=\"1\u00a0Minute\" \/>\n<script type=\"application\/ld+json\" class=\"yoast-schema-graph\">{\"@context\":\"https:\/\/schema.org\",\"@graph\":[{\"@type\":\"WebPage\",\"@id\":\"https:\/\/dptrading.nl\/product\/pp-multifilament-touw-zwart-o-8-mm-lengte-100-mtr\/\",\"url\":\"https:\/\/dptrading.nl\/product\/pp-multifilament-touw-zwart-o-8-mm-lengte-100-mtr\/\",\"name\":\"Touw zwart PP multifilament \u00d8 8 mm - 100 meter - D&amp;P Trading\",\"isPartOf\":{\"@id\":\"https:\/\/dptrading.nl\/#website\"},\"primaryImageOfPage\":{\"@id\":\"https:\/\/dptrading.nl\/product\/pp-multifilament-touw-zwart-o-8-mm-lengte-100-mtr\/#primaryimage\"},\"image\":{\"@id\":\"https:\/\/dptrading.nl\/product\/pp-multifilament-touw-zwart-o-8-mm-lengte-100-mtr\/#primaryimage\"},\"thumbnailUrl\":\"https:\/\/dptrading.nl\/wp-content\/uploads\/2025\/05\/touw-zwart.jpg\",\"datePublished\":\"2025-05-27T15:41:10+00:00\",\"dateModified\":\"2026-01-21T22:36:11+00:00\",\"breadcrumb\":{\"@id\":\"https:\/\/dptrading.nl\/product\/pp-multifilament-touw-zwart-o-8-mm-lengte-100-mtr\/#breadcrumb\"},\"inLanguage\":\"de\",\"potentialAction\":[{\"@type\":\"ReadAction\",\"target\":[\"https:\/\/dptrading.nl\/product\/pp-multifilament-touw-zwart-o-8-mm-lengte-100-mtr\/\"]}]},{\"@type\":\"ImageObject\",\"inLanguage\":\"de\",\"@id\":\"https:\/\/dptrading.nl\/product\/pp-multifilament-touw-zwart-o-8-mm-lengte-100-mtr\/#primaryimage\",\"url\":\"https:\/\/dptrading.nl\/wp-content\/uploads\/2025\/05\/touw-zwart.jpg\",\"contentUrl\":\"https:\/\/dptrading.nl\/wp-content\/uploads\/2025\/05\/touw-zwart.jpg\",\"width\":485,\"height\":485},{\"@type\":\"BreadcrumbList\",\"@id\":\"https:\/\/dptrading.nl\/product\/pp-multifilament-touw-zwart-o-8-mm-lengte-100-mtr\/#breadcrumb\",\"itemListElement\":[{\"@type\":\"ListItem\",\"position\":1,\"name\":\"Home\",\"item\":\"https:\/\/dptrading.nl\/\"},{\"@type\":\"ListItem\",\"position\":2,\"name\":\"Producten\",\"item\":\"https:\/\/dptrading.nl\/winkel\/\"},{\"@type\":\"ListItem\",\"position\":3,\"name\":\"Touw zwart PP multifilament \u00d8 8 mm &#8211; 100 meter\"}]},{\"@type\":\"WebSite\",\"@id\":\"https:\/\/dptrading.nl\/#website\",\"url\":\"https:\/\/dptrading.nl\/\",\"name\":\"D&P Trading\",\"description\":\"\",\"publisher\":{\"@id\":\"https:\/\/dptrading.nl\/#organization\"},\"potentialAction\":[{\"@type\":\"SearchAction\",\"target\":{\"@type\":\"EntryPoint\",\"urlTemplate\":\"https:\/\/dptrading.nl\/?s={search_term_string}\"},\"query-input\":{\"@type\":\"PropertyValueSpecification\",\"valueRequired\":true,\"valueName\":\"search_term_string\"}}],\"inLanguage\":\"de\"},{\"@type\":\"Organization\",\"@id\":\"https:\/\/dptrading.nl\/#organization\",\"name\":\"D&P Trading\",\"url\":\"https:\/\/dptrading.nl\/\",\"logo\":{\"@type\":\"ImageObject\",\"inLanguage\":\"de\",\"@id\":\"https:\/\/dptrading.nl\/#\/schema\/logo\/image\/\",\"url\":\"https:\/\/dptrading.nl\/wp-content\/uploads\/2025\/04\/logo-dp.png\",\"contentUrl\":\"https:\/\/dptrading.nl\/wp-content\/uploads\/2025\/04\/logo-dp.png\",\"width\":1248,\"height\":156,\"caption\":\"D&P Trading\"},\"image\":{\"@id\":\"https:\/\/dptrading.nl\/#\/schema\/logo\/image\/\"}}]}<\/script>\n<!-- \/ Yoast SEO plugin. -->","yoast_head_json":{"title":"Touw zwart PP multifilament \u00d8 8 mm - 100 meter - D&amp;P Trading","robots":{"index":"index","follow":"follow","max-snippet":"max-snippet:-1","max-image-preview":"max-image-preview:large","max-video-preview":"max-video-preview:-1"},"canonical":"https:\/\/dptrading.nl\/de\/produkt\/pp-multifilament-touw-zwart-o-8-mm-lengte-100-mtr\/","og_locale":"de_DE","og_type":"article","og_title":"Touw zwart PP multifilament \u00d8 8 mm - 100 meter - D&amp;P Trading","og_description":"Specificaties   Polypropyleen Multi Filament (PPM)  Gevlochten uit 8 strengen  Rol = 100 meter  \u00d8 8 mm  zwart","og_url":"https:\/\/dptrading.nl\/de\/produkt\/pp-multifilament-touw-zwart-o-8-mm-lengte-100-mtr\/","og_site_name":"D&amp;P Trading","article_modified_time":"2026-01-21T22:36:11+00:00","og_image":[{"width":485,"height":485,"url":"https:\/\/dptrading.nl\/wp-content\/uploads\/2025\/05\/touw-zwart.jpg","type":"image\/jpeg"}],"twitter_card":"summary_large_image","twitter_misc":{"Gesch\u00e4tzte Lesezeit":"1\u00a0Minute"},"schema":{"@context":"https:\/\/schema.org","@graph":[{"@type":"WebPage","@id":"https:\/\/dptrading.nl\/product\/pp-multifilament-touw-zwart-o-8-mm-lengte-100-mtr\/","url":"https:\/\/dptrading.nl\/product\/pp-multifilament-touw-zwart-o-8-mm-lengte-100-mtr\/","name":"Touw zwart PP multifilament \u00d8 8 mm - 100 meter - D&amp;P Trading","isPartOf":{"@id":"https:\/\/dptrading.nl\/#website"},"primaryImageOfPage":{"@id":"https:\/\/dptrading.nl\/product\/pp-multifilament-touw-zwart-o-8-mm-lengte-100-mtr\/#primaryimage"},"image":{"@id":"https:\/\/dptrading.nl\/product\/pp-multifilament-touw-zwart-o-8-mm-lengte-100-mtr\/#primaryimage"},"thumbnailUrl":"https:\/\/dptrading.nl\/wp-content\/uploads\/2025\/05\/touw-zwart.jpg","datePublished":"2025-05-27T15:41:10+00:00","dateModified":"2026-01-21T22:36:11+00:00","breadcrumb":{"@id":"https:\/\/dptrading.nl\/product\/pp-multifilament-touw-zwart-o-8-mm-lengte-100-mtr\/#breadcrumb"},"inLanguage":"de","potentialAction":[{"@type":"ReadAction","target":["https:\/\/dptrading.nl\/product\/pp-multifilament-touw-zwart-o-8-mm-lengte-100-mtr\/"]}]},{"@type":"ImageObject","inLanguage":"de","@id":"https:\/\/dptrading.nl\/product\/pp-multifilament-touw-zwart-o-8-mm-lengte-100-mtr\/#primaryimage","url":"https:\/\/dptrading.nl\/wp-content\/uploads\/2025\/05\/touw-zwart.jpg","contentUrl":"https:\/\/dptrading.nl\/wp-content\/uploads\/2025\/05\/touw-zwart.jpg","width":485,"height":485},{"@type":"BreadcrumbList","@id":"https:\/\/dptrading.nl\/product\/pp-multifilament-touw-zwart-o-8-mm-lengte-100-mtr\/#breadcrumb","itemListElement":[{"@type":"ListItem","position":1,"name":"Home","item":"https:\/\/dptrading.nl\/"},{"@type":"ListItem","position":2,"name":"Producten","item":"https:\/\/dptrading.nl\/winkel\/"},{"@type":"ListItem","position":3,"name":"Touw zwart PP multifilament \u00d8 8 mm &#8211; 100 meter"}]},{"@type":"WebSite","@id":"https:\/\/dptrading.nl\/#website","url":"https:\/\/dptrading.nl\/","name":"D&amp;P Handel","description":"","publisher":{"@id":"https:\/\/dptrading.nl\/#organization"},"potentialAction":[{"@type":"SearchAction","target":{"@type":"EntryPoint","urlTemplate":"https:\/\/dptrading.nl\/?s={search_term_string}"},"query-input":{"@type":"PropertyValueSpecification","valueRequired":true,"valueName":"search_term_string"}}],"inLanguage":"de"},{"@type":"Organization","@id":"https:\/\/dptrading.nl\/#organization","name":"D&amp;P Handel","url":"https:\/\/dptrading.nl\/","logo":{"@type":"ImageObject","inLanguage":"de","@id":"https:\/\/dptrading.nl\/#\/schema\/logo\/image\/","url":"https:\/\/dptrading.nl\/wp-content\/uploads\/2025\/04\/logo-dp.png","contentUrl":"https:\/\/dptrading.nl\/wp-content\/uploads\/2025\/04\/logo-dp.png","width":1248,"height":156,"caption":"D&P Trading"},"image":{"@id":"https:\/\/dptrading.nl\/#\/schema\/logo\/image\/"}}]}},"_links":{"self":[{"href":"https:\/\/dptrading.nl\/de\/wp-json\/wp\/v2\/product\/1279","targetHints":{"allow":["GET"]}}],"collection":[{"href":"https:\/\/dptrading.nl\/de\/wp-json\/wp\/v2\/product"}],"about":[{"href":"https:\/\/dptrading.nl\/de\/wp-json\/wp\/v2\/types\/product"}],"wp:featuredmedia":[{"embeddable":true,"href":"https:\/\/dptrading.nl\/de\/wp-json\/wp\/v2\/media\/2115"}],"wp:attachment":[{"href":"https:\/\/dptrading.nl\/de\/wp-json\/wp\/v2\/media?parent=1279"}],"wp:term":[{"taxonomy":"product_brand","embeddable":true,"href":"https:\/\/dptrading.nl\/de\/wp-json\/wp\/v2\/product_brand?post=1279"},{"taxonomy":"product_cat","embeddable":true,"href":"https:\/\/dptrading.nl\/de\/wp-json\/wp\/v2\/product_cat?post=1279"},{"taxonomy":"product_tag","embeddable":true,"href":"https:\/\/dptrading.nl\/de\/wp-json\/wp\/v2\/product_tag?post=1279"}],"curies":[{"name":"wp","href":"https:\/\/api.w.org\/{rel}","templated":true}]}}