{"id":1255,"date":"2025-05-27T17:35:26","date_gmt":"2025-05-27T15:35:26","guid":{"rendered":"https:\/\/dptrading.nl\/product\/trapezekoord-pe-monoflex-o-8-mm-wit-lengte-100-mtr\/"},"modified":"2026-01-23T16:07:15","modified_gmt":"2026-01-23T15:07:15","slug":"trapezekoord-pe-monoflex-o-8-mm-wit-lengte-100-mtr","status":"publish","type":"product","link":"https:\/\/dptrading.nl\/de\/produkt\/trapezekoord-pe-monoflex-o-8-mm-wit-lengte-100-mtr\/","title":{"rendered":"Expanderseil PE monoflex \u00d8 8 mm wei\u00df"},"content":{"rendered":"<p class=\"p1\"><strong>Dieses Trapezseil mit hoher Abriebfestigkeit und UV-Best\u00e4ndigkeit ist mit einem einzigen Monoflex-Kern konzipiert, was seine Verwendung beim Durchf\u00fchren durch \u00d6sen oder Montagebeschl\u00e4ge vereinfacht.<\/strong><\/p>\n<div id=\"row-446418903\" class=\"row\">\n<div id=\"col-942747908\" class=\"col medium-3 small-12 large-2\">\n<div class=\"col-inner\">\n<div id=\"image_2139323301\" class=\"img has-hover x md-x lg-x y md-y lg-y\">\n<div class=\"img-inner dark\"><img decoding=\"async\" class=\"attachment-original  entered lazyloaded\" src=\"https:\/\/nico.be\/wp-content\/smush-webp\/2021\/08\/Nico-Icons-41.png.webp\" alt=\"Nico Icons 41\" width=\"120\" height=\"136\" data-lazy-srcset=\"https:\/\/nico.be\/wp-content\/smush-webp\/2021\/08\/Nico-Icons-41.png.webp 597w, https:\/\/nico.be\/wp-content\/smush-webp\/2021\/08\/Nico-Icons-41-266x300.png.webp 266w\" data-lazy-sizes=\"(max-width: 597px) 100vw, 597px\" data-lazy-src=\"https:\/\/nico.be\/wp-content\/smush-webp\/2021\/08\/Nico-Icons-41.png.webp\" data-ll-status=\"loaded\" \/><\/div>\n<\/div>\n<\/div>\n<\/div>\n<div id=\"col-1130499551\" class=\"col medium-9 small-12 large-10\">\n<div class=\"col-inner\">\n<p>Der Mantel aus 650 Denier PE und das Monofilament mit UV-Schutzmitteln im Gummikern machen dieses Trapezseil zu einer ausgezeichneten Wahl f\u00fcr Au\u00dfenarbeiten.<\/p>\n<\/div>\n<\/div>\n<\/div>\n<div id=\"row-561207948\" class=\"row\">\n<div id=\"col-823002023\" class=\"col medium-3 small-12 large-2\">\n<div class=\"col-inner\">\n<div id=\"image_377559340\" class=\"img has-hover x md-x lg-x y md-y lg-y\">\n<div class=\"img-inner dark\"><img decoding=\"async\" class=\"attachment-original  entered lazyloaded\" src=\"https:\/\/nico.be\/wp-content\/smush-webp\/2021\/08\/Nico-Icons-18.png.webp\" alt=\"Nico Icons 18\" width=\"120\" height=\"136\" data-lazy-srcset=\"https:\/\/nico.be\/wp-content\/smush-webp\/2021\/08\/Nico-Icons-18.png.webp 590w, https:\/\/nico.be\/wp-content\/smush-webp\/2021\/08\/Nico-Icons-18-265x300.png.webp 265w\" data-lazy-sizes=\"(max-width: 590px) 100vw, 590px\" data-lazy-src=\"https:\/\/nico.be\/wp-content\/smush-webp\/2021\/08\/Nico-Icons-18.png.webp\" data-ll-status=\"loaded\" \/><\/div>\n<\/div>\n<\/div>\n<\/div>\n<div id=\"col-220961109\" class=\"col medium-9 small-12 large-10\">\n<div class=\"col-inner\">\n<p>PE Monoflex hat die beste Qualit\u00e4t, wenn es um Abrieb geht. Die Au\u00dfenh\u00fclle wird aus PE 650 Denier gefertigt, was den besten Abriebschutz in unserem gesamten Sortiment bietet und somit eine lange Lebensdauer unter rauen Bedingungen garantiert.<br \/>\nDies macht es zu einem gro\u00dfartigen Produkt f\u00fcr die Industrie.<\/p>\n<\/div>\n<\/div>\n<\/div>\n<div id=\"row-1038818884\" class=\"row\">\n<div id=\"col-102823843\" class=\"col medium-3 small-12 large-2\">\n<div class=\"col-inner\">\n<div id=\"image_1494373804\" class=\"img has-hover x md-x lg-x y md-y lg-y\">\n<div class=\"img-inner dark\"><img decoding=\"async\" class=\"attachment-original  entered lazyloaded\" src=\"https:\/\/nico.be\/wp-content\/smush-webp\/2021\/08\/Nico-Icons-28.png.webp\" alt=\"Nico Icons 28\" width=\"120\" height=\"136\" data-lazy-srcset=\"https:\/\/nico.be\/wp-content\/smush-webp\/2021\/08\/Nico-Icons-28.png.webp 590w, https:\/\/nico.be\/wp-content\/smush-webp\/2021\/08\/Nico-Icons-28-265x300.png.webp 265w\" data-lazy-sizes=\"(max-width: 590px) 100vw, 590px\" data-lazy-src=\"https:\/\/nico.be\/wp-content\/smush-webp\/2021\/08\/Nico-Icons-28.png.webp\" data-ll-status=\"loaded\" \/><\/div>\n<\/div>\n<\/div>\n<\/div>\n<div id=\"col-1773838992\" class=\"col medium-9 small-12 large-10\">\n<div class=\"col-inner\">\n<p>Dieses Trapez-Seil bietet Standardkomfort und Flexibilit\u00e4t. Beim Schneiden beh\u00e4lt der einstr\u00e4ngige Gummikern eine sch\u00f6ne runde Form, was die Arbeit vereinfacht, wenn Endst\u00fccke angebracht werden oder wenn das elastische Seil durch \u00d6sen gef\u00fchrt wird. Einfach Haken an Segeln, Bannern oder Spanngurten zu befestigen. Die \u00e4u\u00dfere Polyethylen-Ummantelung f\u00fchlt sich rau an und es ist schwierig, es zu biegen und zu verknoten.<\/p>\n<\/div>\n<\/div>\n<\/div>\n<div id=\"row-218534725\" class=\"row\">\n<div id=\"col-914958048\" class=\"col medium-3 small-12 large-2\">\n<div class=\"col-inner\">\n<div id=\"image_588312402\" class=\"img has-hover x md-x lg-x y md-y lg-y\">\n<div class=\"img-inner dark\"><img loading=\"lazy\" decoding=\"async\" class=\"attachment-original  entered lazyloaded\" src=\"https:\/\/nico.be\/wp-content\/smush-webp\/2021\/08\/Nico-Icons-35.png.webp\" alt=\"Nico Icons 35\" width=\"120\" height=\"135\" data-lazy-srcset=\"https:\/\/nico.be\/wp-content\/smush-webp\/2021\/08\/Nico-Icons-35.png.webp 590w, https:\/\/nico.be\/wp-content\/smush-webp\/2021\/08\/Nico-Icons-35-266x300.png.webp 266w\" data-lazy-sizes=\"(max-width: 590px) 100vw, 590px\" data-lazy-src=\"https:\/\/nico.be\/wp-content\/smush-webp\/2021\/08\/Nico-Icons-35.png.webp\" data-ll-status=\"loaded\" \/><\/div>\n<\/div>\n<\/div>\n<\/div>\n<div id=\"col-1159606515\" class=\"col medium-9 small-12 large-10\">\n<div class=\"col-inner\">\n<p>Das PE Monoflex Trapezseil hat eine hohe Zugkraft; dies impliziert, dass das Seil einen hohen Dehnungswiderstand hat. Die starke R\u00fcckstellkraft eignet sich f\u00fcr industrielle Anwendungen wie an Sicherheitsnetzen, Lagernetzen, Heben und Verzurren.<\/p>\n<\/div>\n<\/div>\n<\/div>\n<div id=\"row-599868613\" class=\"row\">\n<div id=\"col-1974767725\" class=\"col medium-3 small-12 large-2\">\n<div class=\"col-inner\">\n<div id=\"image_972849553\" class=\"img has-hover x md-x lg-x y md-y lg-y\">\n<div class=\"img-inner dark\"><img loading=\"lazy\" decoding=\"async\" class=\"attachment-original  entered lazyloaded\" src=\"https:\/\/nico.be\/wp-content\/smush-webp\/2022\/08\/Nico-Icons-23.png.webp\" alt=\"Nico Icons 23\" width=\"120\" height=\"136\" data-lazy-srcset=\"https:\/\/nico.be\/wp-content\/smush-webp\/2022\/08\/Nico-Icons-23.png.webp 590w, https:\/\/nico.be\/wp-content\/smush-webp\/2022\/08\/Nico-Icons-23-265x300.png.webp 265w\" data-lazy-sizes=\"(max-width: 590px) 100vw, 590px\" data-lazy-src=\"https:\/\/nico.be\/wp-content\/smush-webp\/2022\/08\/Nico-Icons-23.png.webp\" data-ll-status=\"loaded\" \/><\/div>\n<\/div>\n<\/div>\n<\/div>\n<div id=\"col-568390891\" class=\"col medium-9 small-12 large-10\">\n<div class=\"col-inner\">\n<p>Die Bruchfestigkeit geh\u00f6rt ebenfalls zu den h\u00f6chsten in unserem Produktsortiment, was bedeutet, dass es einer hohen Zugkraft standh\u00e4lt, bevor es bricht, wodurch die Sicherheit f\u00fcr Mitarbeiter und G\u00fcter gew\u00e4hrleistet wird.<\/p>\n<\/div>\n<\/div>\n<\/div>","protected":false},"excerpt":{"rendered":"<table width=\"360\">\n<tbody>\n<tr>\n<td width=\"180\">Durchmesser \u00d8<\/td>\n<td width=\"180\">8 mm<\/td>\n<\/tr>\n<tr>\n<td>L\u00e4nge der Rolle<\/td>\n<td>100 Meter<\/td>\n<\/tr>\n<tr>\n<td>Farbe<\/td>\n<td>Wei\u00df<\/td>\n<\/tr>\n<tr>\n<td>Kern<\/td>\n<td>Monoflex<\/td>\n<\/tr>\n<tr>\n<td>Mantel-Typ<\/td>\n<td>Polyethylen (PE)<\/td>\n<\/tr>\n<tr>\n<td>Anzahl der Dr\u00e4hte im Mantel<\/td>\n<td>64<\/td>\n<\/tr>\n<tr>\n<td>Nettogewicht pro 100 Meter<\/td>\n<td>4,2 kg<\/td>\n<\/tr>\n<tr>\n<td>Bruchfestigkeit in Newton<\/td>\n<td>961 N<\/td>\n<\/tr>\n<\/tbody>\n<\/table>","protected":false},"featured_media":2971,"template":"","meta":{"_acf_changed":false},"product_brand":[],"product_cat":[123,24,16],"product_tag":[],"class_list":{"0":"post-1255","1":"product","2":"type-product","3":"status-publish","4":"has-post-thumbnail","6":"product_cat-pe-monoflex","7":"product_cat-trapezekoord-snelspanners","8":"product_cat-geen-categorie","10":"first","11":"instock","12":"shipping-taxable","13":"purchasable","14":"product-type-simple"},"acf":[],"yoast_head":"<!-- This site is optimized with the Yoast SEO plugin v26.6 - https:\/\/yoast.com\/wordpress\/plugins\/seo\/ -->\n<title>Trapezekoord PE monoflex \u00d8 8 mm wit - D&amp;P Trading<\/title>\n<meta name=\"robots\" content=\"index, follow, max-snippet:-1, max-image-preview:large, max-video-preview:-1\" \/>\n<link rel=\"canonical\" href=\"https:\/\/dptrading.nl\/de\/produkt\/trapezekoord-pe-monoflex-o-8-mm-wit-lengte-100-mtr\/\" \/>\n<meta property=\"og:locale\" content=\"de_DE\" \/>\n<meta property=\"og:type\" content=\"article\" \/>\n<meta property=\"og:title\" content=\"Trapezekoord PE monoflex \u00d8 8 mm wit - D&amp;P Trading\" \/>\n<meta property=\"og:description\" content=\"Diameter \u00d8 8 mm   Lengte rol 100 meter   Kleur Wit   Kern Monoflex   Soort mantel Polyethyleen (PE)   Aantal draden in de mantel 64   Netto gewicht per 100 meter 4,2 kg   Breuksterkte in Newton 961 N\" \/>\n<meta property=\"og:url\" content=\"https:\/\/dptrading.nl\/de\/produkt\/trapezekoord-pe-monoflex-o-8-mm-wit-lengte-100-mtr\/\" \/>\n<meta property=\"og:site_name\" content=\"D&amp;P Trading\" \/>\n<meta property=\"article:modified_time\" content=\"2026-01-23T15:07:15+00:00\" \/>\n<meta property=\"og:image\" content=\"https:\/\/dptrading.nl\/wp-content\/uploads\/2025\/05\/pe-monoflex-wit-web.jpg\" \/>\n\t<meta property=\"og:image:width\" content=\"1500\" \/>\n\t<meta property=\"og:image:height\" content=\"1500\" \/>\n\t<meta property=\"og:image:type\" content=\"image\/jpeg\" \/>\n<meta name=\"twitter:card\" content=\"summary_large_image\" \/>\n<meta name=\"twitter:label1\" content=\"Gesch\u00e4tzte Lesezeit\" \/>\n\t<meta name=\"twitter:data1\" content=\"3\u00a0Minuten\" \/>\n<script type=\"application\/ld+json\" class=\"yoast-schema-graph\">{\"@context\":\"https:\/\/schema.org\",\"@graph\":[{\"@type\":\"WebPage\",\"@id\":\"https:\/\/dptrading.nl\/product\/trapezekoord-pe-monoflex-o-8-mm-wit-lengte-100-mtr\/\",\"url\":\"https:\/\/dptrading.nl\/product\/trapezekoord-pe-monoflex-o-8-mm-wit-lengte-100-mtr\/\",\"name\":\"Trapezekoord PE monoflex \u00d8 8 mm wit - D&amp;P Trading\",\"isPartOf\":{\"@id\":\"https:\/\/dptrading.nl\/#website\"},\"primaryImageOfPage\":{\"@id\":\"https:\/\/dptrading.nl\/product\/trapezekoord-pe-monoflex-o-8-mm-wit-lengte-100-mtr\/#primaryimage\"},\"image\":{\"@id\":\"https:\/\/dptrading.nl\/product\/trapezekoord-pe-monoflex-o-8-mm-wit-lengte-100-mtr\/#primaryimage\"},\"thumbnailUrl\":\"https:\/\/dptrading.nl\/wp-content\/uploads\/2025\/05\/pe-monoflex-wit-web.jpg\",\"datePublished\":\"2025-05-27T15:35:26+00:00\",\"dateModified\":\"2026-01-23T15:07:15+00:00\",\"breadcrumb\":{\"@id\":\"https:\/\/dptrading.nl\/product\/trapezekoord-pe-monoflex-o-8-mm-wit-lengte-100-mtr\/#breadcrumb\"},\"inLanguage\":\"de\",\"potentialAction\":[{\"@type\":\"ReadAction\",\"target\":[\"https:\/\/dptrading.nl\/product\/trapezekoord-pe-monoflex-o-8-mm-wit-lengte-100-mtr\/\"]}]},{\"@type\":\"ImageObject\",\"inLanguage\":\"de\",\"@id\":\"https:\/\/dptrading.nl\/product\/trapezekoord-pe-monoflex-o-8-mm-wit-lengte-100-mtr\/#primaryimage\",\"url\":\"https:\/\/dptrading.nl\/wp-content\/uploads\/2025\/05\/pe-monoflex-wit-web.jpg\",\"contentUrl\":\"https:\/\/dptrading.nl\/wp-content\/uploads\/2025\/05\/pe-monoflex-wit-web.jpg\",\"width\":1500,\"height\":1500},{\"@type\":\"BreadcrumbList\",\"@id\":\"https:\/\/dptrading.nl\/product\/trapezekoord-pe-monoflex-o-8-mm-wit-lengte-100-mtr\/#breadcrumb\",\"itemListElement\":[{\"@type\":\"ListItem\",\"position\":1,\"name\":\"Home\",\"item\":\"https:\/\/dptrading.nl\/\"},{\"@type\":\"ListItem\",\"position\":2,\"name\":\"Producten\",\"item\":\"https:\/\/dptrading.nl\/winkel\/\"},{\"@type\":\"ListItem\",\"position\":3,\"name\":\"Trapezekoord PE monoflex \u00d8 8 mm wit\"}]},{\"@type\":\"WebSite\",\"@id\":\"https:\/\/dptrading.nl\/#website\",\"url\":\"https:\/\/dptrading.nl\/\",\"name\":\"D&P Trading\",\"description\":\"\",\"publisher\":{\"@id\":\"https:\/\/dptrading.nl\/#organization\"},\"potentialAction\":[{\"@type\":\"SearchAction\",\"target\":{\"@type\":\"EntryPoint\",\"urlTemplate\":\"https:\/\/dptrading.nl\/?s={search_term_string}\"},\"query-input\":{\"@type\":\"PropertyValueSpecification\",\"valueRequired\":true,\"valueName\":\"search_term_string\"}}],\"inLanguage\":\"de\"},{\"@type\":\"Organization\",\"@id\":\"https:\/\/dptrading.nl\/#organization\",\"name\":\"D&P Trading\",\"url\":\"https:\/\/dptrading.nl\/\",\"logo\":{\"@type\":\"ImageObject\",\"inLanguage\":\"de\",\"@id\":\"https:\/\/dptrading.nl\/#\/schema\/logo\/image\/\",\"url\":\"https:\/\/dptrading.nl\/wp-content\/uploads\/2025\/04\/logo-dp.png\",\"contentUrl\":\"https:\/\/dptrading.nl\/wp-content\/uploads\/2025\/04\/logo-dp.png\",\"width\":1248,\"height\":156,\"caption\":\"D&P Trading\"},\"image\":{\"@id\":\"https:\/\/dptrading.nl\/#\/schema\/logo\/image\/\"}}]}<\/script>\n<!-- \/ Yoast SEO plugin. -->","yoast_head_json":{"title":"Trapezekoord PE monoflex \u00d8 8 mm wit - D&amp;P Trading","robots":{"index":"index","follow":"follow","max-snippet":"max-snippet:-1","max-image-preview":"max-image-preview:large","max-video-preview":"max-video-preview:-1"},"canonical":"https:\/\/dptrading.nl\/de\/produkt\/trapezekoord-pe-monoflex-o-8-mm-wit-lengte-100-mtr\/","og_locale":"de_DE","og_type":"article","og_title":"Trapezekoord PE monoflex \u00d8 8 mm wit - D&amp;P Trading","og_description":"Diameter \u00d8 8 mm   Lengte rol 100 meter   Kleur Wit   Kern Monoflex   Soort mantel Polyethyleen (PE)   Aantal draden in de mantel 64   Netto gewicht per 100 meter 4,2 kg   Breuksterkte in Newton 961 N","og_url":"https:\/\/dptrading.nl\/de\/produkt\/trapezekoord-pe-monoflex-o-8-mm-wit-lengte-100-mtr\/","og_site_name":"D&amp;P Trading","article_modified_time":"2026-01-23T15:07:15+00:00","og_image":[{"width":1500,"height":1500,"url":"https:\/\/dptrading.nl\/wp-content\/uploads\/2025\/05\/pe-monoflex-wit-web.jpg","type":"image\/jpeg"}],"twitter_card":"summary_large_image","twitter_misc":{"Gesch\u00e4tzte Lesezeit":"3\u00a0Minuten"},"schema":{"@context":"https:\/\/schema.org","@graph":[{"@type":"WebPage","@id":"https:\/\/dptrading.nl\/product\/trapezekoord-pe-monoflex-o-8-mm-wit-lengte-100-mtr\/","url":"https:\/\/dptrading.nl\/product\/trapezekoord-pe-monoflex-o-8-mm-wit-lengte-100-mtr\/","name":"Trapezekoord PE monoflex \u00d8 8 mm wit - D&amp;P Trading","isPartOf":{"@id":"https:\/\/dptrading.nl\/#website"},"primaryImageOfPage":{"@id":"https:\/\/dptrading.nl\/product\/trapezekoord-pe-monoflex-o-8-mm-wit-lengte-100-mtr\/#primaryimage"},"image":{"@id":"https:\/\/dptrading.nl\/product\/trapezekoord-pe-monoflex-o-8-mm-wit-lengte-100-mtr\/#primaryimage"},"thumbnailUrl":"https:\/\/dptrading.nl\/wp-content\/uploads\/2025\/05\/pe-monoflex-wit-web.jpg","datePublished":"2025-05-27T15:35:26+00:00","dateModified":"2026-01-23T15:07:15+00:00","breadcrumb":{"@id":"https:\/\/dptrading.nl\/product\/trapezekoord-pe-monoflex-o-8-mm-wit-lengte-100-mtr\/#breadcrumb"},"inLanguage":"de","potentialAction":[{"@type":"ReadAction","target":["https:\/\/dptrading.nl\/product\/trapezekoord-pe-monoflex-o-8-mm-wit-lengte-100-mtr\/"]}]},{"@type":"ImageObject","inLanguage":"de","@id":"https:\/\/dptrading.nl\/product\/trapezekoord-pe-monoflex-o-8-mm-wit-lengte-100-mtr\/#primaryimage","url":"https:\/\/dptrading.nl\/wp-content\/uploads\/2025\/05\/pe-monoflex-wit-web.jpg","contentUrl":"https:\/\/dptrading.nl\/wp-content\/uploads\/2025\/05\/pe-monoflex-wit-web.jpg","width":1500,"height":1500},{"@type":"BreadcrumbList","@id":"https:\/\/dptrading.nl\/product\/trapezekoord-pe-monoflex-o-8-mm-wit-lengte-100-mtr\/#breadcrumb","itemListElement":[{"@type":"ListItem","position":1,"name":"Home","item":"https:\/\/dptrading.nl\/"},{"@type":"ListItem","position":2,"name":"Producten","item":"https:\/\/dptrading.nl\/winkel\/"},{"@type":"ListItem","position":3,"name":"Trapezekoord PE monoflex \u00d8 8 mm wit"}]},{"@type":"WebSite","@id":"https:\/\/dptrading.nl\/#website","url":"https:\/\/dptrading.nl\/","name":"D&amp;P Handel","description":"","publisher":{"@id":"https:\/\/dptrading.nl\/#organization"},"potentialAction":[{"@type":"SearchAction","target":{"@type":"EntryPoint","urlTemplate":"https:\/\/dptrading.nl\/?s={search_term_string}"},"query-input":{"@type":"PropertyValueSpecification","valueRequired":true,"valueName":"search_term_string"}}],"inLanguage":"de"},{"@type":"Organization","@id":"https:\/\/dptrading.nl\/#organization","name":"D&amp;P Handel","url":"https:\/\/dptrading.nl\/","logo":{"@type":"ImageObject","inLanguage":"de","@id":"https:\/\/dptrading.nl\/#\/schema\/logo\/image\/","url":"https:\/\/dptrading.nl\/wp-content\/uploads\/2025\/04\/logo-dp.png","contentUrl":"https:\/\/dptrading.nl\/wp-content\/uploads\/2025\/04\/logo-dp.png","width":1248,"height":156,"caption":"D&P Trading"},"image":{"@id":"https:\/\/dptrading.nl\/#\/schema\/logo\/image\/"}}]}},"_links":{"self":[{"href":"https:\/\/dptrading.nl\/de\/wp-json\/wp\/v2\/product\/1255","targetHints":{"allow":["GET"]}}],"collection":[{"href":"https:\/\/dptrading.nl\/de\/wp-json\/wp\/v2\/product"}],"about":[{"href":"https:\/\/dptrading.nl\/de\/wp-json\/wp\/v2\/types\/product"}],"wp:featuredmedia":[{"embeddable":true,"href":"https:\/\/dptrading.nl\/de\/wp-json\/wp\/v2\/media\/2971"}],"wp:attachment":[{"href":"https:\/\/dptrading.nl\/de\/wp-json\/wp\/v2\/media?parent=1255"}],"wp:term":[{"taxonomy":"product_brand","embeddable":true,"href":"https:\/\/dptrading.nl\/de\/wp-json\/wp\/v2\/product_brand?post=1255"},{"taxonomy":"product_cat","embeddable":true,"href":"https:\/\/dptrading.nl\/de\/wp-json\/wp\/v2\/product_cat?post=1255"},{"taxonomy":"product_tag","embeddable":true,"href":"https:\/\/dptrading.nl\/de\/wp-json\/wp\/v2\/product_tag?post=1255"}],"curies":[{"name":"wp","href":"https:\/\/api.w.org\/{rel}","templated":true}]}}