{"id":1254,"date":"2025-05-27T17:35:13","date_gmt":"2025-05-27T15:35:13","guid":{"rendered":"https:\/\/dptrading.nl\/product\/trapezekoord-pes-monoflex-o-8-mm-wit-zwart-gestreept-l100\/"},"modified":"2026-01-21T23:46:19","modified_gmt":"2026-01-21T22:46:19","slug":"trapezekoord-pes-monoflex-o-8-mm-wit-zwart-gestreept-l100","status":"publish","type":"product","link":"https:\/\/dptrading.nl\/de\/produkt\/trapezekoord-pes-monoflex-o-8-mm-wit-zwart-gestreept-l100\/","title":{"rendered":"Expanderseil PES monoflex \u00d8 8 mm wei\u00df-schwarz gestreift"},"content":{"rendered":"<p class=\"p1\"><strong>Dieses Trapezseil ist f\u00fcr extreme Bedingungen und hat die beste UV-Best\u00e4ndigkeit und Verschlei\u00dffestigkeit, wodurch es sich perfekt f\u00fcr schwere Arbeiten auf See oder im Freien eignet.<\/strong><\/p>\n<div id=\"row-1340307523\" class=\"row\">\n<div id=\"col-1333455113\" class=\"col medium-3 small-12 large-2\">\n<div class=\"col-inner\">\n<div id=\"image_1140793733\" class=\"img has-hover x md-x lg-x y md-y lg-y\">\n<div class=\"img-inner dark\"><img decoding=\"async\" class=\"attachment-original  entered lazyloaded\" src=\"https:\/\/nico.be\/wp-content\/smush-webp\/2021\/08\/Nico-Icons-42-1.png.webp\" alt=\"Nico Icons 42 1\" width=\"120\" height=\"136\" data-lazy-srcset=\"https:\/\/nico.be\/wp-content\/smush-webp\/2021\/08\/Nico-Icons-42-1.png.webp 597w, https:\/\/nico.be\/wp-content\/smush-webp\/2021\/08\/Nico-Icons-42-1-265x300.png.webp 265w\" data-lazy-sizes=\"(max-width: 597px) 100vw, 597px\" data-lazy-src=\"https:\/\/nico.be\/wp-content\/smush-webp\/2021\/08\/Nico-Icons-42-1.png.webp\" data-ll-status=\"loaded\" \/><\/div>\n<\/div>\n<\/div>\n<\/div>\n<div id=\"col-377624051\" class=\"col medium-9 small-12 large-10\">\n<div class=\"col-inner\">\n<p>Die beste Option f\u00fcr extreme Bedingungen, das PES Trapezseil hat einen Kern mit zugegebenen UV-Stabilisatoren und eine polyesterschichtige H\u00fclle, die das Gummi vor UV-Strahlung sch\u00fctzt. Dieses Trapezseil ist perfekt f\u00fcr den Au\u00dfenbereich geeignet, in Kombination mit zum Beispiel. Gartenbau-Schutznetzen oder sogar Aquakultur.<\/p>\n<\/div>\n<\/div>\n<\/div>\n<div id=\"row-1719179344\" class=\"row\">\n<div id=\"col-130943014\" class=\"col medium-3 small-12 large-2\">\n<div class=\"col-inner\">\n<div id=\"image_1293501138\" class=\"img has-hover x md-x lg-x y md-y lg-y\">\n<div class=\"img-inner dark\"><img decoding=\"async\" class=\"attachment-original  entered lazyloaded\" src=\"https:\/\/nico.be\/wp-content\/smush-webp\/2022\/08\/Nico-Icons-18.png.webp\" alt=\"Nico Icons 18\" width=\"120\" height=\"136\" data-lazy-srcset=\"https:\/\/nico.be\/wp-content\/smush-webp\/2022\/08\/Nico-Icons-18.png.webp 590w, https:\/\/nico.be\/wp-content\/smush-webp\/2022\/08\/Nico-Icons-18-265x300.png.webp 265w\" data-lazy-sizes=\"(max-width: 590px) 100vw, 590px\" data-lazy-src=\"https:\/\/nico.be\/wp-content\/smush-webp\/2022\/08\/Nico-Icons-18.png.webp\" data-ll-status=\"loaded\" \/><\/div>\n<\/div>\n<\/div>\n<\/div>\n<div id=\"col-1948140019\" class=\"col medium-9 small-12 large-10\">\n<div class=\"col-inner\">\n<p>Verschlei\u00dfwiderstand ist eine der wichtigsten St\u00e4rken dieses elastischen Kordels.<br \/>\nBestimmt f\u00fcr den Einsatz unter maritimen Bedingungen, kann es hoher Reibung standhalten, ohne zu versagen. Es wird jede Aufgabe erf\u00fcllen, die Sie ben\u00f6tigen, sei es in der Industrie, zu Hause oder in jeder anderen Situation.<\/p>\n<\/div>\n<\/div>\n<\/div>\n<div id=\"row-1063456906\" class=\"row\">\n<div id=\"col-567465989\" class=\"col medium-3 small-12 large-2\">\n<div class=\"col-inner\">\n<div id=\"image_1228803885\" class=\"img has-hover x md-x lg-x y md-y lg-y\">\n<div class=\"img-inner dark\"><img decoding=\"async\" class=\"attachment-original  entered lazyloaded\" src=\"https:\/\/nico.be\/wp-content\/smush-webp\/2021\/08\/Nico-Icons-29.png.webp\" alt=\"Nico Icons 29\" width=\"120\" height=\"136\" data-lazy-srcset=\"https:\/\/nico.be\/wp-content\/smush-webp\/2021\/08\/Nico-Icons-29.png.webp 590w, https:\/\/nico.be\/wp-content\/smush-webp\/2021\/08\/Nico-Icons-29-265x300.png.webp 265w\" data-lazy-sizes=\"(max-width: 590px) 100vw, 590px\" data-lazy-src=\"https:\/\/nico.be\/wp-content\/smush-webp\/2021\/08\/Nico-Icons-29.png.webp\" data-ll-status=\"loaded\" \/><\/div>\n<\/div>\n<\/div>\n<\/div>\n<div id=\"col-1521818216\" class=\"col medium-9 small-12 large-10\">\n<div class=\"col-inner\">\n<p>Das PES-Trapezkabel beh\u00e4lt seine Form, wenn es geschnitten wird. Die PES-Au\u00dfenh\u00fclle sorgt f\u00fcr eine weiche Haptik und ein leicht zu biegendes Trapezkabel, das sich perfekt zum Kn\u00fcpfen auf Booten oder zur allgemeinen Aufbewahrung eignet.<\/p>\n<\/div>\n<\/div>\n<\/div>\n<div id=\"row-1499166154\" class=\"row\">\n<div id=\"col-418153385\" class=\"col medium-3 small-12 large-2\">\n<div class=\"col-inner\">\n<div id=\"image_2067832075\" class=\"img has-hover x md-x lg-x y md-y lg-y\">\n<div class=\"img-inner dark\"><img loading=\"lazy\" decoding=\"async\" class=\"attachment-original  entered lazyloaded\" src=\"https:\/\/nico.be\/wp-content\/smush-webp\/2021\/08\/Nico-Icons-35.png.webp\" alt=\"Nico Icons 35\" width=\"120\" height=\"135\" data-lazy-srcset=\"https:\/\/nico.be\/wp-content\/smush-webp\/2021\/08\/Nico-Icons-35.png.webp 590w, https:\/\/nico.be\/wp-content\/smush-webp\/2021\/08\/Nico-Icons-35-266x300.png.webp 266w\" data-lazy-sizes=\"(max-width: 590px) 100vw, 590px\" data-lazy-src=\"https:\/\/nico.be\/wp-content\/smush-webp\/2021\/08\/Nico-Icons-35.png.webp\" data-ll-status=\"loaded\" \/><\/div>\n<\/div>\n<\/div>\n<\/div>\n<div id=\"col-1650571283\" class=\"col medium-9 small-12 large-10\">\n<div class=\"col-inner\">\n<p>Eine gute Zugkraft ist ein Muss, wenn Sie Trapezseile auf einem Boot oder im industriellen Bereich verwenden, das Polyester-Elastikseil bietet genau das.<\/p>\n<\/div>\n<\/div>\n<\/div>\n<div id=\"row-493612685\" class=\"row\">\n<div id=\"col-2143077165\" class=\"col medium-3 small-12 large-2\">\n<div class=\"col-inner\">\n<div id=\"image_261303300\" class=\"img has-hover x md-x lg-x y md-y lg-y\">\n<div class=\"img-inner dark\"><img loading=\"lazy\" decoding=\"async\" class=\"attachment-original  entered lazyloaded\" src=\"https:\/\/nico.be\/wp-content\/smush-webp\/2021\/08\/Nico-Icons-24.png.webp\" alt=\"Nico Icons 24\" width=\"120\" height=\"136\" data-lazy-srcset=\"https:\/\/nico.be\/wp-content\/smush-webp\/2021\/08\/Nico-Icons-24.png.webp 590w, https:\/\/nico.be\/wp-content\/smush-webp\/2021\/08\/Nico-Icons-24-265x300.png.webp 265w\" data-lazy-sizes=\"(max-width: 590px) 100vw, 590px\" data-lazy-src=\"https:\/\/nico.be\/wp-content\/smush-webp\/2021\/08\/Nico-Icons-24.png.webp\" data-ll-status=\"loaded\" \/><\/div>\n<\/div>\n<\/div>\n<\/div>\n<div id=\"col-563999094\" class=\"col medium-9 small-12 large-10\">\n<div class=\"col-inner\">\n<p>Wenn es auf die Rei\u00dffestigkeit ankommt, erzielt das Trapezseil von PES die besten Ergebnisse in unserem Sortiment.<br \/>\nEine gute Bruchfestigkeit sorgt f\u00fcr Sicherheit bei der Verwendung des PES Trapezseils.<\/p>\n<\/div>\n<\/div>\n<\/div>","protected":false},"excerpt":{"rendered":"<table width=\"360\">\n<tbody>\n<tr>\n<td width=\"180\">Durchmesser \u00d8<\/td>\n<td width=\"180\">8 mm<\/td>\n<\/tr>\n<tr>\n<td>L\u00e4nge der Rolle<\/td>\n<td>100 Meter<\/td>\n<\/tr>\n<tr>\n<td>Farbe<\/td>\n<td>Schwarz-wei\u00df<\/td>\n<\/tr>\n<tr>\n<td>Kern<\/td>\n<td>Monoflex<\/td>\n<\/tr>\n<tr>\n<td>Mantel-Typ<\/td>\n<td>Polyester (PES)<\/td>\n<\/tr>\n<tr>\n<td>Anzahl der Dr\u00e4hte im Mantel<\/td>\n<td>64<\/td>\n<\/tr>\n<tr>\n<td>Nettogewicht pro 100 Meter<\/td>\n<td>4,8 kg<\/td>\n<\/tr>\n<tr>\n<td>Bruchfestigkeit in Newton<\/td>\n<td>1314 Nord<\/td>\n<\/tr>\n<\/tbody>\n<\/table>","protected":false},"featured_media":2955,"template":"","meta":{"_acf_changed":false},"product_brand":[],"product_cat":[136,24],"product_tag":[],"class_list":{"0":"post-1254","1":"product","2":"type-product","3":"status-publish","4":"has-post-thumbnail","6":"product_cat-pes-monoflex","7":"product_cat-trapezekoord-snelspanners","9":"first","10":"instock","11":"shipping-taxable","12":"purchasable","13":"product-type-simple"},"acf":[],"yoast_head":"<!-- This site is optimized with the Yoast SEO plugin v26.6 - https:\/\/yoast.com\/wordpress\/plugins\/seo\/ -->\n<title>Trapezekoord PES monoflex \u00d8 8 mm wit-zwart gestreept - D&amp;P Trading<\/title>\n<meta name=\"robots\" content=\"index, follow, max-snippet:-1, max-image-preview:large, max-video-preview:-1\" \/>\n<link rel=\"canonical\" href=\"https:\/\/dptrading.nl\/de\/produkt\/trapezekoord-pes-monoflex-o-8-mm-wit-zwart-gestreept-l100\/\" \/>\n<meta property=\"og:locale\" content=\"de_DE\" \/>\n<meta property=\"og:type\" content=\"article\" \/>\n<meta property=\"og:title\" content=\"Trapezekoord PES monoflex \u00d8 8 mm wit-zwart gestreept - D&amp;P Trading\" \/>\n<meta property=\"og:description\" content=\"Diameter \u00d8 8 mm   Lengte rol 100 meter   Kleur Wit-zwart   Kern Monoflex   Soort mantel Polyester (PES)   Aantal draden in de mantel 64   Netto gewicht per 100 meter 4,8 kg   Breuksterkte in Newton 1314 N\" \/>\n<meta property=\"og:url\" content=\"https:\/\/dptrading.nl\/de\/produkt\/trapezekoord-pes-monoflex-o-8-mm-wit-zwart-gestreept-l100\/\" \/>\n<meta property=\"og:site_name\" content=\"D&amp;P Trading\" \/>\n<meta property=\"article:modified_time\" content=\"2026-01-21T22:46:19+00:00\" \/>\n<meta property=\"og:image\" content=\"https:\/\/dptrading.nl\/wp-content\/uploads\/2025\/05\/pes-monoflex-wit-zwart-web.png\" \/>\n\t<meta property=\"og:image:width\" content=\"1500\" \/>\n\t<meta property=\"og:image:height\" content=\"1500\" \/>\n\t<meta property=\"og:image:type\" content=\"image\/png\" \/>\n<meta name=\"twitter:card\" content=\"summary_large_image\" \/>\n<meta name=\"twitter:label1\" content=\"Gesch\u00e4tzte Lesezeit\" \/>\n\t<meta name=\"twitter:data1\" content=\"3\u00a0Minuten\" \/>\n<script type=\"application\/ld+json\" class=\"yoast-schema-graph\">{\"@context\":\"https:\/\/schema.org\",\"@graph\":[{\"@type\":\"WebPage\",\"@id\":\"https:\/\/dptrading.nl\/product\/trapezekoord-pes-monoflex-o-8-mm-wit-zwart-gestreept-l100\/\",\"url\":\"https:\/\/dptrading.nl\/product\/trapezekoord-pes-monoflex-o-8-mm-wit-zwart-gestreept-l100\/\",\"name\":\"Trapezekoord PES monoflex \u00d8 8 mm wit-zwart gestreept - D&amp;P Trading\",\"isPartOf\":{\"@id\":\"https:\/\/dptrading.nl\/#website\"},\"primaryImageOfPage\":{\"@id\":\"https:\/\/dptrading.nl\/product\/trapezekoord-pes-monoflex-o-8-mm-wit-zwart-gestreept-l100\/#primaryimage\"},\"image\":{\"@id\":\"https:\/\/dptrading.nl\/product\/trapezekoord-pes-monoflex-o-8-mm-wit-zwart-gestreept-l100\/#primaryimage\"},\"thumbnailUrl\":\"https:\/\/dptrading.nl\/wp-content\/uploads\/2025\/05\/pes-monoflex-wit-zwart-web.png\",\"datePublished\":\"2025-05-27T15:35:13+00:00\",\"dateModified\":\"2026-01-21T22:46:19+00:00\",\"breadcrumb\":{\"@id\":\"https:\/\/dptrading.nl\/product\/trapezekoord-pes-monoflex-o-8-mm-wit-zwart-gestreept-l100\/#breadcrumb\"},\"inLanguage\":\"de\",\"potentialAction\":[{\"@type\":\"ReadAction\",\"target\":[\"https:\/\/dptrading.nl\/product\/trapezekoord-pes-monoflex-o-8-mm-wit-zwart-gestreept-l100\/\"]}]},{\"@type\":\"ImageObject\",\"inLanguage\":\"de\",\"@id\":\"https:\/\/dptrading.nl\/product\/trapezekoord-pes-monoflex-o-8-mm-wit-zwart-gestreept-l100\/#primaryimage\",\"url\":\"https:\/\/dptrading.nl\/wp-content\/uploads\/2025\/05\/pes-monoflex-wit-zwart-web.png\",\"contentUrl\":\"https:\/\/dptrading.nl\/wp-content\/uploads\/2025\/05\/pes-monoflex-wit-zwart-web.png\",\"width\":1500,\"height\":1500},{\"@type\":\"BreadcrumbList\",\"@id\":\"https:\/\/dptrading.nl\/product\/trapezekoord-pes-monoflex-o-8-mm-wit-zwart-gestreept-l100\/#breadcrumb\",\"itemListElement\":[{\"@type\":\"ListItem\",\"position\":1,\"name\":\"Home\",\"item\":\"https:\/\/dptrading.nl\/\"},{\"@type\":\"ListItem\",\"position\":2,\"name\":\"Producten\",\"item\":\"https:\/\/dptrading.nl\/winkel\/\"},{\"@type\":\"ListItem\",\"position\":3,\"name\":\"Trapezekoord PES monoflex \u00d8 8 mm wit-zwart gestreept\"}]},{\"@type\":\"WebSite\",\"@id\":\"https:\/\/dptrading.nl\/#website\",\"url\":\"https:\/\/dptrading.nl\/\",\"name\":\"D&P Trading\",\"description\":\"\",\"publisher\":{\"@id\":\"https:\/\/dptrading.nl\/#organization\"},\"potentialAction\":[{\"@type\":\"SearchAction\",\"target\":{\"@type\":\"EntryPoint\",\"urlTemplate\":\"https:\/\/dptrading.nl\/?s={search_term_string}\"},\"query-input\":{\"@type\":\"PropertyValueSpecification\",\"valueRequired\":true,\"valueName\":\"search_term_string\"}}],\"inLanguage\":\"de\"},{\"@type\":\"Organization\",\"@id\":\"https:\/\/dptrading.nl\/#organization\",\"name\":\"D&P Trading\",\"url\":\"https:\/\/dptrading.nl\/\",\"logo\":{\"@type\":\"ImageObject\",\"inLanguage\":\"de\",\"@id\":\"https:\/\/dptrading.nl\/#\/schema\/logo\/image\/\",\"url\":\"https:\/\/dptrading.nl\/wp-content\/uploads\/2025\/04\/logo-dp.png\",\"contentUrl\":\"https:\/\/dptrading.nl\/wp-content\/uploads\/2025\/04\/logo-dp.png\",\"width\":1248,\"height\":156,\"caption\":\"D&P Trading\"},\"image\":{\"@id\":\"https:\/\/dptrading.nl\/#\/schema\/logo\/image\/\"}}]}<\/script>\n<!-- \/ Yoast SEO plugin. -->","yoast_head_json":{"title":"Trapezekoord PES monoflex \u00d8 8 mm wit-zwart gestreept - D&amp;P Trading","robots":{"index":"index","follow":"follow","max-snippet":"max-snippet:-1","max-image-preview":"max-image-preview:large","max-video-preview":"max-video-preview:-1"},"canonical":"https:\/\/dptrading.nl\/de\/produkt\/trapezekoord-pes-monoflex-o-8-mm-wit-zwart-gestreept-l100\/","og_locale":"de_DE","og_type":"article","og_title":"Trapezekoord PES monoflex \u00d8 8 mm wit-zwart gestreept - D&amp;P Trading","og_description":"Diameter \u00d8 8 mm   Lengte rol 100 meter   Kleur Wit-zwart   Kern Monoflex   Soort mantel Polyester (PES)   Aantal draden in de mantel 64   Netto gewicht per 100 meter 4,8 kg   Breuksterkte in Newton 1314 N","og_url":"https:\/\/dptrading.nl\/de\/produkt\/trapezekoord-pes-monoflex-o-8-mm-wit-zwart-gestreept-l100\/","og_site_name":"D&amp;P Trading","article_modified_time":"2026-01-21T22:46:19+00:00","og_image":[{"width":1500,"height":1500,"url":"https:\/\/dptrading.nl\/wp-content\/uploads\/2025\/05\/pes-monoflex-wit-zwart-web.png","type":"image\/png"}],"twitter_card":"summary_large_image","twitter_misc":{"Gesch\u00e4tzte Lesezeit":"3\u00a0Minuten"},"schema":{"@context":"https:\/\/schema.org","@graph":[{"@type":"WebPage","@id":"https:\/\/dptrading.nl\/product\/trapezekoord-pes-monoflex-o-8-mm-wit-zwart-gestreept-l100\/","url":"https:\/\/dptrading.nl\/product\/trapezekoord-pes-monoflex-o-8-mm-wit-zwart-gestreept-l100\/","name":"Trapezekoord PES monoflex \u00d8 8 mm wit-zwart gestreept - D&amp;P Trading","isPartOf":{"@id":"https:\/\/dptrading.nl\/#website"},"primaryImageOfPage":{"@id":"https:\/\/dptrading.nl\/product\/trapezekoord-pes-monoflex-o-8-mm-wit-zwart-gestreept-l100\/#primaryimage"},"image":{"@id":"https:\/\/dptrading.nl\/product\/trapezekoord-pes-monoflex-o-8-mm-wit-zwart-gestreept-l100\/#primaryimage"},"thumbnailUrl":"https:\/\/dptrading.nl\/wp-content\/uploads\/2025\/05\/pes-monoflex-wit-zwart-web.png","datePublished":"2025-05-27T15:35:13+00:00","dateModified":"2026-01-21T22:46:19+00:00","breadcrumb":{"@id":"https:\/\/dptrading.nl\/product\/trapezekoord-pes-monoflex-o-8-mm-wit-zwart-gestreept-l100\/#breadcrumb"},"inLanguage":"de","potentialAction":[{"@type":"ReadAction","target":["https:\/\/dptrading.nl\/product\/trapezekoord-pes-monoflex-o-8-mm-wit-zwart-gestreept-l100\/"]}]},{"@type":"ImageObject","inLanguage":"de","@id":"https:\/\/dptrading.nl\/product\/trapezekoord-pes-monoflex-o-8-mm-wit-zwart-gestreept-l100\/#primaryimage","url":"https:\/\/dptrading.nl\/wp-content\/uploads\/2025\/05\/pes-monoflex-wit-zwart-web.png","contentUrl":"https:\/\/dptrading.nl\/wp-content\/uploads\/2025\/05\/pes-monoflex-wit-zwart-web.png","width":1500,"height":1500},{"@type":"BreadcrumbList","@id":"https:\/\/dptrading.nl\/product\/trapezekoord-pes-monoflex-o-8-mm-wit-zwart-gestreept-l100\/#breadcrumb","itemListElement":[{"@type":"ListItem","position":1,"name":"Home","item":"https:\/\/dptrading.nl\/"},{"@type":"ListItem","position":2,"name":"Producten","item":"https:\/\/dptrading.nl\/winkel\/"},{"@type":"ListItem","position":3,"name":"Trapezekoord PES monoflex \u00d8 8 mm wit-zwart gestreept"}]},{"@type":"WebSite","@id":"https:\/\/dptrading.nl\/#website","url":"https:\/\/dptrading.nl\/","name":"D&amp;P Handel","description":"","publisher":{"@id":"https:\/\/dptrading.nl\/#organization"},"potentialAction":[{"@type":"SearchAction","target":{"@type":"EntryPoint","urlTemplate":"https:\/\/dptrading.nl\/?s={search_term_string}"},"query-input":{"@type":"PropertyValueSpecification","valueRequired":true,"valueName":"search_term_string"}}],"inLanguage":"de"},{"@type":"Organization","@id":"https:\/\/dptrading.nl\/#organization","name":"D&amp;P Handel","url":"https:\/\/dptrading.nl\/","logo":{"@type":"ImageObject","inLanguage":"de","@id":"https:\/\/dptrading.nl\/#\/schema\/logo\/image\/","url":"https:\/\/dptrading.nl\/wp-content\/uploads\/2025\/04\/logo-dp.png","contentUrl":"https:\/\/dptrading.nl\/wp-content\/uploads\/2025\/04\/logo-dp.png","width":1248,"height":156,"caption":"D&P Trading"},"image":{"@id":"https:\/\/dptrading.nl\/#\/schema\/logo\/image\/"}}]}},"_links":{"self":[{"href":"https:\/\/dptrading.nl\/de\/wp-json\/wp\/v2\/product\/1254","targetHints":{"allow":["GET"]}}],"collection":[{"href":"https:\/\/dptrading.nl\/de\/wp-json\/wp\/v2\/product"}],"about":[{"href":"https:\/\/dptrading.nl\/de\/wp-json\/wp\/v2\/types\/product"}],"wp:featuredmedia":[{"embeddable":true,"href":"https:\/\/dptrading.nl\/de\/wp-json\/wp\/v2\/media\/2955"}],"wp:attachment":[{"href":"https:\/\/dptrading.nl\/de\/wp-json\/wp\/v2\/media?parent=1254"}],"wp:term":[{"taxonomy":"product_brand","embeddable":true,"href":"https:\/\/dptrading.nl\/de\/wp-json\/wp\/v2\/product_brand?post=1254"},{"taxonomy":"product_cat","embeddable":true,"href":"https:\/\/dptrading.nl\/de\/wp-json\/wp\/v2\/product_cat?post=1254"},{"taxonomy":"product_tag","embeddable":true,"href":"https:\/\/dptrading.nl\/de\/wp-json\/wp\/v2\/product_tag?post=1254"}],"curies":[{"name":"wp","href":"https:\/\/api.w.org\/{rel}","templated":true}]}}