{"id":1212,"date":"2025-05-27T17:24:36","date_gmt":"2025-05-27T15:24:36","guid":{"rendered":"https:\/\/dptrading.nl\/product\/trapezekoord-pp-monoflex-o-10-mm-rood-l100-mtr\/"},"modified":"2026-01-21T23:45:10","modified_gmt":"2026-01-21T22:45:10","slug":"trapezekoord-pp-monoflex-o-10-mm-rood-l100-mtr","status":"publish","type":"product","link":"https:\/\/dptrading.nl\/de\/produkt\/trapezekoord-pp-monoflex-o-10-mm-rood-l100-mtr\/","title":{"rendered":"Expanderseil PP monoflex \u00d8 10 mm rot"},"content":{"rendered":"<p class=\"p1\"><strong>Die beste Trapezschnur, die f\u00fcr jede Aufgabe geeignet ist!<\/strong><\/p>\n<div id=\"row-2103142421\" class=\"row\">\n<div id=\"col-2086906216\" class=\"col medium-3 small-12 large-2\">\n<div class=\"col-inner\">\n<div id=\"image_1784416697\" class=\"img has-hover x md-x lg-x y md-y lg-y\">\n<div class=\"img-inner dark\"><img decoding=\"async\" class=\"attachment-original entered lazyloaded\" src=\"https:\/\/nico.be\/wp-content\/smush-webp\/2021\/08\/Nico-Icons-41.png.webp\" alt=\"Nico Icons 41\" width=\"120\" height=\"136\" data-lazy-srcset=\"https:\/\/nico.be\/wp-content\/smush-webp\/2021\/08\/Nico-Icons-41.png.webp 597w, https:\/\/nico.be\/wp-content\/smush-webp\/2021\/08\/Nico-Icons-41-266x300.png.webp 266w\" data-lazy-sizes=\"(max-width: 597px) 100vw, 597px\" data-lazy-src=\"https:\/\/nico.be\/wp-content\/smush-webp\/2021\/08\/Nico-Icons-41.png.webp\" data-ll-status=\"loaded\" \/><\/div>\n<\/div>\n<\/div>\n<\/div>\n<div id=\"col-1689383257\" class=\"col medium-9 small-12 large-10\">\n<div class=\"col-inner\">\n<p>Gesch\u00fctzt durch eine UV-best\u00e4ndige PP-Au\u00dfenh\u00fclle, h\u00e4lt der Monokern aus Gummi mit zus\u00e4tzlichen UV-best\u00e4ndigen Mitteln allen Wetterbedingungen stand.<br \/>\nGanz gleich, ob Monoflex pp im Freien oder in Innenr\u00e4umen eingesetzt wird, Monoflex PP passt sich jeder Situation an und erf\u00fcllt Ihre Erwartungen.<\/p>\n<\/div>\n<\/div>\n<\/div>\n<div id=\"row-1594529479\" class=\"row\">\n<div id=\"col-1885986929\" class=\"col medium-3 small-12 large-2\">\n<div class=\"col-inner\">\n<div id=\"image_1954087489\" class=\"img has-hover x md-x lg-x y md-y lg-y\">\n<div class=\"img-inner dark\"><img decoding=\"async\" class=\"attachment-original entered lazyloaded\" src=\"https:\/\/nico.be\/wp-content\/smush-webp\/2021\/08\/Nico-Icons-17.png.webp\" alt=\"Nico Icons 17\" width=\"120\" height=\"135\" data-lazy-srcset=\"https:\/\/nico.be\/wp-content\/smush-webp\/2021\/08\/Nico-Icons-17.png.webp 590w, https:\/\/nico.be\/wp-content\/smush-webp\/2021\/08\/Nico-Icons-17-266x300.png.webp 266w\" data-lazy-sizes=\"(max-width: 590px) 100vw, 590px\" data-lazy-src=\"https:\/\/nico.be\/wp-content\/smush-webp\/2021\/08\/Nico-Icons-17.png.webp\" data-ll-status=\"loaded\" \/><\/div>\n<\/div>\n<\/div>\n<\/div>\n<div id=\"col-748189506\" class=\"col medium-9 small-12 large-10\">\n<div class=\"col-inner text-left\">\n<p>Die PP-Ummantelung bietet einen guten Schutz gegen Abrieb, so dass die Trapezschnur unter allen m\u00f6glichen Bedingungen eingesetzt werden kann: f\u00fcr industrielle Zwecke wie LKW-Planen, zur Befestigung von Werbebannern oder f\u00fcr Freizeitzwecke wie Sportnetze oder Fahrradbefestigungen.<\/p>\n<\/div>\n<\/div>\n<\/div>\n<div id=\"row-314875353\" class=\"row\">\n<div id=\"col-2023169982\" class=\"col medium-3 small-12 large-2\">\n<div class=\"col-inner\">\n<div id=\"image_1307597424\" class=\"img has-hover x md-x lg-x y md-y lg-y\">\n<div class=\"img-inner dark\"><img decoding=\"async\" class=\"attachment-original entered lazyloaded\" src=\"https:\/\/nico.be\/wp-content\/smush-webp\/2021\/08\/Nico-Icons-29.png.webp\" alt=\"Nico Icons 29\" width=\"120\" height=\"136\" data-lazy-srcset=\"https:\/\/nico.be\/wp-content\/smush-webp\/2021\/08\/Nico-Icons-29.png.webp 590w, https:\/\/nico.be\/wp-content\/smush-webp\/2021\/08\/Nico-Icons-29-265x300.png.webp 265w\" data-lazy-sizes=\"(max-width: 590px) 100vw, 590px\" data-lazy-src=\"https:\/\/nico.be\/wp-content\/smush-webp\/2021\/08\/Nico-Icons-29.png.webp\" data-ll-status=\"loaded\" \/><\/div>\n<\/div>\n<\/div>\n<\/div>\n<div id=\"col-145510427\" class=\"col medium-9 small-12 large-10\">\n<div class=\"col-inner\">\n<p>Monoflex PP hat die einzigartige Eigenschaft, einen Monofilamentkern aus Gummi zu besitzen, der beim Schneiden seine Form und Gr\u00f6\u00dfe beibeh\u00e4lt. Dank ihres scharfen Schnitts ist sie eine ideale elastische Schnur f\u00fcr die Montage mit Haken oder anderem Zubeh\u00f6r. Durch ihre glatte und geschmeidige Haptik l\u00e4sst sie sich beim Montieren und Binden leicht handhaben.<\/p>\n<\/div>\n<\/div>\n<\/div>\n<div id=\"row-1443664183\" class=\"row\">\n<div id=\"col-10200425\" class=\"col medium-3 small-12 large-2\">\n<div class=\"col-inner\">\n<div id=\"image_757148332\" class=\"img has-hover x md-x lg-x y md-y lg-y\">\n<div class=\"img-inner dark\"><img loading=\"lazy\" decoding=\"async\" class=\"attachment-original entered lazyloaded\" src=\"https:\/\/nico.be\/wp-content\/smush-webp\/2021\/08\/Nico-Icons-35.png.webp\" alt=\"Nico Icons 35\" width=\"120\" height=\"135\" data-lazy-srcset=\"https:\/\/nico.be\/wp-content\/smush-webp\/2021\/08\/Nico-Icons-35.png.webp 590w, https:\/\/nico.be\/wp-content\/smush-webp\/2021\/08\/Nico-Icons-35-266x300.png.webp 266w\" data-lazy-sizes=\"(max-width: 590px) 100vw, 590px\" data-lazy-src=\"https:\/\/nico.be\/wp-content\/smush-webp\/2021\/08\/Nico-Icons-35.png.webp\" data-ll-status=\"loaded\" \/><\/div>\n<\/div>\n<\/div>\n<\/div>\n<div id=\"col-1223630786\" class=\"col medium-9 small-12 large-10\">\n<div class=\"col-inner\">\n<p>Monoflex PP kann dank seiner guten Zugfestigkeit\/R\u00fcckstellkraft in vielen industriellen und professionellen Bereichen eingesetzt werden und ist bei unseren Kunden sehr beliebt.<\/p>\n<\/div>\n<\/div>\n<\/div>\n<div id=\"row-1819477848\" class=\"row\">\n<div id=\"col-899439522\" class=\"col medium-3 small-12 large-2\">\n<div class=\"col-inner\">\n<div id=\"image_845425731\" class=\"img has-hover x md-x lg-x y md-y lg-y\">\n<div class=\"img-inner dark\"><img loading=\"lazy\" decoding=\"async\" class=\"attachment-original entered lazyloaded\" src=\"https:\/\/nico.be\/wp-content\/smush-webp\/2021\/08\/Nico-Icons-24.png.webp\" alt=\"Nico Icons 24\" width=\"120\" height=\"136\" data-lazy-srcset=\"https:\/\/nico.be\/wp-content\/smush-webp\/2021\/08\/Nico-Icons-24.png.webp 590w, https:\/\/nico.be\/wp-content\/smush-webp\/2021\/08\/Nico-Icons-24-265x300.png.webp 265w\" data-lazy-sizes=\"(max-width: 590px) 100vw, 590px\" data-lazy-src=\"https:\/\/nico.be\/wp-content\/smush-webp\/2021\/08\/Nico-Icons-24.png.webp\" data-ll-status=\"loaded\" \/><\/div>\n<\/div>\n<\/div>\n<\/div>\n<div id=\"col-2105043304\" class=\"col medium-9 small-12 large-10\">\n<div class=\"col-inner\">\n<p>Monoflex PP bietet die beste Festigkeit, wenn es bis zur Bruchstelle gedehnt wird. Das bedeutet, dass Sie eine hohe Spannung aufbringen m\u00fcssen, um die Schnur zu zerrei\u00dfen, was sie perfekt f\u00fcr alle industriellen Anwendungen und f\u00fcr Sicherheitszwecke macht.<\/p>\n<\/div>\n<\/div>\n<\/div>","protected":false},"excerpt":{"rendered":"<table width=\"360\">\n<tbody>\n<tr>\n<td width=\"180\">Durchmesser \u00d8<\/td>\n<td width=\"180\">10 mm<\/td>\n<\/tr>\n<tr>\n<td>L\u00e4nge der Rolle<\/td>\n<td>100 Meter<\/td>\n<\/tr>\n<tr>\n<td>Farbe<\/td>\n<td>Rot<\/td>\n<\/tr>\n<tr>\n<td>Kern<\/td>\n<td>Monoflex<\/td>\n<\/tr>\n<tr>\n<td>Mantel-Typ<\/td>\n<td>Polypropylen (PP)<\/td>\n<\/tr>\n<tr>\n<td>Anzahl der Dr\u00e4hte im Mantel<\/td>\n<td>60<\/td>\n<\/tr>\n<tr>\n<td>Nettogewicht pro 100 Meter<\/td>\n<td>7,0 kg<\/td>\n<\/tr>\n<tr>\n<td>Bruchfestigkeit in Newton<\/td>\n<td>1697 N<\/td>\n<\/tr>\n<\/tbody>\n<\/table>","protected":false},"featured_media":2924,"template":"","meta":{"_acf_changed":false},"product_brand":[],"product_cat":[133,24],"product_tag":[],"class_list":{"0":"post-1212","1":"product","2":"type-product","3":"status-publish","4":"has-post-thumbnail","6":"product_cat-pp-monoflex","7":"product_cat-trapezekoord-snelspanners","9":"first","10":"instock","11":"shipping-taxable","12":"purchasable","13":"product-type-simple"},"acf":[],"yoast_head":"<!-- This site is optimized with the Yoast SEO plugin v26.6 - https:\/\/yoast.com\/wordpress\/plugins\/seo\/ -->\n<title>Trapezekoord PP monoflex \u00d8 10 mm rood - D&amp;P Trading<\/title>\n<meta name=\"robots\" content=\"index, follow, max-snippet:-1, max-image-preview:large, max-video-preview:-1\" \/>\n<link rel=\"canonical\" href=\"https:\/\/dptrading.nl\/de\/produkt\/trapezekoord-pp-monoflex-o-10-mm-rood-l100-mtr\/\" \/>\n<meta property=\"og:locale\" content=\"de_DE\" \/>\n<meta property=\"og:type\" content=\"article\" \/>\n<meta property=\"og:title\" content=\"Trapezekoord PP monoflex \u00d8 10 mm rood - D&amp;P Trading\" \/>\n<meta property=\"og:description\" content=\"Diameter \u00d8 10 mm   Lengte rol 100 meter   Kleur Rood   Kern Monoflex   Soort mantel Polypropyleen (PP)   Aantal draden in de mantel 60   Netto gewicht per 100 meter 7,0 kg   Breuksterkte in Newton 1697 N\" \/>\n<meta property=\"og:url\" content=\"https:\/\/dptrading.nl\/de\/produkt\/trapezekoord-pp-monoflex-o-10-mm-rood-l100-mtr\/\" \/>\n<meta property=\"og:site_name\" content=\"D&amp;P Trading\" \/>\n<meta property=\"article:modified_time\" content=\"2026-01-21T22:45:10+00:00\" \/>\n<meta property=\"og:image\" content=\"https:\/\/dptrading.nl\/wp-content\/uploads\/2025\/05\/monoflex-pp-rood-web.png\" \/>\n\t<meta property=\"og:image:width\" content=\"1500\" \/>\n\t<meta property=\"og:image:height\" content=\"1500\" \/>\n\t<meta property=\"og:image:type\" content=\"image\/png\" \/>\n<meta name=\"twitter:card\" content=\"summary_large_image\" \/>\n<meta name=\"twitter:label1\" content=\"Gesch\u00e4tzte Lesezeit\" \/>\n\t<meta name=\"twitter:data1\" content=\"3\u00a0Minuten\" \/>\n<script type=\"application\/ld+json\" class=\"yoast-schema-graph\">{\"@context\":\"https:\/\/schema.org\",\"@graph\":[{\"@type\":\"WebPage\",\"@id\":\"https:\/\/dptrading.nl\/product\/trapezekoord-pp-monoflex-o-10-mm-rood-l100-mtr\/\",\"url\":\"https:\/\/dptrading.nl\/product\/trapezekoord-pp-monoflex-o-10-mm-rood-l100-mtr\/\",\"name\":\"Trapezekoord PP monoflex \u00d8 10 mm rood - D&amp;P Trading\",\"isPartOf\":{\"@id\":\"https:\/\/dptrading.nl\/#website\"},\"primaryImageOfPage\":{\"@id\":\"https:\/\/dptrading.nl\/product\/trapezekoord-pp-monoflex-o-10-mm-rood-l100-mtr\/#primaryimage\"},\"image\":{\"@id\":\"https:\/\/dptrading.nl\/product\/trapezekoord-pp-monoflex-o-10-mm-rood-l100-mtr\/#primaryimage\"},\"thumbnailUrl\":\"https:\/\/dptrading.nl\/wp-content\/uploads\/2025\/05\/monoflex-pp-rood-web.png\",\"datePublished\":\"2025-05-27T15:24:36+00:00\",\"dateModified\":\"2026-01-21T22:45:10+00:00\",\"breadcrumb\":{\"@id\":\"https:\/\/dptrading.nl\/product\/trapezekoord-pp-monoflex-o-10-mm-rood-l100-mtr\/#breadcrumb\"},\"inLanguage\":\"de\",\"potentialAction\":[{\"@type\":\"ReadAction\",\"target\":[\"https:\/\/dptrading.nl\/product\/trapezekoord-pp-monoflex-o-10-mm-rood-l100-mtr\/\"]}]},{\"@type\":\"ImageObject\",\"inLanguage\":\"de\",\"@id\":\"https:\/\/dptrading.nl\/product\/trapezekoord-pp-monoflex-o-10-mm-rood-l100-mtr\/#primaryimage\",\"url\":\"https:\/\/dptrading.nl\/wp-content\/uploads\/2025\/05\/monoflex-pp-rood-web.png\",\"contentUrl\":\"https:\/\/dptrading.nl\/wp-content\/uploads\/2025\/05\/monoflex-pp-rood-web.png\",\"width\":1500,\"height\":1500},{\"@type\":\"BreadcrumbList\",\"@id\":\"https:\/\/dptrading.nl\/product\/trapezekoord-pp-monoflex-o-10-mm-rood-l100-mtr\/#breadcrumb\",\"itemListElement\":[{\"@type\":\"ListItem\",\"position\":1,\"name\":\"Home\",\"item\":\"https:\/\/dptrading.nl\/\"},{\"@type\":\"ListItem\",\"position\":2,\"name\":\"Producten\",\"item\":\"https:\/\/dptrading.nl\/winkel\/\"},{\"@type\":\"ListItem\",\"position\":3,\"name\":\"Trapezekoord PP monoflex \u00d8 10 mm rood\"}]},{\"@type\":\"WebSite\",\"@id\":\"https:\/\/dptrading.nl\/#website\",\"url\":\"https:\/\/dptrading.nl\/\",\"name\":\"D&P Trading\",\"description\":\"\",\"publisher\":{\"@id\":\"https:\/\/dptrading.nl\/#organization\"},\"potentialAction\":[{\"@type\":\"SearchAction\",\"target\":{\"@type\":\"EntryPoint\",\"urlTemplate\":\"https:\/\/dptrading.nl\/?s={search_term_string}\"},\"query-input\":{\"@type\":\"PropertyValueSpecification\",\"valueRequired\":true,\"valueName\":\"search_term_string\"}}],\"inLanguage\":\"de\"},{\"@type\":\"Organization\",\"@id\":\"https:\/\/dptrading.nl\/#organization\",\"name\":\"D&P Trading\",\"url\":\"https:\/\/dptrading.nl\/\",\"logo\":{\"@type\":\"ImageObject\",\"inLanguage\":\"de\",\"@id\":\"https:\/\/dptrading.nl\/#\/schema\/logo\/image\/\",\"url\":\"https:\/\/dptrading.nl\/wp-content\/uploads\/2025\/04\/logo-dp.png\",\"contentUrl\":\"https:\/\/dptrading.nl\/wp-content\/uploads\/2025\/04\/logo-dp.png\",\"width\":1248,\"height\":156,\"caption\":\"D&P Trading\"},\"image\":{\"@id\":\"https:\/\/dptrading.nl\/#\/schema\/logo\/image\/\"}}]}<\/script>\n<!-- \/ Yoast SEO plugin. -->","yoast_head_json":{"title":"Trapezekoord PP monoflex \u00d8 10 mm rood - D&amp;P Trading","robots":{"index":"index","follow":"follow","max-snippet":"max-snippet:-1","max-image-preview":"max-image-preview:large","max-video-preview":"max-video-preview:-1"},"canonical":"https:\/\/dptrading.nl\/de\/produkt\/trapezekoord-pp-monoflex-o-10-mm-rood-l100-mtr\/","og_locale":"de_DE","og_type":"article","og_title":"Trapezekoord PP monoflex \u00d8 10 mm rood - D&amp;P Trading","og_description":"Diameter \u00d8 10 mm   Lengte rol 100 meter   Kleur Rood   Kern Monoflex   Soort mantel Polypropyleen (PP)   Aantal draden in de mantel 60   Netto gewicht per 100 meter 7,0 kg   Breuksterkte in Newton 1697 N","og_url":"https:\/\/dptrading.nl\/de\/produkt\/trapezekoord-pp-monoflex-o-10-mm-rood-l100-mtr\/","og_site_name":"D&amp;P Trading","article_modified_time":"2026-01-21T22:45:10+00:00","og_image":[{"width":1500,"height":1500,"url":"https:\/\/dptrading.nl\/wp-content\/uploads\/2025\/05\/monoflex-pp-rood-web.png","type":"image\/png"}],"twitter_card":"summary_large_image","twitter_misc":{"Gesch\u00e4tzte Lesezeit":"3\u00a0Minuten"},"schema":{"@context":"https:\/\/schema.org","@graph":[{"@type":"WebPage","@id":"https:\/\/dptrading.nl\/product\/trapezekoord-pp-monoflex-o-10-mm-rood-l100-mtr\/","url":"https:\/\/dptrading.nl\/product\/trapezekoord-pp-monoflex-o-10-mm-rood-l100-mtr\/","name":"Trapezekoord PP monoflex \u00d8 10 mm rood - D&amp;P Trading","isPartOf":{"@id":"https:\/\/dptrading.nl\/#website"},"primaryImageOfPage":{"@id":"https:\/\/dptrading.nl\/product\/trapezekoord-pp-monoflex-o-10-mm-rood-l100-mtr\/#primaryimage"},"image":{"@id":"https:\/\/dptrading.nl\/product\/trapezekoord-pp-monoflex-o-10-mm-rood-l100-mtr\/#primaryimage"},"thumbnailUrl":"https:\/\/dptrading.nl\/wp-content\/uploads\/2025\/05\/monoflex-pp-rood-web.png","datePublished":"2025-05-27T15:24:36+00:00","dateModified":"2026-01-21T22:45:10+00:00","breadcrumb":{"@id":"https:\/\/dptrading.nl\/product\/trapezekoord-pp-monoflex-o-10-mm-rood-l100-mtr\/#breadcrumb"},"inLanguage":"de","potentialAction":[{"@type":"ReadAction","target":["https:\/\/dptrading.nl\/product\/trapezekoord-pp-monoflex-o-10-mm-rood-l100-mtr\/"]}]},{"@type":"ImageObject","inLanguage":"de","@id":"https:\/\/dptrading.nl\/product\/trapezekoord-pp-monoflex-o-10-mm-rood-l100-mtr\/#primaryimage","url":"https:\/\/dptrading.nl\/wp-content\/uploads\/2025\/05\/monoflex-pp-rood-web.png","contentUrl":"https:\/\/dptrading.nl\/wp-content\/uploads\/2025\/05\/monoflex-pp-rood-web.png","width":1500,"height":1500},{"@type":"BreadcrumbList","@id":"https:\/\/dptrading.nl\/product\/trapezekoord-pp-monoflex-o-10-mm-rood-l100-mtr\/#breadcrumb","itemListElement":[{"@type":"ListItem","position":1,"name":"Home","item":"https:\/\/dptrading.nl\/"},{"@type":"ListItem","position":2,"name":"Producten","item":"https:\/\/dptrading.nl\/winkel\/"},{"@type":"ListItem","position":3,"name":"Trapezekoord PP monoflex \u00d8 10 mm rood"}]},{"@type":"WebSite","@id":"https:\/\/dptrading.nl\/#website","url":"https:\/\/dptrading.nl\/","name":"D&amp;P Handel","description":"","publisher":{"@id":"https:\/\/dptrading.nl\/#organization"},"potentialAction":[{"@type":"SearchAction","target":{"@type":"EntryPoint","urlTemplate":"https:\/\/dptrading.nl\/?s={search_term_string}"},"query-input":{"@type":"PropertyValueSpecification","valueRequired":true,"valueName":"search_term_string"}}],"inLanguage":"de"},{"@type":"Organization","@id":"https:\/\/dptrading.nl\/#organization","name":"D&amp;P Handel","url":"https:\/\/dptrading.nl\/","logo":{"@type":"ImageObject","inLanguage":"de","@id":"https:\/\/dptrading.nl\/#\/schema\/logo\/image\/","url":"https:\/\/dptrading.nl\/wp-content\/uploads\/2025\/04\/logo-dp.png","contentUrl":"https:\/\/dptrading.nl\/wp-content\/uploads\/2025\/04\/logo-dp.png","width":1248,"height":156,"caption":"D&P Trading"},"image":{"@id":"https:\/\/dptrading.nl\/#\/schema\/logo\/image\/"}}]}},"_links":{"self":[{"href":"https:\/\/dptrading.nl\/de\/wp-json\/wp\/v2\/product\/1212","targetHints":{"allow":["GET"]}}],"collection":[{"href":"https:\/\/dptrading.nl\/de\/wp-json\/wp\/v2\/product"}],"about":[{"href":"https:\/\/dptrading.nl\/de\/wp-json\/wp\/v2\/types\/product"}],"wp:featuredmedia":[{"embeddable":true,"href":"https:\/\/dptrading.nl\/de\/wp-json\/wp\/v2\/media\/2924"}],"wp:attachment":[{"href":"https:\/\/dptrading.nl\/de\/wp-json\/wp\/v2\/media?parent=1212"}],"wp:term":[{"taxonomy":"product_brand","embeddable":true,"href":"https:\/\/dptrading.nl\/de\/wp-json\/wp\/v2\/product_brand?post=1212"},{"taxonomy":"product_cat","embeddable":true,"href":"https:\/\/dptrading.nl\/de\/wp-json\/wp\/v2\/product_cat?post=1212"},{"taxonomy":"product_tag","embeddable":true,"href":"https:\/\/dptrading.nl\/de\/wp-json\/wp\/v2\/product_tag?post=1212"}],"curies":[{"name":"wp","href":"https:\/\/api.w.org\/{rel}","templated":true}]}}