{"id":1203,"date":"2025-05-27T17:22:23","date_gmt":"2025-05-27T15:22:23","guid":{"rendered":"https:\/\/dptrading.nl\/product\/trapezekoord-pp-multiflex-o-3-mm-wit-lengte-100-mtr\/"},"modified":"2026-01-21T23:45:34","modified_gmt":"2026-01-21T22:45:34","slug":"trapezekoord-pp-multiflex-o-3-mm-wit-lengte-100-mtr","status":"publish","type":"product","link":"https:\/\/dptrading.nl\/de\/produkt\/trapezekoord-pp-multiflex-o-3-mm-wit-lengte-100-mtr\/","title":{"rendered":"Expanderseil PP multiflex \u00d8 3 mm wei\u00df"},"content":{"rendered":"<p class=\"p1\"><strong>Die L\u00f6sung f\u00fcr kleine und gro\u00dfe Durchmesser!<\/strong><\/p>\n<div id=\"row-818636161\" class=\"row\">\n<div id=\"col-1224115695\" class=\"col medium-3 small-12 large-2\">\n<div class=\"col-inner\">\n<div id=\"image_1135221781\" class=\"img has-hover x md-x lg-x y md-y lg-y\">\n<div class=\"img-inner dark\"><img decoding=\"async\" class=\"attachment-original  entered lazyloaded\" src=\"https:\/\/nico.be\/wp-content\/smush-webp\/2021\/08\/Nico-Icons-41.png.webp\" alt=\"Nico Icons 41\" width=\"120\" height=\"135\" data-lazy-srcset=\"https:\/\/nico.be\/wp-content\/smush-webp\/2021\/08\/Nico-Icons-41.png.webp 597w, https:\/\/nico.be\/wp-content\/smush-webp\/2021\/08\/Nico-Icons-41-266x300.png.webp 266w\" data-lazy-sizes=\"(max-width: 597px) 100vw, 597px\" data-lazy-src=\"https:\/\/nico.be\/wp-content\/smush-webp\/2021\/08\/Nico-Icons-41.png.webp\" data-ll-status=\"loaded\" \/><\/div>\n<\/div>\n<\/div>\n<\/div>\n<div id=\"col-729872268\" class=\"col medium-9 small-12 large-10\">\n<div class=\"col-inner\">\n<p>Mit einem PP-Au\u00dfenmantel hat PP Multiflex eine hohe UV-Best\u00e4ndigkeit und ist f\u00fcr den Innen- und Au\u00dfenbereich geeignet.<\/p>\n<\/div>\n<\/div>\n<\/div>\n<div id=\"row-546321886\" class=\"row\">\n<div id=\"col-212167456\" class=\"col medium-3 small-12 large-2\">\n<div class=\"col-inner\">\n<div id=\"image_1309613451\" class=\"img has-hover x md-x lg-x y md-y lg-y\">\n<div class=\"img-inner dark\"><img decoding=\"async\" class=\"attachment-original  entered lazyloaded\" src=\"https:\/\/nico.be\/wp-content\/smush-webp\/2021\/08\/Nico-Icons-17.png.webp\" alt=\"Nico Icons 17\" width=\"120\" height=\"135\" data-lazy-srcset=\"https:\/\/nico.be\/wp-content\/smush-webp\/2021\/08\/Nico-Icons-17.png.webp 590w, https:\/\/nico.be\/wp-content\/smush-webp\/2021\/08\/Nico-Icons-17-266x300.png.webp 266w\" data-lazy-sizes=\"(max-width: 590px) 100vw, 590px\" data-lazy-src=\"https:\/\/nico.be\/wp-content\/smush-webp\/2021\/08\/Nico-Icons-17.png.webp\" data-ll-status=\"loaded\" \/><\/div>\n<\/div>\n<\/div>\n<\/div>\n<div id=\"col-6526554\" class=\"col medium-9 small-12 large-10\">\n<div class=\"col-inner\">\n<p>Der PP-Mantel bietet einen guten Schutz gegen Abrieb, so dass die elastische Kordel in allen m\u00f6glichen Situationen eingesetzt werden kann, von der Befestigung von Werbebannern bis hin zu Freizeitzwecken wie Sportnetzen, Schutznetzen f\u00fcr Spielzeug oder Fahrradspannern.<\/p>\n<\/div>\n<\/div>\n<\/div>\n<div id=\"row-1693289708\" class=\"row\">\n<div id=\"col-2050365526\" class=\"col medium-3 small-12 large-2\">\n<div class=\"col-inner\">\n<div id=\"image_164671667\" class=\"img has-hover x md-x lg-x y md-y lg-y\">\n<div class=\"img-inner dark\"><img decoding=\"async\" class=\"attachment-original  entered lazyloaded\" src=\"https:\/\/nico.be\/wp-content\/smush-webp\/2022\/08\/Nico-Icons-28-265x300-1.png.webp\" alt=\"Nico Icons 28 265x300 1\" width=\"120\" height=\"136\" data-lazy-src=\"https:\/\/nico.be\/wp-content\/smush-webp\/2022\/08\/Nico-Icons-28-265x300-1.png.webp\" data-ll-status=\"loaded\" \/><\/div>\n<\/div>\n<\/div>\n<\/div>\n<div id=\"col-450393121\" class=\"col medium-9 small-12 large-10\">\n<div class=\"col-inner\">\n<p>Trapezschn\u00fcre mit kleinem Durchmesser sind ideal f\u00fcr leichte Arbeiten, gr\u00f6\u00dfere Durchmesser eignen sich f\u00fcr schwere Arbeiten. Was auch immer Sie ben\u00f6tigen, der PP-Mantel dieser vielseitigen Schn\u00fcre bietet eine gute Flexibilit\u00e4t, so dass die PP-Multiflex leicht durch \u00d6sen oder zum Binden verwendet werden kann.<\/p>\n<\/div>\n<\/div>\n<\/div>\n<div id=\"row-2105204330\" class=\"row\">\n<div id=\"col-1426601335\" class=\"col medium-3 small-12 large-2\">\n<div class=\"col-inner\">\n<div id=\"image_1398372606\" class=\"img has-hover x md-x lg-x y md-y lg-y\">\n<div class=\"img-inner dark\"><img loading=\"lazy\" decoding=\"async\" class=\"attachment-original  entered lazyloaded\" src=\"https:\/\/nico.be\/wp-content\/smush-webp\/2021\/08\/Nico-Icons-35.png.webp\" alt=\"Nico Icons 35\" width=\"120\" height=\"135\" data-lazy-srcset=\"https:\/\/nico.be\/wp-content\/smush-webp\/2021\/08\/Nico-Icons-35.png.webp 590w, https:\/\/nico.be\/wp-content\/smush-webp\/2021\/08\/Nico-Icons-35-266x300.png.webp 266w\" data-lazy-sizes=\"(max-width: 590px) 100vw, 590px\" data-lazy-src=\"https:\/\/nico.be\/wp-content\/smush-webp\/2021\/08\/Nico-Icons-35.png.webp\" data-ll-status=\"loaded\" \/><\/div>\n<\/div>\n<\/div>\n<\/div>\n<div id=\"col-747610845\" class=\"col medium-9 small-12 large-10\">\n<div class=\"col-inner\">\n<p>Die elastische PP-Multiflex-Schnur bietet eine hohe Zugfestigkeit, d. h. sie dehnt sich nicht zu sehr, wenn sie einer Zugkraft ausgesetzt wird.<\/p>\n<\/div>\n<\/div>\n<\/div>\n<div id=\"row-1023927115\" class=\"row\">\n<div id=\"col-2036784916\" class=\"col medium-3 small-12 large-2\">\n<div class=\"col-inner\">\n<div id=\"image_2009636890\" class=\"img has-hover x md-x lg-x y md-y lg-y\">\n<div class=\"img-inner dark\"><img loading=\"lazy\" decoding=\"async\" class=\"attachment-original  entered lazyloaded\" src=\"https:\/\/nico.be\/wp-content\/smush-webp\/2021\/08\/Nico-Icons-24.png.webp\" alt=\"Nico Icons 24\" width=\"120\" height=\"136\" data-lazy-srcset=\"https:\/\/nico.be\/wp-content\/smush-webp\/2021\/08\/Nico-Icons-24.png.webp 590w, https:\/\/nico.be\/wp-content\/smush-webp\/2021\/08\/Nico-Icons-24-265x300.png.webp 265w\" data-lazy-sizes=\"(max-width: 590px) 100vw, 590px\" data-lazy-src=\"https:\/\/nico.be\/wp-content\/smush-webp\/2021\/08\/Nico-Icons-24.png.webp\" data-ll-status=\"loaded\" \/><\/div>\n<\/div>\n<\/div>\n<\/div>\n<div id=\"col-807293410\" class=\"col medium-9 small-12 large-10\">\n<div class=\"col-inner\">\n<p>PP bietet die beste Bruchfestigkeit und eignet sich daher perfekt f\u00fcr alle industriellen Anwendungen, bei denen es auf Sicherheit ankommt oder gro\u00dfe Kr\u00e4fte eingesetzt werden.<\/p>\n<\/div>\n<\/div>\n<\/div>","protected":false},"excerpt":{"rendered":"<table width=\"360\">\n<tbody>\n<tr>\n<td width=\"180\">Durchmesser \u00d8<\/td>\n<td width=\"180\">3 Millimeter<\/td>\n<\/tr>\n<tr>\n<td>L\u00e4nge der Rolle<\/td>\n<td>100 Meter<\/td>\n<\/tr>\n<tr>\n<td>Farbe<\/td>\n<td>Wei\u00df<\/td>\n<\/tr>\n<tr>\n<td>Kern<\/td>\n<td>Multiflex<\/td>\n<\/tr>\n<tr>\n<td>Mantel-Typ<\/td>\n<td>Polypropylen (PP)<\/td>\n<\/tr>\n<tr>\n<td>Anzahl der Dr\u00e4hte im Mantel<\/td>\n<td>48<\/td>\n<\/tr>\n<tr>\n<td>Nettogewicht pro 100 Meter<\/td>\n<td>0,8 kg<\/td>\n<\/tr>\n<tr>\n<td>Bruchfestigkeit in Newton<\/td>\n<td>147 N<\/td>\n<\/tr>\n<\/tbody>\n<\/table>","protected":false},"featured_media":2938,"template":"","meta":{"_acf_changed":false},"product_brand":[],"product_cat":[134,24],"product_tag":[],"class_list":{"0":"post-1203","1":"product","2":"type-product","3":"status-publish","4":"has-post-thumbnail","6":"product_cat-pp-multiflex","7":"product_cat-trapezekoord-snelspanners","9":"first","10":"instock","11":"shipping-taxable","12":"purchasable","13":"product-type-simple"},"acf":[],"yoast_head":"<!-- This site is optimized with the Yoast SEO plugin v26.6 - https:\/\/yoast.com\/wordpress\/plugins\/seo\/ -->\n<title>Trapezekoord PP multiflex \u00d8 3 mm wit - D&amp;P Trading<\/title>\n<meta name=\"robots\" content=\"index, follow, max-snippet:-1, max-image-preview:large, max-video-preview:-1\" \/>\n<link rel=\"canonical\" href=\"https:\/\/dptrading.nl\/de\/produkt\/trapezekoord-pp-multiflex-o-3-mm-wit-lengte-100-mtr\/\" \/>\n<meta property=\"og:locale\" content=\"de_DE\" \/>\n<meta property=\"og:type\" content=\"article\" \/>\n<meta property=\"og:title\" content=\"Trapezekoord PP multiflex \u00d8 3 mm wit - D&amp;P Trading\" \/>\n<meta property=\"og:description\" content=\"Diameter \u00d8 3 mm   Lengte rol 100 meter   Kleur Wit   Kern Multiflex   Soort mantel Polypropyleen (PP)   Aantal draden in de mantel 48   Netto gewicht per 100 meter 0,8 kg   Breuksterkte in Newton 147 N\" \/>\n<meta property=\"og:url\" content=\"https:\/\/dptrading.nl\/de\/produkt\/trapezekoord-pp-multiflex-o-3-mm-wit-lengte-100-mtr\/\" \/>\n<meta property=\"og:site_name\" content=\"D&amp;P Trading\" \/>\n<meta property=\"article:modified_time\" content=\"2026-01-21T22:45:34+00:00\" \/>\n<meta property=\"og:image\" content=\"https:\/\/dptrading.nl\/wp-content\/uploads\/2025\/05\/multiflex-pp-wit-web.png\" \/>\n\t<meta property=\"og:image:width\" content=\"1500\" \/>\n\t<meta property=\"og:image:height\" content=\"1500\" \/>\n\t<meta property=\"og:image:type\" content=\"image\/png\" \/>\n<meta name=\"twitter:card\" content=\"summary_large_image\" \/>\n<meta name=\"twitter:label1\" content=\"Gesch\u00e4tzte Lesezeit\" \/>\n\t<meta name=\"twitter:data1\" content=\"3\u00a0Minuten\" \/>\n<script type=\"application\/ld+json\" class=\"yoast-schema-graph\">{\"@context\":\"https:\/\/schema.org\",\"@graph\":[{\"@type\":\"WebPage\",\"@id\":\"https:\/\/dptrading.nl\/product\/trapezekoord-pp-multiflex-o-3-mm-wit-lengte-100-mtr\/\",\"url\":\"https:\/\/dptrading.nl\/product\/trapezekoord-pp-multiflex-o-3-mm-wit-lengte-100-mtr\/\",\"name\":\"Trapezekoord PP multiflex \u00d8 3 mm wit - D&amp;P Trading\",\"isPartOf\":{\"@id\":\"https:\/\/dptrading.nl\/#website\"},\"primaryImageOfPage\":{\"@id\":\"https:\/\/dptrading.nl\/product\/trapezekoord-pp-multiflex-o-3-mm-wit-lengte-100-mtr\/#primaryimage\"},\"image\":{\"@id\":\"https:\/\/dptrading.nl\/product\/trapezekoord-pp-multiflex-o-3-mm-wit-lengte-100-mtr\/#primaryimage\"},\"thumbnailUrl\":\"https:\/\/dptrading.nl\/wp-content\/uploads\/2025\/05\/multiflex-pp-wit-web.png\",\"datePublished\":\"2025-05-27T15:22:23+00:00\",\"dateModified\":\"2026-01-21T22:45:34+00:00\",\"breadcrumb\":{\"@id\":\"https:\/\/dptrading.nl\/product\/trapezekoord-pp-multiflex-o-3-mm-wit-lengte-100-mtr\/#breadcrumb\"},\"inLanguage\":\"de\",\"potentialAction\":[{\"@type\":\"ReadAction\",\"target\":[\"https:\/\/dptrading.nl\/product\/trapezekoord-pp-multiflex-o-3-mm-wit-lengte-100-mtr\/\"]}]},{\"@type\":\"ImageObject\",\"inLanguage\":\"de\",\"@id\":\"https:\/\/dptrading.nl\/product\/trapezekoord-pp-multiflex-o-3-mm-wit-lengte-100-mtr\/#primaryimage\",\"url\":\"https:\/\/dptrading.nl\/wp-content\/uploads\/2025\/05\/multiflex-pp-wit-web.png\",\"contentUrl\":\"https:\/\/dptrading.nl\/wp-content\/uploads\/2025\/05\/multiflex-pp-wit-web.png\",\"width\":1500,\"height\":1500},{\"@type\":\"BreadcrumbList\",\"@id\":\"https:\/\/dptrading.nl\/product\/trapezekoord-pp-multiflex-o-3-mm-wit-lengte-100-mtr\/#breadcrumb\",\"itemListElement\":[{\"@type\":\"ListItem\",\"position\":1,\"name\":\"Home\",\"item\":\"https:\/\/dptrading.nl\/\"},{\"@type\":\"ListItem\",\"position\":2,\"name\":\"Producten\",\"item\":\"https:\/\/dptrading.nl\/winkel\/\"},{\"@type\":\"ListItem\",\"position\":3,\"name\":\"Trapezekoord PP multiflex \u00d8 3 mm wit\"}]},{\"@type\":\"WebSite\",\"@id\":\"https:\/\/dptrading.nl\/#website\",\"url\":\"https:\/\/dptrading.nl\/\",\"name\":\"D&P Trading\",\"description\":\"\",\"publisher\":{\"@id\":\"https:\/\/dptrading.nl\/#organization\"},\"potentialAction\":[{\"@type\":\"SearchAction\",\"target\":{\"@type\":\"EntryPoint\",\"urlTemplate\":\"https:\/\/dptrading.nl\/?s={search_term_string}\"},\"query-input\":{\"@type\":\"PropertyValueSpecification\",\"valueRequired\":true,\"valueName\":\"search_term_string\"}}],\"inLanguage\":\"de\"},{\"@type\":\"Organization\",\"@id\":\"https:\/\/dptrading.nl\/#organization\",\"name\":\"D&P Trading\",\"url\":\"https:\/\/dptrading.nl\/\",\"logo\":{\"@type\":\"ImageObject\",\"inLanguage\":\"de\",\"@id\":\"https:\/\/dptrading.nl\/#\/schema\/logo\/image\/\",\"url\":\"https:\/\/dptrading.nl\/wp-content\/uploads\/2025\/04\/logo-dp.png\",\"contentUrl\":\"https:\/\/dptrading.nl\/wp-content\/uploads\/2025\/04\/logo-dp.png\",\"width\":1248,\"height\":156,\"caption\":\"D&P Trading\"},\"image\":{\"@id\":\"https:\/\/dptrading.nl\/#\/schema\/logo\/image\/\"}}]}<\/script>\n<!-- \/ Yoast SEO plugin. -->","yoast_head_json":{"title":"Trapezekoord PP multiflex \u00d8 3 mm wit - D&amp;P Trading","robots":{"index":"index","follow":"follow","max-snippet":"max-snippet:-1","max-image-preview":"max-image-preview:large","max-video-preview":"max-video-preview:-1"},"canonical":"https:\/\/dptrading.nl\/de\/produkt\/trapezekoord-pp-multiflex-o-3-mm-wit-lengte-100-mtr\/","og_locale":"de_DE","og_type":"article","og_title":"Trapezekoord PP multiflex \u00d8 3 mm wit - D&amp;P Trading","og_description":"Diameter \u00d8 3 mm   Lengte rol 100 meter   Kleur Wit   Kern Multiflex   Soort mantel Polypropyleen (PP)   Aantal draden in de mantel 48   Netto gewicht per 100 meter 0,8 kg   Breuksterkte in Newton 147 N","og_url":"https:\/\/dptrading.nl\/de\/produkt\/trapezekoord-pp-multiflex-o-3-mm-wit-lengte-100-mtr\/","og_site_name":"D&amp;P Trading","article_modified_time":"2026-01-21T22:45:34+00:00","og_image":[{"width":1500,"height":1500,"url":"https:\/\/dptrading.nl\/wp-content\/uploads\/2025\/05\/multiflex-pp-wit-web.png","type":"image\/png"}],"twitter_card":"summary_large_image","twitter_misc":{"Gesch\u00e4tzte Lesezeit":"3\u00a0Minuten"},"schema":{"@context":"https:\/\/schema.org","@graph":[{"@type":"WebPage","@id":"https:\/\/dptrading.nl\/product\/trapezekoord-pp-multiflex-o-3-mm-wit-lengte-100-mtr\/","url":"https:\/\/dptrading.nl\/product\/trapezekoord-pp-multiflex-o-3-mm-wit-lengte-100-mtr\/","name":"Trapezekoord PP multiflex \u00d8 3 mm wit - D&amp;P Trading","isPartOf":{"@id":"https:\/\/dptrading.nl\/#website"},"primaryImageOfPage":{"@id":"https:\/\/dptrading.nl\/product\/trapezekoord-pp-multiflex-o-3-mm-wit-lengte-100-mtr\/#primaryimage"},"image":{"@id":"https:\/\/dptrading.nl\/product\/trapezekoord-pp-multiflex-o-3-mm-wit-lengte-100-mtr\/#primaryimage"},"thumbnailUrl":"https:\/\/dptrading.nl\/wp-content\/uploads\/2025\/05\/multiflex-pp-wit-web.png","datePublished":"2025-05-27T15:22:23+00:00","dateModified":"2026-01-21T22:45:34+00:00","breadcrumb":{"@id":"https:\/\/dptrading.nl\/product\/trapezekoord-pp-multiflex-o-3-mm-wit-lengte-100-mtr\/#breadcrumb"},"inLanguage":"de","potentialAction":[{"@type":"ReadAction","target":["https:\/\/dptrading.nl\/product\/trapezekoord-pp-multiflex-o-3-mm-wit-lengte-100-mtr\/"]}]},{"@type":"ImageObject","inLanguage":"de","@id":"https:\/\/dptrading.nl\/product\/trapezekoord-pp-multiflex-o-3-mm-wit-lengte-100-mtr\/#primaryimage","url":"https:\/\/dptrading.nl\/wp-content\/uploads\/2025\/05\/multiflex-pp-wit-web.png","contentUrl":"https:\/\/dptrading.nl\/wp-content\/uploads\/2025\/05\/multiflex-pp-wit-web.png","width":1500,"height":1500},{"@type":"BreadcrumbList","@id":"https:\/\/dptrading.nl\/product\/trapezekoord-pp-multiflex-o-3-mm-wit-lengte-100-mtr\/#breadcrumb","itemListElement":[{"@type":"ListItem","position":1,"name":"Home","item":"https:\/\/dptrading.nl\/"},{"@type":"ListItem","position":2,"name":"Producten","item":"https:\/\/dptrading.nl\/winkel\/"},{"@type":"ListItem","position":3,"name":"Trapezekoord PP multiflex \u00d8 3 mm wit"}]},{"@type":"WebSite","@id":"https:\/\/dptrading.nl\/#website","url":"https:\/\/dptrading.nl\/","name":"D&amp;P Handel","description":"","publisher":{"@id":"https:\/\/dptrading.nl\/#organization"},"potentialAction":[{"@type":"SearchAction","target":{"@type":"EntryPoint","urlTemplate":"https:\/\/dptrading.nl\/?s={search_term_string}"},"query-input":{"@type":"PropertyValueSpecification","valueRequired":true,"valueName":"search_term_string"}}],"inLanguage":"de"},{"@type":"Organization","@id":"https:\/\/dptrading.nl\/#organization","name":"D&amp;P Handel","url":"https:\/\/dptrading.nl\/","logo":{"@type":"ImageObject","inLanguage":"de","@id":"https:\/\/dptrading.nl\/#\/schema\/logo\/image\/","url":"https:\/\/dptrading.nl\/wp-content\/uploads\/2025\/04\/logo-dp.png","contentUrl":"https:\/\/dptrading.nl\/wp-content\/uploads\/2025\/04\/logo-dp.png","width":1248,"height":156,"caption":"D&P Trading"},"image":{"@id":"https:\/\/dptrading.nl\/#\/schema\/logo\/image\/"}}]}},"_links":{"self":[{"href":"https:\/\/dptrading.nl\/de\/wp-json\/wp\/v2\/product\/1203","targetHints":{"allow":["GET"]}}],"collection":[{"href":"https:\/\/dptrading.nl\/de\/wp-json\/wp\/v2\/product"}],"about":[{"href":"https:\/\/dptrading.nl\/de\/wp-json\/wp\/v2\/types\/product"}],"wp:featuredmedia":[{"embeddable":true,"href":"https:\/\/dptrading.nl\/de\/wp-json\/wp\/v2\/media\/2938"}],"wp:attachment":[{"href":"https:\/\/dptrading.nl\/de\/wp-json\/wp\/v2\/media?parent=1203"}],"wp:term":[{"taxonomy":"product_brand","embeddable":true,"href":"https:\/\/dptrading.nl\/de\/wp-json\/wp\/v2\/product_brand?post=1203"},{"taxonomy":"product_cat","embeddable":true,"href":"https:\/\/dptrading.nl\/de\/wp-json\/wp\/v2\/product_cat?post=1203"},{"taxonomy":"product_tag","embeddable":true,"href":"https:\/\/dptrading.nl\/de\/wp-json\/wp\/v2\/product_tag?post=1203"}],"curies":[{"name":"wp","href":"https:\/\/api.w.org\/{rel}","templated":true}]}}