{"id":1199,"date":"2025-05-27T17:21:36","date_gmt":"2025-05-27T15:21:36","guid":{"rendered":"https:\/\/dptrading.nl\/product\/elastische-band-plat-zwart-breedte22-mm-l100-mtr\/"},"modified":"2026-01-21T23:47:01","modified_gmt":"2026-01-21T22:47:01","slug":"elastische-band-plat-zwart-breedte22-mm-l100-mtr","status":"publish","type":"product","link":"https:\/\/dptrading.nl\/de\/produkt\/elastische-band-plat-zwart-breedte22-mm-l100-mtr\/","title":{"rendered":"Gummiband PP multiflex 22 mm schwarz"},"content":{"rendered":"<div id=\"text-1284827570\" class=\"text\">\n<p><strong>Das flache Trapezband entwickelt eine Zugkraft, die der eines runden Gummibandes entspricht, mit der zus\u00e4tzlichen M\u00f6glichkeit, auf verschiedenen Stoffen angen\u00e4ht zu werden. Es hat auch den Vorteil, die ausge\u00fcbte Kraft zu verteilen, um ein Verrutschen zu verhindern.<\/strong><\/p>\n<p>&nbsp;<\/p>\n<\/div>\n<div id=\"row-846141599\" class=\"row\">\n<div id=\"col-2077857120\" class=\"col medium-3 small-12 large-2\">\n<div class=\"col-inner\">\n<div id=\"image_808852271\" class=\"img has-hover x md-x lg-x y md-y lg-y\">\n<div class=\"img-inner dark\"><img decoding=\"async\" class=\"attachment-original  entered lazyloaded\" src=\"https:\/\/nico.be\/wp-content\/smush-webp\/2021\/08\/Nico-Icons-40.png.webp\" alt=\"Nico Icons 40\" width=\"120\" height=\"135\" data-lazy-srcset=\"https:\/\/nico.be\/wp-content\/smush-webp\/2021\/08\/Nico-Icons-40.png.webp 597w, https:\/\/nico.be\/wp-content\/smush-webp\/2021\/08\/Nico-Icons-40-266x300.png.webp 266w\" data-lazy-sizes=\"(max-width: 597px) 100vw, 597px\" data-lazy-src=\"https:\/\/nico.be\/wp-content\/smush-webp\/2021\/08\/Nico-Icons-40.png.webp\" data-ll-status=\"loaded\" \/><\/div>\n<\/div>\n<\/div>\n<\/div>\n<div id=\"col-169088617\" class=\"col medium-9 small-12 large-10\">\n<div class=\"col-inner\">\n<p>Mit seinem PP-best\u00e4ndigen Mantel und seinem Gummikern mit Anti-UV-Mitteln kann das flache Trapezseil sowohl drinnen als auch drau\u00dfen verwendet werden, aber die gr\u00f6\u00dfere Fl\u00e4che als das runde Seil vergr\u00f6\u00dfert jedoch die Fl\u00e4che, die UV-Strahlen ausgesetzt ist.<br \/>\nUm seine Lebensdauer zu maximieren, empfehlen wir, die 50% Verl\u00e4ngerung f\u00fcr den Au\u00dfenbereich (150% der urspr\u00fcnglichen L\u00e4nge) nicht zu \u00fcberschreiten.<\/p>\n<\/div>\n<\/div>\n<\/div>\n<div id=\"row-668223174\" class=\"row\">\n<div id=\"col-1021985598\" class=\"col medium-3 small-12 large-2\">\n<div class=\"col-inner\">\n<div id=\"image_1155450093\" class=\"img has-hover x md-x lg-x y md-y lg-y\">\n<div class=\"img-inner dark\"><img decoding=\"async\" class=\"attachment-original  entered lazyloaded\" src=\"https:\/\/nico.be\/wp-content\/smush-webp\/2021\/08\/Nico-Icons-16.png.webp\" alt=\"Nico Icons 16\" width=\"120\" height=\"135\" data-lazy-srcset=\"https:\/\/nico.be\/wp-content\/smush-webp\/2021\/08\/Nico-Icons-16.png.webp 591w, https:\/\/nico.be\/wp-content\/smush-webp\/2021\/08\/Nico-Icons-16-266x300.png.webp 266w\" data-lazy-sizes=\"(max-width: 591px) 100vw, 591px\" data-lazy-src=\"https:\/\/nico.be\/wp-content\/smush-webp\/2021\/08\/Nico-Icons-16.png.webp\" data-ll-status=\"loaded\" \/><\/div>\n<\/div>\n<\/div>\n<\/div>\n<div id=\"col-557462916\" class=\"col medium-9 small-12 large-10\">\n<div class=\"col-inner\">\n<p>Die gr\u00f6\u00dfere Kontaktfl\u00e4che der flachen Trapezseile kann zu einem schnelleren Verschlei\u00df f\u00fchren als bei runden Trapezseilen.<\/p>\n<\/div>\n<\/div>\n<\/div>\n<div id=\"row-1246554837\" class=\"row\">\n<div id=\"col-77375791\" class=\"col medium-3 small-12 large-2\">\n<div class=\"col-inner\">\n<div id=\"image_926715958\" class=\"img has-hover x md-x lg-x y md-y lg-y\">\n<div class=\"img-inner dark\"><img decoding=\"async\" class=\"attachment-original  entered lazyloaded\" src=\"https:\/\/nico.be\/wp-content\/smush-webp\/2021\/08\/Nico-Icons-28.png.webp\" alt=\"Nico Icons 28\" width=\"120\" height=\"136\" data-lazy-srcset=\"https:\/\/nico.be\/wp-content\/smush-webp\/2021\/08\/Nico-Icons-28.png.webp 590w, https:\/\/nico.be\/wp-content\/smush-webp\/2021\/08\/Nico-Icons-28-265x300.png.webp 265w\" data-lazy-sizes=\"(max-width: 590px) 100vw, 590px\" data-lazy-src=\"https:\/\/nico.be\/wp-content\/smush-webp\/2021\/08\/Nico-Icons-28.png.webp\" data-ll-status=\"loaded\" \/><\/div>\n<\/div>\n<\/div>\n<\/div>\n<div id=\"col-937054063\" class=\"col medium-9 small-12 large-10\">\n<div class=\"col-inner\">\n<p>Die flache Form ist perfekt zum Halten von Materialien mit weichen Kanten. Seine gr\u00f6\u00dfere Kontaktfl\u00e4che verteilt die ausge\u00fcbte Kraft besser. Flache Trapezseile sind auch leicht zu biegen und zu schneiden, daher ist dieses flache elastische Seil perfekt f\u00fcr alle industriellen Anwendungen.<\/p>\n<\/div>\n<\/div>\n<\/div>\n<div id=\"row-571006190\" class=\"row\">\n<div id=\"col-941827410\" class=\"col medium-3 small-12 large-2\">\n<div class=\"col-inner\">\n<div id=\"image_2056706408\" class=\"img has-hover x md-x lg-x y md-y lg-y\">\n<div class=\"img-inner dark\"><img loading=\"lazy\" decoding=\"async\" class=\"attachment-original  entered lazyloaded\" src=\"https:\/\/nico.be\/wp-content\/smush-webp\/2021\/08\/Nico-Icons-35.png.webp\" alt=\"Nico Icons 35\" width=\"120\" height=\"135\" data-lazy-srcset=\"https:\/\/nico.be\/wp-content\/smush-webp\/2021\/08\/Nico-Icons-35.png.webp 590w, https:\/\/nico.be\/wp-content\/smush-webp\/2021\/08\/Nico-Icons-35-266x300.png.webp 266w\" data-lazy-sizes=\"(max-width: 590px) 100vw, 590px\" data-lazy-src=\"https:\/\/nico.be\/wp-content\/smush-webp\/2021\/08\/Nico-Icons-35.png.webp\" data-ll-status=\"loaded\" \/><\/div>\n<\/div>\n<\/div>\n<\/div>\n<div id=\"col-136788374\" class=\"col medium-9 small-12 large-10\">\n<div class=\"col-inner\">\n<p>Das PP Multiflex flache Trapezband hat dank seiner flachen Form eine starke Zugkraft, die \u00fcber seine gesamte Breite verteilt ist.<\/p>\n<\/div>\n<\/div>\n<\/div>\n<div id=\"row-1089499004\" class=\"row\">\n<div id=\"col-1153675933\" class=\"col medium-3 small-12 large-2\">\n<div class=\"col-inner\">\n<div id=\"image_1869718156\" class=\"img has-hover x md-x lg-x y md-y lg-y\">\n<div class=\"img-inner dark\"><img loading=\"lazy\" decoding=\"async\" class=\"attachment-original  entered lazyloaded\" src=\"https:\/\/nico.be\/wp-content\/smush-webp\/2022\/08\/Nico-Icons-23.png.webp\" alt=\"Nico Icons 23\" width=\"120\" height=\"136\" data-lazy-srcset=\"https:\/\/nico.be\/wp-content\/smush-webp\/2022\/08\/Nico-Icons-23.png.webp 590w, https:\/\/nico.be\/wp-content\/smush-webp\/2022\/08\/Nico-Icons-23-265x300.png.webp 265w\" data-lazy-sizes=\"(max-width: 590px) 100vw, 590px\" data-lazy-src=\"https:\/\/nico.be\/wp-content\/smush-webp\/2022\/08\/Nico-Icons-23.png.webp\" data-ll-status=\"loaded\" \/><\/div>\n<\/div>\n<\/div>\n<\/div>\n<div id=\"col-549199860\" class=\"col medium-9 small-12 large-10\">\n<div class=\"col-inner\">\n<p>PP Multiflex-Platte Trapezkoordin hat ausreichend Widerstand, um in aller Sicherheit verwendet zu werden, insbesondere dank seiner PP-Ummantelung.<\/p>\n<\/div>\n<\/div>\n<\/div>","protected":false},"excerpt":{"rendered":"<table width=\"360\">\n<tbody>\n<tr>\n<td width=\"180\">Breite<\/td>\n<td width=\"180\">22 mm<\/td>\n<\/tr>\n<tr>\n<td>L\u00e4nge der Rolle<\/td>\n<td>100 Meter<\/td>\n<\/tr>\n<tr>\n<td>Farbe<\/td>\n<td>Schwarz<\/td>\n<\/tr>\n<tr>\n<td>Kern<\/td>\n<td>Multiflex<\/td>\n<\/tr>\n<tr>\n<td>Mantel-Typ<\/td>\n<td>Polypropylen (PP)<\/td>\n<\/tr>\n<tr>\n<td>Diktat<\/td>\n<td>3 Millimeter<\/td>\n<\/tr>\n<tr>\n<td>Nettogewicht pro 100 Meter<\/td>\n<td>4,7 kg<\/td>\n<\/tr>\n<tr>\n<td>Bruchfestigkeit in Newton<\/td>\n<td>1421 N<\/td>\n<\/tr>\n<\/tbody>\n<\/table>","protected":false},"featured_media":2948,"template":"","meta":{"_acf_changed":false},"product_brand":[],"product_cat":[134,24],"product_tag":[],"class_list":{"0":"post-1199","1":"product","2":"type-product","3":"status-publish","4":"has-post-thumbnail","6":"product_cat-pp-multiflex","7":"product_cat-trapezekoord-snelspanners","9":"first","10":"instock","11":"shipping-taxable","12":"purchasable","13":"product-type-simple"},"acf":[],"yoast_head":"<!-- This site is optimized with the Yoast SEO plugin v26.6 - https:\/\/yoast.com\/wordpress\/plugins\/seo\/ -->\n<title>Plat trapezekoord PP multiflex 22 mm zwart - D&amp;P Trading<\/title>\n<meta name=\"robots\" content=\"index, follow, max-snippet:-1, max-image-preview:large, max-video-preview:-1\" \/>\n<link rel=\"canonical\" href=\"https:\/\/dptrading.nl\/de\/produkt\/elastische-band-plat-zwart-breedte22-mm-l100-mtr\/\" \/>\n<meta property=\"og:locale\" content=\"de_DE\" \/>\n<meta property=\"og:type\" content=\"article\" \/>\n<meta property=\"og:title\" content=\"Plat trapezekoord PP multiflex 22 mm zwart - D&amp;P Trading\" \/>\n<meta property=\"og:description\" content=\"Breedte 22 mm   Lengte rol 100 meter   Kleur Zwart   Kern Multiflex   Soort mantel Polypropyleen (PP)   Dikte 3 mm   Netto gewicht per 100 meter 4,7 kg   Breuksterkte in Newton 1421 N\" \/>\n<meta property=\"og:url\" content=\"https:\/\/dptrading.nl\/de\/produkt\/elastische-band-plat-zwart-breedte22-mm-l100-mtr\/\" \/>\n<meta property=\"og:site_name\" content=\"D&amp;P Trading\" \/>\n<meta property=\"article:modified_time\" content=\"2026-01-21T22:47:01+00:00\" \/>\n<meta property=\"og:image\" content=\"https:\/\/dptrading.nl\/wp-content\/uploads\/2025\/05\/pp-multiflex-plat-zwart-web.png\" \/>\n\t<meta property=\"og:image:width\" content=\"1500\" \/>\n\t<meta property=\"og:image:height\" content=\"1500\" \/>\n\t<meta property=\"og:image:type\" content=\"image\/png\" \/>\n<meta name=\"twitter:card\" content=\"summary_large_image\" \/>\n<meta name=\"twitter:label1\" content=\"Gesch\u00e4tzte Lesezeit\" \/>\n\t<meta name=\"twitter:data1\" content=\"3\u00a0Minuten\" \/>\n<script type=\"application\/ld+json\" class=\"yoast-schema-graph\">{\"@context\":\"https:\/\/schema.org\",\"@graph\":[{\"@type\":\"WebPage\",\"@id\":\"https:\/\/dptrading.nl\/product\/elastische-band-plat-zwart-breedte22-mm-l100-mtr\/\",\"url\":\"https:\/\/dptrading.nl\/product\/elastische-band-plat-zwart-breedte22-mm-l100-mtr\/\",\"name\":\"Plat trapezekoord PP multiflex 22 mm zwart - D&amp;P Trading\",\"isPartOf\":{\"@id\":\"https:\/\/dptrading.nl\/#website\"},\"primaryImageOfPage\":{\"@id\":\"https:\/\/dptrading.nl\/product\/elastische-band-plat-zwart-breedte22-mm-l100-mtr\/#primaryimage\"},\"image\":{\"@id\":\"https:\/\/dptrading.nl\/product\/elastische-band-plat-zwart-breedte22-mm-l100-mtr\/#primaryimage\"},\"thumbnailUrl\":\"https:\/\/dptrading.nl\/wp-content\/uploads\/2025\/05\/pp-multiflex-plat-zwart-web.png\",\"datePublished\":\"2025-05-27T15:21:36+00:00\",\"dateModified\":\"2026-01-21T22:47:01+00:00\",\"breadcrumb\":{\"@id\":\"https:\/\/dptrading.nl\/product\/elastische-band-plat-zwart-breedte22-mm-l100-mtr\/#breadcrumb\"},\"inLanguage\":\"de\",\"potentialAction\":[{\"@type\":\"ReadAction\",\"target\":[\"https:\/\/dptrading.nl\/product\/elastische-band-plat-zwart-breedte22-mm-l100-mtr\/\"]}]},{\"@type\":\"ImageObject\",\"inLanguage\":\"de\",\"@id\":\"https:\/\/dptrading.nl\/product\/elastische-band-plat-zwart-breedte22-mm-l100-mtr\/#primaryimage\",\"url\":\"https:\/\/dptrading.nl\/wp-content\/uploads\/2025\/05\/pp-multiflex-plat-zwart-web.png\",\"contentUrl\":\"https:\/\/dptrading.nl\/wp-content\/uploads\/2025\/05\/pp-multiflex-plat-zwart-web.png\",\"width\":1500,\"height\":1500},{\"@type\":\"BreadcrumbList\",\"@id\":\"https:\/\/dptrading.nl\/product\/elastische-band-plat-zwart-breedte22-mm-l100-mtr\/#breadcrumb\",\"itemListElement\":[{\"@type\":\"ListItem\",\"position\":1,\"name\":\"Home\",\"item\":\"https:\/\/dptrading.nl\/\"},{\"@type\":\"ListItem\",\"position\":2,\"name\":\"Producten\",\"item\":\"https:\/\/dptrading.nl\/winkel\/\"},{\"@type\":\"ListItem\",\"position\":3,\"name\":\"Plat trapezekoord PP multiflex 22 mm zwart\"}]},{\"@type\":\"WebSite\",\"@id\":\"https:\/\/dptrading.nl\/#website\",\"url\":\"https:\/\/dptrading.nl\/\",\"name\":\"D&P Trading\",\"description\":\"\",\"publisher\":{\"@id\":\"https:\/\/dptrading.nl\/#organization\"},\"potentialAction\":[{\"@type\":\"SearchAction\",\"target\":{\"@type\":\"EntryPoint\",\"urlTemplate\":\"https:\/\/dptrading.nl\/?s={search_term_string}\"},\"query-input\":{\"@type\":\"PropertyValueSpecification\",\"valueRequired\":true,\"valueName\":\"search_term_string\"}}],\"inLanguage\":\"de\"},{\"@type\":\"Organization\",\"@id\":\"https:\/\/dptrading.nl\/#organization\",\"name\":\"D&P Trading\",\"url\":\"https:\/\/dptrading.nl\/\",\"logo\":{\"@type\":\"ImageObject\",\"inLanguage\":\"de\",\"@id\":\"https:\/\/dptrading.nl\/#\/schema\/logo\/image\/\",\"url\":\"https:\/\/dptrading.nl\/wp-content\/uploads\/2025\/04\/logo-dp.png\",\"contentUrl\":\"https:\/\/dptrading.nl\/wp-content\/uploads\/2025\/04\/logo-dp.png\",\"width\":1248,\"height\":156,\"caption\":\"D&P Trading\"},\"image\":{\"@id\":\"https:\/\/dptrading.nl\/#\/schema\/logo\/image\/\"}}]}<\/script>\n<!-- \/ Yoast SEO plugin. -->","yoast_head_json":{"title":"Plat trapezekoord PP multiflex 22 mm zwart - D&amp;P Trading","robots":{"index":"index","follow":"follow","max-snippet":"max-snippet:-1","max-image-preview":"max-image-preview:large","max-video-preview":"max-video-preview:-1"},"canonical":"https:\/\/dptrading.nl\/de\/produkt\/elastische-band-plat-zwart-breedte22-mm-l100-mtr\/","og_locale":"de_DE","og_type":"article","og_title":"Plat trapezekoord PP multiflex 22 mm zwart - D&amp;P Trading","og_description":"Breedte 22 mm   Lengte rol 100 meter   Kleur Zwart   Kern Multiflex   Soort mantel Polypropyleen (PP)   Dikte 3 mm   Netto gewicht per 100 meter 4,7 kg   Breuksterkte in Newton 1421 N","og_url":"https:\/\/dptrading.nl\/de\/produkt\/elastische-band-plat-zwart-breedte22-mm-l100-mtr\/","og_site_name":"D&amp;P Trading","article_modified_time":"2026-01-21T22:47:01+00:00","og_image":[{"width":1500,"height":1500,"url":"https:\/\/dptrading.nl\/wp-content\/uploads\/2025\/05\/pp-multiflex-plat-zwart-web.png","type":"image\/png"}],"twitter_card":"summary_large_image","twitter_misc":{"Gesch\u00e4tzte Lesezeit":"3\u00a0Minuten"},"schema":{"@context":"https:\/\/schema.org","@graph":[{"@type":"WebPage","@id":"https:\/\/dptrading.nl\/product\/elastische-band-plat-zwart-breedte22-mm-l100-mtr\/","url":"https:\/\/dptrading.nl\/product\/elastische-band-plat-zwart-breedte22-mm-l100-mtr\/","name":"Plat trapezekoord PP multiflex 22 mm zwart - D&amp;P Trading","isPartOf":{"@id":"https:\/\/dptrading.nl\/#website"},"primaryImageOfPage":{"@id":"https:\/\/dptrading.nl\/product\/elastische-band-plat-zwart-breedte22-mm-l100-mtr\/#primaryimage"},"image":{"@id":"https:\/\/dptrading.nl\/product\/elastische-band-plat-zwart-breedte22-mm-l100-mtr\/#primaryimage"},"thumbnailUrl":"https:\/\/dptrading.nl\/wp-content\/uploads\/2025\/05\/pp-multiflex-plat-zwart-web.png","datePublished":"2025-05-27T15:21:36+00:00","dateModified":"2026-01-21T22:47:01+00:00","breadcrumb":{"@id":"https:\/\/dptrading.nl\/product\/elastische-band-plat-zwart-breedte22-mm-l100-mtr\/#breadcrumb"},"inLanguage":"de","potentialAction":[{"@type":"ReadAction","target":["https:\/\/dptrading.nl\/product\/elastische-band-plat-zwart-breedte22-mm-l100-mtr\/"]}]},{"@type":"ImageObject","inLanguage":"de","@id":"https:\/\/dptrading.nl\/product\/elastische-band-plat-zwart-breedte22-mm-l100-mtr\/#primaryimage","url":"https:\/\/dptrading.nl\/wp-content\/uploads\/2025\/05\/pp-multiflex-plat-zwart-web.png","contentUrl":"https:\/\/dptrading.nl\/wp-content\/uploads\/2025\/05\/pp-multiflex-plat-zwart-web.png","width":1500,"height":1500},{"@type":"BreadcrumbList","@id":"https:\/\/dptrading.nl\/product\/elastische-band-plat-zwart-breedte22-mm-l100-mtr\/#breadcrumb","itemListElement":[{"@type":"ListItem","position":1,"name":"Home","item":"https:\/\/dptrading.nl\/"},{"@type":"ListItem","position":2,"name":"Producten","item":"https:\/\/dptrading.nl\/winkel\/"},{"@type":"ListItem","position":3,"name":"Plat trapezekoord PP multiflex 22 mm zwart"}]},{"@type":"WebSite","@id":"https:\/\/dptrading.nl\/#website","url":"https:\/\/dptrading.nl\/","name":"D&amp;P Handel","description":"","publisher":{"@id":"https:\/\/dptrading.nl\/#organization"},"potentialAction":[{"@type":"SearchAction","target":{"@type":"EntryPoint","urlTemplate":"https:\/\/dptrading.nl\/?s={search_term_string}"},"query-input":{"@type":"PropertyValueSpecification","valueRequired":true,"valueName":"search_term_string"}}],"inLanguage":"de"},{"@type":"Organization","@id":"https:\/\/dptrading.nl\/#organization","name":"D&amp;P Handel","url":"https:\/\/dptrading.nl\/","logo":{"@type":"ImageObject","inLanguage":"de","@id":"https:\/\/dptrading.nl\/#\/schema\/logo\/image\/","url":"https:\/\/dptrading.nl\/wp-content\/uploads\/2025\/04\/logo-dp.png","contentUrl":"https:\/\/dptrading.nl\/wp-content\/uploads\/2025\/04\/logo-dp.png","width":1248,"height":156,"caption":"D&P Trading"},"image":{"@id":"https:\/\/dptrading.nl\/#\/schema\/logo\/image\/"}}]}},"_links":{"self":[{"href":"https:\/\/dptrading.nl\/de\/wp-json\/wp\/v2\/product\/1199","targetHints":{"allow":["GET"]}}],"collection":[{"href":"https:\/\/dptrading.nl\/de\/wp-json\/wp\/v2\/product"}],"about":[{"href":"https:\/\/dptrading.nl\/de\/wp-json\/wp\/v2\/types\/product"}],"wp:featuredmedia":[{"embeddable":true,"href":"https:\/\/dptrading.nl\/de\/wp-json\/wp\/v2\/media\/2948"}],"wp:attachment":[{"href":"https:\/\/dptrading.nl\/de\/wp-json\/wp\/v2\/media?parent=1199"}],"wp:term":[{"taxonomy":"product_brand","embeddable":true,"href":"https:\/\/dptrading.nl\/de\/wp-json\/wp\/v2\/product_brand?post=1199"},{"taxonomy":"product_cat","embeddable":true,"href":"https:\/\/dptrading.nl\/de\/wp-json\/wp\/v2\/product_cat?post=1199"},{"taxonomy":"product_tag","embeddable":true,"href":"https:\/\/dptrading.nl\/de\/wp-json\/wp\/v2\/product_tag?post=1199"}],"curies":[{"name":"wp","href":"https:\/\/api.w.org\/{rel}","templated":true}]}}