{"id":1157,"date":"2025-05-27T17:09:17","date_gmt":"2025-05-27T15:09:17","guid":{"rendered":"https:\/\/dptrading.nl\/product\/snelspanner-pe-grijs-o-6-mm-kunststof-knevel-wit-lengte\/"},"modified":"2026-01-29T09:42:36","modified_gmt":"2026-01-29T08:42:36","slug":"snelspanner-pe-grijs-o-6-mm-kunststof-knevel-wit-lengte","status":"publish","type":"product","link":"https:\/\/dptrading.nl\/de\/produkt\/snelspanner-pe-grijs-o-6-mm-kunststof-knevel-wit-lengte\/","title":{"rendered":"Expanderschlinge PE \u00d8 6 mm mit Kunststoffknebel grau 40 cm"},"content":{"rendered":"<div class=\"product-title-container is-uppercase\">\n<h1 class=\"product-title product_title entry-title\">Schnellspanner mit Kunststoffknebel (T-Bar)<\/h1>\n<\/div>\n<div id=\"row-2014700423\" class=\"row row-small\">\n<div id=\"col-1715544553\" class=\"col medium-2 small-4 large-2\">\n<div class=\"col-inner\">\n<div id=\"image_100611418\" class=\"img has-hover x md-x lg-x y md-y lg-y\">\n<div class=\"img-inner dark\"><img decoding=\"async\" class=\"attachment-original  entered lazyloaded\" src=\"https:\/\/nico.be\/wp-content\/smush-webp\/2023\/05\/Picto30kg.png.webp\" alt=\"Picto Max Load 30KG\" width=\"120\" height=\"135\" data-lazy-srcset=\"https:\/\/nico.be\/wp-content\/smush-webp\/2023\/05\/Picto30kg.png.webp 591w, https:\/\/nico.be\/wp-content\/smush-webp\/2023\/05\/Picto30kg-266x300.png.webp 266w\" data-lazy-sizes=\"(max-width: 591px) 100vw, 591px\" data-lazy-src=\"https:\/\/nico.be\/wp-content\/smush-webp\/2023\/05\/Picto30kg.png.webp\" data-ll-status=\"loaded\" \/>\u00a0\u00a0<img decoding=\"async\" class=\"attachment-original  entered lazyloaded\" src=\"https:\/\/nico.be\/wp-content\/smush-webp\/2021\/08\/Nico-Icons-41.png.webp\" alt=\"Nico Icons 41\" width=\"120\" height=\"135\" data-lazy-srcset=\"https:\/\/nico.be\/wp-content\/smush-webp\/2021\/08\/Nico-Icons-41.png.webp 597w, https:\/\/nico.be\/wp-content\/smush-webp\/2021\/08\/Nico-Icons-41-266x300.png.webp 266w\" data-lazy-sizes=\"(max-width: 597px) 100vw, 597px\" data-lazy-src=\"https:\/\/nico.be\/wp-content\/smush-webp\/2021\/08\/Nico-Icons-41.png.webp\" data-ll-status=\"loaded\" \/>\u00a0\u00a0<img decoding=\"async\" class=\"attachment-original  entered lazyloaded\" src=\"https:\/\/nico.be\/wp-content\/smush-webp\/2022\/08\/Nico-Icons-18.png.webp\" alt=\"Nico Icons 18\" width=\"120\" height=\"136\" data-lazy-srcset=\"https:\/\/nico.be\/wp-content\/smush-webp\/2022\/08\/Nico-Icons-18.png.webp 590w, https:\/\/nico.be\/wp-content\/smush-webp\/2022\/08\/Nico-Icons-18-265x300.png.webp 265w\" data-lazy-sizes=\"(max-width: 590px) 100vw, 590px\" data-lazy-src=\"https:\/\/nico.be\/wp-content\/smush-webp\/2022\/08\/Nico-Icons-18.png.webp\" data-ll-status=\"loaded\" \/><\/div>\n<\/div>\n<\/div>\n<\/div>\n<\/div>\n<div id=\"row-1786133889\" class=\"row\">\n<div id=\"col-678211239\" class=\"col small-12 large-12\">\n<div class=\"col-inner\">\n<div id=\"text-3943462947\" class=\"text\">\n<p><strong>Merkmale und Vorteile<\/strong><\/p>\n<ul>\n<li>Leichtes Einsetzen und Herausnehmen in den Segelring<\/li>\n<li>Einfache Montage und Demontage<\/li>\n<li>Wiederverwendbar<\/li>\n<li>UV-best\u00e4ndig<\/li>\n<li>Farbpalette passend zu Ihrem Pool<br \/>\nUmschlag oder Banner<\/li>\n<\/ul>\n<\/div>\n<\/div>\n<\/div>\n<\/div>","protected":false},"excerpt":{"rendered":"<table width=\"360\">\n<tbody>\n<tr>\n<td width=\"180\">Schnurdurchmesser \u00d8<\/td>\n<td width=\"180\">6 mm<\/td>\n<\/tr>\n<tr>\n<td>Durchmesser Kipphebel \u00d8<\/td>\n<td>15 mm<\/td>\n<\/tr>\n<tr>\n<td>L\u00e4nge des Schnellspanners einschlie\u00dflich Knebelknopf<\/td>\n<td>40 cm<\/td>\n<\/tr>\n<tr>\n<td>L\u00e4nge umklappen<\/td>\n<td>4,3 cm<\/td>\n<\/tr>\n<tr>\n<td>Farbe<\/td>\n<td>Grau<\/td>\n<\/tr>\n<tr>\n<td>Kunststoff-Knebel<\/td>\n<td>Wei\u00dfer Knebel (T-Bar) aus Polyamid<\/td>\n<\/tr>\n<tr>\n<td>Getestet bis<\/td>\n<td>300 N (30kgF)<\/td>\n<\/tr>\n<\/tbody>\n<\/table>","protected":false},"featured_media":3043,"template":"","meta":{"_acf_changed":false},"product_brand":[],"product_cat":[135,24],"product_tag":[],"class_list":{"0":"post-1157","1":"product","2":"type-product","3":"status-publish","4":"has-post-thumbnail","6":"product_cat-snelspanners","7":"product_cat-trapezekoord-snelspanners","9":"first","10":"instock","11":"shipping-taxable","12":"purchasable","13":"product-type-simple"},"acf":[],"yoast_head":"<!-- This site is optimized with the Yoast SEO plugin v26.6 - https:\/\/yoast.com\/wordpress\/plugins\/seo\/ -->\n<title>Snelspanner PE \u00d8 6 mm met kunststof knevel grijs 40 cm - D&amp;P Trading<\/title>\n<meta name=\"robots\" content=\"index, follow, max-snippet:-1, max-image-preview:large, max-video-preview:-1\" \/>\n<link rel=\"canonical\" href=\"https:\/\/dptrading.nl\/de\/produkt\/snelspanner-pe-grijs-o-6-mm-kunststof-knevel-wit-lengte\/\" \/>\n<meta property=\"og:locale\" content=\"de_DE\" \/>\n<meta property=\"og:type\" content=\"article\" \/>\n<meta property=\"og:title\" content=\"Snelspanner PE \u00d8 6 mm met kunststof knevel grijs 40 cm - D&amp;P Trading\" \/>\n<meta property=\"og:description\" content=\"Diameter koord \u00d8 6 mm   Diameter knevel \u00d8 15 mm   Lengte snelspanner inclusief knevel 40 cm   Lengte knevel 4,3 cm   Kleur Grijs   Kunststof knevel Witte knevel (T-Bar) in polyamide   Getest tot 300 N (30kgF)\" \/>\n<meta property=\"og:url\" content=\"https:\/\/dptrading.nl\/de\/produkt\/snelspanner-pe-grijs-o-6-mm-kunststof-knevel-wit-lengte\/\" \/>\n<meta property=\"og:site_name\" content=\"D&amp;P Trading\" \/>\n<meta property=\"article:modified_time\" content=\"2026-01-29T08:42:36+00:00\" \/>\n<meta property=\"og:image\" content=\"https:\/\/dptrading.nl\/wp-content\/uploads\/2025\/05\/57.6200.42.jpg\" \/>\n\t<meta property=\"og:image:width\" content=\"800\" \/>\n\t<meta property=\"og:image:height\" content=\"800\" \/>\n\t<meta property=\"og:image:type\" content=\"image\/jpeg\" \/>\n<meta name=\"twitter:card\" content=\"summary_large_image\" \/>\n<meta name=\"twitter:label1\" content=\"Gesch\u00e4tzte Lesezeit\" \/>\n\t<meta name=\"twitter:data1\" content=\"1\u00a0Minute\" \/>\n<script type=\"application\/ld+json\" class=\"yoast-schema-graph\">{\"@context\":\"https:\/\/schema.org\",\"@graph\":[{\"@type\":\"WebPage\",\"@id\":\"https:\/\/dptrading.nl\/product\/snelspanner-pe-grijs-o-6-mm-kunststof-knevel-wit-lengte\/\",\"url\":\"https:\/\/dptrading.nl\/product\/snelspanner-pe-grijs-o-6-mm-kunststof-knevel-wit-lengte\/\",\"name\":\"Snelspanner PE \u00d8 6 mm met kunststof knevel grijs 40 cm - D&amp;P Trading\",\"isPartOf\":{\"@id\":\"https:\/\/dptrading.nl\/#website\"},\"primaryImageOfPage\":{\"@id\":\"https:\/\/dptrading.nl\/product\/snelspanner-pe-grijs-o-6-mm-kunststof-knevel-wit-lengte\/#primaryimage\"},\"image\":{\"@id\":\"https:\/\/dptrading.nl\/product\/snelspanner-pe-grijs-o-6-mm-kunststof-knevel-wit-lengte\/#primaryimage\"},\"thumbnailUrl\":\"https:\/\/dptrading.nl\/wp-content\/uploads\/2025\/05\/57.6200.42.jpg\",\"datePublished\":\"2025-05-27T15:09:17+00:00\",\"dateModified\":\"2026-01-29T08:42:36+00:00\",\"breadcrumb\":{\"@id\":\"https:\/\/dptrading.nl\/product\/snelspanner-pe-grijs-o-6-mm-kunststof-knevel-wit-lengte\/#breadcrumb\"},\"inLanguage\":\"de\",\"potentialAction\":[{\"@type\":\"ReadAction\",\"target\":[\"https:\/\/dptrading.nl\/product\/snelspanner-pe-grijs-o-6-mm-kunststof-knevel-wit-lengte\/\"]}]},{\"@type\":\"ImageObject\",\"inLanguage\":\"de\",\"@id\":\"https:\/\/dptrading.nl\/product\/snelspanner-pe-grijs-o-6-mm-kunststof-knevel-wit-lengte\/#primaryimage\",\"url\":\"https:\/\/dptrading.nl\/wp-content\/uploads\/2025\/05\/57.6200.42.jpg\",\"contentUrl\":\"https:\/\/dptrading.nl\/wp-content\/uploads\/2025\/05\/57.6200.42.jpg\",\"width\":800,\"height\":800},{\"@type\":\"BreadcrumbList\",\"@id\":\"https:\/\/dptrading.nl\/product\/snelspanner-pe-grijs-o-6-mm-kunststof-knevel-wit-lengte\/#breadcrumb\",\"itemListElement\":[{\"@type\":\"ListItem\",\"position\":1,\"name\":\"Home\",\"item\":\"https:\/\/dptrading.nl\/\"},{\"@type\":\"ListItem\",\"position\":2,\"name\":\"Producten\",\"item\":\"https:\/\/dptrading.nl\/winkel\/\"},{\"@type\":\"ListItem\",\"position\":3,\"name\":\"Snelspanner PE \u00d8 6 mm met kunststof knevel grijs 40 cm\"}]},{\"@type\":\"WebSite\",\"@id\":\"https:\/\/dptrading.nl\/#website\",\"url\":\"https:\/\/dptrading.nl\/\",\"name\":\"D&P Trading\",\"description\":\"\",\"publisher\":{\"@id\":\"https:\/\/dptrading.nl\/#organization\"},\"potentialAction\":[{\"@type\":\"SearchAction\",\"target\":{\"@type\":\"EntryPoint\",\"urlTemplate\":\"https:\/\/dptrading.nl\/?s={search_term_string}\"},\"query-input\":{\"@type\":\"PropertyValueSpecification\",\"valueRequired\":true,\"valueName\":\"search_term_string\"}}],\"inLanguage\":\"de\"},{\"@type\":\"Organization\",\"@id\":\"https:\/\/dptrading.nl\/#organization\",\"name\":\"D&P Trading\",\"url\":\"https:\/\/dptrading.nl\/\",\"logo\":{\"@type\":\"ImageObject\",\"inLanguage\":\"de\",\"@id\":\"https:\/\/dptrading.nl\/#\/schema\/logo\/image\/\",\"url\":\"https:\/\/dptrading.nl\/wp-content\/uploads\/2025\/04\/logo-dp.png\",\"contentUrl\":\"https:\/\/dptrading.nl\/wp-content\/uploads\/2025\/04\/logo-dp.png\",\"width\":1248,\"height\":156,\"caption\":\"D&P Trading\"},\"image\":{\"@id\":\"https:\/\/dptrading.nl\/#\/schema\/logo\/image\/\"}}]}<\/script>\n<!-- \/ Yoast SEO plugin. -->","yoast_head_json":{"title":"Snelspanner PE \u00d8 6 mm met kunststof knevel grijs 40 cm - D&amp;P Trading","robots":{"index":"index","follow":"follow","max-snippet":"max-snippet:-1","max-image-preview":"max-image-preview:large","max-video-preview":"max-video-preview:-1"},"canonical":"https:\/\/dptrading.nl\/de\/produkt\/snelspanner-pe-grijs-o-6-mm-kunststof-knevel-wit-lengte\/","og_locale":"de_DE","og_type":"article","og_title":"Snelspanner PE \u00d8 6 mm met kunststof knevel grijs 40 cm - D&amp;P Trading","og_description":"Diameter koord \u00d8 6 mm   Diameter knevel \u00d8 15 mm   Lengte snelspanner inclusief knevel 40 cm   Lengte knevel 4,3 cm   Kleur Grijs   Kunststof knevel Witte knevel (T-Bar) in polyamide   Getest tot 300 N (30kgF)","og_url":"https:\/\/dptrading.nl\/de\/produkt\/snelspanner-pe-grijs-o-6-mm-kunststof-knevel-wit-lengte\/","og_site_name":"D&amp;P Trading","article_modified_time":"2026-01-29T08:42:36+00:00","og_image":[{"width":800,"height":800,"url":"https:\/\/dptrading.nl\/wp-content\/uploads\/2025\/05\/57.6200.42.jpg","type":"image\/jpeg"}],"twitter_card":"summary_large_image","twitter_misc":{"Gesch\u00e4tzte Lesezeit":"1\u00a0Minute"},"schema":{"@context":"https:\/\/schema.org","@graph":[{"@type":"WebPage","@id":"https:\/\/dptrading.nl\/product\/snelspanner-pe-grijs-o-6-mm-kunststof-knevel-wit-lengte\/","url":"https:\/\/dptrading.nl\/product\/snelspanner-pe-grijs-o-6-mm-kunststof-knevel-wit-lengte\/","name":"Snelspanner PE \u00d8 6 mm met kunststof knevel grijs 40 cm - D&amp;P Trading","isPartOf":{"@id":"https:\/\/dptrading.nl\/#website"},"primaryImageOfPage":{"@id":"https:\/\/dptrading.nl\/product\/snelspanner-pe-grijs-o-6-mm-kunststof-knevel-wit-lengte\/#primaryimage"},"image":{"@id":"https:\/\/dptrading.nl\/product\/snelspanner-pe-grijs-o-6-mm-kunststof-knevel-wit-lengte\/#primaryimage"},"thumbnailUrl":"https:\/\/dptrading.nl\/wp-content\/uploads\/2025\/05\/57.6200.42.jpg","datePublished":"2025-05-27T15:09:17+00:00","dateModified":"2026-01-29T08:42:36+00:00","breadcrumb":{"@id":"https:\/\/dptrading.nl\/product\/snelspanner-pe-grijs-o-6-mm-kunststof-knevel-wit-lengte\/#breadcrumb"},"inLanguage":"de","potentialAction":[{"@type":"ReadAction","target":["https:\/\/dptrading.nl\/product\/snelspanner-pe-grijs-o-6-mm-kunststof-knevel-wit-lengte\/"]}]},{"@type":"ImageObject","inLanguage":"de","@id":"https:\/\/dptrading.nl\/product\/snelspanner-pe-grijs-o-6-mm-kunststof-knevel-wit-lengte\/#primaryimage","url":"https:\/\/dptrading.nl\/wp-content\/uploads\/2025\/05\/57.6200.42.jpg","contentUrl":"https:\/\/dptrading.nl\/wp-content\/uploads\/2025\/05\/57.6200.42.jpg","width":800,"height":800},{"@type":"BreadcrumbList","@id":"https:\/\/dptrading.nl\/product\/snelspanner-pe-grijs-o-6-mm-kunststof-knevel-wit-lengte\/#breadcrumb","itemListElement":[{"@type":"ListItem","position":1,"name":"Home","item":"https:\/\/dptrading.nl\/"},{"@type":"ListItem","position":2,"name":"Producten","item":"https:\/\/dptrading.nl\/winkel\/"},{"@type":"ListItem","position":3,"name":"Snelspanner PE \u00d8 6 mm met kunststof knevel grijs 40 cm"}]},{"@type":"WebSite","@id":"https:\/\/dptrading.nl\/#website","url":"https:\/\/dptrading.nl\/","name":"D&amp;P Handel","description":"","publisher":{"@id":"https:\/\/dptrading.nl\/#organization"},"potentialAction":[{"@type":"SearchAction","target":{"@type":"EntryPoint","urlTemplate":"https:\/\/dptrading.nl\/?s={search_term_string}"},"query-input":{"@type":"PropertyValueSpecification","valueRequired":true,"valueName":"search_term_string"}}],"inLanguage":"de"},{"@type":"Organization","@id":"https:\/\/dptrading.nl\/#organization","name":"D&amp;P Handel","url":"https:\/\/dptrading.nl\/","logo":{"@type":"ImageObject","inLanguage":"de","@id":"https:\/\/dptrading.nl\/#\/schema\/logo\/image\/","url":"https:\/\/dptrading.nl\/wp-content\/uploads\/2025\/04\/logo-dp.png","contentUrl":"https:\/\/dptrading.nl\/wp-content\/uploads\/2025\/04\/logo-dp.png","width":1248,"height":156,"caption":"D&P Trading"},"image":{"@id":"https:\/\/dptrading.nl\/#\/schema\/logo\/image\/"}}]}},"_links":{"self":[{"href":"https:\/\/dptrading.nl\/de\/wp-json\/wp\/v2\/product\/1157","targetHints":{"allow":["GET"]}}],"collection":[{"href":"https:\/\/dptrading.nl\/de\/wp-json\/wp\/v2\/product"}],"about":[{"href":"https:\/\/dptrading.nl\/de\/wp-json\/wp\/v2\/types\/product"}],"wp:featuredmedia":[{"embeddable":true,"href":"https:\/\/dptrading.nl\/de\/wp-json\/wp\/v2\/media\/3043"}],"wp:attachment":[{"href":"https:\/\/dptrading.nl\/de\/wp-json\/wp\/v2\/media?parent=1157"}],"wp:term":[{"taxonomy":"product_brand","embeddable":true,"href":"https:\/\/dptrading.nl\/de\/wp-json\/wp\/v2\/product_brand?post=1157"},{"taxonomy":"product_cat","embeddable":true,"href":"https:\/\/dptrading.nl\/de\/wp-json\/wp\/v2\/product_cat?post=1157"},{"taxonomy":"product_tag","embeddable":true,"href":"https:\/\/dptrading.nl\/de\/wp-json\/wp\/v2\/product_tag?post=1157"}],"curies":[{"name":"wp","href":"https:\/\/api.w.org\/{rel}","templated":true}]}}