{"id":1149,"date":"2025-05-27T17:07:31","date_gmt":"2025-05-27T15:07:31","guid":{"rendered":"https:\/\/dptrading.nl\/product\/synthetische-spanrubber-zwart-25-cm\/"},"modified":"2026-01-21T23:54:32","modified_gmt":"2026-01-21T22:54:32","slug":"synthetische-spanrubber-zwart-25-cm","status":"publish","type":"product","link":"https:\/\/dptrading.nl\/de\/produkt\/synthetische-spanrubber-zwart-25-cm\/","title":{"rendered":"Synthetischer Gummi Spannring schwarz 25 cm"},"content":{"rendered":"<div class=\"product-title-container is-uppercase\">\n<h1 class=\"product-title product_title entry-title\">Spanngummis\/ TIR-Gummis<\/h1>\n<\/div>\n<div id=\"row-730668863\" class=\"row row-small\">\n<div id=\"col-1598618646\" class=\"col medium-2 small-4 large-2\">\n<div class=\"col-inner\">\n<div id=\"image_1868494251\" class=\"img has-hover x md-x lg-x y md-y lg-y\">\n<div class=\"img-inner dark\"><img decoding=\"async\" class=\"attachment-original entered lazyloaded\" src=\"https:\/\/nico.be\/wp-content\/smush-webp\/2021\/08\/Nico-Icons-11.png.webp\" alt=\"Nico Icons 11\" width=\"110\" height=\"124\" data-lazy-srcset=\"https:\/\/nico.be\/wp-content\/smush-webp\/2021\/08\/Nico-Icons-11.png.webp 591w, https:\/\/nico.be\/wp-content\/smush-webp\/2021\/08\/Nico-Icons-11-266x300.png.webp 266w\" data-lazy-sizes=\"(max-width: 591px) 100vw, 591px\" data-lazy-src=\"https:\/\/nico.be\/wp-content\/smush-webp\/2021\/08\/Nico-Icons-11.png.webp\" data-ll-status=\"loaded\" \/><img decoding=\"async\" class=\"attachment-original entered lazyloaded\" src=\"https:\/\/nico.be\/wp-content\/smush-webp\/2021\/08\/Nico-Icons-42-1.png.webp\" alt=\"Nico Icons 42 1\" width=\"110\" height=\"125\" data-lazy-srcset=\"https:\/\/nico.be\/wp-content\/smush-webp\/2021\/08\/Nico-Icons-42-1.png.webp 597w, https:\/\/nico.be\/wp-content\/smush-webp\/2021\/08\/Nico-Icons-42-1-265x300.png.webp 265w\" data-lazy-sizes=\"(max-width: 597px) 100vw, 597px\" data-lazy-src=\"https:\/\/nico.be\/wp-content\/smush-webp\/2021\/08\/Nico-Icons-42-1.png.webp\" data-ll-status=\"loaded\" \/><img decoding=\"async\" class=\"attachment-original entered lazyloaded\" src=\"https:\/\/nico.be\/wp-content\/smush-webp\/2021\/08\/Nico-Icons-15-1.png.webp\" alt=\"Nico Icons 15 1\" width=\"110\" height=\"124\" data-lazy-srcset=\"https:\/\/nico.be\/wp-content\/smush-webp\/2021\/08\/Nico-Icons-15-1.png.webp 591w, https:\/\/nico.be\/wp-content\/smush-webp\/2021\/08\/Nico-Icons-15-1-266x300.png.webp 266w\" data-lazy-sizes=\"(max-width: 591px) 100vw, 591px\" data-lazy-src=\"https:\/\/nico.be\/wp-content\/smush-webp\/2021\/08\/Nico-Icons-15-1.png.webp\" data-ll-status=\"loaded\" \/><\/div>\n<div><\/div>\n<\/div>\n<\/div>\n<\/div>\n<\/div>\n<div id=\"row-295298260\" class=\"row\">\n<div id=\"col-363201328\" class=\"col small-12 large-12\">\n<div class=\"col-inner\">\n<div id=\"text-3339680631\" class=\"text\">\n<div><strong>Merkmale und Vorteile<\/strong><\/div>\n<ul>\n<li>Erh\u00e4ltlich in schwarz<\/li>\n<li>Hohe Bruchsicherheit und hohe UV-Best\u00e4ndigkeit<\/li>\n<li>Hohe Steifigkeit, um das Flattern des Gewebes im Wind zu reduzieren<\/li>\n<li>F\u00e4rbt nicht auf Stoffe ab, die normalerweise zum Segeln verwendet werden<\/li>\n<li>Auch mit verzinktem S-Haken erh\u00e4ltlich<\/li>\n<\/ul>\n<div><strong>Technische Daten<\/strong><\/div>\n<ul>\n<li>100% Synthetisches Elastomer<\/li>\n<li>Getestet bis 500N (~50kgF)<\/li>\n<li>Gepr\u00fcft auf beschleunigte Alterung gem\u00e4\u00df ASTM G53<\/li>\n<\/ul>\n<\/div>\n<\/div>\n<\/div>\n<\/div>","protected":false},"excerpt":{"rendered":"<p>Spanrubbers\/ TIR rubbers Kenmerken en voordelen Verkrijgbaar in zwart Hoge weerstand tegen breuk en hoge U.V. bestendigheid Hoge stijfheid om wapperen van het doek in de wind te reduceren Maakt geen vlekken op stoffen gewoonlijk voor zeilen gebruikt Ook leverbaar met verzinkte S haak Technische Specificaties 100% synthetisch elastomeer Getest tot 500N (~50kgF) Voor versnelde [&hellip;]<\/p>","protected":false},"featured_media":2658,"template":"","meta":{"_acf_changed":false},"product_brand":[],"product_cat":[25],"product_tag":[],"class_list":{"0":"post-1149","1":"product","2":"type-product","3":"status-publish","4":"has-post-thumbnail","6":"product_cat-rubbers","8":"first","9":"instock","10":"shipping-taxable","11":"purchasable","12":"product-type-simple"},"acf":[],"yoast_head":"<!-- This site is optimized with the Yoast SEO plugin v26.6 - https:\/\/yoast.com\/wordpress\/plugins\/seo\/ -->\n<title>synthetische spanrubber zwart 25 cm - D&amp;P Trading<\/title>\n<meta name=\"robots\" content=\"index, follow, max-snippet:-1, max-image-preview:large, max-video-preview:-1\" \/>\n<link rel=\"canonical\" href=\"https:\/\/dptrading.nl\/de\/produkt\/synthetische-spanrubber-zwart-25-cm\/\" \/>\n<meta property=\"og:locale\" content=\"de_DE\" \/>\n<meta property=\"og:type\" content=\"article\" \/>\n<meta property=\"og:title\" content=\"synthetische spanrubber zwart 25 cm - D&amp;P Trading\" \/>\n<meta property=\"og:description\" content=\"Spanrubbers\/ TIR rubbers Kenmerken en voordelen Verkrijgbaar in zwart Hoge weerstand tegen breuk en hoge U.V. bestendigheid Hoge stijfheid om wapperen van het doek in de wind te reduceren Maakt geen vlekken op stoffen gewoonlijk voor zeilen gebruikt Ook leverbaar met verzinkte S haak Technische Specificaties 100% synthetisch elastomeer Getest tot 500N (~50kgF) Voor versnelde [&hellip;]\" \/>\n<meta property=\"og:url\" content=\"https:\/\/dptrading.nl\/de\/produkt\/synthetische-spanrubber-zwart-25-cm\/\" \/>\n<meta property=\"og:site_name\" content=\"D&amp;P Trading\" \/>\n<meta property=\"article:modified_time\" content=\"2026-01-21T22:54:32+00:00\" \/>\n<meta property=\"og:image\" content=\"https:\/\/dptrading.nl\/wp-content\/uploads\/2025\/05\/spanrubber.jpg\" \/>\n\t<meta property=\"og:image:width\" content=\"346\" \/>\n\t<meta property=\"og:image:height\" content=\"346\" \/>\n\t<meta property=\"og:image:type\" content=\"image\/jpeg\" \/>\n<meta name=\"twitter:card\" content=\"summary_large_image\" \/>\n<meta name=\"twitter:label1\" content=\"Gesch\u00e4tzte Lesezeit\" \/>\n\t<meta name=\"twitter:data1\" content=\"2\u00a0Minuten\" \/>\n<script type=\"application\/ld+json\" class=\"yoast-schema-graph\">{\"@context\":\"https:\/\/schema.org\",\"@graph\":[{\"@type\":\"WebPage\",\"@id\":\"https:\/\/dptrading.nl\/product\/synthetische-spanrubber-zwart-25-cm\/\",\"url\":\"https:\/\/dptrading.nl\/product\/synthetische-spanrubber-zwart-25-cm\/\",\"name\":\"synthetische spanrubber zwart 25 cm - D&amp;P Trading\",\"isPartOf\":{\"@id\":\"https:\/\/dptrading.nl\/#website\"},\"primaryImageOfPage\":{\"@id\":\"https:\/\/dptrading.nl\/product\/synthetische-spanrubber-zwart-25-cm\/#primaryimage\"},\"image\":{\"@id\":\"https:\/\/dptrading.nl\/product\/synthetische-spanrubber-zwart-25-cm\/#primaryimage\"},\"thumbnailUrl\":\"https:\/\/dptrading.nl\/wp-content\/uploads\/2025\/05\/spanrubber.jpg\",\"datePublished\":\"2025-05-27T15:07:31+00:00\",\"dateModified\":\"2026-01-21T22:54:32+00:00\",\"breadcrumb\":{\"@id\":\"https:\/\/dptrading.nl\/product\/synthetische-spanrubber-zwart-25-cm\/#breadcrumb\"},\"inLanguage\":\"de\",\"potentialAction\":[{\"@type\":\"ReadAction\",\"target\":[\"https:\/\/dptrading.nl\/product\/synthetische-spanrubber-zwart-25-cm\/\"]}]},{\"@type\":\"ImageObject\",\"inLanguage\":\"de\",\"@id\":\"https:\/\/dptrading.nl\/product\/synthetische-spanrubber-zwart-25-cm\/#primaryimage\",\"url\":\"https:\/\/dptrading.nl\/wp-content\/uploads\/2025\/05\/spanrubber.jpg\",\"contentUrl\":\"https:\/\/dptrading.nl\/wp-content\/uploads\/2025\/05\/spanrubber.jpg\",\"width\":346,\"height\":346},{\"@type\":\"BreadcrumbList\",\"@id\":\"https:\/\/dptrading.nl\/product\/synthetische-spanrubber-zwart-25-cm\/#breadcrumb\",\"itemListElement\":[{\"@type\":\"ListItem\",\"position\":1,\"name\":\"Home\",\"item\":\"https:\/\/dptrading.nl\/\"},{\"@type\":\"ListItem\",\"position\":2,\"name\":\"Producten\",\"item\":\"https:\/\/dptrading.nl\/winkel\/\"},{\"@type\":\"ListItem\",\"position\":3,\"name\":\"synthetische spanrubber zwart 25 cm\"}]},{\"@type\":\"WebSite\",\"@id\":\"https:\/\/dptrading.nl\/#website\",\"url\":\"https:\/\/dptrading.nl\/\",\"name\":\"D&P Trading\",\"description\":\"\",\"publisher\":{\"@id\":\"https:\/\/dptrading.nl\/#organization\"},\"potentialAction\":[{\"@type\":\"SearchAction\",\"target\":{\"@type\":\"EntryPoint\",\"urlTemplate\":\"https:\/\/dptrading.nl\/?s={search_term_string}\"},\"query-input\":{\"@type\":\"PropertyValueSpecification\",\"valueRequired\":true,\"valueName\":\"search_term_string\"}}],\"inLanguage\":\"de\"},{\"@type\":\"Organization\",\"@id\":\"https:\/\/dptrading.nl\/#organization\",\"name\":\"D&P Trading\",\"url\":\"https:\/\/dptrading.nl\/\",\"logo\":{\"@type\":\"ImageObject\",\"inLanguage\":\"de\",\"@id\":\"https:\/\/dptrading.nl\/#\/schema\/logo\/image\/\",\"url\":\"https:\/\/dptrading.nl\/wp-content\/uploads\/2025\/04\/logo-dp.png\",\"contentUrl\":\"https:\/\/dptrading.nl\/wp-content\/uploads\/2025\/04\/logo-dp.png\",\"width\":1248,\"height\":156,\"caption\":\"D&P Trading\"},\"image\":{\"@id\":\"https:\/\/dptrading.nl\/#\/schema\/logo\/image\/\"}}]}<\/script>\n<!-- \/ Yoast SEO plugin. -->","yoast_head_json":{"title":"synthetische spanrubber zwart 25 cm - D&amp;P Trading","robots":{"index":"index","follow":"follow","max-snippet":"max-snippet:-1","max-image-preview":"max-image-preview:large","max-video-preview":"max-video-preview:-1"},"canonical":"https:\/\/dptrading.nl\/de\/produkt\/synthetische-spanrubber-zwart-25-cm\/","og_locale":"de_DE","og_type":"article","og_title":"synthetische spanrubber zwart 25 cm - D&amp;P Trading","og_description":"Spanrubbers\/ TIR rubbers Kenmerken en voordelen Verkrijgbaar in zwart Hoge weerstand tegen breuk en hoge U.V. bestendigheid Hoge stijfheid om wapperen van het doek in de wind te reduceren Maakt geen vlekken op stoffen gewoonlijk voor zeilen gebruikt Ook leverbaar met verzinkte S haak Technische Specificaties 100% synthetisch elastomeer Getest tot 500N (~50kgF) Voor versnelde [&hellip;]","og_url":"https:\/\/dptrading.nl\/de\/produkt\/synthetische-spanrubber-zwart-25-cm\/","og_site_name":"D&amp;P Trading","article_modified_time":"2026-01-21T22:54:32+00:00","og_image":[{"width":346,"height":346,"url":"https:\/\/dptrading.nl\/wp-content\/uploads\/2025\/05\/spanrubber.jpg","type":"image\/jpeg"}],"twitter_card":"summary_large_image","twitter_misc":{"Gesch\u00e4tzte Lesezeit":"2\u00a0Minuten"},"schema":{"@context":"https:\/\/schema.org","@graph":[{"@type":"WebPage","@id":"https:\/\/dptrading.nl\/product\/synthetische-spanrubber-zwart-25-cm\/","url":"https:\/\/dptrading.nl\/product\/synthetische-spanrubber-zwart-25-cm\/","name":"synthetische spanrubber zwart 25 cm - D&amp;P Trading","isPartOf":{"@id":"https:\/\/dptrading.nl\/#website"},"primaryImageOfPage":{"@id":"https:\/\/dptrading.nl\/product\/synthetische-spanrubber-zwart-25-cm\/#primaryimage"},"image":{"@id":"https:\/\/dptrading.nl\/product\/synthetische-spanrubber-zwart-25-cm\/#primaryimage"},"thumbnailUrl":"https:\/\/dptrading.nl\/wp-content\/uploads\/2025\/05\/spanrubber.jpg","datePublished":"2025-05-27T15:07:31+00:00","dateModified":"2026-01-21T22:54:32+00:00","breadcrumb":{"@id":"https:\/\/dptrading.nl\/product\/synthetische-spanrubber-zwart-25-cm\/#breadcrumb"},"inLanguage":"de","potentialAction":[{"@type":"ReadAction","target":["https:\/\/dptrading.nl\/product\/synthetische-spanrubber-zwart-25-cm\/"]}]},{"@type":"ImageObject","inLanguage":"de","@id":"https:\/\/dptrading.nl\/product\/synthetische-spanrubber-zwart-25-cm\/#primaryimage","url":"https:\/\/dptrading.nl\/wp-content\/uploads\/2025\/05\/spanrubber.jpg","contentUrl":"https:\/\/dptrading.nl\/wp-content\/uploads\/2025\/05\/spanrubber.jpg","width":346,"height":346},{"@type":"BreadcrumbList","@id":"https:\/\/dptrading.nl\/product\/synthetische-spanrubber-zwart-25-cm\/#breadcrumb","itemListElement":[{"@type":"ListItem","position":1,"name":"Home","item":"https:\/\/dptrading.nl\/"},{"@type":"ListItem","position":2,"name":"Producten","item":"https:\/\/dptrading.nl\/winkel\/"},{"@type":"ListItem","position":3,"name":"synthetische spanrubber zwart 25 cm"}]},{"@type":"WebSite","@id":"https:\/\/dptrading.nl\/#website","url":"https:\/\/dptrading.nl\/","name":"D&amp;P Handel","description":"","publisher":{"@id":"https:\/\/dptrading.nl\/#organization"},"potentialAction":[{"@type":"SearchAction","target":{"@type":"EntryPoint","urlTemplate":"https:\/\/dptrading.nl\/?s={search_term_string}"},"query-input":{"@type":"PropertyValueSpecification","valueRequired":true,"valueName":"search_term_string"}}],"inLanguage":"de"},{"@type":"Organization","@id":"https:\/\/dptrading.nl\/#organization","name":"D&amp;P Handel","url":"https:\/\/dptrading.nl\/","logo":{"@type":"ImageObject","inLanguage":"de","@id":"https:\/\/dptrading.nl\/#\/schema\/logo\/image\/","url":"https:\/\/dptrading.nl\/wp-content\/uploads\/2025\/04\/logo-dp.png","contentUrl":"https:\/\/dptrading.nl\/wp-content\/uploads\/2025\/04\/logo-dp.png","width":1248,"height":156,"caption":"D&P Trading"},"image":{"@id":"https:\/\/dptrading.nl\/#\/schema\/logo\/image\/"}}]}},"_links":{"self":[{"href":"https:\/\/dptrading.nl\/de\/wp-json\/wp\/v2\/product\/1149","targetHints":{"allow":["GET"]}}],"collection":[{"href":"https:\/\/dptrading.nl\/de\/wp-json\/wp\/v2\/product"}],"about":[{"href":"https:\/\/dptrading.nl\/de\/wp-json\/wp\/v2\/types\/product"}],"wp:featuredmedia":[{"embeddable":true,"href":"https:\/\/dptrading.nl\/de\/wp-json\/wp\/v2\/media\/2658"}],"wp:attachment":[{"href":"https:\/\/dptrading.nl\/de\/wp-json\/wp\/v2\/media?parent=1149"}],"wp:term":[{"taxonomy":"product_brand","embeddable":true,"href":"https:\/\/dptrading.nl\/de\/wp-json\/wp\/v2\/product_brand?post=1149"},{"taxonomy":"product_cat","embeddable":true,"href":"https:\/\/dptrading.nl\/de\/wp-json\/wp\/v2\/product_cat?post=1149"},{"taxonomy":"product_tag","embeddable":true,"href":"https:\/\/dptrading.nl\/de\/wp-json\/wp\/v2\/product_tag?post=1149"}],"curies":[{"name":"wp","href":"https:\/\/api.w.org\/{rel}","templated":true}]}}