{"id":1147,"date":"2025-05-27T17:06:38","date_gmt":"2025-05-27T15:06:38","guid":{"rendered":"https:\/\/dptrading.nl\/product\/platte-spanrubber-zwart-20x2-mm-l32-cm\/"},"modified":"2026-01-29T09:45:29","modified_gmt":"2026-01-29T08:45:29","slug":"platte-spanrubber-zwart-20x2-mm-l32-cm","status":"publish","type":"product","link":"https:\/\/dptrading.nl\/de\/produkt\/platte-spanrubber-zwart-20x2-mm-l32-cm\/","title":{"rendered":"Gummi Spannring 32 cm"},"content":{"rendered":"<p>Flachspanngummi schwarz 20\u00d72 mm \/ L=32 cm<\/p>","protected":false},"excerpt":{"rendered":"<p>Spezifikationen<\/p>\n<ul>\n<li>Naturkautschuk, Ru\u00df mit UV-Weichmachern.<\/li>\n<li>Breite = 20 mm<\/li>\n<li>Dicke = 2 mm<\/li>\n<li>Bruchkraft = 80 kg<\/li>\n<\/ul>\n<p>&nbsp;<\/p>\n<p><strong>EPDM:<\/strong><\/p>\n<p>EPDM ist eine Gruppe von synthetischen Kautschuken oder Elastomeren, die durch Polymerisation von Ethylen, Propylen und einem Dien gewonnen werden. Nach der Polymerisation erh\u00e4lt man ein thermoplastisches Polymer, bei dem eine der beiden Doppelbindungen intakt bleibt. Gemischt mit Ru\u00df und anderen F\u00fcllstoffen entsteht ein Kautschuk mit einer Reihe attraktiver Eigenschaften.<\/p>\n<p><strong>Vorteil: hohe Elastizit\u00e4t, l\u00e4ngere UV-Best\u00e4ndigkeit, l\u00e4ngere Lebensdauer.<\/strong><\/p>\n<p><strong>Bemerkung:<\/strong><\/p>\n<p>Die hier gezeigten Gummiartikel k\u00f6nnen unter Druck, hohen Temperaturen und in Verbindung mit chemischen Substanzen ( z.B. Weichmacher in PVC ), hartn\u00e4ckige und unl\u00f6sliche Flecken hinterlassen. In Kombination mit PVC-Gewebe, nicht \u00fcber einen l\u00e4ngeren Zeitraum gefaltet lassen (aufgrund von \u201cSchwitzen\u201d der Rohstoffe). D &amp; P Trading BV kann nicht f\u00fcr das Produkt und Folgesch\u00e4den haftbar gemacht werden.<\/p>\n<p><strong>Tipp:<\/strong><\/p>\n<p>Gummiteile nur w\u00e4hrend des Aufbaus an der Plane befestigen.<\/p>","protected":false},"featured_media":2075,"template":"","meta":{"_acf_changed":false},"product_brand":[],"product_cat":[25],"product_tag":[],"class_list":{"0":"post-1147","1":"product","2":"type-product","3":"status-publish","4":"has-post-thumbnail","6":"product_cat-rubbers","8":"first","9":"instock","10":"shipping-taxable","11":"purchasable","12":"product-type-simple"},"acf":[],"yoast_head":"<!-- This site is optimized with the Yoast SEO plugin v26.6 - https:\/\/yoast.com\/wordpress\/plugins\/seo\/ -->\n<title>Platte spanrubber 32 cm - D&amp;P Trading<\/title>\n<meta name=\"robots\" content=\"index, follow, max-snippet:-1, max-image-preview:large, max-video-preview:-1\" \/>\n<link rel=\"canonical\" href=\"https:\/\/dptrading.nl\/de\/produkt\/platte-spanrubber-zwart-20x2-mm-l32-cm\/\" \/>\n<meta property=\"og:locale\" content=\"de_DE\" \/>\n<meta property=\"og:type\" content=\"article\" \/>\n<meta property=\"og:title\" content=\"Platte spanrubber 32 cm - D&amp;P Trading\" \/>\n<meta property=\"og:description\" content=\"Specificaties   Natuurrubber, carbonzwart met UV weekmakers.  Breedte = 20 mm  Dikte = 2 mm  Breekkracht = 80 kg  &nbsp;  EPDM:  EPDM is een groep van synthetische rubbers of elastomeren, verkregen door een polymerisatie van ethyleen, propyleen en een dieen. Na de polymerisatie verkrijgt men een thermoplastische polymeer en blijft er 1 van de 2 dubbele verbindingen intact. Gemengd met roet en andere vulstoffen vormt dit een rubber met een aantal aantrekkelijke eigenschappen.  Voordeel: hoge elasticiteit, langer uv-bestendig, langere levensduur.  Opmerking:  De hier afgebeelde rubber artikelen kunnen onder druk, hoge temperaturen en in verbinding met chemische substanties ( bv. Weekmakers in pvc ), hardnekkige en niet oplosbare vlekken achterlaten. In combinatie met pvc weefsels niet over een langere periode opgevouwen laten liggen ( ivm het \u201czweten\u201d van de grondstoffen). D &amp; P Trading BV kan niet aansprakelijk worden gesteld voor het product en Gevolgschade.  Tip:  rubber artikelen pas bij de montage aan het zeil bevestigen.\" \/>\n<meta property=\"og:url\" content=\"https:\/\/dptrading.nl\/de\/produkt\/platte-spanrubber-zwart-20x2-mm-l32-cm\/\" \/>\n<meta property=\"og:site_name\" content=\"D&amp;P Trading\" \/>\n<meta property=\"article:modified_time\" content=\"2026-01-29T08:45:29+00:00\" \/>\n<meta property=\"og:image\" content=\"https:\/\/dptrading.nl\/wp-content\/uploads\/2025\/05\/spanrubber-plat.jpg\" \/>\n\t<meta property=\"og:image:width\" content=\"430\" \/>\n\t<meta property=\"og:image:height\" content=\"430\" \/>\n\t<meta property=\"og:image:type\" content=\"image\/jpeg\" \/>\n<meta name=\"twitter:card\" content=\"summary_large_image\" \/>\n<meta name=\"twitter:label1\" content=\"Gesch\u00e4tzte Lesezeit\" \/>\n\t<meta name=\"twitter:data1\" content=\"1\u00a0Minute\" \/>\n<script type=\"application\/ld+json\" class=\"yoast-schema-graph\">{\"@context\":\"https:\/\/schema.org\",\"@graph\":[{\"@type\":\"WebPage\",\"@id\":\"https:\/\/dptrading.nl\/product\/platte-spanrubber-zwart-20x2-mm-l32-cm\/\",\"url\":\"https:\/\/dptrading.nl\/product\/platte-spanrubber-zwart-20x2-mm-l32-cm\/\",\"name\":\"Platte spanrubber 32 cm - D&amp;P Trading\",\"isPartOf\":{\"@id\":\"https:\/\/dptrading.nl\/#website\"},\"primaryImageOfPage\":{\"@id\":\"https:\/\/dptrading.nl\/product\/platte-spanrubber-zwart-20x2-mm-l32-cm\/#primaryimage\"},\"image\":{\"@id\":\"https:\/\/dptrading.nl\/product\/platte-spanrubber-zwart-20x2-mm-l32-cm\/#primaryimage\"},\"thumbnailUrl\":\"https:\/\/dptrading.nl\/wp-content\/uploads\/2025\/05\/spanrubber-plat.jpg\",\"datePublished\":\"2025-05-27T15:06:38+00:00\",\"dateModified\":\"2026-01-29T08:45:29+00:00\",\"breadcrumb\":{\"@id\":\"https:\/\/dptrading.nl\/product\/platte-spanrubber-zwart-20x2-mm-l32-cm\/#breadcrumb\"},\"inLanguage\":\"de\",\"potentialAction\":[{\"@type\":\"ReadAction\",\"target\":[\"https:\/\/dptrading.nl\/product\/platte-spanrubber-zwart-20x2-mm-l32-cm\/\"]}]},{\"@type\":\"ImageObject\",\"inLanguage\":\"de\",\"@id\":\"https:\/\/dptrading.nl\/product\/platte-spanrubber-zwart-20x2-mm-l32-cm\/#primaryimage\",\"url\":\"https:\/\/dptrading.nl\/wp-content\/uploads\/2025\/05\/spanrubber-plat.jpg\",\"contentUrl\":\"https:\/\/dptrading.nl\/wp-content\/uploads\/2025\/05\/spanrubber-plat.jpg\",\"width\":430,\"height\":430},{\"@type\":\"BreadcrumbList\",\"@id\":\"https:\/\/dptrading.nl\/product\/platte-spanrubber-zwart-20x2-mm-l32-cm\/#breadcrumb\",\"itemListElement\":[{\"@type\":\"ListItem\",\"position\":1,\"name\":\"Home\",\"item\":\"https:\/\/dptrading.nl\/\"},{\"@type\":\"ListItem\",\"position\":2,\"name\":\"Producten\",\"item\":\"https:\/\/dptrading.nl\/winkel\/\"},{\"@type\":\"ListItem\",\"position\":3,\"name\":\"Platte spanrubber 32 cm\"}]},{\"@type\":\"WebSite\",\"@id\":\"https:\/\/dptrading.nl\/#website\",\"url\":\"https:\/\/dptrading.nl\/\",\"name\":\"D&P Trading\",\"description\":\"\",\"publisher\":{\"@id\":\"https:\/\/dptrading.nl\/#organization\"},\"potentialAction\":[{\"@type\":\"SearchAction\",\"target\":{\"@type\":\"EntryPoint\",\"urlTemplate\":\"https:\/\/dptrading.nl\/?s={search_term_string}\"},\"query-input\":{\"@type\":\"PropertyValueSpecification\",\"valueRequired\":true,\"valueName\":\"search_term_string\"}}],\"inLanguage\":\"de\"},{\"@type\":\"Organization\",\"@id\":\"https:\/\/dptrading.nl\/#organization\",\"name\":\"D&P Trading\",\"url\":\"https:\/\/dptrading.nl\/\",\"logo\":{\"@type\":\"ImageObject\",\"inLanguage\":\"de\",\"@id\":\"https:\/\/dptrading.nl\/#\/schema\/logo\/image\/\",\"url\":\"https:\/\/dptrading.nl\/wp-content\/uploads\/2025\/04\/logo-dp.png\",\"contentUrl\":\"https:\/\/dptrading.nl\/wp-content\/uploads\/2025\/04\/logo-dp.png\",\"width\":1248,\"height\":156,\"caption\":\"D&P Trading\"},\"image\":{\"@id\":\"https:\/\/dptrading.nl\/#\/schema\/logo\/image\/\"}}]}<\/script>\n<!-- \/ Yoast SEO plugin. -->","yoast_head_json":{"title":"Platte spanrubber 32 cm - D&amp;P Trading","robots":{"index":"index","follow":"follow","max-snippet":"max-snippet:-1","max-image-preview":"max-image-preview:large","max-video-preview":"max-video-preview:-1"},"canonical":"https:\/\/dptrading.nl\/de\/produkt\/platte-spanrubber-zwart-20x2-mm-l32-cm\/","og_locale":"de_DE","og_type":"article","og_title":"Platte spanrubber 32 cm - D&amp;P Trading","og_description":"Specificaties   Natuurrubber, carbonzwart met UV weekmakers.  Breedte = 20 mm  Dikte = 2 mm  Breekkracht = 80 kg  &nbsp;  EPDM:  EPDM is een groep van synthetische rubbers of elastomeren, verkregen door een polymerisatie van ethyleen, propyleen en een dieen. Na de polymerisatie verkrijgt men een thermoplastische polymeer en blijft er 1 van de 2 dubbele verbindingen intact. Gemengd met roet en andere vulstoffen vormt dit een rubber met een aantal aantrekkelijke eigenschappen.  Voordeel: hoge elasticiteit, langer uv-bestendig, langere levensduur.  Opmerking:  De hier afgebeelde rubber artikelen kunnen onder druk, hoge temperaturen en in verbinding met chemische substanties ( bv. Weekmakers in pvc ), hardnekkige en niet oplosbare vlekken achterlaten. In combinatie met pvc weefsels niet over een langere periode opgevouwen laten liggen ( ivm het \u201czweten\u201d van de grondstoffen). D &amp; P Trading BV kan niet aansprakelijk worden gesteld voor het product en Gevolgschade.  Tip:  rubber artikelen pas bij de montage aan het zeil bevestigen.","og_url":"https:\/\/dptrading.nl\/de\/produkt\/platte-spanrubber-zwart-20x2-mm-l32-cm\/","og_site_name":"D&amp;P Trading","article_modified_time":"2026-01-29T08:45:29+00:00","og_image":[{"width":430,"height":430,"url":"https:\/\/dptrading.nl\/wp-content\/uploads\/2025\/05\/spanrubber-plat.jpg","type":"image\/jpeg"}],"twitter_card":"summary_large_image","twitter_misc":{"Gesch\u00e4tzte Lesezeit":"1\u00a0Minute"},"schema":{"@context":"https:\/\/schema.org","@graph":[{"@type":"WebPage","@id":"https:\/\/dptrading.nl\/product\/platte-spanrubber-zwart-20x2-mm-l32-cm\/","url":"https:\/\/dptrading.nl\/product\/platte-spanrubber-zwart-20x2-mm-l32-cm\/","name":"Platte spanrubber 32 cm - D&amp;P Trading","isPartOf":{"@id":"https:\/\/dptrading.nl\/#website"},"primaryImageOfPage":{"@id":"https:\/\/dptrading.nl\/product\/platte-spanrubber-zwart-20x2-mm-l32-cm\/#primaryimage"},"image":{"@id":"https:\/\/dptrading.nl\/product\/platte-spanrubber-zwart-20x2-mm-l32-cm\/#primaryimage"},"thumbnailUrl":"https:\/\/dptrading.nl\/wp-content\/uploads\/2025\/05\/spanrubber-plat.jpg","datePublished":"2025-05-27T15:06:38+00:00","dateModified":"2026-01-29T08:45:29+00:00","breadcrumb":{"@id":"https:\/\/dptrading.nl\/product\/platte-spanrubber-zwart-20x2-mm-l32-cm\/#breadcrumb"},"inLanguage":"de","potentialAction":[{"@type":"ReadAction","target":["https:\/\/dptrading.nl\/product\/platte-spanrubber-zwart-20x2-mm-l32-cm\/"]}]},{"@type":"ImageObject","inLanguage":"de","@id":"https:\/\/dptrading.nl\/product\/platte-spanrubber-zwart-20x2-mm-l32-cm\/#primaryimage","url":"https:\/\/dptrading.nl\/wp-content\/uploads\/2025\/05\/spanrubber-plat.jpg","contentUrl":"https:\/\/dptrading.nl\/wp-content\/uploads\/2025\/05\/spanrubber-plat.jpg","width":430,"height":430},{"@type":"BreadcrumbList","@id":"https:\/\/dptrading.nl\/product\/platte-spanrubber-zwart-20x2-mm-l32-cm\/#breadcrumb","itemListElement":[{"@type":"ListItem","position":1,"name":"Home","item":"https:\/\/dptrading.nl\/"},{"@type":"ListItem","position":2,"name":"Producten","item":"https:\/\/dptrading.nl\/winkel\/"},{"@type":"ListItem","position":3,"name":"Platte spanrubber 32 cm"}]},{"@type":"WebSite","@id":"https:\/\/dptrading.nl\/#website","url":"https:\/\/dptrading.nl\/","name":"D&amp;P Handel","description":"","publisher":{"@id":"https:\/\/dptrading.nl\/#organization"},"potentialAction":[{"@type":"SearchAction","target":{"@type":"EntryPoint","urlTemplate":"https:\/\/dptrading.nl\/?s={search_term_string}"},"query-input":{"@type":"PropertyValueSpecification","valueRequired":true,"valueName":"search_term_string"}}],"inLanguage":"de"},{"@type":"Organization","@id":"https:\/\/dptrading.nl\/#organization","name":"D&amp;P Handel","url":"https:\/\/dptrading.nl\/","logo":{"@type":"ImageObject","inLanguage":"de","@id":"https:\/\/dptrading.nl\/#\/schema\/logo\/image\/","url":"https:\/\/dptrading.nl\/wp-content\/uploads\/2025\/04\/logo-dp.png","contentUrl":"https:\/\/dptrading.nl\/wp-content\/uploads\/2025\/04\/logo-dp.png","width":1248,"height":156,"caption":"D&P Trading"},"image":{"@id":"https:\/\/dptrading.nl\/#\/schema\/logo\/image\/"}}]}},"_links":{"self":[{"href":"https:\/\/dptrading.nl\/de\/wp-json\/wp\/v2\/product\/1147","targetHints":{"allow":["GET"]}}],"collection":[{"href":"https:\/\/dptrading.nl\/de\/wp-json\/wp\/v2\/product"}],"about":[{"href":"https:\/\/dptrading.nl\/de\/wp-json\/wp\/v2\/types\/product"}],"wp:featuredmedia":[{"embeddable":true,"href":"https:\/\/dptrading.nl\/de\/wp-json\/wp\/v2\/media\/2075"}],"wp:attachment":[{"href":"https:\/\/dptrading.nl\/de\/wp-json\/wp\/v2\/media?parent=1147"}],"wp:term":[{"taxonomy":"product_brand","embeddable":true,"href":"https:\/\/dptrading.nl\/de\/wp-json\/wp\/v2\/product_brand?post=1147"},{"taxonomy":"product_cat","embeddable":true,"href":"https:\/\/dptrading.nl\/de\/wp-json\/wp\/v2\/product_cat?post=1147"},{"taxonomy":"product_tag","embeddable":true,"href":"https:\/\/dptrading.nl\/de\/wp-json\/wp\/v2\/product_tag?post=1147"}],"curies":[{"name":"wp","href":"https:\/\/api.w.org\/{rel}","templated":true}]}}