{"id":1062,"date":"2025-05-27T16:40:42","date_gmt":"2025-05-27T14:40:42","guid":{"rendered":"https:\/\/dptrading.nl\/product\/klittenband-wit-naaibaar-haak-25-mtr-100-mm\/"},"modified":"2026-01-23T10:50:26","modified_gmt":"2026-01-23T09:50:26","slug":"klittenband-wit-naaibaar-haak-25-mtr-100-mm","status":"publish","type":"product","link":"https:\/\/dptrading.nl\/de\/produkt\/klittenband-wit-naaibaar-haak-25-mtr-100-mm\/","title":{"rendered":"YKK Klettverschluss Hakenband zum N\u00e4hen wei\u00df \/ 25 mtr - 100 mm"},"content":{"rendered":"<h1 class=\"heading-2\">Klettband &amp; Klettverschluss<\/h1>\n<div class=\"intro-article__content\">\n<p>Unsere Haken- und \u00d6senverschl\u00fcsse sind in verschiedenen Ausf\u00fchrungen erh\u00e4ltlich und haben viele Anwendungsm\u00f6glichkeiten. Klettverschl\u00fcsse bestehen aus einem Haken und einem Schlaufenteil. Zusammen bilden sie eine starke Verbindung, die sich bei Bedarf leicht wiederholt \u00f6ffnen\/schlie\u00dfen l\u00e4sst.<\/p>\n<\/div>\n<h1 class=\"heading-2\">Klettverschluss zum Aufn\u00e4hen<\/h1>\n<div class=\"intro-article__content\">\n<p>Standard-Klettverschl\u00fcsse sind mit der N\u00e4hmaschine leicht zu verarbeiten, insbesondere in der Bekleidungsindustrie. Wir liefern n\u00e4hbares Klettband ab Lager in schwarz und wei\u00df.<\/p>\n<\/div>","protected":false},"excerpt":{"rendered":"<p><img decoding=\"async\" class=\"alignnone size-medium wp-image-3272\" src=\"https:\/\/dptrading.nl\/wp-content\/uploads\/2025\/05\/ykk-logo-2-300x92.jpg\" alt=\"\" width=\"300\" height=\"92\" srcset=\"https:\/\/dptrading.nl\/wp-content\/uploads\/2025\/05\/ykk-logo-2-300x92.jpg 300w, https:\/\/dptrading.nl\/wp-content\/uploads\/2025\/05\/ykk-logo-2-18x6.jpg 18w, https:\/\/dptrading.nl\/wp-content\/uploads\/2025\/05\/ykk-logo-2-600x184.jpg 600w, https:\/\/dptrading.nl\/wp-content\/uploads\/2025\/05\/ykk-logo-2-64x20.jpg 64w, https:\/\/dptrading.nl\/wp-content\/uploads\/2025\/05\/ykk-logo-2.jpg 630w\" sizes=\"(max-width: 300px) 100vw, 300px\" \/><\/p>","protected":false},"featured_media":3424,"template":"","meta":{"_acf_changed":false},"product_brand":[119],"product_cat":[140,29],"product_tag":[],"class_list":{"0":"post-1062","1":"product","2":"type-product","3":"status-publish","4":"has-post-thumbnail","6":"product_brand-ykk","7":"product_cat-naaibaar","8":"product_cat-klittenband","10":"first","11":"instock","12":"shipping-taxable","13":"purchasable","14":"product-type-simple"},"acf":[],"yoast_head":"<!-- This site is optimized with the Yoast SEO plugin v26.6 - https:\/\/yoast.com\/wordpress\/plugins\/seo\/ -->\n<title>YKK klittenband wit naaibaar haak \/ 25 mtr - 100 mm - D&amp;P Trading<\/title>\n<meta name=\"robots\" content=\"index, follow, max-snippet:-1, max-image-preview:large, max-video-preview:-1\" \/>\n<link rel=\"canonical\" href=\"https:\/\/dptrading.nl\/de\/produkt\/klittenband-wit-naaibaar-haak-25-mtr-100-mm\/\" \/>\n<meta property=\"og:locale\" content=\"de_DE\" \/>\n<meta property=\"og:type\" content=\"article\" \/>\n<meta property=\"og:title\" content=\"YKK klittenband wit naaibaar haak \/ 25 mtr - 100 mm - D&amp;P Trading\" \/>\n<meta property=\"og:url\" content=\"https:\/\/dptrading.nl\/de\/produkt\/klittenband-wit-naaibaar-haak-25-mtr-100-mm\/\" \/>\n<meta property=\"og:site_name\" content=\"D&amp;P Trading\" \/>\n<meta property=\"article:modified_time\" content=\"2026-01-23T09:50:26+00:00\" \/>\n<meta property=\"og:image\" content=\"https:\/\/dptrading.nl\/wp-content\/uploads\/2025\/05\/klittenband-wit-haak-lasbaar.jpg\" \/>\n\t<meta property=\"og:image:width\" content=\"1512\" \/>\n\t<meta property=\"og:image:height\" content=\"1512\" \/>\n\t<meta property=\"og:image:type\" content=\"image\/jpeg\" \/>\n<meta name=\"twitter:card\" content=\"summary_large_image\" \/>\n<meta name=\"twitter:label1\" content=\"Gesch\u00e4tzte Lesezeit\" \/>\n\t<meta name=\"twitter:data1\" content=\"1\u00a0Minute\" \/>\n<script type=\"application\/ld+json\" class=\"yoast-schema-graph\">{\"@context\":\"https:\/\/schema.org\",\"@graph\":[{\"@type\":\"WebPage\",\"@id\":\"https:\/\/dptrading.nl\/product\/klittenband-wit-naaibaar-haak-25-mtr-100-mm\/\",\"url\":\"https:\/\/dptrading.nl\/product\/klittenband-wit-naaibaar-haak-25-mtr-100-mm\/\",\"name\":\"YKK klittenband wit naaibaar haak \/ 25 mtr - 100 mm - D&amp;P Trading\",\"isPartOf\":{\"@id\":\"https:\/\/dptrading.nl\/#website\"},\"primaryImageOfPage\":{\"@id\":\"https:\/\/dptrading.nl\/product\/klittenband-wit-naaibaar-haak-25-mtr-100-mm\/#primaryimage\"},\"image\":{\"@id\":\"https:\/\/dptrading.nl\/product\/klittenband-wit-naaibaar-haak-25-mtr-100-mm\/#primaryimage\"},\"thumbnailUrl\":\"https:\/\/dptrading.nl\/wp-content\/uploads\/2025\/05\/klittenband-wit-haak-lasbaar.jpg\",\"datePublished\":\"2025-05-27T14:40:42+00:00\",\"dateModified\":\"2026-01-23T09:50:26+00:00\",\"breadcrumb\":{\"@id\":\"https:\/\/dptrading.nl\/product\/klittenband-wit-naaibaar-haak-25-mtr-100-mm\/#breadcrumb\"},\"inLanguage\":\"de\",\"potentialAction\":[{\"@type\":\"ReadAction\",\"target\":[\"https:\/\/dptrading.nl\/product\/klittenband-wit-naaibaar-haak-25-mtr-100-mm\/\"]}]},{\"@type\":\"ImageObject\",\"inLanguage\":\"de\",\"@id\":\"https:\/\/dptrading.nl\/product\/klittenband-wit-naaibaar-haak-25-mtr-100-mm\/#primaryimage\",\"url\":\"https:\/\/dptrading.nl\/wp-content\/uploads\/2025\/05\/klittenband-wit-haak-lasbaar.jpg\",\"contentUrl\":\"https:\/\/dptrading.nl\/wp-content\/uploads\/2025\/05\/klittenband-wit-haak-lasbaar.jpg\",\"width\":1512,\"height\":1512},{\"@type\":\"BreadcrumbList\",\"@id\":\"https:\/\/dptrading.nl\/product\/klittenband-wit-naaibaar-haak-25-mtr-100-mm\/#breadcrumb\",\"itemListElement\":[{\"@type\":\"ListItem\",\"position\":1,\"name\":\"Home\",\"item\":\"https:\/\/dptrading.nl\/\"},{\"@type\":\"ListItem\",\"position\":2,\"name\":\"Producten\",\"item\":\"https:\/\/dptrading.nl\/winkel\/\"},{\"@type\":\"ListItem\",\"position\":3,\"name\":\"YKK klittenband wit naaibaar haak \/ 25 mtr &#8211; 100 mm\"}]},{\"@type\":\"WebSite\",\"@id\":\"https:\/\/dptrading.nl\/#website\",\"url\":\"https:\/\/dptrading.nl\/\",\"name\":\"D&P Trading\",\"description\":\"\",\"publisher\":{\"@id\":\"https:\/\/dptrading.nl\/#organization\"},\"potentialAction\":[{\"@type\":\"SearchAction\",\"target\":{\"@type\":\"EntryPoint\",\"urlTemplate\":\"https:\/\/dptrading.nl\/?s={search_term_string}\"},\"query-input\":{\"@type\":\"PropertyValueSpecification\",\"valueRequired\":true,\"valueName\":\"search_term_string\"}}],\"inLanguage\":\"de\"},{\"@type\":\"Organization\",\"@id\":\"https:\/\/dptrading.nl\/#organization\",\"name\":\"D&P Trading\",\"url\":\"https:\/\/dptrading.nl\/\",\"logo\":{\"@type\":\"ImageObject\",\"inLanguage\":\"de\",\"@id\":\"https:\/\/dptrading.nl\/#\/schema\/logo\/image\/\",\"url\":\"https:\/\/dptrading.nl\/wp-content\/uploads\/2025\/04\/logo-dp.png\",\"contentUrl\":\"https:\/\/dptrading.nl\/wp-content\/uploads\/2025\/04\/logo-dp.png\",\"width\":1248,\"height\":156,\"caption\":\"D&P Trading\"},\"image\":{\"@id\":\"https:\/\/dptrading.nl\/#\/schema\/logo\/image\/\"}}]}<\/script>\n<!-- \/ Yoast SEO plugin. -->","yoast_head_json":{"title":"YKK klittenband wit naaibaar haak \/ 25 mtr - 100 mm - D&amp;P Trading","robots":{"index":"index","follow":"follow","max-snippet":"max-snippet:-1","max-image-preview":"max-image-preview:large","max-video-preview":"max-video-preview:-1"},"canonical":"https:\/\/dptrading.nl\/de\/produkt\/klittenband-wit-naaibaar-haak-25-mtr-100-mm\/","og_locale":"de_DE","og_type":"article","og_title":"YKK klittenband wit naaibaar haak \/ 25 mtr - 100 mm - D&amp;P Trading","og_url":"https:\/\/dptrading.nl\/de\/produkt\/klittenband-wit-naaibaar-haak-25-mtr-100-mm\/","og_site_name":"D&amp;P Trading","article_modified_time":"2026-01-23T09:50:26+00:00","og_image":[{"width":1512,"height":1512,"url":"https:\/\/dptrading.nl\/wp-content\/uploads\/2025\/05\/klittenband-wit-haak-lasbaar.jpg","type":"image\/jpeg"}],"twitter_card":"summary_large_image","twitter_misc":{"Gesch\u00e4tzte Lesezeit":"1\u00a0Minute"},"schema":{"@context":"https:\/\/schema.org","@graph":[{"@type":"WebPage","@id":"https:\/\/dptrading.nl\/product\/klittenband-wit-naaibaar-haak-25-mtr-100-mm\/","url":"https:\/\/dptrading.nl\/product\/klittenband-wit-naaibaar-haak-25-mtr-100-mm\/","name":"YKK klittenband wit naaibaar haak \/ 25 mtr - 100 mm - D&amp;P Trading","isPartOf":{"@id":"https:\/\/dptrading.nl\/#website"},"primaryImageOfPage":{"@id":"https:\/\/dptrading.nl\/product\/klittenband-wit-naaibaar-haak-25-mtr-100-mm\/#primaryimage"},"image":{"@id":"https:\/\/dptrading.nl\/product\/klittenband-wit-naaibaar-haak-25-mtr-100-mm\/#primaryimage"},"thumbnailUrl":"https:\/\/dptrading.nl\/wp-content\/uploads\/2025\/05\/klittenband-wit-haak-lasbaar.jpg","datePublished":"2025-05-27T14:40:42+00:00","dateModified":"2026-01-23T09:50:26+00:00","breadcrumb":{"@id":"https:\/\/dptrading.nl\/product\/klittenband-wit-naaibaar-haak-25-mtr-100-mm\/#breadcrumb"},"inLanguage":"de","potentialAction":[{"@type":"ReadAction","target":["https:\/\/dptrading.nl\/product\/klittenband-wit-naaibaar-haak-25-mtr-100-mm\/"]}]},{"@type":"ImageObject","inLanguage":"de","@id":"https:\/\/dptrading.nl\/product\/klittenband-wit-naaibaar-haak-25-mtr-100-mm\/#primaryimage","url":"https:\/\/dptrading.nl\/wp-content\/uploads\/2025\/05\/klittenband-wit-haak-lasbaar.jpg","contentUrl":"https:\/\/dptrading.nl\/wp-content\/uploads\/2025\/05\/klittenband-wit-haak-lasbaar.jpg","width":1512,"height":1512},{"@type":"BreadcrumbList","@id":"https:\/\/dptrading.nl\/product\/klittenband-wit-naaibaar-haak-25-mtr-100-mm\/#breadcrumb","itemListElement":[{"@type":"ListItem","position":1,"name":"Home","item":"https:\/\/dptrading.nl\/"},{"@type":"ListItem","position":2,"name":"Producten","item":"https:\/\/dptrading.nl\/winkel\/"},{"@type":"ListItem","position":3,"name":"YKK klittenband wit naaibaar haak \/ 25 mtr &#8211; 100 mm"}]},{"@type":"WebSite","@id":"https:\/\/dptrading.nl\/#website","url":"https:\/\/dptrading.nl\/","name":"D&amp;P Handel","description":"","publisher":{"@id":"https:\/\/dptrading.nl\/#organization"},"potentialAction":[{"@type":"SearchAction","target":{"@type":"EntryPoint","urlTemplate":"https:\/\/dptrading.nl\/?s={search_term_string}"},"query-input":{"@type":"PropertyValueSpecification","valueRequired":true,"valueName":"search_term_string"}}],"inLanguage":"de"},{"@type":"Organization","@id":"https:\/\/dptrading.nl\/#organization","name":"D&amp;P Handel","url":"https:\/\/dptrading.nl\/","logo":{"@type":"ImageObject","inLanguage":"de","@id":"https:\/\/dptrading.nl\/#\/schema\/logo\/image\/","url":"https:\/\/dptrading.nl\/wp-content\/uploads\/2025\/04\/logo-dp.png","contentUrl":"https:\/\/dptrading.nl\/wp-content\/uploads\/2025\/04\/logo-dp.png","width":1248,"height":156,"caption":"D&P Trading"},"image":{"@id":"https:\/\/dptrading.nl\/#\/schema\/logo\/image\/"}}]}},"_links":{"self":[{"href":"https:\/\/dptrading.nl\/de\/wp-json\/wp\/v2\/product\/1062","targetHints":{"allow":["GET"]}}],"collection":[{"href":"https:\/\/dptrading.nl\/de\/wp-json\/wp\/v2\/product"}],"about":[{"href":"https:\/\/dptrading.nl\/de\/wp-json\/wp\/v2\/types\/product"}],"wp:featuredmedia":[{"embeddable":true,"href":"https:\/\/dptrading.nl\/de\/wp-json\/wp\/v2\/media\/3424"}],"wp:attachment":[{"href":"https:\/\/dptrading.nl\/de\/wp-json\/wp\/v2\/media?parent=1062"}],"wp:term":[{"taxonomy":"product_brand","embeddable":true,"href":"https:\/\/dptrading.nl\/de\/wp-json\/wp\/v2\/product_brand?post=1062"},{"taxonomy":"product_cat","embeddable":true,"href":"https:\/\/dptrading.nl\/de\/wp-json\/wp\/v2\/product_cat?post=1062"},{"taxonomy":"product_tag","embeddable":true,"href":"https:\/\/dptrading.nl\/de\/wp-json\/wp\/v2\/product_tag?post=1062"}],"curies":[{"name":"wp","href":"https:\/\/api.w.org\/{rel}","templated":true}]}}