{"id":1033,"date":"2025-05-27T16:32:11","date_gmt":"2025-05-27T14:32:11","guid":{"rendered":"https:\/\/dptrading.nl\/product\/klittenband-zwart-verlasbaar-lus-25-mtr-50-mm\/"},"modified":"2026-01-23T13:01:54","modified_gmt":"2026-01-23T12:01:54","slug":"klittenband-zwart-verlasbaar-lus-25-mtr-50-mm","status":"publish","type":"product","link":"https:\/\/dptrading.nl\/de\/produkt\/klittenband-zwart-verlasbaar-lus-25-mtr-50-mm\/","title":{"rendered":"YKK Klettverschluss Flauschband Verschwei\u00dfbar schwarz \/ 25 mtr - 50 mm"},"content":{"rendered":"<h1 class=\"heading-2\">Klettband &amp; Klettverschluss<\/h1>\n<div class=\"intro-article__content\">\n<p>Unsere Haken- und \u00d6senverschl\u00fcsse sind in verschiedenen Ausf\u00fchrungen erh\u00e4ltlich und haben viele Anwendungsm\u00f6glichkeiten. Klettverschl\u00fcsse bestehen aus einem Haken und einem Schlaufenteil. Zusammen bilden sie eine starke Verbindung, die sich bei Bedarf leicht wiederholt \u00f6ffnen\/schlie\u00dfen l\u00e4sst.<\/p>\n<h1 class=\"heading-2\">Schwei\u00dfbarer Klettverschluss<\/h1>\n<div class=\"intro-article__content\">\n<p>Die zu verschwei\u00dfenden Materialien werden von innen erhitzt, wodurch ein sehr gleichm\u00e4\u00dfiger und schneller Schmelzprozess entsteht. Das Schwei\u00dfen von Klettverschl\u00fcssen verhindert au\u00dferdem, dass L\u00f6cher im Material entstehen und macht es wasserdicht! Durch den Verschmelzungsprozess entsteht eine sehr starke Verbindung, die dem urspr\u00fcnglichen Material \u00e4hnelt. Zu den Anwendungen geh\u00f6ren die Herstellung von Zelten und Bootsabdeckungen.<\/p>\n<h2 class=\"heading-2\" data-v-376659a8=\"\">Informationen<\/h2>\n<div class=\"article description\" data-v-376659a8=\"\">\n<table border=\"1\" data-mce-border=\"0\">\n<tbody>\n<tr>\n<td><strong>Material:<\/strong><\/td>\n<td>100% Nylon mit \u2018WEGT-Beschichtung\u2019<\/td>\n<\/tr>\n<tr>\n<td><strong>Breite:<\/strong><\/td>\n<td><strong>16, 20, 25, 30, 38, 100 mm auf ANFRAGE erh\u00e4ltlich!<\/strong><\/td>\n<\/tr>\n<tr>\n<td><strong>Farben:<\/strong><\/td>\n<td>Siehe Farbkarte<\/td>\n<\/tr>\n<tr>\n<td><strong>Schwei\u00dfeignung:<\/strong><\/td>\n<td>Hochfrequenz, Ultraschall, Hei\u00dfluft, \u2018Hei\u00dfes Eisen\u2019<\/td>\n<\/tr>\n<tr>\n<td><strong>Umfang:<\/strong><\/td>\n<td>Geeignet zum Schwei\u00dfen von Weich-PVC und vielen Kunststoffarten. Auch f\u00fcr das Schwei\u00dfen auf Textilien geeignet<\/td>\n<\/tr>\n<tr>\n<td><strong>Technische Daten:<\/strong><\/td>\n<td>- Schmelzbereich f\u00fcr Hei\u00dfluft\/Presse: 130 - 150\u00ba C<\/p>\n<p>- Waschbarkeit 40C Klasse 1 (1 = ausgezeichnet, 5 = schlecht)<\/p>\n<p>- Best\u00e4ndig gegen \u00d6le, Fette und Weichmacher<\/p>\n<p>- Waschbar bis zu 60\u00ba C, b\u00fcgelbar bis zu 80\u00ba C<\/td>\n<\/tr>\n<\/tbody>\n<\/table>\n<\/div>\n<\/div>\n<\/div>","protected":false},"excerpt":{"rendered":"<p><img decoding=\"async\" class=\"alignnone size-medium wp-image-3272\" src=\"https:\/\/dptrading.nl\/wp-content\/uploads\/2025\/05\/ykk-logo-2-300x92.jpg\" alt=\"\" width=\"300\" height=\"92\" srcset=\"https:\/\/dptrading.nl\/wp-content\/uploads\/2025\/05\/ykk-logo-2-300x92.jpg 300w, https:\/\/dptrading.nl\/wp-content\/uploads\/2025\/05\/ykk-logo-2-18x6.jpg 18w, https:\/\/dptrading.nl\/wp-content\/uploads\/2025\/05\/ykk-logo-2-600x184.jpg 600w, https:\/\/dptrading.nl\/wp-content\/uploads\/2025\/05\/ykk-logo-2-64x20.jpg 64w, https:\/\/dptrading.nl\/wp-content\/uploads\/2025\/05\/ykk-logo-2.jpg 630w\" sizes=\"(max-width: 300px) 100vw, 300px\" \/><\/p>","protected":false},"featured_media":0,"template":"","meta":{"_acf_changed":false},"product_brand":[119],"product_cat":[142,29],"product_tag":[],"class_list":{"0":"post-1033","1":"product","2":"type-product","3":"status-publish","5":"product_brand-ykk","6":"product_cat-lasbaar","7":"product_cat-klittenband","9":"first","10":"instock","11":"shipping-taxable","12":"purchasable","13":"product-type-simple"},"acf":[],"yoast_head":"<!-- This site is optimized with the Yoast SEO plugin v26.6 - https:\/\/yoast.com\/wordpress\/plugins\/seo\/ -->\n<title>YKK klittenband zwart verlasbaar lus \/ 25 mtr - 50 mm - D&amp;P Trading<\/title>\n<meta name=\"robots\" content=\"index, follow, max-snippet:-1, max-image-preview:large, max-video-preview:-1\" \/>\n<link rel=\"canonical\" href=\"https:\/\/dptrading.nl\/de\/produkt\/klittenband-zwart-verlasbaar-lus-25-mtr-50-mm\/\" \/>\n<meta property=\"og:locale\" content=\"de_DE\" \/>\n<meta property=\"og:type\" content=\"article\" \/>\n<meta property=\"og:title\" content=\"YKK klittenband zwart verlasbaar lus \/ 25 mtr - 50 mm - D&amp;P Trading\" \/>\n<meta property=\"og:url\" content=\"https:\/\/dptrading.nl\/de\/produkt\/klittenband-zwart-verlasbaar-lus-25-mtr-50-mm\/\" \/>\n<meta property=\"og:site_name\" content=\"D&amp;P Trading\" \/>\n<meta property=\"article:modified_time\" content=\"2026-01-23T12:01:54+00:00\" \/>\n<meta name=\"twitter:card\" content=\"summary_large_image\" \/>\n<meta name=\"twitter:label1\" content=\"Gesch\u00e4tzte Lesezeit\" \/>\n\t<meta name=\"twitter:data1\" content=\"1\u00a0Minute\" \/>\n<script type=\"application\/ld+json\" class=\"yoast-schema-graph\">{\"@context\":\"https:\/\/schema.org\",\"@graph\":[{\"@type\":\"WebPage\",\"@id\":\"https:\/\/dptrading.nl\/product\/klittenband-zwart-verlasbaar-lus-25-mtr-50-mm\/\",\"url\":\"https:\/\/dptrading.nl\/product\/klittenband-zwart-verlasbaar-lus-25-mtr-50-mm\/\",\"name\":\"YKK klittenband zwart verlasbaar lus \/ 25 mtr - 50 mm - D&amp;P Trading\",\"isPartOf\":{\"@id\":\"https:\/\/dptrading.nl\/#website\"},\"datePublished\":\"2025-05-27T14:32:11+00:00\",\"dateModified\":\"2026-01-23T12:01:54+00:00\",\"breadcrumb\":{\"@id\":\"https:\/\/dptrading.nl\/product\/klittenband-zwart-verlasbaar-lus-25-mtr-50-mm\/#breadcrumb\"},\"inLanguage\":\"de\",\"potentialAction\":[{\"@type\":\"ReadAction\",\"target\":[\"https:\/\/dptrading.nl\/product\/klittenband-zwart-verlasbaar-lus-25-mtr-50-mm\/\"]}]},{\"@type\":\"BreadcrumbList\",\"@id\":\"https:\/\/dptrading.nl\/product\/klittenband-zwart-verlasbaar-lus-25-mtr-50-mm\/#breadcrumb\",\"itemListElement\":[{\"@type\":\"ListItem\",\"position\":1,\"name\":\"Home\",\"item\":\"https:\/\/dptrading.nl\/\"},{\"@type\":\"ListItem\",\"position\":2,\"name\":\"Producten\",\"item\":\"https:\/\/dptrading.nl\/winkel\/\"},{\"@type\":\"ListItem\",\"position\":3,\"name\":\"YKK klittenband zwart verlasbaar lus \/ 25 mtr &#8211; 50 mm\"}]},{\"@type\":\"WebSite\",\"@id\":\"https:\/\/dptrading.nl\/#website\",\"url\":\"https:\/\/dptrading.nl\/\",\"name\":\"D&P Trading\",\"description\":\"\",\"publisher\":{\"@id\":\"https:\/\/dptrading.nl\/#organization\"},\"potentialAction\":[{\"@type\":\"SearchAction\",\"target\":{\"@type\":\"EntryPoint\",\"urlTemplate\":\"https:\/\/dptrading.nl\/?s={search_term_string}\"},\"query-input\":{\"@type\":\"PropertyValueSpecification\",\"valueRequired\":true,\"valueName\":\"search_term_string\"}}],\"inLanguage\":\"de\"},{\"@type\":\"Organization\",\"@id\":\"https:\/\/dptrading.nl\/#organization\",\"name\":\"D&P Trading\",\"url\":\"https:\/\/dptrading.nl\/\",\"logo\":{\"@type\":\"ImageObject\",\"inLanguage\":\"de\",\"@id\":\"https:\/\/dptrading.nl\/#\/schema\/logo\/image\/\",\"url\":\"https:\/\/dptrading.nl\/wp-content\/uploads\/2025\/04\/logo-dp.png\",\"contentUrl\":\"https:\/\/dptrading.nl\/wp-content\/uploads\/2025\/04\/logo-dp.png\",\"width\":1248,\"height\":156,\"caption\":\"D&P Trading\"},\"image\":{\"@id\":\"https:\/\/dptrading.nl\/#\/schema\/logo\/image\/\"}}]}<\/script>\n<!-- \/ Yoast SEO plugin. -->","yoast_head_json":{"title":"YKK klittenband zwart verlasbaar lus \/ 25 mtr - 50 mm - D&amp;P Trading","robots":{"index":"index","follow":"follow","max-snippet":"max-snippet:-1","max-image-preview":"max-image-preview:large","max-video-preview":"max-video-preview:-1"},"canonical":"https:\/\/dptrading.nl\/de\/produkt\/klittenband-zwart-verlasbaar-lus-25-mtr-50-mm\/","og_locale":"de_DE","og_type":"article","og_title":"YKK klittenband zwart verlasbaar lus \/ 25 mtr - 50 mm - D&amp;P Trading","og_url":"https:\/\/dptrading.nl\/de\/produkt\/klittenband-zwart-verlasbaar-lus-25-mtr-50-mm\/","og_site_name":"D&amp;P Trading","article_modified_time":"2026-01-23T12:01:54+00:00","twitter_card":"summary_large_image","twitter_misc":{"Gesch\u00e4tzte Lesezeit":"1\u00a0Minute"},"schema":{"@context":"https:\/\/schema.org","@graph":[{"@type":"WebPage","@id":"https:\/\/dptrading.nl\/product\/klittenband-zwart-verlasbaar-lus-25-mtr-50-mm\/","url":"https:\/\/dptrading.nl\/product\/klittenband-zwart-verlasbaar-lus-25-mtr-50-mm\/","name":"YKK klittenband zwart verlasbaar lus \/ 25 mtr - 50 mm - D&amp;P Trading","isPartOf":{"@id":"https:\/\/dptrading.nl\/#website"},"datePublished":"2025-05-27T14:32:11+00:00","dateModified":"2026-01-23T12:01:54+00:00","breadcrumb":{"@id":"https:\/\/dptrading.nl\/product\/klittenband-zwart-verlasbaar-lus-25-mtr-50-mm\/#breadcrumb"},"inLanguage":"de","potentialAction":[{"@type":"ReadAction","target":["https:\/\/dptrading.nl\/product\/klittenband-zwart-verlasbaar-lus-25-mtr-50-mm\/"]}]},{"@type":"BreadcrumbList","@id":"https:\/\/dptrading.nl\/product\/klittenband-zwart-verlasbaar-lus-25-mtr-50-mm\/#breadcrumb","itemListElement":[{"@type":"ListItem","position":1,"name":"Home","item":"https:\/\/dptrading.nl\/"},{"@type":"ListItem","position":2,"name":"Producten","item":"https:\/\/dptrading.nl\/winkel\/"},{"@type":"ListItem","position":3,"name":"YKK klittenband zwart verlasbaar lus \/ 25 mtr &#8211; 50 mm"}]},{"@type":"WebSite","@id":"https:\/\/dptrading.nl\/#website","url":"https:\/\/dptrading.nl\/","name":"D&amp;P Handel","description":"","publisher":{"@id":"https:\/\/dptrading.nl\/#organization"},"potentialAction":[{"@type":"SearchAction","target":{"@type":"EntryPoint","urlTemplate":"https:\/\/dptrading.nl\/?s={search_term_string}"},"query-input":{"@type":"PropertyValueSpecification","valueRequired":true,"valueName":"search_term_string"}}],"inLanguage":"de"},{"@type":"Organization","@id":"https:\/\/dptrading.nl\/#organization","name":"D&amp;P Handel","url":"https:\/\/dptrading.nl\/","logo":{"@type":"ImageObject","inLanguage":"de","@id":"https:\/\/dptrading.nl\/#\/schema\/logo\/image\/","url":"https:\/\/dptrading.nl\/wp-content\/uploads\/2025\/04\/logo-dp.png","contentUrl":"https:\/\/dptrading.nl\/wp-content\/uploads\/2025\/04\/logo-dp.png","width":1248,"height":156,"caption":"D&P Trading"},"image":{"@id":"https:\/\/dptrading.nl\/#\/schema\/logo\/image\/"}}]}},"_links":{"self":[{"href":"https:\/\/dptrading.nl\/de\/wp-json\/wp\/v2\/product\/1033","targetHints":{"allow":["GET"]}}],"collection":[{"href":"https:\/\/dptrading.nl\/de\/wp-json\/wp\/v2\/product"}],"about":[{"href":"https:\/\/dptrading.nl\/de\/wp-json\/wp\/v2\/types\/product"}],"wp:attachment":[{"href":"https:\/\/dptrading.nl\/de\/wp-json\/wp\/v2\/media?parent=1033"}],"wp:term":[{"taxonomy":"product_brand","embeddable":true,"href":"https:\/\/dptrading.nl\/de\/wp-json\/wp\/v2\/product_brand?post=1033"},{"taxonomy":"product_cat","embeddable":true,"href":"https:\/\/dptrading.nl\/de\/wp-json\/wp\/v2\/product_cat?post=1033"},{"taxonomy":"product_tag","embeddable":true,"href":"https:\/\/dptrading.nl\/de\/wp-json\/wp\/v2\/product_tag?post=1033"}],"curies":[{"name":"wp","href":"https:\/\/api.w.org\/{rel}","templated":true}]}}