{"id":1019,"date":"2025-05-27T16:28:27","date_gmt":"2025-05-27T14:28:27","guid":{"rendered":"https:\/\/dptrading.nl\/product\/klittenband-zwart-zelfklevend-haak-25-mtr-50-mm\/"},"modified":"2026-01-22T00:16:16","modified_gmt":"2026-01-21T23:16:16","slug":"klittenband-zwart-zelfklevend-haak-25-mtr-50-mm","status":"publish","type":"product","link":"https:\/\/dptrading.nl\/de\/produkt\/klittenband-zwart-zelfklevend-haak-25-mtr-50-mm\/","title":{"rendered":"YKK Klettverschluss Hakenband selbstklebend schwarz ADS \/ 25 mtr - 50 mm"},"content":{"rendered":"<h1 class=\"heading-2\">Klettband &amp; Klettverschluss<\/h1>\n<div class=\"intro-article__content\">\n<p>Unsere Haken- und \u00d6senverschl\u00fcsse sind in verschiedenen Ausf\u00fchrungen erh\u00e4ltlich und haben viele Anwendungsm\u00f6glichkeiten. Klettverschl\u00fcsse bestehen aus einem Haken und einem Schlaufenteil. Zusammen bilden sie eine starke Verbindung, die sich bei Bedarf leicht wiederholt \u00f6ffnen\/schlie\u00dfen l\u00e4sst.<\/p>\n<h1 class=\"heading-2\">Selbstklebender Klettverschluss<\/h1>\n<div class=\"intro-article__content\">\n<p>Selbstklebende Klettverschl\u00fcsse sind normale Klettverschl\u00fcsse, die jedoch auf der R\u00fcckseite eine Klebeschicht mit einer Schutzfolie aufweisen. Dies erleichtert die Anbringung, wenn z. B. nicht gen\u00e4ht oder geschwei\u00dft werden kann. YKK-Klettverschl\u00fcsse mit einer Klebeschicht auf Kautschukbasis, ADS, eignen sich f\u00fcr die Anwendung auf vielen Untergr\u00fcnden, wobei jedoch Weich-PVC aufgrund von Weichmachern ber\u00fccksichtigt werden muss.<\/p>\n<h2 data-v-376659a8=\"\"><\/h2>\n<h2 class=\"heading-2\" data-v-376659a8=\"\">5 Tipps zum erfolgreichen Anbringen von selbstklebendem Klettverschluss:<\/h2>\n<div class=\"article description\" data-v-376659a8=\"\">\n<ol>\n<li>Stellen Sie sicher, dass die zu beschichtende Oberfl\u00e4che frei von Fett, Staub und anderen Verunreinigungen ist.<\/li>\n<li>Die besten Ergebnisse werden erzielt, wenn sie bei Raumtemperatur (ca. 20 Grad Celsius) aufgetragen werden.<\/li>\n<li>Die Erw\u00e4rmung des Substrats f\u00f6rdert die Klebkraft.<\/li>\n<li>Dr\u00fccken Sie das Klettband nach dem Anbringen fest an.<\/li>\n<li>Lassen Sie die Verklebung vor dem Verladen mindestens 24 Stunden ruhen.<\/li>\n<\/ol>\n<\/div>\n<\/div>\n<\/div>","protected":false},"excerpt":{"rendered":"<p><img decoding=\"async\" class=\"alignnone size-medium wp-image-3272\" src=\"https:\/\/dptrading.nl\/wp-content\/uploads\/2025\/05\/ykk-logo-2-300x92.jpg\" alt=\"\" width=\"300\" height=\"92\" srcset=\"https:\/\/dptrading.nl\/wp-content\/uploads\/2025\/05\/ykk-logo-2-300x92.jpg 300w, https:\/\/dptrading.nl\/wp-content\/uploads\/2025\/05\/ykk-logo-2-18x6.jpg 18w, https:\/\/dptrading.nl\/wp-content\/uploads\/2025\/05\/ykk-logo-2-600x184.jpg 600w, https:\/\/dptrading.nl\/wp-content\/uploads\/2025\/05\/ykk-logo-2-64x20.jpg 64w, https:\/\/dptrading.nl\/wp-content\/uploads\/2025\/05\/ykk-logo-2.jpg 630w\" sizes=\"(max-width: 300px) 100vw, 300px\" \/><\/p>","protected":false},"featured_media":0,"template":"","meta":{"_acf_changed":false},"product_brand":[119],"product_cat":[141,29],"product_tag":[],"class_list":{"0":"post-1019","1":"product","2":"type-product","3":"status-publish","5":"product_brand-ykk","6":"product_cat-zelfklevend","7":"product_cat-klittenband","9":"first","10":"instock","11":"shipping-taxable","12":"purchasable","13":"product-type-simple"},"acf":[],"yoast_head":"<!-- This site is optimized with the Yoast SEO plugin v26.6 - https:\/\/yoast.com\/wordpress\/plugins\/seo\/ -->\n<title>YKK klittenband zwart zelfklevend ADS haak \/ 25 mtr - 50 mm - D&amp;P Trading<\/title>\n<meta name=\"robots\" content=\"index, follow, max-snippet:-1, max-image-preview:large, max-video-preview:-1\" \/>\n<link rel=\"canonical\" href=\"https:\/\/dptrading.nl\/de\/produkt\/klittenband-zwart-zelfklevend-haak-25-mtr-50-mm\/\" \/>\n<meta property=\"og:locale\" content=\"de_DE\" \/>\n<meta property=\"og:type\" content=\"article\" \/>\n<meta property=\"og:title\" content=\"YKK klittenband zwart zelfklevend ADS haak \/ 25 mtr - 50 mm - D&amp;P Trading\" \/>\n<meta property=\"og:url\" content=\"https:\/\/dptrading.nl\/de\/produkt\/klittenband-zwart-zelfklevend-haak-25-mtr-50-mm\/\" \/>\n<meta property=\"og:site_name\" content=\"D&amp;P Trading\" \/>\n<meta property=\"article:modified_time\" content=\"2026-01-21T23:16:16+00:00\" \/>\n<meta name=\"twitter:card\" content=\"summary_large_image\" \/>\n<meta name=\"twitter:label1\" content=\"Gesch\u00e4tzte Lesezeit\" \/>\n\t<meta name=\"twitter:data1\" content=\"1\u00a0Minute\" \/>\n<script type=\"application\/ld+json\" class=\"yoast-schema-graph\">{\"@context\":\"https:\/\/schema.org\",\"@graph\":[{\"@type\":\"WebPage\",\"@id\":\"https:\/\/dptrading.nl\/product\/klittenband-zwart-zelfklevend-haak-25-mtr-50-mm\/\",\"url\":\"https:\/\/dptrading.nl\/product\/klittenband-zwart-zelfklevend-haak-25-mtr-50-mm\/\",\"name\":\"YKK klittenband zwart zelfklevend ADS haak \/ 25 mtr - 50 mm - D&amp;P Trading\",\"isPartOf\":{\"@id\":\"https:\/\/dptrading.nl\/#website\"},\"datePublished\":\"2025-05-27T14:28:27+00:00\",\"dateModified\":\"2026-01-21T23:16:16+00:00\",\"breadcrumb\":{\"@id\":\"https:\/\/dptrading.nl\/product\/klittenband-zwart-zelfklevend-haak-25-mtr-50-mm\/#breadcrumb\"},\"inLanguage\":\"de\",\"potentialAction\":[{\"@type\":\"ReadAction\",\"target\":[\"https:\/\/dptrading.nl\/product\/klittenband-zwart-zelfklevend-haak-25-mtr-50-mm\/\"]}]},{\"@type\":\"BreadcrumbList\",\"@id\":\"https:\/\/dptrading.nl\/product\/klittenband-zwart-zelfklevend-haak-25-mtr-50-mm\/#breadcrumb\",\"itemListElement\":[{\"@type\":\"ListItem\",\"position\":1,\"name\":\"Home\",\"item\":\"https:\/\/dptrading.nl\/\"},{\"@type\":\"ListItem\",\"position\":2,\"name\":\"Producten\",\"item\":\"https:\/\/dptrading.nl\/winkel\/\"},{\"@type\":\"ListItem\",\"position\":3,\"name\":\"YKK klittenband zwart zelfklevend ADS haak \/ 25 mtr &#8211; 50 mm\"}]},{\"@type\":\"WebSite\",\"@id\":\"https:\/\/dptrading.nl\/#website\",\"url\":\"https:\/\/dptrading.nl\/\",\"name\":\"D&P Trading\",\"description\":\"\",\"publisher\":{\"@id\":\"https:\/\/dptrading.nl\/#organization\"},\"potentialAction\":[{\"@type\":\"SearchAction\",\"target\":{\"@type\":\"EntryPoint\",\"urlTemplate\":\"https:\/\/dptrading.nl\/?s={search_term_string}\"},\"query-input\":{\"@type\":\"PropertyValueSpecification\",\"valueRequired\":true,\"valueName\":\"search_term_string\"}}],\"inLanguage\":\"de\"},{\"@type\":\"Organization\",\"@id\":\"https:\/\/dptrading.nl\/#organization\",\"name\":\"D&P Trading\",\"url\":\"https:\/\/dptrading.nl\/\",\"logo\":{\"@type\":\"ImageObject\",\"inLanguage\":\"de\",\"@id\":\"https:\/\/dptrading.nl\/#\/schema\/logo\/image\/\",\"url\":\"https:\/\/dptrading.nl\/wp-content\/uploads\/2025\/04\/logo-dp.png\",\"contentUrl\":\"https:\/\/dptrading.nl\/wp-content\/uploads\/2025\/04\/logo-dp.png\",\"width\":1248,\"height\":156,\"caption\":\"D&P Trading\"},\"image\":{\"@id\":\"https:\/\/dptrading.nl\/#\/schema\/logo\/image\/\"}}]}<\/script>\n<!-- \/ Yoast SEO plugin. -->","yoast_head_json":{"title":"YKK klittenband zwart zelfklevend ADS haak \/ 25 mtr - 50 mm - D&amp;P Trading","robots":{"index":"index","follow":"follow","max-snippet":"max-snippet:-1","max-image-preview":"max-image-preview:large","max-video-preview":"max-video-preview:-1"},"canonical":"https:\/\/dptrading.nl\/de\/produkt\/klittenband-zwart-zelfklevend-haak-25-mtr-50-mm\/","og_locale":"de_DE","og_type":"article","og_title":"YKK klittenband zwart zelfklevend ADS haak \/ 25 mtr - 50 mm - D&amp;P Trading","og_url":"https:\/\/dptrading.nl\/de\/produkt\/klittenband-zwart-zelfklevend-haak-25-mtr-50-mm\/","og_site_name":"D&amp;P Trading","article_modified_time":"2026-01-21T23:16:16+00:00","twitter_card":"summary_large_image","twitter_misc":{"Gesch\u00e4tzte Lesezeit":"1\u00a0Minute"},"schema":{"@context":"https:\/\/schema.org","@graph":[{"@type":"WebPage","@id":"https:\/\/dptrading.nl\/product\/klittenband-zwart-zelfklevend-haak-25-mtr-50-mm\/","url":"https:\/\/dptrading.nl\/product\/klittenband-zwart-zelfklevend-haak-25-mtr-50-mm\/","name":"YKK klittenband zwart zelfklevend ADS haak \/ 25 mtr - 50 mm - D&amp;P Trading","isPartOf":{"@id":"https:\/\/dptrading.nl\/#website"},"datePublished":"2025-05-27T14:28:27+00:00","dateModified":"2026-01-21T23:16:16+00:00","breadcrumb":{"@id":"https:\/\/dptrading.nl\/product\/klittenband-zwart-zelfklevend-haak-25-mtr-50-mm\/#breadcrumb"},"inLanguage":"de","potentialAction":[{"@type":"ReadAction","target":["https:\/\/dptrading.nl\/product\/klittenband-zwart-zelfklevend-haak-25-mtr-50-mm\/"]}]},{"@type":"BreadcrumbList","@id":"https:\/\/dptrading.nl\/product\/klittenband-zwart-zelfklevend-haak-25-mtr-50-mm\/#breadcrumb","itemListElement":[{"@type":"ListItem","position":1,"name":"Home","item":"https:\/\/dptrading.nl\/"},{"@type":"ListItem","position":2,"name":"Producten","item":"https:\/\/dptrading.nl\/winkel\/"},{"@type":"ListItem","position":3,"name":"YKK klittenband zwart zelfklevend ADS haak \/ 25 mtr &#8211; 50 mm"}]},{"@type":"WebSite","@id":"https:\/\/dptrading.nl\/#website","url":"https:\/\/dptrading.nl\/","name":"D&amp;P Handel","description":"","publisher":{"@id":"https:\/\/dptrading.nl\/#organization"},"potentialAction":[{"@type":"SearchAction","target":{"@type":"EntryPoint","urlTemplate":"https:\/\/dptrading.nl\/?s={search_term_string}"},"query-input":{"@type":"PropertyValueSpecification","valueRequired":true,"valueName":"search_term_string"}}],"inLanguage":"de"},{"@type":"Organization","@id":"https:\/\/dptrading.nl\/#organization","name":"D&amp;P Handel","url":"https:\/\/dptrading.nl\/","logo":{"@type":"ImageObject","inLanguage":"de","@id":"https:\/\/dptrading.nl\/#\/schema\/logo\/image\/","url":"https:\/\/dptrading.nl\/wp-content\/uploads\/2025\/04\/logo-dp.png","contentUrl":"https:\/\/dptrading.nl\/wp-content\/uploads\/2025\/04\/logo-dp.png","width":1248,"height":156,"caption":"D&P Trading"},"image":{"@id":"https:\/\/dptrading.nl\/#\/schema\/logo\/image\/"}}]}},"_links":{"self":[{"href":"https:\/\/dptrading.nl\/de\/wp-json\/wp\/v2\/product\/1019","targetHints":{"allow":["GET"]}}],"collection":[{"href":"https:\/\/dptrading.nl\/de\/wp-json\/wp\/v2\/product"}],"about":[{"href":"https:\/\/dptrading.nl\/de\/wp-json\/wp\/v2\/types\/product"}],"wp:attachment":[{"href":"https:\/\/dptrading.nl\/de\/wp-json\/wp\/v2\/media?parent=1019"}],"wp:term":[{"taxonomy":"product_brand","embeddable":true,"href":"https:\/\/dptrading.nl\/de\/wp-json\/wp\/v2\/product_brand?post=1019"},{"taxonomy":"product_cat","embeddable":true,"href":"https:\/\/dptrading.nl\/de\/wp-json\/wp\/v2\/product_cat?post=1019"},{"taxonomy":"product_tag","embeddable":true,"href":"https:\/\/dptrading.nl\/de\/wp-json\/wp\/v2\/product_tag?post=1019"}],"curies":[{"name":"wp","href":"https:\/\/api.w.org\/{rel}","templated":true}]}}